{"id":115,"date":"2017-12-20T13:21:25","date_gmt":"2017-12-20T12:21:25","guid":{"rendered":"https:\/\/www.hsu-hh.de\/bgm\/?page_id=115"},"modified":"2023-07-11T16:05:21","modified_gmt":"2023-07-11T14:05:21","slug":"angebote-aus-dem-arbeits-und-gesundheitsschutz","status":"publish","type":"page","link":"https:\/\/www.hsu-hh.de\/bgm\/angebote-aus-dem-arbeits-und-gesundheitsschutz","title":{"rendered":"Angebote aus dem Arbeits- und Gesundheitsschutz"},"content":{"rendered":"\n<div style=\"height:57px\" aria-hidden=\"true\" class=\"wp-block-spacer\"><\/div>\n\n\n\n<p class=\"has-medium-font-size\">An der Helmut-Schmidt-Universit\u00e4t \/ Universit\u00e4t der Bundeswehr Hamburg gibt es folgende Angebote aus diesem Bereich:<\/p>\n\n\n\n<div style=\"height:40px\" aria-hidden=\"true\" class=\"wp-block-spacer\"><\/div>\n\n\n\n<p class=\"has-grey-background-color has-background\" style=\"font-size:25px\"><strong>Angebot zur arbeitsmedizinischen Versorgung<\/strong><\/p>\n\n\n<div class=\"wp-block-image\">\n<figure class=\"aligncenter size-large is-resized\"><img loading=\"lazy\" decoding=\"async\" src=\"https:\/\/www.hsu-hh.de\/bgm\/wp-content\/uploads\/sites\/790\/2023\/07\/BGM_Arbeitsmedizin_1900x400-1024x216.png\" data-credit=\"HSU\/TDI\/bo\" alt=\"BGM-Arbeitsmedizin\" class=\"wp-image-2787\" width=\"959\" height=\"202\" srcset=\"https:\/\/www.hsu-hh.de\/bgm\/wp-content\/uploads\/sites\/790\/2023\/07\/BGM_Arbeitsmedizin_1900x400-1024x216.png 1024w, https:\/\/www.hsu-hh.de\/bgm\/wp-content\/uploads\/sites\/790\/2023\/07\/BGM_Arbeitsmedizin_1900x400-300x63.png 300w, https:\/\/www.hsu-hh.de\/bgm\/wp-content\/uploads\/sites\/790\/2023\/07\/BGM_Arbeitsmedizin_1900x400-768x162.png 768w, https:\/\/www.hsu-hh.de\/bgm\/wp-content\/uploads\/sites\/790\/2023\/07\/BGM_Arbeitsmedizin_1900x400-1536x324.png 1536w, https:\/\/www.hsu-hh.de\/bgm\/wp-content\/uploads\/sites\/790\/2023\/07\/BGM_Arbeitsmedizin_1900x400-1100x232.png 1100w, https:\/\/www.hsu-hh.de\/bgm\/wp-content\/uploads\/sites\/790\/2023\/07\/BGM_Arbeitsmedizin_1900x400.png 1895w\" sizes=\"auto, (max-width: 959px) 100vw, 959px\" \/><\/figure>\n<\/div>\n\n\n<p class=\"has-medium-font-size\">Der Betriebsarzt bietet individuelle Untersuchung und Beratung von Besch\u00e4ftigten und Studierenden zur gesundheitsf\u00f6rderlichen Gestaltung des Arbeitsplatzes (Ergonomie) an.<\/p>\n\n\n\n<p class=\"has-medium-font-size\">Des Weiteren steht durch den Betriebsarzt eine Angebotsuntersuchung \u201eBildschirmarbeitsplatz\u201c zur Verf\u00fcgung.<\/p>\n\n\n\n<p class=\"has-medium-font-size\"><a href=\"https:\/\/webbox.hsu-hh.de\/verwaltung\/index_OmhLSfZetPR93Okn.html\" data-type=\"URL\" data-id=\"https:\/\/webbox.hsu-hh.de\/verwaltung\/index_OmhLSfZetPR93Okn.html\" rel='nofollow'>Termine des Betriebs\u00e4rztlichen Dienstes erfahren Sie hier (Intranet <abbr title=\"Helmut Schmidt Universit\u00e4t\">HSU<\/abbr>).<\/a><\/p>\n\n\n\n<div style=\"height:50px\" aria-hidden=\"true\" class=\"wp-block-spacer\"><\/div>\n\n\n\n<p class=\"has-text-align-center has-medium-font-size\"><strong>Die betriebs\u00e4rtzliche Beratung wird durch:<\/strong><\/p>\n\n\n\n<p class=\"has-text-align-center has-medium-font-size\">CompanyCheck-Deutschland <abbr title=\"Gesellschaft mit beschr\u00e4nkter Haftung\">GmbH<\/abbr><\/p>\n\n\n\n<p class=\"has-text-align-center has-medium-font-size\"><strong>wahrgenommen.<\/strong><\/p>\n\n\n\n<div style=\"height:50px\" aria-hidden=\"true\" class=\"wp-block-spacer\"><\/div>\n\n\n\n<p class=\"has-medium-font-size\">Die Betriebs\u00e4rztin Fr. <abbr title=\"Doktor\">Dr.<\/abbr> Weyer wird nach vorheriger terminlicher Absprache im Geb. W4 &#8211; R. 030 zu erreichen sein.<\/p>\n\n\n\n<p class=\"has-medium-font-size\">Termine f\u00fcr Vorsorgeuntersuchungen oder Beratungen k\u00f6nnen \u00fcber folgende Erreichbarkeit vereinbart werden:<\/p>\n\n\n\n<p class=\"has-medium-font-size\">Frau Iana Wiesner<br>CompanyCheck Deutschland <abbr title=\"Gesellschaft mit beschr\u00e4nkter Haftung\">GmbH<\/abbr><br>Tel. 040\/540903150<br>E-Mail: bundeswehr@companycheck-deutschland.de<\/p>\n\n\n\n<p class=\"has-medium-font-size\">Bitte nennen Sie bei der schriftlichen Kontaktaufnahme die &#8222;Einzelvereinbarung Nr. 4000&#8220; um die z\u00fcgige Bearbeitung Ihrer Anfrage gew\u00e4hrleisten zu k\u00f6nnen.<\/p>\n\n\n\n<div style=\"height:54px\" aria-hidden=\"true\" class=\"wp-block-spacer\"><\/div>\n\n\n\n<hr class=\"wp-block-separator has-alpha-channel-opacity\" \/>\n\n\n\n<div style=\"height:54px\" aria-hidden=\"true\" class=\"wp-block-spacer\"><\/div>\n\n\n\n<h3 class=\"has-grey-background-color has-background wp-block-heading\" style=\"font-size:25px\">Beratungsangebot der Fachkr\u00e4fte f\u00fcr Arbeitssicherheit (FAS)<\/h3>\n\n\n\n<p>Haben Sie Fragen im Bereich Arbeitsschutz und Arbeitssicherheit, wenden Sie sich bitte an unsere <a href=\"https:\/\/www.hsu-hh.de\/verwaltung\/fas\">Fachkr\u00e4fte f\u00fcr Arbeitssicherheit<\/a> (FAS)<\/p>\n","protected":false},"excerpt":{"rendered":"<p>An der Helmut-Schmidt-Universit\u00e4t \/ Universit\u00e4t der Bundeswehr Hamburg gibt es folgende Angebote aus diesem Bereich: Angebot zur arbeitsmedizinischen Versorgung Der Betriebsarzt bietet individuelle Untersuchung und Beratung von Besch\u00e4ftigten und Studierenden [&hellip;]<\/p>\n","protected":false},"author":15,"featured_media":0,"parent":0,"menu_order":0,"comment_status":"closed","ping_status":"closed","template":"","meta":{"footnotes":""},"categories":[4],"tags":[],"class_list":["post-115","page","type-page","status-publish","hentry","category-forschung"],"_links":{"self":[{"href":"https:\/\/www.hsu-hh.de\/bgm\/wp-json\/wp\/v2\/pages\/115","targetHints":{"allow":["GET"]}}],"collection":[{"href":"https:\/\/www.hsu-hh.de\/bgm\/wp-json\/wp\/v2\/pages"}],"about":[{"href":"https:\/\/www.hsu-hh.de\/bgm\/wp-json\/wp\/v2\/types\/page"}],"author":[{"embeddable":true,"href":"https:\/\/www.hsu-hh.de\/bgm\/wp-json\/wp\/v2\/users\/15"}],"replies":[{"embeddable":true,"href":"https:\/\/www.hsu-hh.de\/bgm\/wp-json\/wp\/v2\/comments?post=115"}],"version-history":[{"count":21,"href":"https:\/\/www.hsu-hh.de\/bgm\/wp-json\/wp\/v2\/pages\/115\/revisions"}],"predecessor-version":[{"id":2788,"href":"https:\/\/www.hsu-hh.de\/bgm\/wp-json\/wp\/v2\/pages\/115\/revisions\/2788"}],"wp:attachment":[{"href":"https:\/\/www.hsu-hh.de\/bgm\/wp-json\/wp\/v2\/media?parent=115"}],"wp:term":[{"taxonomy":"category","embeddable":true,"href":"https:\/\/www.hsu-hh.de\/bgm\/wp-json\/wp\/v2\/categories?post=115"},{"taxonomy":"post_tag","embeddable":true,"href":"https:\/\/www.hsu-hh.de\/bgm\/wp-json\/wp\/v2\/tags?post=115"}],"curies":[{"name":"wp","href":"https:\/\/api.w.org\/{rel}","templated":true}]}}