{"id":1074,"date":"2020-07-08T14:53:48","date_gmt":"2020-07-08T12:53:48","guid":{"rendered":"https:\/\/www.hsu-hh.de\/bgm\/?page_id=1074"},"modified":"2020-09-10T08:25:14","modified_gmt":"2020-09-10T06:25:14","slug":"meditationskurs-tag-8","status":"publish","type":"page","link":"https:\/\/www.hsu-hh.de\/bgm\/online-angebote\/meditation\/meditationskurs-tag-8","title":{"rendered":"Meditationskurs Tag 8"},"content":{"rendered":"<p>&nbsp;<\/p>\n<p><strong>Die Kraft der Achtsamkeit und \u00dcbung &#8222;Manifestations-Meditation&#8220; (Audio)<br \/>\n<\/strong><\/p>\n<p>Dauer: 13 min<\/p>\n<p><img loading=\"lazy\" decoding=\"async\" width=\"960\" height=\"640\" class=\"alignleft wp-image-1185\" src=\"https:\/\/www.hsu-hh.de\/bgm\/wp-content\/uploads\/sites\/790\/2020\/07\/Meditation_Gebirgejpg.jpg\" alt=\"Meditation_Gebirge\" data-credit=\"PIXABAY: https:\/\/pixabay.com\/de\/photos\/gebirge-ga-meditation-natur-4919849\/\" srcset=\"https:\/\/www.hsu-hh.de\/bgm\/wp-content\/uploads\/sites\/790\/2020\/07\/Meditation_Gebirgejpg.jpg 960w, https:\/\/www.hsu-hh.de\/bgm\/wp-content\/uploads\/sites\/790\/2020\/07\/Meditation_Gebirgejpg-300x200.jpg 300w, https:\/\/www.hsu-hh.de\/bgm\/wp-content\/uploads\/sites\/790\/2020\/07\/Meditation_Gebirgejpg-768x512.jpg 768w\" sizes=\"auto, (max-width: 960px) 100vw, 960px\" \/><\/p>\n<p>&nbsp;<\/p>\n<p>&nbsp;<\/p>\n<p>&nbsp;<\/p>\n<p>&nbsp;<\/p>\n<p>&nbsp;<\/p>\n<p>&nbsp;<\/p>\n<p>&nbsp;<\/p>\n<p>&nbsp;<\/p>\n<p>&nbsp;<\/p>\n<p>&nbsp;<\/p>\n<p>&nbsp;<\/p>\n<p>&nbsp;<\/p>\n<p>&nbsp;<\/p>\n<p>&nbsp;<\/p>\n<p>&nbsp;<\/p>\n<p>&nbsp;<\/p>\n<audio class=\"wp-audio-shortcode\" id=\"audio-1074-1\" preload=\"none\" style=\"width: 100%;\" controls=\"controls\"><source type=\"audio\/mpeg\" src=\"https:\/\/www.hsu-hh.de\/bgm\/wp-content\/uploads\/sites\/790\/2020\/07\/Meditation8_Bewu\u00dfteAusrichtung.mp3?_=1\" \/><a href=\"https:\/\/www.hsu-hh.de\/bgm\/wp-content\/uploads\/sites\/790\/2020\/07\/Meditation8_Bewu\u00dfteAusrichtung.mp3\">https:\/\/www.hsu-hh.de\/bgm\/wp-content\/uploads\/sites\/790\/2020\/07\/Meditation8_Bewu\u00dfteAusrichtung.mp3<\/a><\/audio>\n<p>&nbsp;<\/p>\n<p>Zum Start der Audio-Datei bitte Ton anschalten und dann auf \u201ePlay\u201c dr\u00fccken.<\/p>\n<p>&nbsp;<\/p>\n<h2><\/h2>\n<p style=\"text-align: left\"><strong>Nachdem Sie die Einheit von Tag 8 angeh\u00f6rt haben, bitten wir Sie, den Meditationskurs abzuschlie\u00dfen, indem Sie die Abschlussseite besuchen. <\/strong><\/p>\n<p style=\"text-align: left\">Auf der Abschlussseite erfahren Sie, was Sie im Anschluss an den Kurs tun k\u00f6nnen. Sie erhalten auch die M\u00f6glichkeit, an der Kurz-Evaluation teilzunehmen. Wir freuen uns auf Ihr R\u00fcckmeldungen zum Kurs. Das Feedback ist sehr wichtig f\u00fcr uns! Vielen Dank.<strong><br \/>\n<\/strong><\/p>\n<p><a href=\"https:\/\/www.hsu-hh.de\/bgm\/online-angebote\/stresspraevention\/meditation\/meditationskurs-geschafft\">Zur Abschlussseite<\/a><\/p>\n<p><img loading=\"lazy\" decoding=\"async\" class=\"wp-image-1189 size-thumbnail alignleft\" src=\"https:\/\/www.hsu-hh.de\/bgm\/wp-content\/uploads\/sites\/790\/2020\/07\/geschafft-150x150.png\" alt=\"Geschaff\" width=\"150\" height=\"150\" data-credit=\"PIXABAY: https:\/\/pixabay.com\/de\/photos\/daumen-erfolg-erfolgreich-fan-328420\/\" srcset=\"https:\/\/www.hsu-hh.de\/bgm\/wp-content\/uploads\/sites\/790\/2020\/07\/geschafft-150x150.png 150w, https:\/\/www.hsu-hh.de\/bgm\/wp-content\/uploads\/sites\/790\/2020\/07\/geschafft-100x100.png 100w\" sizes=\"auto, (max-width: 150px) 100vw, 150px\" \/><\/p>\n<p>&nbsp;<\/p>\n<p>&nbsp;<\/p>\n<p>&nbsp;<\/p>\n<p>&nbsp;<\/p>\n<p>&nbsp;<\/p>\n<p><img loading=\"lazy\" decoding=\"async\" class=\"wp-image-853 size-medium aligncenter\" src=\"https:\/\/www.hsu-hh.de\/bgm\/wp-content\/uploads\/sites\/790\/2020\/06\/BGM_Logo_2-300x211.png\" alt=\"BGM_Logo\" width=\"300\" height=\"211\" data-credit=\"Bundeswehr\" srcset=\"https:\/\/www.hsu-hh.de\/bgm\/wp-content\/uploads\/sites\/790\/2020\/06\/BGM_Logo_2-300x211.png 300w, https:\/\/www.hsu-hh.de\/bgm\/wp-content\/uploads\/sites\/790\/2020\/06\/BGM_Logo_2-1024x719.png 1024w, https:\/\/www.hsu-hh.de\/bgm\/wp-content\/uploads\/sites\/790\/2020\/06\/BGM_Logo_2-768x539.png 768w, https:\/\/www.hsu-hh.de\/bgm\/wp-content\/uploads\/sites\/790\/2020\/06\/BGM_Logo_2-1100x772.png 1100w, https:\/\/www.hsu-hh.de\/bgm\/wp-content\/uploads\/sites\/790\/2020\/06\/BGM_Logo_2.png 1108w\" sizes=\"auto, (max-width: 300px) 100vw, 300px\" \/><\/p>\n<p>&nbsp;<\/p>\n<p>Rechtlicher Hinweis: Konzeption und Gestaltung des Online-Meditationskurses in Zusammenarbeit von Claudia Schnackenberg und Ines Wunderlich.<\/p>\n","protected":false},"excerpt":{"rendered":"<p>&nbsp; Die Kraft der Achtsamkeit und \u00dcbung &#8222;Manifestations-Meditation&#8220; (Audio) Dauer: 13 min &nbsp; &nbsp; &nbsp; &nbsp; &nbsp; &nbsp; &nbsp; &nbsp; &nbsp; &nbsp; &nbsp; &nbsp; &nbsp; &nbsp; &nbsp; &nbsp; &nbsp; Zum [&hellip;]<\/p>\n","protected":false},"author":193,"featured_media":0,"parent":901,"menu_order":0,"comment_status":"closed","ping_status":"closed","template":"","meta":{"footnotes":""},"categories":[4],"tags":[],"class_list":["post-1074","page","type-page","status-publish","hentry","category-forschung"],"_links":{"self":[{"href":"https:\/\/www.hsu-hh.de\/bgm\/wp-json\/wp\/v2\/pages\/1074","targetHints":{"allow":["GET"]}}],"collection":[{"href":"https:\/\/www.hsu-hh.de\/bgm\/wp-json\/wp\/v2\/pages"}],"about":[{"href":"https:\/\/www.hsu-hh.de\/bgm\/wp-json\/wp\/v2\/types\/page"}],"author":[{"embeddable":true,"href":"https:\/\/www.hsu-hh.de\/bgm\/wp-json\/wp\/v2\/users\/193"}],"replies":[{"embeddable":true,"href":"https:\/\/www.hsu-hh.de\/bgm\/wp-json\/wp\/v2\/comments?post=1074"}],"version-history":[{"count":13,"href":"https:\/\/www.hsu-hh.de\/bgm\/wp-json\/wp\/v2\/pages\/1074\/revisions"}],"predecessor-version":[{"id":1354,"href":"https:\/\/www.hsu-hh.de\/bgm\/wp-json\/wp\/v2\/pages\/1074\/revisions\/1354"}],"up":[{"embeddable":true,"href":"https:\/\/www.hsu-hh.de\/bgm\/wp-json\/wp\/v2\/pages\/901"}],"wp:attachment":[{"href":"https:\/\/www.hsu-hh.de\/bgm\/wp-json\/wp\/v2\/media?parent=1074"}],"wp:term":[{"taxonomy":"category","embeddable":true,"href":"https:\/\/www.hsu-hh.de\/bgm\/wp-json\/wp\/v2\/categories?post=1074"},{"taxonomy":"post_tag","embeddable":true,"href":"https:\/\/www.hsu-hh.de\/bgm\/wp-json\/wp\/v2\/tags?post=1074"}],"curies":[{"name":"wp","href":"https:\/\/api.w.org\/{rel}","templated":true}]}}