{"id":897,"date":"2022-07-13T15:41:27","date_gmt":"2022-07-13T13:41:27","guid":{"rendered":"https:\/\/www.hsu-hh.de\/bep\/?page_id=897"},"modified":"2023-04-03T14:29:51","modified_gmt":"2023-04-03T12:29:51","slug":"hbg_dispute_1","status":"publish","type":"page","link":"https:\/\/www.hsu-hh.de\/bep\/aktuelles\/hbg_dispute_1\/","title":{"rendered":"Hamburger Dispute 1"},"content":{"rendered":"\n<p><\/p>\n\n\n\n<figure class=\"wp-block-image size-full\"><img loading=\"lazy\" decoding=\"async\" width=\"243\" height=\"369\" src=\"https:\/\/www.hsu-hh.de\/bep\/wp-content\/uploads\/sites\/846\/2022\/12\/cover_dispute1_netz.jpg\" data-credit=\"rb\" alt=\"\" class=\"wp-image-1042\" srcset=\"https:\/\/www.hsu-hh.de\/bep\/wp-content\/uploads\/sites\/846\/2022\/12\/cover_dispute1_netz.jpg 243w, https:\/\/www.hsu-hh.de\/bep\/wp-content\/uploads\/sites\/846\/2022\/12\/cover_dispute1_netz-198x300.jpg 198w\" sizes=\"auto, (max-width: 243px) 100vw, 243px\" \/><\/figure>\n\n\n\n<p>Roger Behrens, Frank Beiler, Olaf Sanders (Hg.), <br>\u203aZukunftsthemen der Bildungsphilosophie. Hamburger Dispute 1\u2039, <br>Hamburg 2022.<\/p>\n\n\n\n<!--more-->\n\n\n\n<p><em>Die Beitr\u00e4ge dieses Bandes gehen auf eine Tagung zur\u00fcck, <\/em><br><em>die vom 16. bis 18. Mai 2019 an der Helmut-Schmidt-Universit\u00e4t \/ <\/em><br><em>Universit\u00e4t der Bundeswehr stattfand.<\/em><\/p>\n\n\n\n<p><em>Die \u203aHamburger Dispute 1\u2039 sind zugleich <br>die \u203aWittenberger Gespr\u00e4che VIII\u2039.<\/em><\/p>\n\n\n\n<p>Freier Download \u00fcber <em>openHSU:<\/em> <a rel=\"noreferrer noopener\" href=\"https:\/\/doi.org\/10.24405\/14655\" target=\"_blank\">https:\/\/doi.org\/10.24405\/14655<\/a><\/p>\n\n\n\n<p>\u00b7<\/p>\n\n\n\n<p><strong>Inhalt<\/strong><\/p>\n\n\n\n<p>Roger Behrens<br>Ein Vorwort (8)<\/p>\n\n\n\n<p>Frank Beiler<br>Billige Bildung und die Gro\u00dfe Transformation.<br>Reflexionen zu transformativem Lernen (21)<\/p>\n\n\n\n<p>Roger Behrens<br>Die verlorene Zukunft (47)<\/p>\n\n\n\n<p>Karl-Josef Pazzini<br>Zukunft | Individuum, Kollektiv,<br>Zeit, Kausalit\u00e4t, Nachtr\u00e4glichkeit (107)<\/p>\n\n\n\n<p>Karin Harrasser<br>Wartung statt Erwartung. Geschichten vom<br>Neu-Machen diesseits von \u00bbcruel optimism\u00ab (128)<\/p>\n\n\n\n<p>Alfred Sch\u00e4fer<br>Analyse und Engagement. <br>Eine p\u00e4dagogisch-politische Ann\u00e4herung (147)<\/p>\n\n\n\n<p>jan jagodzinksi<br>Der kosmische Kunsthandwerker im Anthropoz\u00e4n.<br>Praktiken f\u00fcr eine neue Erde (falls \u203awir\u2039 \u00fcberleben) (170)<\/p>\n\n\n\n<p>Stefan Knau\u00df<br>Naturschutzbegr\u00fcndungen im Anthropoz\u00e4n.<br>Die Rechte der Natur in Ecuador, Neuseeland und Indien (192)<\/p>\n\n\n\n<p>Olaf Sanders<br>1973, 1972, 1971 \u2026<br>\u00dcber alte Warnungen und das Unheimliche, das kommt.<br>Ein weiterer Revitalisierungsversuch \u00e4sthetischer Bildung (227)<\/p>\n\n\n\n<p>Roger Behrens <br>Der futurologische Kongress (248)<\/p>\n","protected":false},"excerpt":{"rendered":"<p>Roger Behrens, Frank Beiler, Olaf Sanders (Hg.), \u203aZukunftsthemen der Bildungsphilosophie. Hamburger Dispute 1\u2039, Hamburg 2022.<\/p>\n","protected":false},"author":96,"featured_media":891,"parent":969,"menu_order":0,"comment_status":"closed","ping_status":"closed","template":"","meta":{"footnotes":""},"categories":[53,4],"tags":[],"class_list":["post-897","page","type-page","status-publish","has-post-thumbnail","hentry","category-aktuelles","category-forschung"],"_links":{"self":[{"href":"https:\/\/www.hsu-hh.de\/bep\/wp-json\/wp\/v2\/pages\/897","targetHints":{"allow":["GET"]}}],"collection":[{"href":"https:\/\/www.hsu-hh.de\/bep\/wp-json\/wp\/v2\/pages"}],"about":[{"href":"https:\/\/www.hsu-hh.de\/bep\/wp-json\/wp\/v2\/types\/page"}],"author":[{"embeddable":true,"href":"https:\/\/www.hsu-hh.de\/bep\/wp-json\/wp\/v2\/users\/96"}],"replies":[{"embeddable":true,"href":"https:\/\/www.hsu-hh.de\/bep\/wp-json\/wp\/v2\/comments?post=897"}],"version-history":[{"count":20,"href":"https:\/\/www.hsu-hh.de\/bep\/wp-json\/wp\/v2\/pages\/897\/revisions"}],"predecessor-version":[{"id":1150,"href":"https:\/\/www.hsu-hh.de\/bep\/wp-json\/wp\/v2\/pages\/897\/revisions\/1150"}],"up":[{"embeddable":true,"href":"https:\/\/www.hsu-hh.de\/bep\/wp-json\/wp\/v2\/pages\/969"}],"wp:featuredmedia":[{"embeddable":true,"href":"https:\/\/www.hsu-hh.de\/bep\/wp-json\/wp\/v2\/media\/891"}],"wp:attachment":[{"href":"https:\/\/www.hsu-hh.de\/bep\/wp-json\/wp\/v2\/media?parent=897"}],"wp:term":[{"taxonomy":"category","embeddable":true,"href":"https:\/\/www.hsu-hh.de\/bep\/wp-json\/wp\/v2\/categories?post=897"},{"taxonomy":"post_tag","embeddable":true,"href":"https:\/\/www.hsu-hh.de\/bep\/wp-json\/wp\/v2\/tags?post=897"}],"curies":[{"name":"wp","href":"https:\/\/api.w.org\/{rel}","templated":true}]}}