{"id":875,"date":"2022-07-13T12:06:27","date_gmt":"2022-07-13T10:06:27","guid":{"rendered":"https:\/\/www.hsu-hh.de\/bep\/?page_id=875"},"modified":"2025-02-03T22:35:19","modified_gmt":"2025-02-03T21:35:19","slug":"ar_veroeffentlichungen","status":"publish","type":"page","link":"https:\/\/www.hsu-hh.de\/bep\/mitarbeiter\/richter\/ar_veroeffentlichungen\/","title":{"rendered":"Andreas Richter \u2013 Ver\u00f6ffentlichungen"},"content":{"rendered":"<p><strong>Vortr\u00e4ge<\/strong><\/p>\n<ul>\n<li>Gespielte Heterotopie \u2013 Digitale Spiele als Heterotopie. im Rahmen des Foucault Workshops, Juni 2024, Hamburg.<\/li>\n<li>Rauschen, Dritte und Transformationen in (digitalen) Spielen? im Rahmen des digitalen Forums Erziehungsphilosophie, Februar 2024, Online.<\/li>\n<li>&#8222;Vermittlung und \u00dcbersetzung als Zugang zu digitalen Spielen&#8220; im Rahmen des Workshops &#8222;Denken und Arbeiten mit und nach Latour&#8220;, Juni 2023, Hamburg.<\/li>\n<li>&#8222;Gespielte \u00dcbersetzungen\u2013 \u00dcbersetzung als Zugang zu digitalen Spielewelten?&#8220; im Rahmen der Tagung des Promotionskollegs \u201eVermittlung und \u00dcbersetzung im Wandel&#8220;, M\u00e4rz 2023, Halle (Saale).<\/li>\n<li>&#8222;Science-Fiction Welten und e-dukative Praktiken&#8220; im Rahmen der Jahrestagung (Geteilte\\verteilte Welt(en)) der Kommission Bildungs- und Erziehungsphilosophie, September 2022, Halle (Saale).<\/li>\n<li>&#8222;Digitale Spiel als Reflexionsm\u00f6glichkeit von Subjektivierung?&#8220; im Rahmen des Forums Erziehungsphilosophie, Juli 2021, Online.<\/li>\n<li>&#8222;Digitale Spiele als Zwischenraum zur Normalit\u00e4t? Bildungspotenziale digitaler Spiele&#8220; im Rahmen der Braunschweiger Nachwuchsvortragsreihe: Norm(et)al?, Juni 2021, Online.<\/li>\n<li>&#8222;Digital games and\/ as theory \u2013 A try to think and practice theory through digital<br \/>\ngames&#8220; im Rahmen des Friday Forums der research-unit Education, Culture and Society KU Leuven, Februar 2020, Leuven.<\/li>\n<li>&#8222;Wanderung an den Grenzen des P\u00e4dagogischen \u2013 Digitale Spiele als \u201eExperimentalraum\u201c f\u00fcr p\u00e4dagogische Theorie?&#8220; im Rahmen des Kolloquiums des Instituts f\u00fcr Erziehungswissenschaften der <abbr title=\"Technische Universit\u00e4t\">TU<\/abbr> Braunschweig, Juli 2019, Braunschweig<\/li>\n<li>&#8222;Walking at the Limits of Pedagogy. Digital Games as Experimental Space for Education Theory&#8220; im Rahmen des Kolloquiums des Centre for Philosophy of Education (University of London) und dem Laboratory of Education and Society (KU Leuven), Mai 2019, Madrid<\/li>\n<li>&#8222;Digital Games and subjectivation. In the ratio of &#8222;discipline&#8220; and &#8222;aesthetic of the self&#8220;&#8220; im Rahmen des Kolloquiums des Centre for Philosophy of Education (University of London) und dem Laboratory of Education and Society (KU Leuven), Mai 2018, Leuven.<\/li>\n<\/ul>\n\n\n<p>\u00b7<\/p>\n\n\n\n<p><a href=\"https:\/\/www.hsu-hh.de\/bep\/mitarbeiter\/richter\/\">Zur\u00fcck<\/a><\/p>\n","protected":false},"excerpt":{"rendered":"<p>Vortr\u00e4ge Gespielte Heterotopie \u2013 Digitale Spiele als Heterotopie. im Rahmen des Foucault Workshops, Juni 2024, Hamburg. Rauschen, Dritte und Transformationen in (digitalen) Spielen? im Rahmen des digitalen Forums Erziehungsphilosophie, Februar [&hellip;]<\/p>\n","protected":false},"author":96,"featured_media":0,"parent":871,"menu_order":0,"comment_status":"closed","ping_status":"closed","template":"","meta":{"footnotes":""},"categories":[6,8],"tags":[],"class_list":["post-875","page","type-page","status-publish","hentry","category-lehre","category-team"],"_links":{"self":[{"href":"https:\/\/www.hsu-hh.de\/bep\/wp-json\/wp\/v2\/pages\/875","targetHints":{"allow":["GET"]}}],"collection":[{"href":"https:\/\/www.hsu-hh.de\/bep\/wp-json\/wp\/v2\/pages"}],"about":[{"href":"https:\/\/www.hsu-hh.de\/bep\/wp-json\/wp\/v2\/types\/page"}],"author":[{"embeddable":true,"href":"https:\/\/www.hsu-hh.de\/bep\/wp-json\/wp\/v2\/users\/96"}],"replies":[{"embeddable":true,"href":"https:\/\/www.hsu-hh.de\/bep\/wp-json\/wp\/v2\/comments?post=875"}],"version-history":[{"count":13,"href":"https:\/\/www.hsu-hh.de\/bep\/wp-json\/wp\/v2\/pages\/875\/revisions"}],"predecessor-version":[{"id":1342,"href":"https:\/\/www.hsu-hh.de\/bep\/wp-json\/wp\/v2\/pages\/875\/revisions\/1342"}],"up":[{"embeddable":true,"href":"https:\/\/www.hsu-hh.de\/bep\/wp-json\/wp\/v2\/pages\/871"}],"wp:attachment":[{"href":"https:\/\/www.hsu-hh.de\/bep\/wp-json\/wp\/v2\/media?parent=875"}],"wp:term":[{"taxonomy":"category","embeddable":true,"href":"https:\/\/www.hsu-hh.de\/bep\/wp-json\/wp\/v2\/categories?post=875"},{"taxonomy":"post_tag","embeddable":true,"href":"https:\/\/www.hsu-hh.de\/bep\/wp-json\/wp\/v2\/tags?post=875"}],"curies":[{"name":"wp","href":"https:\/\/api.w.org\/{rel}","templated":true}]}}