{"id":871,"date":"2022-07-13T12:03:25","date_gmt":"2022-07-13T10:03:25","guid":{"rendered":"https:\/\/www.hsu-hh.de\/bep\/?page_id=871"},"modified":"2025-02-03T22:32:11","modified_gmt":"2025-02-03T21:32:11","slug":"richter","status":"publish","type":"page","link":"https:\/\/www.hsu-hh.de\/bep\/mitarbeiter\/richter\/","title":{"rendered":"Andreas Richter"},"content":{"rendered":"\n<div class=\"wp-block-columns has-grey-background-color has-background is-layout-flex wp-container-core-columns-is-layout-9d6595d7 wp-block-columns-is-layout-flex\">\n<div class=\"wp-block-column has-grey-background-color has-background is-layout-flow wp-block-column-is-layout-flow\" style=\"flex-basis:66.66%\">\n<p><em>E-Mail-Adresse:<\/em><br>andreas.richter@hsu-hh.de<\/p>\n\n\n\n<p><a href=\"https:\/\/www.hsu-hh.de\/bep\/mitarbeiter\/richter\/ar_seminare\/\">Seminare<\/a><\/p>\n\n\n\n<p><a href=\"https:\/\/www.hsu-hh.de\/bep\/mitarbeiter\/richter\/ar_veroeffentlichungen\/\">Ver\u00f6ffentlichungen<\/a><\/p>\n<\/div>\n\n\n\n<div class=\"wp-block-column has-grey-color has-grey-background-color has-text-color has-background is-layout-flow wp-block-column-is-layout-flow\" style=\"flex-basis:33.33%\">\n<figure class=\"wp-block-image size-large\"><img loading=\"lazy\" decoding=\"async\" width=\"739\" height=\"1024\" src=\"https:\/\/www.hsu-hh.de\/bep\/wp-content\/uploads\/sites\/846\/2022\/08\/DSC9485_sw_hf-739x1024.jpg\" data-credit=\"Andreas Richter\" alt=\"Profilbild sw\" class=\"wp-image-922\" srcset=\"https:\/\/www.hsu-hh.de\/bep\/wp-content\/uploads\/sites\/846\/2022\/08\/DSC9485_sw_hf-739x1024.jpg 739w, https:\/\/www.hsu-hh.de\/bep\/wp-content\/uploads\/sites\/846\/2022\/08\/DSC9485_sw_hf-216x300.jpg 216w, https:\/\/www.hsu-hh.de\/bep\/wp-content\/uploads\/sites\/846\/2022\/08\/DSC9485_sw_hf-768x1064.jpg 768w, https:\/\/www.hsu-hh.de\/bep\/wp-content\/uploads\/sites\/846\/2022\/08\/DSC9485_sw_hf-1108x1536.jpg 1108w, https:\/\/www.hsu-hh.de\/bep\/wp-content\/uploads\/sites\/846\/2022\/08\/DSC9485_sw_hf-1100x1525.jpg 1100w, https:\/\/www.hsu-hh.de\/bep\/wp-content\/uploads\/sites\/846\/2022\/08\/DSC9485_sw_hf.jpg 1329w\" sizes=\"auto, (max-width: 739px) 100vw, 739px\" \/><\/figure>\n<\/div>\n<\/div>\n\n\n\n<hr class=\"wp-block-separator has-alpha-channel-opacity is-style-wide\" \/>\n\n\n<p><strong>Vita<\/strong><\/p>\n<p><em>Seit Juli 2022<\/em><\/p>\n<p>Wissenschaftlicher Mitarbeiter an der Professur f\u00fcr Erziehungswissenschaft, insbesondere Bildungs- und Erziehungstheorie sowie philosophische Grundlagen<\/p>\n<p><em>Oktober 2020 bis Oktober 2022<\/em><\/p>\n<p>Wissenschaftlicher Mitarbeiter am Institut f\u00fcr Erziehungswissenschaft, Abt. Allgemeine Erziehungswissenschaft, der <abbr title=\"Technische Universit\u00e4t\">TU<\/abbr> Braunschweig<\/p>\n<p><em>Oktober 2018 bis Oktober 2021<\/em><\/p>\n<p>Wissenschaftlicher Mitarbeiter am Institut f\u00fcr Erziehungswissenschaft, Abt. Schulp\u00e4dagogik, der <abbr title=\"Technische Universit\u00e4t\">TU<\/abbr> Braunschweig<\/p>\n<p><em>April &#8211; September 2018<\/em><\/p>\n<p>Forschungspraktikum am \u201eLaboratory for Education and Society\u201c der KU Leuven (Betreuung: <abbr title=\"Professor\">Prof.<\/abbr> <abbr title=\"Doktor\">Dr.<\/abbr> Jan Masschelein)<\/p>\n<p><em>2015 &#8211; April 2018<\/em><\/p>\n<p>Masterstudium Erziehungswissenschaften an der Martin-Luther-Universit\u00e4t, Halle-Wittenberg<\/p>\n<p style=\"text-align: left\">Tutor an den Lehrst\u00fchlen Systematische Erziehungswissenschaft (<abbr title=\"Professor\">Prof.<\/abbr> <abbr title=\"Doktor\">Dr.<\/abbr> Daniel Wrana) und Sozialp\u00e4dagogik (<abbr title=\"Professor\">Prof.<\/abbr> <abbr title=\"Doktor\">Dr.<\/abbr> Johanna Mierendorff)<\/p>\n<p style=\"text-align: left\">Wissenschaftliche Hilfskraft am Lehrstuhl f\u00fcr Sozialp\u00e4dagogik (<abbr title=\"Doktor\">Dr.<\/abbr> Florian E\u00dfer\/ <abbr title=\"Professor\">Prof.<\/abbr> <abbr title=\"Doktor\">Dr.<\/abbr> Bettina H\u00fcnersdorf) und im Forschungsprojekt \u201ePrek\u00e4re Souver\u00e4nit\u00e4t. Dekonstruktion und Kritik einer Grundfigur der politischen Theologie\u201c (<abbr title=\"Professor\">Prof.<\/abbr> <abbr title=\"Doktor\">Dr.<\/abbr> Rebekka A. Klein)<\/p>\n<p><em>2012-2015<\/em><\/p>\n<p>Bachelorstudium Erziehungswissenschaften und ev. Theologie an der Martin-Luther-Universit\u00e4t, Halle-Wittenberg<\/p>\n<p><strong>Arbeitsgebiete<\/strong><\/p>\n<ul>\n<li>Erziehungswissenschaftliche Theoriebildung<\/li>\n<li>Akteur-Netzwerk-Theorie<\/li>\n<li>\u00dcbersetzungstheorien<\/li>\n<li>Subjektivierungsforschung<\/li>\n<li>Bildungstheorie<\/li>\n<li>Digitale Spiele<\/li>\n<\/ul>\n\n\n<p><\/p>\n\n\n\n<p><\/p>\n","protected":false},"excerpt":{"rendered":"<p>E-Mail-Adresse:andreas.richter@hsu-hh.de Seminare Ver\u00f6ffentlichungen Vita Seit Juli 2022 Wissenschaftlicher Mitarbeiter an der Professur f\u00fcr Erziehungswissenschaft, insbesondere Bildungs- und Erziehungstheorie sowie philosophische Grundlagen Oktober 2020 bis Oktober 2022 Wissenschaftlicher Mitarbeiter am Institut [&hellip;]<\/p>\n","protected":false},"author":96,"featured_media":0,"parent":106,"menu_order":0,"comment_status":"closed","ping_status":"closed","template":"","meta":{"footnotes":""},"categories":[8],"tags":[],"class_list":["post-871","page","type-page","status-publish","hentry","category-team"],"_links":{"self":[{"href":"https:\/\/www.hsu-hh.de\/bep\/wp-json\/wp\/v2\/pages\/871","targetHints":{"allow":["GET"]}}],"collection":[{"href":"https:\/\/www.hsu-hh.de\/bep\/wp-json\/wp\/v2\/pages"}],"about":[{"href":"https:\/\/www.hsu-hh.de\/bep\/wp-json\/wp\/v2\/types\/page"}],"author":[{"embeddable":true,"href":"https:\/\/www.hsu-hh.de\/bep\/wp-json\/wp\/v2\/users\/96"}],"replies":[{"embeddable":true,"href":"https:\/\/www.hsu-hh.de\/bep\/wp-json\/wp\/v2\/comments?post=871"}],"version-history":[{"count":28,"href":"https:\/\/www.hsu-hh.de\/bep\/wp-json\/wp\/v2\/pages\/871\/revisions"}],"predecessor-version":[{"id":1339,"href":"https:\/\/www.hsu-hh.de\/bep\/wp-json\/wp\/v2\/pages\/871\/revisions\/1339"}],"up":[{"embeddable":true,"href":"https:\/\/www.hsu-hh.de\/bep\/wp-json\/wp\/v2\/pages\/106"}],"wp:attachment":[{"href":"https:\/\/www.hsu-hh.de\/bep\/wp-json\/wp\/v2\/media?parent=871"}],"wp:term":[{"taxonomy":"category","embeddable":true,"href":"https:\/\/www.hsu-hh.de\/bep\/wp-json\/wp\/v2\/categories?post=871"},{"taxonomy":"post_tag","embeddable":true,"href":"https:\/\/www.hsu-hh.de\/bep\/wp-json\/wp\/v2\/tags?post=871"}],"curies":[{"name":"wp","href":"https:\/\/api.w.org\/{rel}","templated":true}]}}