{"id":790,"date":"2022-04-28T11:50:53","date_gmt":"2022-04-28T09:50:53","guid":{"rendered":"https:\/\/www.hsu-hh.de\/bep\/?page_id=790"},"modified":"2023-01-09T09:15:18","modified_gmt":"2023-01-09T08:15:18","slug":"studienjahr-2022-2023","status":"publish","type":"page","link":"https:\/\/www.hsu-hh.de\/bep\/studienjahr-2022-2023\/","title":{"rendered":"Studienjahr 2022 \/ 2023"},"content":{"rendered":"\n<p>Lehrveranstaltungen: <abbr title=\"Herbsttrimester\">HT<\/abbr> 2022, <abbr title=\"Wintertrimester\">WT<\/abbr> 2023, <abbr title=\"Fr\u00fchjahrstrimester\">FT<\/abbr> 2023.<\/p>\n\n\n\n<!--more-->\n\n\n\n<hr class=\"wp-block-separator has-css-opacity\" \/>\n\n\n\n<p><abbr title=\"Herbsttrimester\">HT<\/abbr> 2022<\/p>\n\n\n\n<p>Lehrveranstaltungen <abbr title=\"Professor\">Prof.<\/abbr> <abbr title=\"Doktor\">Dr.<\/abbr> Sanders, <abbr title=\"Doktor\">Dr.<\/abbr> Behrens, Jung | Herbsttrimester 2022<\/p>\n\n\n\n<p><strong><abbr title=\"Herbsttrimester\">HT<\/abbr> 2022: Der Status der Erziehungswissenschaft \u2013 R\u00fcckblick und Aussicht <br><\/strong>(Subjektwerdung und Vergesellschaftung \u2013 Differenzen in bildungshistorischer Perspektive)<br><em><abbr title=\"Doktor\">Dr.<\/abbr> Roger Behrens<\/em><br><\/p>\n\n\n\n<p>Welche erziehungswissenschaftlichen Theorien haben Sie bereits kennengelernt? Mit welchen Theorien \u00bbarbeiten\u00ab Sie? Haben sich wissenschaftliche oder forschungstheoretische Fragen ergeben, die bisher nicht oder nur unzureichend thematisiert und problematisiert wurden?<\/p>\n\n\n\n<p>In diesem Seminar wollen wir uns in einem R\u00fcckblick noch einmal \u00fcber die Grundlagen der Erziehungswissenschaft verst\u00e4ndigen. Zur Disposition stehen Bildungs- und Erziehungstheorie sowie philosophische Grundlagen. In einer Aussicht geht es um eine \u00bbPositionsbestimmung\u00ab: Wo stehen Sie in Ihrem Studium, wo wollen Sie hin, wo wollen Sie nicht hin? Was sind Ihre \u2013 auch \u00fcber das Studium hinausweisenden \u2013 Erkenntnisinteressen?<\/p>\n\n\n\n<p><strong>Literatur<\/strong><\/p>\n\n\n\n<p>\u2022 Stephan Geuenich, Daniel Krenz-Dewe, Janek Niggemann, Robert Pf\u00fctzner, Kathrin Witek (Hg.), \u203aWozu brauchen wir das? Bildungsphilosophie und p\u00e4dagogische Praxis\u2039, Westf\u00e4lisches Dampfboot: M\u00fcnster 2016.<\/p>\n\n\n\n<p>\u2022 Erich Ribolits, \u203aBildung \u2013 Kampfbegriff oder Pathosformel. \u00dcber die revolution\u00e4ren Wurzeln und die b\u00fcrgerliche Geschichte des Bildungsbegriffs\u2039, L\u00f6cker: Wien 2011.<\/p>\n\n\n\n<p>\u2022 Diethard Behrens, Kornelia Hafner, \u203a\u00bbDas Pentagramma macht mir Pein\u00ab. \u00dcber Bildung, Sozialisationstheorie und Zeit\u2039, K\u00f6nigshausen &amp; Neumann: W\u00fcrzburg 2019.<\/p>\n\n\n\n<p>\u2022 Oskar Negt, \u203aSoziologische Phantasie und exemplarisches Lernen\u2039, EVA: Frankfurt am Main 1971.<\/p>\n\n\n\n<p>\u2022 Mario Erdheim, \u203aPsychoanalyse und Unbewu\u00dftheit in der Kultur. Aufs\u00e4tze 1980-1987\u2039, Suhrkamp: Frankfurt am Main 1988.<\/p>\n\n\n\n<hr class=\"wp-block-separator has-css-opacity\" \/>\n\n\n\n<p><abbr title=\"Wintertrimester\">WT<\/abbr> 2023<\/p>\n\n\n\n<p>Lehrveranstaltungen <abbr title=\"Professor\">Prof.<\/abbr> <abbr title=\"Doktor\">Dr.<\/abbr> Sanders, <abbr title=\"Doktor\">Dr.<\/abbr> Behrens, Jung, Richter | Wintertrimester 2023<\/p>\n\n\n\n<p><strong><abbr title=\"Wintertrimester\">WT<\/abbr> 2023: Erziehungswissenschaft&nbsp;wozu? <br><\/strong>(Einf\u00fchrung in die Grundlagen der Erziehungswissenschaft Teil II<br>Grundbegriffe&nbsp;und&nbsp;Handlungsfelder&nbsp;der&nbsp;Erziehungswissenschaft)<br><em><abbr title=\"Doktor\">Dr.<\/abbr> Roger Behrens<\/em><\/p>\n\n\n\n<p>Dieses Seminar ist eine Einf\u00fchrung in p\u00e4dagogische Theorie und Praxis in gr\u00f6\u00dftm\u00f6glicher Offenheit: Gefragt ist nach Ihren Erwartungen an die Erziehungswissenschaft, genauer: an Bildungs- und Erziehungstheorie sowie philosophische Grundlagen, um ein dem Studium angemessenes und \u00fcber dieses hinausweisendes Erkenntnisinteresse herauszuarbeiten.<\/p>\n\n\n\n<p><a href=\"https:\/\/www.hsu-hh.de\/bep\/wozu\/\" target=\"_blank\" rel=\"noreferrer noopener\">Link zur Seminarseite<\/a>.<\/p>\n\n\n\n<hr class=\"wp-block-separator has-css-opacity\" \/>\n\n\n\n<p><abbr title=\"Fr\u00fchjahrstrimester\">FT<\/abbr> 2023<\/p>\n\n\n\n<p>Lehrveranstaltungen <abbr title=\"Professor\">Prof.<\/abbr> <abbr title=\"Doktor\">Dr.<\/abbr> Sanders, <abbr title=\"Doktor\">Dr.<\/abbr> Behrens, Jung, Richter | Fr\u00fchjahrstrimester 2023<\/p>\n","protected":false},"excerpt":{"rendered":"<p>Lehrveranstaltungen: HT 2022, WT 2023, FT 2023.<\/p>\n","protected":false},"author":96,"featured_media":0,"parent":0,"menu_order":0,"comment_status":"closed","ping_status":"closed","template":"","meta":{"footnotes":""},"categories":[6,43],"tags":[],"class_list":["post-790","page","type-page","status-publish","hentry","category-lehre","category-seminare"],"_links":{"self":[{"href":"https:\/\/www.hsu-hh.de\/bep\/wp-json\/wp\/v2\/pages\/790","targetHints":{"allow":["GET"]}}],"collection":[{"href":"https:\/\/www.hsu-hh.de\/bep\/wp-json\/wp\/v2\/pages"}],"about":[{"href":"https:\/\/www.hsu-hh.de\/bep\/wp-json\/wp\/v2\/types\/page"}],"author":[{"embeddable":true,"href":"https:\/\/www.hsu-hh.de\/bep\/wp-json\/wp\/v2\/users\/96"}],"replies":[{"embeddable":true,"href":"https:\/\/www.hsu-hh.de\/bep\/wp-json\/wp\/v2\/comments?post=790"}],"version-history":[{"count":10,"href":"https:\/\/www.hsu-hh.de\/bep\/wp-json\/wp\/v2\/pages\/790\/revisions"}],"predecessor-version":[{"id":1068,"href":"https:\/\/www.hsu-hh.de\/bep\/wp-json\/wp\/v2\/pages\/790\/revisions\/1068"}],"wp:attachment":[{"href":"https:\/\/www.hsu-hh.de\/bep\/wp-json\/wp\/v2\/media?parent=790"}],"wp:term":[{"taxonomy":"category","embeddable":true,"href":"https:\/\/www.hsu-hh.de\/bep\/wp-json\/wp\/v2\/categories?post=790"},{"taxonomy":"post_tag","embeddable":true,"href":"https:\/\/www.hsu-hh.de\/bep\/wp-json\/wp\/v2\/tags?post=790"}],"curies":[{"name":"wp","href":"https:\/\/api.w.org\/{rel}","templated":true}]}}