{"id":73,"date":"2020-07-03T15:52:08","date_gmt":"2020-07-03T13:52:08","guid":{"rendered":"https:\/\/www.hsu-hh.de\/vorlage\/?page_id=73"},"modified":"2025-11-25T12:57:56","modified_gmt":"2025-11-25T11:57:56","slug":"startseite","status":"publish","type":"page","link":"https:\/\/www.hsu-hh.de\/bep\/","title":{"rendered":"Erziehungswissenschaft,&nbsp;&nbsp;&nbsp;&nbsp;&nbsp;&nbsp;&nbsp;&nbsp;&nbsp;&nbsp;&nbsp;&nbsp;&nbsp;&nbsp;&nbsp;&nbsp;&nbsp;&nbsp;&nbsp;&nbsp;&nbsp;&nbsp;&nbsp;&nbsp;&nbsp;&nbsp;&nbsp;&nbsp;&nbsp;&nbsp;&nbsp;&nbsp; insbesondere Bildungs- und Erziehungstheorie&nbsp;&nbsp;&nbsp;&nbsp;&nbsp;&nbsp; sowie philosophische Grundlagen"},"content":{"rendered":"<p>Die Arbeit an der Professur orientiert die Frage nach den M\u00f6glichkeitsbedingungen von Bildungs- und Erziehungsprozessen. Dieser Frage geht sie philosophisch nach \u2013 und das hei\u00dft zun\u00e4chst einmal nicht empirisch, sondern begrifflich. Die P\u00e4dagogik des Begriffs fragt nach der Aktualit\u00e4t etablierter p\u00e4dagogische Grundbegriffe wie Bildung, Erziehung, Sozialisation, Lernen, Entwicklung <abbr title=\"et cetera\">etc.<\/abbr> und ob neue Grundbegriffe wie Angst, Geld, Bewegungsbild n\u00f6tig sind.<\/p>\n<p>Die Forschung zielt auf eine Bildungsprozesstheorie ab, die es erm\u00f6glicht Prozesse als Prozesse zu denken und ber\u00fccksichtigt, dass wir nicht nur sprachlich denken, sondern auch in Bilderstr\u00f6men. Unsere oft noch schlecht formulierten Gegenwartsprobleme \u2013 das Anthropoz\u00e4n, Big Data, Globalisierung sowie die Post- und Transhumanismen \u2013 n\u00f6tigen uns au\u00dferdem zu gr\u00f6\u00dferer Mathematikaffinit\u00e4t.<\/p>\n<p>Zu den Arbeitsschwerpunkten der Professur geh\u00f6ren au\u00dferdem neuere, vor allem franz\u00f6sische Philosophie, \u00e4sthetische Bildung, Theorien popul\u00e4rer Kultur, insbesondere des Films und von Fernsehserien.<\/p>\n<p><strong>Mitarbeiter<\/strong><\/p>\n<p><em>Leitung:<\/em><\/p>\n<p><a href=\"https:\/\/www.hsu-hh.de\/bep\/mitarbeiter\/sanders\/\" rel=\"noopener noreferrer\"><abbr title=\"Professor\">Prof.<\/abbr> <abbr title=\"Doktor\">Dr.<\/abbr> Olaf Sanders<\/a><\/p>\n<p><em>Wissenschaftliche Mitarbeiter:<\/em><\/p>\n<p><a href=\"https:\/\/www.hsu-hh.de\/bep\/mitarbeiter\/behrens\" target=\"_blank\" rel=\"noopener noreferrer\"><abbr title=\"Doktor\">Dr.<\/abbr> Roger Behrens<\/a><\/p>\n<p><a href=\"https:\/\/www.hsu-hh.de\/bep\/mitarbeiter\/jung\/\">Thomas Jung<\/a><\/p>\n<p><em>Sekretariat:<\/em><\/p>\n<p><a href=\"https:\/\/www.hsu-hh.de\/bep\/mitarbeiter\/voss\">Diana Vo\u00df<\/a><\/p>\n<p><em>Ehemalige Mitarbeiter:<\/em><\/p>\n<p><a href=\"https:\/\/www.hsu-hh.de\/bep\/mitarbeiter\/beiler\/\" target=\"_blank\" rel=\"noopener\"><abbr title=\"Doktor\">Dr.<\/abbr> Frank Beiler<\/a><\/p>\n<p><a href=\"https:\/\/www.hsu-hh.de\/bep\/mitarbeiter\/richter\/\" target=\"_blank\" rel=\"noopener\">Andreas Richter<\/a><\/p>\n<hr \/>\n<p><em>Impressum f\u00fcr die Professur f\u00fcr Erziehungswissenschaft,<br \/>\ninsbesondere Bildungs- und Erziehungstheorie<br \/>\nsowie philosophische Grundlagen<\/em><\/p>\n<p><em>Verantwortlich \/ Herausgeber:<\/em><br \/>\nHelmut-Schmidt-Universit\u00e4t \/ Universit\u00e4t der Bundeswehr Hamburg<br \/>\nFakult\u00e4t f\u00fcr Geistes- und Sozialwissenschaften<br \/>\n<abbr title=\"Professor\">Prof.<\/abbr> <abbr title=\"Doktor\">Dr.<\/abbr> Olaf Sanders<br \/>\nHolstenhofweg 85<br \/>\n22043 Hamburg<\/p>\n<p>Telefon: +49 40 6541 2803<br \/>\nE-Mail:\u00a0<a href=\"mailto:olaf.sanders@hsu-hh.de\" rel='nofollow'>olaf.sanders@hsu-hh.de<\/a><\/p>\n<p>Redaktion<br \/>\n<abbr title=\"Doktor\">Dr.<\/abbr> Roger Behrens<br \/>\nTelefon: +49 40 6541-2921<br \/>\nE-Mail:\u00a0<a href=\"mailto:behrens@hsu-hh.de\" rel='nofollow'>behrens@hsu-hh.de<\/a><\/p>\n","protected":false},"excerpt":{"rendered":"<p>Die Arbeit an der Professur orientiert die Frage nach den M\u00f6glichkeitsbedingungen von Bildungs- und Erziehungsprozessen. Dieser Frage geht sie philosophisch nach \u2013 und das hei\u00dft zun\u00e4chst einmal nicht empirisch, sondern [&hellip;]<\/p>\n","protected":false},"author":26,"featured_media":0,"parent":0,"menu_order":0,"comment_status":"closed","ping_status":"closed","template":"","meta":{"footnotes":""},"categories":[35],"tags":[],"class_list":["post-73","page","type-page","status-publish","hentry","category-startseite"],"_links":{"self":[{"href":"https:\/\/www.hsu-hh.de\/bep\/wp-json\/wp\/v2\/pages\/73","targetHints":{"allow":["GET"]}}],"collection":[{"href":"https:\/\/www.hsu-hh.de\/bep\/wp-json\/wp\/v2\/pages"}],"about":[{"href":"https:\/\/www.hsu-hh.de\/bep\/wp-json\/wp\/v2\/types\/page"}],"author":[{"embeddable":true,"href":"https:\/\/www.hsu-hh.de\/bep\/wp-json\/wp\/v2\/users\/26"}],"replies":[{"embeddable":true,"href":"https:\/\/www.hsu-hh.de\/bep\/wp-json\/wp\/v2\/comments?post=73"}],"version-history":[{"count":41,"href":"https:\/\/www.hsu-hh.de\/bep\/wp-json\/wp\/v2\/pages\/73\/revisions"}],"predecessor-version":[{"id":1410,"href":"https:\/\/www.hsu-hh.de\/bep\/wp-json\/wp\/v2\/pages\/73\/revisions\/1410"}],"wp:attachment":[{"href":"https:\/\/www.hsu-hh.de\/bep\/wp-json\/wp\/v2\/media?parent=73"}],"wp:term":[{"taxonomy":"category","embeddable":true,"href":"https:\/\/www.hsu-hh.de\/bep\/wp-json\/wp\/v2\/categories?post=73"},{"taxonomy":"post_tag","embeddable":true,"href":"https:\/\/www.hsu-hh.de\/bep\/wp-json\/wp\/v2\/tags?post=73"}],"curies":[{"name":"wp","href":"https:\/\/api.w.org\/{rel}","templated":true}]}}