{"id":430,"date":"2019-05-18T13:14:33","date_gmt":"2019-05-18T11:14:33","guid":{"rendered":"https:\/\/www.hsu-hh.de\/bep\/?page_id=430"},"modified":"2020-08-28T13:19:00","modified_gmt":"2020-08-28T11:19:00","slug":"2019-hamburger-dispute-erste-folge","status":"publish","type":"page","link":"https:\/\/www.hsu-hh.de\/bep\/2019-hamburger-dispute-erste-folge\/","title":{"rendered":"2019 | Mai | Hamburger Dispute | Erste Folge"},"content":{"rendered":"<p><!--more--><\/p>\n<p>Erste Folge der \u00bbHamburger Dispute\u00ab.<br \/>\n16. Mai 2019 \u2013 18. Mai 2019<\/p>\n<p>Seit 2012 finden unter dem Namen \u00bbWittenberger Gespr\u00e4che\u00ab Arbeitstagungen statt, auf denen aktuelle erziehungswissenschaftliche Themen aus kulturwissenschaftlicher Perspektive interdisziplin\u00e4r diskutiert werden. Die Wittenberger Gespr\u00e4che werden von wechselnden Organisationsteams an verschiedenen Orten ausgetragen; die Ausgestaltung wird vom lokalen Organisationsteam bestimmt. In diesem Jahr organisieren Olaf Sanders und Michael Wimmer die Wittenberger Gespr\u00e4che als Hamburger Dispute zu<\/p>\n<p><strong>Zukunftsthemen der Bildungsphilosophie<\/strong><\/p>\n<p>Nach Zukunftsthemen zu fragen, scheint selbstverst\u00e4ndlich zur Vorbereitung auf das Kommende. Die Erziehungswissenschaft hat, schon weil sie die Bedingungen des Aufwachsens der nachfolgenden Generationen bedenkt,\u00a0einen irreduziblen Zukunftsbezug. Als Philosophie hat die Bildungsphilosophie die M\u00f6glichkeit, auf und in die Zukunft zu spekulieren. Derartige Spekulationen sind nicht selbstverst\u00e4ndlich und auch nicht unproblematisch, weshalb sie letztlich (zu) oft unterbleiben. Wir fragen deshalb nach Zukunftsthemen der Bildungsphilosophie und implizit auch nach der Zukunft und der Zukunft der Bildungs- und Erziehungsphilosophie.<\/p>\n<p>Eines der letzten vergleichsweise breit diskutierten Zukunftsthemen waren die nun auch schon nicht mehr ganz so neuen \u00bbNeuen Medien\u00ab, die die Grundkoordinaten aller Erfahrung und durch ihren Gebrauch auch das Erfahrene selbst ver\u00e4ndert haben, ohne dass sie im weiten Diskursraum der Bildungsphilosophie schon genug Widerhall erfahren h\u00e4tten. \u00c4hnliches zeichnet sich f\u00fcr weitere bereits erkennbare und unsere Zukunft absehbar bestimmende, aber noch kaum thematisierte Entwicklungen ab. Zu diskutieren bleiben<\/p>\n<p># Digitalisierung und Big Data, die alle Bereiche der Gesellschaft bis ins Private betreffen werden, die<br \/>\n# Globalisierung des digitalen wie auch des neokolonialen Kapitalismus, vor allem der Finanzstr\u00f6me, des weltweit agierenden Investmentimperialismus sowie die damit ein- hergehende<\/p>\n<p># Arten- und Umweltvernichtung. F\u00fcr die Folgen dieser Entwicklungen, die von der Erderw\u00e4rmung bis hin zur Angst vor einem \u00d6kozid durch rasenden Verbrauch reichen, hat sich der Begriff<br \/>\n# Anthropoz\u00e4n etabliert. Zu diskutieren bleiben au\u00dferdem die<\/p>\n<p># post- oder transhumanistischen Verbesserung und \u00dcberwindung des Menschen und der<br \/>\n# Totalitarismus und die Gef\u00e4hrdungen der Demokratie durch die Spaltung der Gesell- schaft.<br \/>\nDiese Zukunftsthemen sind sicher nicht die einzigen und m\u00f6glicherweise noch nicht ein- mal treffend genug benannt. Dennoch scheinen sie geeignet, den bildungsphilo- sophischen Diskurs zu verunsichern oder ihn zu Perspektivverschiebungen oder -er- weiterungen zu n\u00f6tigen, die wahrzunehmen und zu denken erlauben, was es un- abh\u00e4ngig von allen Problemen, Gefahren, Hoffnungen und \u00c4ngsten bedeutet, sich auf die Zukunft zu beziehen. Wie k\u00f6nnte oder muss ein Denken beschaffen sein, das f\u00fcr die Zukunft offen ist?<\/p>\n<p>Ank\u00fcndigung und Programm der Tagung: <a href=\"https:\/\/www.hsu-hh.de\/bep\/wp-content\/uploads\/sites\/846\/2020\/08\/Hamburger_Dispute_2019.pdf\" target=\"_blank\" rel=\"noopener noreferrer\">hier<\/a> (PDF).<\/p>\n","protected":false},"excerpt":{"rendered":"","protected":false},"author":96,"featured_media":0,"parent":0,"menu_order":0,"comment_status":"closed","ping_status":"closed","template":"","meta":{"footnotes":""},"categories":[47],"tags":[],"class_list":["post-430","page","type-page","status-publish","hentry","category-termine-nachrichten"],"_links":{"self":[{"href":"https:\/\/www.hsu-hh.de\/bep\/wp-json\/wp\/v2\/pages\/430","targetHints":{"allow":["GET"]}}],"collection":[{"href":"https:\/\/www.hsu-hh.de\/bep\/wp-json\/wp\/v2\/pages"}],"about":[{"href":"https:\/\/www.hsu-hh.de\/bep\/wp-json\/wp\/v2\/types\/page"}],"author":[{"embeddable":true,"href":"https:\/\/www.hsu-hh.de\/bep\/wp-json\/wp\/v2\/users\/96"}],"replies":[{"embeddable":true,"href":"https:\/\/www.hsu-hh.de\/bep\/wp-json\/wp\/v2\/comments?post=430"}],"version-history":[{"count":3,"href":"https:\/\/www.hsu-hh.de\/bep\/wp-json\/wp\/v2\/pages\/430\/revisions"}],"predecessor-version":[{"id":437,"href":"https:\/\/www.hsu-hh.de\/bep\/wp-json\/wp\/v2\/pages\/430\/revisions\/437"}],"wp:attachment":[{"href":"https:\/\/www.hsu-hh.de\/bep\/wp-json\/wp\/v2\/media?parent=430"}],"wp:term":[{"taxonomy":"category","embeddable":true,"href":"https:\/\/www.hsu-hh.de\/bep\/wp-json\/wp\/v2\/categories?post=430"},{"taxonomy":"post_tag","embeddable":true,"href":"https:\/\/www.hsu-hh.de\/bep\/wp-json\/wp\/v2\/tags?post=430"}],"curies":[{"name":"wp","href":"https:\/\/api.w.org\/{rel}","templated":true}]}}