{"id":427,"date":"2018-09-23T13:07:44","date_gmt":"2018-09-23T11:07:44","guid":{"rendered":"https:\/\/www.hsu-hh.de\/bep\/?page_id=427"},"modified":"2020-08-28T13:10:08","modified_gmt":"2020-08-28T11:10:08","slug":"2018-september-zugaenge-paedagogischer-anthropologie-am-beispiel-des-koerpers","status":"publish","type":"page","link":"https:\/\/www.hsu-hh.de\/bep\/2018-september-zugaenge-paedagogischer-anthropologie-am-beispiel-des-koerpers\/","title":{"rendered":"2018 | September | Zug\u00e4nge p\u00e4dagogischer Anthropologie: Am Beispiel des K\u00f6rpers"},"content":{"rendered":"<p><!--more--><\/p>\n<p>Tagung | 23.\u00a0\u2013\u00a024. September 2018 | Helmut-Schmidt-Universit\u00e4t, Hamburg<\/p>\n<p><strong>Zug\u00e4nge p\u00e4dagogischer Anthropologie: Am Beispiel des K\u00f6rpers<\/strong><\/p>\n<p>Workshop des Netzwerks P\u00e4dagogische Anthropologie<\/p>\n<p>Kommission P\u00e4dagogische Anthropologie<\/p>\n<p>in der DGfE \u2013\u00a0\u00a0Deutsche Gesellschaft f\u00fcr Erziehungswissenschaft<\/p>\n<p>Dass die p\u00e4dagogische Anthropologie auch nach dem viel zitierten \u201eEnde des Menschen\u201c(Foucault) nicht an Aktualit\u00e4t verloren hat, zeigen die zahlreichen p\u00e4dagogisch-anthropologi- schen Arbeiten, die in den letzten Jahren erschienen sind. Diese machen zugleich deutlich, dass sich die p\u00e4dagogische Anthropologie in den letzten Jahrzehnten methodisch sowie theoretisch ausdifferenziert hat. Exemplarisch verwiesen werden kann auf ethnographische Arbeiten p\u00e4dagogischer Anthropologie, in denen die je konkreten Verfasstheiten und die empirische Variabilit\u00e4t des Menschen in den Blick r\u00fccken, theorie- und ideengeschichtliche Untersuchun- gen zu p\u00e4dagogischen Diskursivierungen des Menschlichen, bild- und wahrnehmungstheore- tische Ans\u00e4tze und ihre Zug\u00e4nge auf die Medialit\u00e4t des Menschen, philosophische und sozio- logische Arbeiten, die sich \u2013 in neuerer Fassung \u2013 der Kontingenz des Menschen in Kultur und Gesellschaft ann\u00e4hern oder neurowissenschaftliche Ans\u00e4tze, die biologische und evoluti- onstheoretische Aspekte des Menschen fokussieren.<\/p>\n<p><em>(Auszug aus dem CfP. Vollst\u00e4ndiger Text \u2013 als PDF: <a href=\"https:\/\/www.hsu-hh.de\/bep\/wp-content\/uploads\/sites\/846\/2020\/08\/CfP_Workshop_NetzwerkAnthropologie.pdf\" target=\"_blank\" rel=\"noopener noreferrer\">hier<\/a>.)<\/em><\/p>\n","protected":false},"excerpt":{"rendered":"","protected":false},"author":96,"featured_media":0,"parent":0,"menu_order":0,"comment_status":"closed","ping_status":"closed","template":"","meta":{"footnotes":""},"categories":[47],"tags":[],"class_list":["post-427","page","type-page","status-publish","hentry","category-termine-nachrichten"],"_links":{"self":[{"href":"https:\/\/www.hsu-hh.de\/bep\/wp-json\/wp\/v2\/pages\/427","targetHints":{"allow":["GET"]}}],"collection":[{"href":"https:\/\/www.hsu-hh.de\/bep\/wp-json\/wp\/v2\/pages"}],"about":[{"href":"https:\/\/www.hsu-hh.de\/bep\/wp-json\/wp\/v2\/types\/page"}],"author":[{"embeddable":true,"href":"https:\/\/www.hsu-hh.de\/bep\/wp-json\/wp\/v2\/users\/96"}],"replies":[{"embeddable":true,"href":"https:\/\/www.hsu-hh.de\/bep\/wp-json\/wp\/v2\/comments?post=427"}],"version-history":[{"count":1,"href":"https:\/\/www.hsu-hh.de\/bep\/wp-json\/wp\/v2\/pages\/427\/revisions"}],"predecessor-version":[{"id":429,"href":"https:\/\/www.hsu-hh.de\/bep\/wp-json\/wp\/v2\/pages\/427\/revisions\/429"}],"wp:attachment":[{"href":"https:\/\/www.hsu-hh.de\/bep\/wp-json\/wp\/v2\/media?parent=427"}],"wp:term":[{"taxonomy":"category","embeddable":true,"href":"https:\/\/www.hsu-hh.de\/bep\/wp-json\/wp\/v2\/categories?post=427"},{"taxonomy":"post_tag","embeddable":true,"href":"https:\/\/www.hsu-hh.de\/bep\/wp-json\/wp\/v2\/tags?post=427"}],"curies":[{"name":"wp","href":"https:\/\/api.w.org\/{rel}","templated":true}]}}