{"id":377,"date":"2020-08-26T22:56:52","date_gmt":"2020-08-26T20:56:52","guid":{"rendered":"https:\/\/www.hsu-hh.de\/bep\/?page_id=377"},"modified":"2020-08-27T16:28:44","modified_gmt":"2020-08-27T14:28:44","slug":"bep4","status":"publish","type":"page","link":"https:\/\/www.hsu-hh.de\/bep\/bep4\/","title":{"rendered":"Bildungs- und Erziehungstheorie sowie philosophische Grundlagen"},"content":{"rendered":"<p>Die Arbeit an der Professur orientiert die Frage nach den M\u00f6glichkeitsbedingungen von Bildungs- und Erziehungsprozessen. Dieser Frage geht sie philosophisch nach \u2013 und das hei\u00dft zun\u00e4chst einmal nicht empirisch, sondern begrifflich. Die P\u00e4dagogik des Begriffs fragt nach der Aktualit\u00e4t etablierter p\u00e4dagogische Grundbegriffe wie Bildung, Erziehung, Sozialisation, Lernen, Entwicklung <abbr title=\"et cetera\">etc.<\/abbr> und ob neue Grundbegriffe wie Angst, Geld, Bewegungsbild n\u00f6tig sind.<\/p>\n<p>Die Forschung zielt auf eine Bildungsprozesstheorie ab, die es erm\u00f6glicht Prozesse als Prozesse zu denken und ber\u00fccksichtigt, dass wir nicht nur sprachlich denken, sondern auch in Bilderstr\u00f6men. Unsere oft noch schlecht formulierten Gegenwartsprobleme \u2013 das Anthropoz\u00e4n, Big Data, Globalisierung sowie die Post- und Transhumanismen \u2013 n\u00f6tigen uns au\u00dferdem zu gr\u00f6\u00dferer Mathematikaffinit\u00e4t.<\/p>\n<p>Zu den Arbeitsschwerpunkten der Professur geh\u00f6ren au\u00dferdem neuere, vor allem franz\u00f6sische Philosophie, \u00e4sthetische Bildung, Theorien popul\u00e4rer Kultur, insbesondere des Films und von Fernsehserien.<\/p>\n<p>&nbsp;<\/p>\n<p>&nbsp;<\/p>\n<p>Mitarbeiter<\/p>\n<p>&nbsp;<\/p>\n<p>Leitung:<\/p>\n<p>Prof. <abbr title=\"Doktor\">Dr.<\/abbr> Olaf Sanders<\/p>\n<p>&nbsp;<\/p>\n<p>Wissenschaftliche Mitarbeiter:<\/p>\n<p><abbr title=\"Doktor\">Dr.<\/abbr> Roger Behrens<\/p>\n<p>Frank Beiler<\/p>\n<p>&nbsp;<\/p>\n<p>Soldatische Hilfskraft:<\/p>\n<p>Christian Bohne<\/p>\n<p>&nbsp;<\/p>\n<p>Sekretariat:<\/p>\n<p>Diana Vo\u00df<\/p>\n<p>&nbsp;<\/p>\n<p>Impressum f\u00fcr die Professur f\u00fcr Erziehungswissenschaft,<br \/>\ninsbesondere Bildungs- und Erziehungstheorie<br \/>\nsowie philosophische Grundlagen<\/p>\n<p>Verantwortlich \/ Herausgeber:<br \/>\nHelmut-Schmidt-Universit\u00e4t \/ Universit\u00e4t der Bundeswehr Hamburg<br \/>\nFakult\u00e4t f\u00fcr Geistes- und Sozialwissenschaften<br \/>\nProf. <abbr title=\"Doktor\">Dr.<\/abbr> Olaf Sanders<br \/>\nHolstenhofweg 85<br \/>\n22043 Hamburg<\/p>\n<p>Telefon: +49 40 6541 2803<br \/>\nE-Mail:\u00a0olaf.sanders@hsu-hh.de<\/p>\n<p>&nbsp;<\/p>\n<p>Redaktion<br \/>\n<abbr title=\"Doktor\">Dr.<\/abbr> Roger Behrens<br \/>\nTelefon: +49 40 6541-2921<br \/>\nE-Mail:\u00a0behrens@hsu-hh.de<\/p>\n","protected":false},"excerpt":{"rendered":"<p>Die Arbeit an der Professur orientiert die Frage nach den M\u00f6glichkeitsbedingungen von Bildungs- und Erziehungsprozessen. Dieser Frage geht sie philosophisch nach \u2013 und das hei\u00dft zun\u00e4chst einmal nicht empirisch, sondern [&hellip;]<\/p>\n","protected":false},"author":96,"featured_media":0,"parent":0,"menu_order":0,"comment_status":"closed","ping_status":"closed","template":"","meta":{"footnotes":""},"categories":[10],"tags":[],"class_list":["post-377","page","type-page","status-publish","hentry","category-ueber"],"_links":{"self":[{"href":"https:\/\/www.hsu-hh.de\/bep\/wp-json\/wp\/v2\/pages\/377","targetHints":{"allow":["GET"]}}],"collection":[{"href":"https:\/\/www.hsu-hh.de\/bep\/wp-json\/wp\/v2\/pages"}],"about":[{"href":"https:\/\/www.hsu-hh.de\/bep\/wp-json\/wp\/v2\/types\/page"}],"author":[{"embeddable":true,"href":"https:\/\/www.hsu-hh.de\/bep\/wp-json\/wp\/v2\/users\/96"}],"replies":[{"embeddable":true,"href":"https:\/\/www.hsu-hh.de\/bep\/wp-json\/wp\/v2\/comments?post=377"}],"version-history":[{"count":2,"href":"https:\/\/www.hsu-hh.de\/bep\/wp-json\/wp\/v2\/pages\/377\/revisions"}],"predecessor-version":[{"id":384,"href":"https:\/\/www.hsu-hh.de\/bep\/wp-json\/wp\/v2\/pages\/377\/revisions\/384"}],"wp:attachment":[{"href":"https:\/\/www.hsu-hh.de\/bep\/wp-json\/wp\/v2\/media?parent=377"}],"wp:term":[{"taxonomy":"category","embeddable":true,"href":"https:\/\/www.hsu-hh.de\/bep\/wp-json\/wp\/v2\/categories?post=377"},{"taxonomy":"post_tag","embeddable":true,"href":"https:\/\/www.hsu-hh.de\/bep\/wp-json\/wp\/v2\/tags?post=377"}],"curies":[{"name":"wp","href":"https:\/\/api.w.org\/{rel}","templated":true}]}}