{"id":219,"date":"2020-08-25T23:34:56","date_gmt":"2020-08-25T21:34:56","guid":{"rendered":"https:\/\/www.hsu-hh.de\/bep\/?page_id=219"},"modified":"2026-03-26T22:12:26","modified_gmt":"2026-03-26T21:12:26","slug":"rb_voe","status":"publish","type":"page","link":"https:\/\/www.hsu-hh.de\/bep\/mitarbeiter\/behrens\/rb_voe\/","title":{"rendered":"Ver\u00f6ffentlichungen"},"content":{"rendered":"<p><em><abbr title=\"Doktor\">Dr.<\/abbr> Roger Behrens<\/em><\/p>\n<p>.<\/p>\n<p><strong>Vortr\u00e4ge, Workshops<\/strong><br \/>\n<em>(Auswahl)<\/em><\/p>\n<ul>\n<li>\u203aDer eindimensionale Mensch\u2039, Gastvortrag im Rahmen des Seminars von Stephan Lessenich: Herbert Marcuse, \u203aDer eindimensionale Mensch\u2039, Institut f\u00fcr Sozialforschung \/ Goethe-Universit\u00e4t Frankfurt, 17. Juli 2025.<\/li>\n<li>\u203aNietzsche, \u00bbNaddel\u00ab und der kritische Universalismus\u2039, Vortrag im Rahmen der Tagung \u00bbKritischer Universalismus\u00ab, Leuphana Universit\u00e4t L\u00fcneburg, 20. Juni 2025.<\/li>\n<li>\u203aDer Kampf um die Zukunft: Elend der Theorie. Krise der Emanzipation. Ende der Utopie\u2039, Vortrag im Rahmen der Reihe \u00bbDie Zukunft der Geschichte\u00ab in Frankfurt am Main (jour fixe initiative frankfurt), 13. Februar 2025.<\/li>\n<li>\u203aPop und Kulturindustrie. Einf\u00fchrende \u00dcberlegungen zur Orientierung\u2039, im Rahmen der Ringvorlesung \u00bbPop-East, ConsumEast, HedonEast: Popul\u00e4rkultur in Osteuropa und Zentralasien\u00ab, Universit\u00e4t Hamburg, 20. November 2024 [<a href=\"https:\/\/lecture2go.uni-hamburg.de\/l2go\/-\/get\/v\/70496\" target=\"_blank\" rel=\"noopener\">Video des Vortrags<\/a>]<\/li>\n<li>Keynote-Panel: \u00bbBildung und Emanzipation\u00ab, zusammen mit Christine Kirchhoff und Barbara Umrath im Rahmen der Tagung \u00bbBildung &amp; Emanzipation\u00ab in Innsbruck (13. bis 16. November 2024), 15. November 2024.<\/li>\n<li>\u00bb60 Jahre \u203aEindimensionaler Mensch\u2039: Ist Marcuse \u00fcberholt, von den Verh\u00e4ltnissen aufgesogen oder welche Aktualit\u00e4t und Sprengkraft birgt der Eindimensionale Mensch noch?\u00ab, mit Rahel Jaeggi, Stephan Lessenich und Roger Behrens, \u00bbSechzig Jahre \u203aEindimensionaler Mensch\u2039: Wie aktuell ist Herbert Marcuses Schl\u00fcsselwerk?\u00ab, Rosa Luxemburg Stiftung Hamburg, 28. Juni 2024.<\/li>\n<li>\u203aNach Foucault, das Elend der Theorie, soziale Amnesie\u2039, Vortrag beim \u00bbFoucault-Workshop\u00ab, Helmut-Schmidt-Universit\u00e4t \/ Universit\u00e4t der Bundeswehr Hamburg, 12. Juni 2024.<\/li>\n<li>\u00bbEin Gespenst geht um in Europa: Der neue Autoritarismus\u00ab, Diskussionspanel mit: Jan Bonny, Marcus Stiglegger, Roger Behrens, Alex Wissel, Elisabeth Bronfen; Moderation: R\u00fcdiger Suchsland, \u203aLichter Filmfest Frankfurt International\u2039, Frankfurt am Main, 17. April 2024.<\/li>\n<li>\u203aEndzeitschleifen, Wachstum der Grenzen. \u00dcberlegungen zur Klima-Revolution ohne revolution\u00e4res Klima\u2039, Vortrag bei der \u00bbFr\u00fchlingsakademie <em>Klima-Revolution?!<\/em>\u00ab, Freiraum, Innovationslabor der Bergischen Universit\u00e4t Wuppertal, 21. bis 23. M\u00e4rz 2024.<\/li>\n<li>\u203aVernunft und Konterrevolution. Dialektische Phantasie, Paralyse der Kritik, Resignation\u2039, Vortrag auf der Konferenz zum Thema \u00bbRadikales Denken im Anthropoz\u00e4n. Dimensionen und Potentiale Kritischer Theorie\u00ab \/ \u00bbRadical Thought in the Anthropocene: Dimensions and Potentials of Critical Theory\u00ab, Universit\u00e4t Graz, 1. bis 3. Juni 2023.<\/li>\n<li>\u203aDas Unverm\u00f6gen der Realit\u00e4t. Kritische Theorie, Kunst, Kulturindustrie\u2039, Vortrag im Rahmen der Ringvorlesung: \u00bbSch\u00f6n sei das Wahre und das Sch\u00f6ne wahr. \u00c4sthetik und Kritik in der gesellschaftlichen Totalit\u00e4t\u00ab, Referat Politische Bildung, Stura \/ <abbr title=\"Technische Universit\u00e4t\">TU<\/abbr> Dresden, 3. Mai 2023.<\/li>\n<li>\u00bbGeist und Begeisterung \u2013 100 Jahre Frankfurter Schule. Zur Zukunft der Kritischen Theorie\u00ab, Diskussionspanel mit: Irene von Alberti, RP Kahl, Roger Behrens, Inga Pollmann, Felix Trautmann, Daniel Moersener; Moderation: R\u00fcdiger Suchsland, \u203aLichter Filmfest Frankfurt International\u2039, Frankfurt am Main, 20. April 2023.<\/li>\n<li>\u203aDon Camillo meets Peppone\u2039, ein Dialog mit Ralf Koerrenz, \u00bbWorld-Cafe\u0301 meets Ga\u0308stebuch\u00ab, Friedrich-Schiller-Universit\u00e4t Jena, 16. und 17. M\u00e4rz 2023.<\/li>\n<li>\u203aEine P\u00e4dagogik der Hoffnung\u2039, Vortrag bei der Tagung: \u00bbUtopie und Widerstand\u00ab \u2013 Ernst Bloch Symposion Salzburg, Universit\u00e4t Salzburg, 8. bis 10. Juni 2022.<\/li>\n<li>\u203aKritische Theorie\u2039, Workshop am Institut f\u00fcr Bildung und Kultur , Friedrich-Schiller-Universit\u00e4t Jena, 28. und 29. November 2021.<\/li>\n<li>\u203aOptimierung versus Spontaneit\u00e4t. Ulrich Sonnemanns \u203aNegative Anthropologie\u2039 in p\u00e4dagogischer Perspektive\u2039, DGfE-Kongress: \u00bbOptimierung\u00ab, Universit\u00e4t zu K\u00f6ln, 15. bis 18. M\u00e4rz 2020 [wegen der Corona-Pandemie wurde der Kongress abgesagt].<\/li>\n<li>\u203aGesellschaft und Subjekt. Marx, kritische Theorie und P\u00e4dagogik\u2039, Workshop in zwei Seminaren (Moritz Krebs, <abbr title=\"Doktor\">Dr.<\/abbr> Daniel Burghardt), Dept. Erziehungs- und Sozialwissenschaften, Lehrbereich Bildungsphilosophie \u2026, Universit\u00e4t zu K\u00f6ln, 4. und 5. Februar 2020.<\/li>\n<li>\u203aAdorno bei Monty Python in der Sesamstra\u00dfe. Epilog zum Fernsehen\u2039, Vortrag bei der Tagung: \u00bbAdorno und die Medien\u00ab, ZKM Karlsruhe 13. [&amp; 14.] Dezember 2019.<\/li>\n<li>\u203a\u00c4sthetik und Befreiung\u2039, Key-Lecture, \u00bbWeitermachen!\u00ab \u2013 Konferenz zum 40. Todestag von Herbert Marcuse, Hannover, 22. Juni 2019.<\/li>\n<li>\u203aDie beweinte Zukunft. Gegenbildung, Kommunismus und Futurologie in der dritten Phase\u2039, Vortrag bei der Tagung: \u00bbHamburger Dispute\u00ab, Helmut-Schmidt-Universit\u00e4t \/ Universit\u00e4t der Bundeswehr Hamburg, 16. [bis 18.] Mai 2019.<\/li>\n<\/ul>\n<p>.<\/p>\n<p>.<\/p>\n<p><strong>Ver\u00f6ffentlichungen<br \/>\n<\/strong><em>(Auswahl)<br \/>\n<\/em>.<\/p>\n<p><strong>Monographien<\/strong><\/p>\n<ul>\n<li>\u203aDie Grundschule des Machbaren. Zur Kritik materialistischer Bildungstheorie und -praxis\u2039, Hamburg (Katzenberg) 2026 [im Erscheinen].<\/li>\n<li>mit Gerhard Schweppenh\u00e4user, \u203aKritische Theorie der Wissenschaft\u2039, Springer VS: Wiesbaden 2026 [im Erscheinen].<\/li>\n<li>\u203aRadikale Koh\u00e4renzen. Versuche zur Kritik der Bildung. Erg\u00e4nzungen zur Grundschule des Machbaren. Notizen zu Subjekt und Situation\u2039, Katzenberg Verlag: Hamburg 2026 [im Erscheinen].<\/li>\n<li>\u203aPostmoderne\u2039, Eva Wissen \u2013 Europ\u00e4ische Verlagsanstalt: Hamburg 2014 (eBook, 2. Auflage: 2008).<\/li>\n<li>\u203aKritische Theorie\u2039, Eva Wissen \u2013 Europ\u00e4ische Verlagsanstalt: Hamburg 2008 (2. Auflage).<\/li>\n<\/ul>\n<p>\u00b7<\/p>\n<p><strong>Als Mitherausgeber<\/strong><\/p>\n<ul>\n<li>mit Lasse Koch, Gustav Mechlenburg, Nora Sdun (Hg.) \u203aK\u00fcnstliche Intelligenz\u2039, Kultur &amp; Gespenster, Textem Verlag: Hamburg 2026 [im Erscheinen].<\/li>\n<li>mit Holger Adam, Jonas Engelmann et al. (Hg.), \u203akrank \u2013 Testcard\u2039 #28, Ventil: Mainz 2026 [im Erscheinen].<\/li>\n<li>mit Holger Adam, Jonas Engelmann et al. (Hg.), \u203aRechtspop \u2013 Testcard\u2039 #27, Ventil: Mainz 2023.<\/li>\n<li>mit Frank Beiler, Olaf Sanders (Hg.), \u203aKrieg in Serie\u2039, Springer VS: Wiesbaden 2023.<\/li>\n<li>mit Frank Beiler, Olaf Sanders (Hg.), \u203aZukunftsthemen der Bildungsphilosophie. Hamburger Dispute 1\u2039, Hamburg 2022.<\/li>\n<\/ul>\n<p>.<\/p>\n<p><strong>Beitr\u00e4ge<\/strong><\/p>\n<ul>\n<li>\u203a\u00dcber die \u00e4sthetisierte Erziehung des Menschen. Spielzeug und Design\u2039, in: Daniel Martin Feige &amp; Gerhard Schweppenh\u00e4user (Hg.), \u203aKritische Theorie des Designs\u2039, Springer VS: Wiesbaden 2026 [im Erscheinen].<\/li>\n<li>\u203a\u00dcbertragungen. Selbstmord, soziale Verh\u00e4ltnisse\u2039, Geleitwort zu: Leon Dutz, \u203aGesellschaft und Selbstmord\u2039, Katzenberg Verlag: Hamburg 2026 [im Erscheinen]<\/li>\n<li>\u203aDiese zwanziger Jahre\u2039, in: \u203aZeitschrift f\u00fcr kritische Theorie\u2039, 31. <abbr title=\"Jahrgang\">Jg.<\/abbr>, Heft 60\/61 \/ 2026, zu Klampen Verlag: Springe 2026 [im Erscheinen].<\/li>\n<li>\u203aAmbivalenz der Angst. Kino der Ambivalenz\u2039, in: \u203aAngst essen Film auf. Texte zur Angst im Kino und zum Kino der Angst\u2039, LICHTER Filmkultur, Frankfurt am Main 2025, S. 18\u201321.<\/li>\n<li>\u203aDas Ende der \u00c4sthetik. Die Kunst und die Linke\u2039, in: \u203aSchweizer Kunst\u2039 \u2013 \u00bbGrenzen der Kunst\u00ab, <abbr title=\"Jahrgang\">Jg.<\/abbr> 126 (2024), S. 58\u201375.<\/li>\n<li>\u203aDie innere Unsicherheit\u2039, in: Thomas Jung &amp; Olaf Sanders (Hg.), \u203aUniversit\u00e4t und milit\u00e4rische Sicherheit. \u00dcber den Streit um die drohende Einrichtung eines milit\u00e4rischen Sicherheitsbereichs an der Helmut-Schmidt-Universit\u00e4t\u2039, Transcript: Bielefeld 2024, S. 195\u2013208.<\/li>\n<li>\u203aViet Nam Diskurs, <em>Magnum, p.i.<\/em>\u2039, in: Roger Behrens, Frank Beiler, Olaf Sanders (Hg.), \u203aKrieg in Serie\u2039, Springer VS: Wiesbaden 2023, S. 109\u2013136.<\/li>\n<li>\u203aKrieg im Fernsehen, die n\u00e4chste Generation. Zu <em>Star Trek<\/em> <abbr title=\"et cetera\">etc.<\/abbr>\u2039, in: Roger Behrens, Frank Beiler, Olaf Sanders (Hg.), \u203aKrieg in Serie\u2039, Springer VS: Wiesbaden 2023, S. 223\u2013282.<\/li>\n<li>\u203aPop &amp; Faschismus. Thesen, Notizen (sieben Kreuze)\u2039, in: Holger Adam, Jonas Engelmann et al. (Hg.), \u203aRechtspop \u2013 Testcard\u2039 #27, Ventil: Mainz 2023, S. 30\u201341.<\/li>\n<li>\u203aP\u00e4dagogik der Hoffnungslosigkeit. Nach dem Ende der Utopie\u2039, in: \u203aVierteljahrsschrift f\u00fcr wissenschaftliche P\u00e4dagogik\u2039, <abbr title=\"Band\">Bd.<\/abbr> 99, Ausgabe 3, September 2023, S. 356\u2013374.<\/li>\n<li>\u203aDie verlorene Zukunft\u2039, in: Roger Behrens, Frank Beiler, Olaf Sanders (Hg.), \u203aZukunftsthemen der Bildungsphilosophie. Hamburger Dispute 1\u2039, Hamburg 2022, S. 47\u2013106.<\/li>\n<li>\u203aDer futurologische Kongress\u2039, in: Roger Behrens, Frank Beiler, Olaf Sanders (Hg.), \u203aZukunftsthemen der Bildungsphilosophie. Hamburger Dispute 1\u2039, Hamburg 2022, S. 248\u2013292.<\/li>\n<li>\u203aDas Schicksal der Sabotage. Zur kritischen Theorie negativer Anthropologie\u2039, in: Tobias Heinze und Martin Mettin (Hg.), \u203a\u00bbDenn das Wahre ist das Ganze nicht \u2026\u00ab Beitr\u00e4ge zur Negativen Anthropologie Ulrich Sonnemanns\u2039, Neofelis: Berlin 2021, S. 51\u201377.<\/li>\n<li>\u203aAuf der Suche nach der verlorenen Zeit \u2013 Bildungswege, Suchbewegungen, verlorene Zeit als verhohlene Geschichte\u2039, in: Christian Rottler, \u203aPROUST ist mein Leben, doch es langweilt mich sehr \u2013 Ursache &amp; Wirkung\u2039, [Selbstverlag, o. J. o. O (2018)], S. 81\u201396.<\/li>\n<li>\u203aDas postmoderne Wissen nach der Postmoderne. Anmerkungen zum Widerspruch von Bildung und Herrschaft, heute\u2039, in: Carsten B\u00fcnger, Olaf Sanders und Sabrina Schenk (Hg.), \u203aBildung und Politik nach dem Sp\u00e4tkapitalismus\u2039, Argument: Hamburg 2018, S. 140\u2013154.<\/li>\n<li>\u203aZur gesellschaftlichen Lage der Musik. Eine Literatur\u2013Rundschau\u2039, in: \u203aZeitschrift f\u00fcr kritische Theorie\u2039, 23. <abbr title=\"Jahrgang\">Jg.<\/abbr>, Heft 44\/45 \/ 2017, zu Klampen Verlag: Springe 2017, S. 264\u2013283.<\/li>\n<li>\u203aUm der Hoffnungslosen willen. Marcuses kritische Theorie der Praxis\u2039, in: Herbert Marcuse, \u203aKapitalismus und Opposition. Vorlesungen zum eindimensionalen Menschen. Paris, Vincennes 1974\u2039, hg. von Lisa Doppler, Peter-Erwin Jansen, Alexander Neupert-Doppler, zu Klampen Verlag: Springe 2017, S. 19\u201340.<\/li>\n<li>\u203aKonterrevolution und Revolte. Notizen zu Gangsta-Rap (deutsch), Diskurs und Vermittlung\u2039, in: Martin Seeliger &amp; Marc Dietrich (Hg.), \u203aDeutscher Gangsta-Rap II. Popkultur als Kampf um Anerkennung und Integration\u2039, transcript Verlag: Bielefeld 2017, S. 287\u2013318.<\/li>\n<li>\u203aIch bin. Erkundungen zur Dialektik im Geist der Utopie\u2039, in: \u203alatenz \u2013 Journal f\u00fcr Philosophie und Gesellschaft, Arbeit und Technik, Kunst und Kultur\u2039, Themenheft: \u203aPolitik und Emotionen in gesellschaftlichen Transformationsprozessen\u2039, Ausgabe 02\/2017, hg. von Irene Scherer und Welf Schr\u00f6ter, Talheimer Verlag: M\u00f6ssingen 2017, S. 71\u201389.<\/li>\n<li>\u203aAufstand im Schlaraffenland. Oder: Subversion als Normativit\u00e4t\u2039, in: Tobias Gerber und Katharina Hausladen (Hg.), \u203aCompared to What? Pop zwischen Normativit\u00e4t und Subversion\u2039, Turia + Kant: Wien 2017, S. 18\u201335.<\/li>\n<li>\u203aReformh\u00f6lle. Reformation und Gegenwartskultur\u2039, in: \u203aZeitschrift f\u00fcr P\u00e4dagogik und Theologie\u2039, \u203aThemenheft Reformation\u2039, Band 68, Heft 4 \/ 2016, de Gruyter Verlag: Berlin \/ Boston 2016, 486\u2013496.<\/li>\n<\/ul>\n<p><em>[Auswahl, wird fortgesetzt \u2026]<\/em><\/p>\n","protected":false},"excerpt":{"rendered":"<p>Dr. Roger Behrens . Vortr\u00e4ge, Workshops (Auswahl) \u203aDer eindimensionale Mensch\u2039, Gastvortrag im Rahmen des Seminars von Stephan Lessenich: Herbert Marcuse, \u203aDer eindimensionale Mensch\u2039, Institut f\u00fcr Sozialforschung \/ Goethe-Universit\u00e4t Frankfurt, 17. [&hellip;]<\/p>\n","protected":false},"author":96,"featured_media":0,"parent":166,"menu_order":0,"comment_status":"closed","ping_status":"closed","template":"","meta":{"footnotes":""},"categories":[8],"tags":[],"class_list":["post-219","page","type-page","status-publish","hentry","category-team"],"_links":{"self":[{"href":"https:\/\/www.hsu-hh.de\/bep\/wp-json\/wp\/v2\/pages\/219","targetHints":{"allow":["GET"]}}],"collection":[{"href":"https:\/\/www.hsu-hh.de\/bep\/wp-json\/wp\/v2\/pages"}],"about":[{"href":"https:\/\/www.hsu-hh.de\/bep\/wp-json\/wp\/v2\/types\/page"}],"author":[{"embeddable":true,"href":"https:\/\/www.hsu-hh.de\/bep\/wp-json\/wp\/v2\/users\/96"}],"replies":[{"embeddable":true,"href":"https:\/\/www.hsu-hh.de\/bep\/wp-json\/wp\/v2\/comments?post=219"}],"version-history":[{"count":43,"href":"https:\/\/www.hsu-hh.de\/bep\/wp-json\/wp\/v2\/pages\/219\/revisions"}],"predecessor-version":[{"id":1430,"href":"https:\/\/www.hsu-hh.de\/bep\/wp-json\/wp\/v2\/pages\/219\/revisions\/1430"}],"up":[{"embeddable":true,"href":"https:\/\/www.hsu-hh.de\/bep\/wp-json\/wp\/v2\/pages\/166"}],"wp:attachment":[{"href":"https:\/\/www.hsu-hh.de\/bep\/wp-json\/wp\/v2\/media?parent=219"}],"wp:term":[{"taxonomy":"category","embeddable":true,"href":"https:\/\/www.hsu-hh.de\/bep\/wp-json\/wp\/v2\/categories?post=219"},{"taxonomy":"post_tag","embeddable":true,"href":"https:\/\/www.hsu-hh.de\/bep\/wp-json\/wp\/v2\/tags?post=219"}],"curies":[{"name":"wp","href":"https:\/\/api.w.org\/{rel}","templated":true}]}}