{"id":216,"date":"2020-08-25T23:33:18","date_gmt":"2020-08-25T21:33:18","guid":{"rendered":"https:\/\/www.hsu-hh.de\/bep\/?page_id=216"},"modified":"2025-09-30T12:01:15","modified_gmt":"2025-09-30T10:01:15","slug":"rb_seminare","status":"publish","type":"page","link":"https:\/\/www.hsu-hh.de\/bep\/mitarbeiter\/behrens\/rb_seminare\/","title":{"rendered":"Seminare"},"content":{"rendered":"<p><em><abbr title=\"Doktor\">Dr.<\/abbr> Roger Behrens<\/em><\/p>\n<p>\u00b7<\/p>\n<p><strong>Seminare im Studienjahr 2017 \/ 2018<\/strong><\/p>\n<p><abbr title=\"Herbsttrimester\">HT<\/abbr> 2017:<br \/>\u2022 Bildung \u2013 Emanzipation \u2013 Sittlichkeit. P\u00e4dagogik in geschichtlicher Verantwortung.<br \/><abbr title=\"Wintertrimester\">WT<\/abbr> 2018:<br \/>\u2022 Pop, Kultur und Bildung.<br \/><abbr title=\"Fr\u00fchjahrstrimester\">FT<\/abbr> 2018:<br \/>\u2022 Bildung und Kultur nach der Moderne.<\/p>\n<p><strong>Seminare im Studienjahr 2018 \/ 2019<\/strong><\/p>\n<p><abbr title=\"Herbsttrimester\">HT<\/abbr> 2018:<br \/>\u2022 Spielen Lernen Arbeiten. Grundbegriffe der Bildungsphilosophie.<br \/>\u2022\u00a0Zur Freiheit verurteilt. Eine Einf\u00fchrung in den Existentialismus<br \/><abbr title=\"Wintertrimester\">WT<\/abbr> 2019:<br \/>\u2022 Theorien der Erziehungswissenschaft im Kontext der Bildungsforschung (Vorlesung)<br \/>\u2022 Theorie der Halbbildung. Kulturindustrie und P\u00e4dagogik<br \/><abbr title=\"Fr\u00fchjahrstrimester\">FT<\/abbr> 2019:<br \/>\u2022 Medien, Technik und Gesellschaft. Bildung im digitalen Zeitalter<br \/>\u2022 Bild, Bildung und Gestaltung. Die \u00e4sthetische Erziehung des Menschen im Zeitalter des Designs<\/p>\n<p><strong>Seminare im Studienjahr 2019 \/ 2020<\/strong><\/p>\n<p><abbr title=\"Herbsttrimester\">HT<\/abbr> 2019:<br \/>\u2022 Subjekt und Situation. Die eigene Geschichte als Bildungsprozess<br \/><abbr title=\"Fr\u00fchjahrstrimester\">FT<\/abbr> 2020:<br \/>\u2022 Das Kapital im 21. Jahrhundert lesen? Historische Grundlagen und aktuelle Probleme einer materialistischen Erziehungswissenschaft<\/p>\n<p><strong>Seminare im Studienjahr 2020 \/ 2021<\/strong><\/p>\n<p><abbr title=\"Herbsttrimester\">HT<\/abbr> 2020:<br \/>\u2022 Kritische Theorie der Gesellschaft, Bildungsphilosophie und p\u00e4dagogische Praxis<br \/><abbr title=\"Wintertrimester\">WT<\/abbr> 2021:<br \/>\u2022 P\u00e4dagogik, \u00c4sthetik und Alltagskultur (Cultural Studies)<br \/>\u2022 Bildungswiderst\u00e4nde. Psychoanalyse und P\u00e4dagogik<br \/><abbr title=\"Fr\u00fchjahrstrimester\">FT<\/abbr> 2021:<br \/>\u2022 Sozial- und kulturphilosophische Grundlagen der P\u00e4dagogik<br \/>\u2022 \u00bbDas richtige oder vielmehr das falsche Leben\u00ab \u2013 Probleme der Moralphilosophie, heute<\/p>\n<p><strong>Seminare im Studienjahr 2021 \/ 2022<\/strong><\/p>\n<p><abbr title=\"Herbsttrimester\">HT<\/abbr> 2021:<br \/>\u2022 Zur Kritik der p\u00e4dagogischen Vernunft<br \/><abbr title=\"Wintertrimester\">WT<\/abbr> 2022:<br \/>\u2022 Theorien der Erziehungswissenschaft. Einf\u00fchrung in die Grundlagen der Erziehungswissenschaft (Vorlesung)<br \/><abbr title=\"Fr\u00fchjahrstrimester\">FT<\/abbr> 2022:<br \/>\u2022 Wie wir leben wollen (Pop und Bildung)<br \/>\u2022 Kinder \u2013 Spielen \u2013 Bildung<\/p>\n<p><strong>Seminare im Studienjahr 2022 \/ 2023<\/strong><\/p>\n<p><abbr title=\"Herbsttrimester\">HT<\/abbr> 2022:<br \/>\u2022 Der Status der Erziehungswissenschaft \u2013 R\u00fcckblick und Aussicht <br \/><abbr title=\"Wintertrimester\">WT<\/abbr> 2023:<br \/>\u2022 Erziehungswissenschaft\u00a0wozu?<\/p>\n<p><strong>Seminare im Studienjahr 2023 \/ 2024<\/strong><\/p>\n<p><abbr title=\"Herbsttrimester\">HT<\/abbr> 2023:<br \/>\u2022 Die P\u00e4dagogik der Zukunft und die Zukunft der P\u00e4dagogik<br \/><abbr title=\"Wintertrimester\">WT<\/abbr> 2024:<br \/>\u2022 Kritik und Krise der Erziehungswissenschaft. Eine Einf\u00fchrung<\/p>\n<p><strong>Seminare im Studienjahr 2024 \/ 2025<\/strong><\/p>\n<p><abbr title=\"Herbsttrimester\">HT<\/abbr> 2024:<br \/>\u2022 Bildung und Gesellschaft \u2013 Erziehungswissenschaft als Sozialforschung. Eine Einf\u00fchrung<br \/><abbr title=\"Wintertrimester\">WT<\/abbr> 2025:<br \/>\u2022 M\u00f6glichkeiten und Unm\u00f6glichkeiten der P\u00e4dagogik. Eine Einf\u00fchrung in die Erziehungswissenschaft<br \/>\u2022 Dialektik der Aufkl\u00e4rung (zur Theorie der Halbbildung)<br \/>\u2022 Medien, Kultur, Bildung, Kunst, \u00c4sthetik, Politik, Gesellschaft <abbr title=\"et cetera\">etc.<\/abbr> <br \/>\u00a0\u00a0 (P\u00e4dagogische und nichtp\u00e4dagogische) Diskurse der Erziehungswissenschaft<br \/><abbr title=\"Fr\u00fchjahrstrimester\">FT<\/abbr> 2025:<br \/>\u2022 Der eindimensionale Mensch (Vernunft und Revolution) <br \/>\u2022 Geistes- und sozialwissenschaftliche Forschungsfragen in der Erziehungswissenschaft: Kritik der Bildung<\/p>\n<p><strong>Seminare im Studienjahr 2025 \/ 2026<\/strong><\/p>\n<p><abbr title=\"Herbsttrimester\">HT<\/abbr> 2025:<br \/>\u2022 \u00bbPers\u00f6nlichkeitsbildung\u00ab \u2013 Erziehung und Emanzipation. Eine Einf\u00fchrung<br \/><abbr title=\"Wintertrimester\">WT<\/abbr> 2026:<br \/>\u2022 Wirklichkeit aus zweiter Hand. Spielzeug und Bildung<br \/>\u2022 Widerspr\u00fcche der Bildungstheorie. Machtanalyse versus Herrschaftskritik<\/p>\n\n\n<p><\/p>\n","protected":false},"excerpt":{"rendered":"<p>Dr. Roger Behrens \u00b7 Seminare im Studienjahr 2017 \/ 2018 HT 2017:\u2022 Bildung \u2013 Emanzipation \u2013 Sittlichkeit. P\u00e4dagogik in geschichtlicher Verantwortung.WT 2018:\u2022 Pop, Kultur und Bildung.FT 2018:\u2022 Bildung und Kultur [&hellip;]<\/p>\n","protected":false},"author":96,"featured_media":0,"parent":166,"menu_order":0,"comment_status":"closed","ping_status":"closed","template":"","meta":{"footnotes":""},"categories":[6,8],"tags":[],"class_list":["post-216","page","type-page","status-publish","hentry","category-lehre","category-team"],"_links":{"self":[{"href":"https:\/\/www.hsu-hh.de\/bep\/wp-json\/wp\/v2\/pages\/216","targetHints":{"allow":["GET"]}}],"collection":[{"href":"https:\/\/www.hsu-hh.de\/bep\/wp-json\/wp\/v2\/pages"}],"about":[{"href":"https:\/\/www.hsu-hh.de\/bep\/wp-json\/wp\/v2\/types\/page"}],"author":[{"embeddable":true,"href":"https:\/\/www.hsu-hh.de\/bep\/wp-json\/wp\/v2\/users\/96"}],"replies":[{"embeddable":true,"href":"https:\/\/www.hsu-hh.de\/bep\/wp-json\/wp\/v2\/comments?post=216"}],"version-history":[{"count":22,"href":"https:\/\/www.hsu-hh.de\/bep\/wp-json\/wp\/v2\/pages\/216\/revisions"}],"predecessor-version":[{"id":1404,"href":"https:\/\/www.hsu-hh.de\/bep\/wp-json\/wp\/v2\/pages\/216\/revisions\/1404"}],"up":[{"embeddable":true,"href":"https:\/\/www.hsu-hh.de\/bep\/wp-json\/wp\/v2\/pages\/166"}],"wp:attachment":[{"href":"https:\/\/www.hsu-hh.de\/bep\/wp-json\/wp\/v2\/media?parent=216"}],"wp:term":[{"taxonomy":"category","embeddable":true,"href":"https:\/\/www.hsu-hh.de\/bep\/wp-json\/wp\/v2\/categories?post=216"},{"taxonomy":"post_tag","embeddable":true,"href":"https:\/\/www.hsu-hh.de\/bep\/wp-json\/wp\/v2\/tags?post=216"}],"curies":[{"name":"wp","href":"https:\/\/api.w.org\/{rel}","templated":true}]}}