{"id":169,"date":"2020-08-25T17:19:23","date_gmt":"2020-08-25T15:19:23","guid":{"rendered":"https:\/\/www.hsu-hh.de\/bep\/?page_id=169"},"modified":"2024-01-29T23:49:04","modified_gmt":"2024-01-29T22:49:04","slug":"beiler","status":"publish","type":"page","link":"https:\/\/www.hsu-hh.de\/bep\/mitarbeiter\/beiler\/","title":{"rendered":"Dr. Frank Beiler"},"content":{"rendered":"<div class=\"background-grey\"><\/div>\n<div class=\"background-grey\">\n<p><img loading=\"lazy\" decoding=\"async\" class=\"size-medium alignnone\" src=\"https:\/\/www.hsu-hh.de\/bep\/wp-content\/uploads\/sites\/846\/2020\/08\/beiler-215x300.jpeg\" width=\"215\" height=\"300\" \/><\/p>\n<\/div>\n<hr \/>\n<p><strong>Kurzvita<\/strong><br \/>\n<em>seit Okt 2019<\/em><br \/>\nPostdoc an der Professur f\u00fcr Erziehungswissenschaft, insbesondere Bildungs- und Erziehungstheorie sowie philosophische Grundlagen an der Helmut-Schmidt-Universit\u00e4t \/ Universit\u00e4t der Bundeswehr Hamburg.<\/p>\n<p><em>2019<\/em><br \/>\nVerteidigung der Dissertation<\/p>\n<p><em>2016 \u2013 2019<\/em><br \/>\nHelmut-Schmit-Universit\u00e4t \/ Universit\u00e4t der Bundeswehr Hamburg,\u00a0Wissenschaftlicher Mitarbeiter an der\u00a0Professur f\u00fcr Erziehungswissenschaft, insbesondere Bildungs- und Erziehungstheorie sowie philosophische Grundlagen.<\/p>\n<p><em>2013 \u2013 2016<\/em><br \/>\nTechnische Universit\u00e4t Dresden, Wissenschaftlicher Mitarbeiter\u00a0an der Professur f\u00fcr Systematische Erziehungswissenschaft.<\/p>\n<p><em>2011 \u2013 2013<\/em><br \/>\nP\u00e4dagogischer Mitarbeiter an der Gemeinschaftsgrundschule An St. Theresia in K\u00f6ln-Buchheim.<\/p>\n<p><em>2008 \u2013 2012<\/em><br \/>\nUniversit\u00e4t zu K\u00f6ln, 1. Staatsexamen f\u00fcr Gesamtschulen und Gymnasien f\u00fcr die F\u00e4cher Geographie und Philosophie.<\/p>\n<p><em>2010 \u2013 2011<\/em><br \/>\nUniversit\u00e4t zu K\u00f6ln, Wissenschaftliche Hilfskraft am\u00a0Institut f\u00fcr Bildungsphilosophie, Anthropologie und\u00a0P\u00e4dagogik der Lebensspanne.<\/p>\n<p><em>2009 \u2013 2010<\/em><br \/>\nErwerb der Abiturerg\u00e4nzungspr\u00fcfung: Latinum.<\/p>\n<p><em>2004 \u2013 2008<\/em><br \/>\nUniversit\u00e4t zu K\u00f6ln, 1. Staatsexamen f\u00fcr Haupt- und Realschulen f\u00fcr die F\u00e4cher Geographie und Philosophie.<\/p>\n<p><strong>Arbeitsgebiete<\/strong><\/p>\n<ul>\n<li>Bildungsprozesstheorien, Arbeit am Begriff der Empirie, <abbr title=\"insbesondere\">insb.<\/abbr> Kartografie<\/li>\n<li>\u00c4sthetische und politische Bildung<\/li>\n<li>Popul\u00e4re Kultur, Filme und Serien<\/li>\n<li>Poststrukturalismus, Gegenwartsphilosophie<\/li>\n<\/ul>\n<p><strong>Promotion<\/strong><br \/>\nEine andere Kartografie. Suchbewegungen zu einer Kollektivpraxis mit Fernand Deligny<\/p>\n<p><strong>Ver\u00f6ffentlichungen<\/strong><\/p>\n<p><strong>Monographien<\/strong><\/p>\n<p>Beiler, Frank \/ Jung, Thomas \/ Sanders, Olaf \/ Thomas, Phillipp: Kleine Theorie der Unbedingten Schule. Katzenberg Verlag. Hamburg 2014<\/p>\n<p><strong>Herausgeberschaften<\/strong><\/p>\n<p>Dietrich, Cornelie \/ Uhlendorf, Niels \/\u00a0Beiler, Frank \/ Sanders, Olaf: Anthropologien der Sorge im P\u00e4dagogischen. Beltz. Weinheim 2020<\/p>\n<p>Behrens, Roger \/ Beiler, Frank: Krieg in Serie. Zur Serialit\u00e4t von Kriegsfernsehserien. [https:\/\/web.hsu-hh.de\/fak\/geiso\/fach\/pae-bsp\/archiv\/tagung-krieg-serien\/image\/image_view_fullscreen]. VS Springer Verlag. Wiesbaden 2020 i.V.<\/p>\n<p>Behrens, Roger \/ Beiler, Frank \/ Sanders, Olaf:\u00a0Zukunftsthemen der Bildungsphilosophie. Hamburger Dispute 2019 \/ Wittenberger Gespr\u00e4che. Hamburg 2020 i.V.<\/p>\n<p><strong>Beitr\u00e4ge in Handb\u00fcchern<\/strong><\/p>\n<p>Beiler, Frank: Filmbildung. In: Geimer, Alexander \/ Heinze, Carsten \/ Winter, Rainer (<abbr title=\"Herausgeber\">Hrsg.<\/abbr>): Handbuch Filmsoziologie. Springer VS. DOI:\u00a0https:\/\/doi.org\/10.1007\/978-3-658-10947-9_79-1,\u00a02019, S. 1\u201322<\/p>\n<p>mit Sanders, Olaf: Virtuelle P\u00e4dagogik: Orte virtueller Fort- und Weiterbildung. In: Rieger, Stefan \/ Kasprowicz, David (<abbr title=\"Herausgeber\">Hrsg.<\/abbr>): Handbuch Virtualit\u00e4t. Springer VS. DOI:\u00a010.1007\/978-3-658-16358-7_32-1,\u00a02018, S. 1\u201319<\/p>\n<p>mit Sanders, Olaf: Filmsoziologie und Poststrukturalismus. In: Geimer, Alexander \/ Heinze, Carsten \/ Winter, Rainer (<abbr title=\"Herausgeber\">Hrsg.<\/abbr>): Handbuch Filmsoziologie. Springer VS.\u00a0DOI: 10.1007\/978-3-658-10947-9_20-1, 2018,\u00a0S. 1\u201317<\/p>\n<p><strong>Beitr\u00e4ge in Sammelb\u00e4nden<\/strong><\/p>\n<p>Beiler, Frank: Die Klimakrise, billige Bildung und deep adapdation. In:\u00a0Beiler, Frank:\u00a0Zukunftsthemen der Bildungsphilosophie. Hamburger Dispute 2019 \/ Wittenberger Gespr\u00e4che. Hamburg 2020 i.V.<\/p>\n<p>Beiler, Frank: Ein \u00f6kologisches Leben leben. Suchbewegungen zu einer Postwachstumsgesellschaft. In: Wulf, Christoph \/ Mersch, Dieter \/ Senkbeil, Thomas \/ Bilgi, Oktay: Der Mensch als Faktizit\u00e4t. i.V.<\/p>\n<p>Beiler, Frank: Tote Theorie. \u00dcberlegungen zur Logik der Repr\u00e4sentation. In: Karcher, Martin \/ R\u00f6del, Sales: Lebendige Theorie. Hamburg, Berlin 2020. i.A.<\/p>\n<p>Beiler, Frank: Fernand Deligny und die Kartografie in den Cevennen \u2013 Ein Weg zu einer \u00e4sthetischen Empirie. In:\u00a0Fischer, Diana \/ Jergus, Kerstin \/ Puhr, Kirsten \/ Wrana, Daniel (<abbr title=\"Herausgeber\">Hrsg.<\/abbr>):\u00a0\u201aTheoretische Empirie\u2018 \u2013 Erkenntnisproduktion zwischen Theoriebildung und empirischen Praxen Wittenberger Gespr\u00e4che VII, 2020, i.D.<\/p>\n<p>Beiler, Frank: Kartografie in den Cevennen \u2013 Zu einer kartografischen Praxis und deren Verbindungen zu einer Form der Kollektiv-Sorge. In: Dietrich, Cornelie \/ Uhlendorf, Niels \/ Beiler, Frank \/ Sanders, Olaf (<abbr title=\"Herausgeber\">Hrsg.<\/abbr>): Anthropologien der Sorge im P\u00e4dagogischen. Beltz. Weinheim 2020, S. 263\u2013278<\/p>\n<p>Beiler, Frank: Vom repr\u00e4sentativen zum \u00e4sthetischen Regime \u2013 F\u00fcr eine andere Empirie. In: Mayer, Ralf \/ Sch\u00e4fer, Alfred \/ Steffen, Wittig (<abbr title=\"Herausgeber\">Hrsg.<\/abbr>): \u00a0Jacques Ranci\u00e8re: P\u00e4dagogische Lekt\u00fcren. Springer VS. DOI: 978-3-658-24783-6_4,\u00a02019, S. 91\u2013111.<\/p>\n<p>mit Kolorz, Jan-Nikolai: Stillness is the move \u2013 Politische Revolution, \u00e4sthetische Revolution, keine Revolution: Jacques Ranci\u00e8re und der Film\u00a0Spring Breakers. In: B\u00fcnger, Carsten \/ Sanders, Olaf \/ Schenk, Sabrina (<abbr title=\"Herausgeber\">Hrsg.<\/abbr>): Bildung und Politik nach dem Sp\u00e4tkapitalismus. Argument Verlag. 2018, S. 183\u2013211.<\/p>\n<p><strong>Vortr\u00e4ge<\/strong><\/p>\n<p>Tote Theorie: Skizze zur \u201aKrise der Repr\u00e4sentation\u2019 und anderen Krisen. Gehalten auf der Tagung\u00a0\u201eLebendige Theorie\u201c,\u00a0Arbeitstagung 04.\u201305. Oktober 2019 Hamburg &amp; 17.\u201318. Januar 2020 Berlin, Helmut-Schmidt-Universit\u00e4t, Universit\u00e4t der Bundeswehr Hamburg,\u00a0Humboldt-Universit\u00e4t zu Berlin<\/p>\n<p>Kartografie in den Cevennen \u2013 Wege zu einer Form der Kollektiv-Sorge. Gehalten auf der Tagung\u00a0\u201eAnthropologie der Sorge\u201c,\u00a0Herbsttagung der Kommission P\u00e4dagogische Anthropologie 2018, Sektion Allgemeine Erziehungswissenschaft, DGfE,\u00a0Helmut-Schmidt-Universit\u00e4t Hamburg<\/p>\n<p>Kartografie(n) \u2013 Wege zu einer \u00e4sthetischen Empirie. Gehalten auf der Tagung \u201e\u201aTheoretische Empirie\u2019 \u2013 Erkenntnisproduktion zwischen Theoriebildung und empirischen Praxen\u201c, Wittenberger Gespr\u00e4che 2018, Leucorea Wittenberg<\/p>\n<p>Zum \u201eVerlust von Gegenwart\u201c und einer Verschiebung des Kritikbegriffs. Gehalten auf dem Symposium \u201eZur Kritik von Bildung und Zeit in der europ\u00e4ischen Moderne\u201c, SGBF Kongress 2017, Universit\u00e9 de Fribourg, Schweiz<\/p>\n<p>\u201cIt\u2019s all in the game.\u201d Zu Serialit\u00e4t und \u00c4sthetik in The Wire.\u00a0Gehalten auf der Tagung &#8222;WEITERSEHEN&#8220; \u2013 Interdisziplin\u00e4re Perspektiven Dresdner Serienforschung 2014, Technische Universit\u00e4t Dresden<\/p>\n<p><strong>Rezensionen und Open Access Ver\u00f6ffentlichungen<\/strong><\/p>\n<p>Burckhardt, Martin: Philosophie der Maschine. In: Widerspruch. M\u00fcnchner Zeitschrift f\u00fcr Philosophie. Heft 67. 2019, S. 141\u2013143<\/p>\n<p>Nancy, Jean-Luc: Was tun? In: Widerspruch. M\u00fcnchner Zeitschrift f\u00fcr Philosophie. Heft 64. 2017, S. 133\u2013134.<\/p>\n<p>Beiler, Frank: Vom Verlust der Gegenwart und einer Verschiebung. Eine bildungsphilosophische Herangehensweise an Ph\u00e4nomene des digitalen Wandels. In: Beiler, Frank \/ Forster, Edgar \/ G\u00f6dl, Doris \/ Scherrer, Madeleine: Zeitkonzepte in der aktuellen Bildungsdiskussion. Open Access:\u00a0http:\/\/doc.rero.ch\/record\/304993\u00a0r\u00e9ro doc. Digitale Bibliothek. 2017<\/p>\n<p>Bookchin,\u00a0Murray: Die n\u00e4chste Revolution. In: Widerspruch. M\u00fcnchner Zeitschrift f\u00fcr Philosophie. Heft 62. 2016, S. 115\u2013116.<\/p>\n<p>Ranci\u00e8re, Jacques: Die Lektion Althussers. In: Widerspruch. M\u00fcnchner Zeitschrift f\u00fcr Philosophie. Heft 60. 2016, S. 139\u2013141.<\/p>\n","protected":false},"excerpt":{"rendered":"<p>Kurzvita seit Okt 2019 Postdoc an der Professur f\u00fcr Erziehungswissenschaft, insbesondere Bildungs- und Erziehungstheorie sowie philosophische Grundlagen an der Helmut-Schmidt-Universit\u00e4t \/ Universit\u00e4t der Bundeswehr Hamburg. 2019 Verteidigung der Dissertation 2016 [&hellip;]<\/p>\n","protected":false},"author":96,"featured_media":222,"parent":106,"menu_order":0,"comment_status":"closed","ping_status":"closed","template":"","meta":{"footnotes":""},"categories":[8],"tags":[],"class_list":["post-169","page","type-page","status-publish","has-post-thumbnail","hentry","category-team"],"_links":{"self":[{"href":"https:\/\/www.hsu-hh.de\/bep\/wp-json\/wp\/v2\/pages\/169","targetHints":{"allow":["GET"]}}],"collection":[{"href":"https:\/\/www.hsu-hh.de\/bep\/wp-json\/wp\/v2\/pages"}],"about":[{"href":"https:\/\/www.hsu-hh.de\/bep\/wp-json\/wp\/v2\/types\/page"}],"author":[{"embeddable":true,"href":"https:\/\/www.hsu-hh.de\/bep\/wp-json\/wp\/v2\/users\/96"}],"replies":[{"embeddable":true,"href":"https:\/\/www.hsu-hh.de\/bep\/wp-json\/wp\/v2\/comments?post=169"}],"version-history":[{"count":11,"href":"https:\/\/www.hsu-hh.de\/bep\/wp-json\/wp\/v2\/pages\/169\/revisions"}],"predecessor-version":[{"id":1218,"href":"https:\/\/www.hsu-hh.de\/bep\/wp-json\/wp\/v2\/pages\/169\/revisions\/1218"}],"up":[{"embeddable":true,"href":"https:\/\/www.hsu-hh.de\/bep\/wp-json\/wp\/v2\/pages\/106"}],"wp:featuredmedia":[{"embeddable":true,"href":"https:\/\/www.hsu-hh.de\/bep\/wp-json\/wp\/v2\/media\/222"}],"wp:attachment":[{"href":"https:\/\/www.hsu-hh.de\/bep\/wp-json\/wp\/v2\/media?parent=169"}],"wp:term":[{"taxonomy":"category","embeddable":true,"href":"https:\/\/www.hsu-hh.de\/bep\/wp-json\/wp\/v2\/categories?post=169"},{"taxonomy":"post_tag","embeddable":true,"href":"https:\/\/www.hsu-hh.de\/bep\/wp-json\/wp\/v2\/tags?post=169"}],"curies":[{"name":"wp","href":"https:\/\/api.w.org\/{rel}","templated":true}]}}