{"id":163,"date":"2020-08-25T17:17:50","date_gmt":"2020-08-25T15:17:50","guid":{"rendered":"https:\/\/www.hsu-hh.de\/bep\/?page_id=163"},"modified":"2022-11-14T17:01:40","modified_gmt":"2022-11-14T16:01:40","slug":"sanders","status":"publish","type":"page","link":"https:\/\/www.hsu-hh.de\/bep\/mitarbeiter\/sanders\/","title":{"rendered":"Prof. Dr. Olaf Sanders"},"content":{"rendered":"<div class=\"background-grey\">\n<p><em><img loading=\"lazy\" decoding=\"async\" class=\"size-medium alignright\" src=\"https:\/\/www.hsu-hh.de\/bep\/wp-content\/uploads\/sites\/846\/2020\/08\/sanders-225x300.jpeg\" width=\"225\" height=\"300\" \/>E-Mail-Adresse:<\/em><br \/>\n<a href=\"mailto:olaf.sanders@hsu-hh.de\" rel='nofollow'>olaf.sanders@hsu-hh.de<\/a><\/p>\n<p><em>Postanschrift:<\/em><br \/>\nPostfach 700822,<br \/>\n22008 Hamburg<\/p>\n<p><em>Telefonnummer:<\/em><br \/>\n+49 40 6541 2803<\/p>\n<p><em>Besuchsadresse:<\/em><br \/>\nHolstenhofweg 85,<br \/>\n22043 Hamburg<\/p>\n<p>Geb\u00e4ude\u00a0H4,<br \/>\nRaum 107<\/p>\n<p><em>Sprechzeit:<\/em><br \/>\nnach Vereinbarung<\/p>\n<\/div>\n<hr \/>\n<h3><strong>Kurzvita<\/strong><\/h3>\n<p><em>seit September 2016<\/em><br \/>\nProfessor f\u00fcr Erziehungswissenschaft, insbesondere Bildungs- und Erziehungstheorie sowie philosophische Grundlagen an der\u00a0Helmut-Schmit-Universit\u00e4t \/ Universit\u00e4t der Bundeswehr Hamburg.<\/p>\n<p><em>2013 \u2013 2016<\/em><br \/>\nProfessor f\u00fcr Systematische Erziehungswissenschaft an der <abbr title=\"Technische Universit\u00e4t\">TU<\/abbr> Dresden.<\/p>\n<p><em>2012 \u2013 2013<\/em><br \/>\nVertreter der Professur f\u00fcr Allgemeine P\u00e4dagogik an der Eberhard Karls Universit\u00e4t T\u00fcbingen<\/p>\n<p><em>2010<\/em><br \/>\nHabilitation im Fach Erziehungswissenschaft mit einer Arbeit \u00fcber Deleuzes P\u00e4dagogiken an der Universit\u00e4t zu K\u00f6ln<\/p>\n<p><em>2004 \u2013 2012<\/em><br \/>\nLecturer (Studienrat im Hochschuldienst) an der Universit\u00e4t zu K\u00f6ln<\/p>\n<p><em>1999 \u2013 2004<\/em><br \/>\nWissenschaftlicher Assistent an der Universit\u00e4t Hamburg<\/p>\n<p><em>1998<\/em><br \/>\nPromotion im Fach Erziehungswissenschaft mit einer Arbeit \u00fcber Romantik, Zerst\u00f6rung und Pop an der Universit\u00e4t Hamburg<\/p>\n<p><em>1988 \u2013 1996<\/em><br \/>\nStudium der Erziehungswissenschaft, Philosophie und Soziologie an der Universit\u00e4t Hamburg<\/p>\n<h3>Arbeitsgebiete<\/h3>\n<p>Theorien der Bildung und popul\u00e4rer Kultur, insbesondere des Films und von Fernsehserien. \u00c4sthetische Bildung und neuere, vor allem franz\u00f6sische Philosophie.<\/p>\n<p>Unbedingte Schule. \u2013 Konzept als PDF: <a href=\"https:\/\/www.hsu-hh.de\/bep\/wp-content\/uploads\/sites\/846\/2020\/08\/Konzept_Unbedingte_Schule_150202.pdf\">hier<\/a>.<\/p>\n<h3>Promotionen<\/h3>\n<p>Abgeschlossene und laufende Promotionsverfahren: <a href=\"https:\/\/www.hsu-hh.de\/bep\/promotionen\/\">hier<\/a>.<\/p>\n<p>Habilitationsprojekte an der Professur: <a href=\"https:\/\/www.hsu-hh.de\/bep\/forschung\/\">hier<\/a>.<\/p>\n","protected":false},"excerpt":{"rendered":"<p>E-Mail-Adresse: olaf.sanders@hsu-hh.de Postanschrift: Postfach 700822, 22008 Hamburg Telefonnummer: +49 40 6541 2803 Besuchsadresse: Holstenhofweg 85, 22043 Hamburg Geb\u00e4ude\u00a0H4, Raum 107 Sprechzeit: nach Vereinbarung Kurzvita seit September 2016 Professor f\u00fcr Erziehungswissenschaft, [&hellip;]<\/p>\n","protected":false},"author":96,"featured_media":198,"parent":106,"menu_order":0,"comment_status":"closed","ping_status":"closed","template":"","meta":{"footnotes":""},"categories":[8],"tags":[],"class_list":["post-163","page","type-page","status-publish","has-post-thumbnail","hentry","category-team"],"_links":{"self":[{"href":"https:\/\/www.hsu-hh.de\/bep\/wp-json\/wp\/v2\/pages\/163","targetHints":{"allow":["GET"]}}],"collection":[{"href":"https:\/\/www.hsu-hh.de\/bep\/wp-json\/wp\/v2\/pages"}],"about":[{"href":"https:\/\/www.hsu-hh.de\/bep\/wp-json\/wp\/v2\/types\/page"}],"author":[{"embeddable":true,"href":"https:\/\/www.hsu-hh.de\/bep\/wp-json\/wp\/v2\/users\/96"}],"replies":[{"embeddable":true,"href":"https:\/\/www.hsu-hh.de\/bep\/wp-json\/wp\/v2\/comments?post=163"}],"version-history":[{"count":25,"href":"https:\/\/www.hsu-hh.de\/bep\/wp-json\/wp\/v2\/pages\/163\/revisions"}],"predecessor-version":[{"id":960,"href":"https:\/\/www.hsu-hh.de\/bep\/wp-json\/wp\/v2\/pages\/163\/revisions\/960"}],"up":[{"embeddable":true,"href":"https:\/\/www.hsu-hh.de\/bep\/wp-json\/wp\/v2\/pages\/106"}],"wp:featuredmedia":[{"embeddable":true,"href":"https:\/\/www.hsu-hh.de\/bep\/wp-json\/wp\/v2\/media\/198"}],"wp:attachment":[{"href":"https:\/\/www.hsu-hh.de\/bep\/wp-json\/wp\/v2\/media?parent=163"}],"wp:term":[{"taxonomy":"category","embeddable":true,"href":"https:\/\/www.hsu-hh.de\/bep\/wp-json\/wp\/v2\/categories?post=163"},{"taxonomy":"post_tag","embeddable":true,"href":"https:\/\/www.hsu-hh.de\/bep\/wp-json\/wp\/v2\/tags?post=163"}],"curies":[{"name":"wp","href":"https:\/\/api.w.org\/{rel}","templated":true}]}}