{"id":1301,"date":"2024-10-30T09:25:15","date_gmt":"2024-10-30T08:25:15","guid":{"rendered":"https:\/\/www.hsu-hh.de\/bep\/?page_id=1301"},"modified":"2025-02-03T22:26:18","modified_gmt":"2025-02-03T21:26:18","slug":"after-woke","status":"publish","type":"page","link":"https:\/\/www.hsu-hh.de\/bep\/after-woke\/","title":{"rendered":"\u203aAfter Woke\u2039"},"content":{"rendered":"\n<h2 class=\"wp-block-heading\">21. November 2024 | Lesung und Diskussion mit Jens Balzer<\/h2>\n\n\n\n<p><\/p>\n\n\n\n<!--more-->\n\n\n\n<p>\u00b7<\/p>\n\n\n\n<p>Eine Veranstaltung zum \u00bbWelttag der Philosophie\u00ab der UNESCO<\/p>\n\n\n\n<p>\u00b7<\/p>\n\n\n\n<div class=\"wp-block-columns is-layout-flex wp-container-core-columns-is-layout-9d6595d7 wp-block-columns-is-layout-flex\">\n<div class=\"wp-block-column is-layout-flow wp-block-column-is-layout-flow\" style=\"flex-basis:33.33%\">\n<figure class=\"wp-block-image size-full is-resized\"><img loading=\"lazy\" decoding=\"async\" width=\"213\" height=\"380\" src=\"https:\/\/www.hsu-hh.de\/bep\/wp-content\/uploads\/sites\/846\/2024\/10\/cover_balzer_after_woke-1.jpg\" data-credit=\"\" alt=\"\" class=\"wp-image-1304\" style=\"width:158px;height:auto\" srcset=\"https:\/\/www.hsu-hh.de\/bep\/wp-content\/uploads\/sites\/846\/2024\/10\/cover_balzer_after_woke-1.jpg 213w, https:\/\/www.hsu-hh.de\/bep\/wp-content\/uploads\/sites\/846\/2024\/10\/cover_balzer_after_woke-1-168x300.jpg 168w\" sizes=\"auto, (max-width: 213px) 100vw, 213px\" \/><\/figure>\n<\/div>\n\n\n\n<div class=\"wp-block-column is-layout-flow wp-block-column-is-layout-flow\" style=\"flex-basis:66.66%\">\n<p>Als nach dem 7. Oktober 2023 die Bilder von dem Massaker der islamofaschistischen Terrorgruppe Hamas in Israel um die Welt gehen, lassen viele, die sich sonst besonders sensibel, \u00bbwoke\u00ab und \u00bbaware\u00ab geben, jegliches Mitgef\u00fchl gegen\u00fcber j\u00fcdischen Opfern vermissen und offenbaren damit eine intellektuelle Verirrung, wenn nicht gar ihren moralischen Bankrott. Ist es also an der Zeit, sich von jeder Art von \u00bbWokeness\u00ab zu verabschieden? Oder gilt es nicht vielmehr, sich auf die urspr\u00fcnglichen Impulse der \u00bbwoken\u00ab Moralphilosophie, der postkolonialen und queerfeministischen Theorien zu besinnen? Und w\u00e4re es nicht sowieso an der Zeit, sich auf den philosophischen Diskurs der Moderne zu besinnen und die Philosophie als streitbare Gegnerin jedweder Unmenschlichkeit zu st\u00e4rken?<\/p>\n<\/div>\n<\/div>\n\n\n\n<p>Letzteres hie\u00dfe, Solidarit\u00e4t zu \u00fcben mit einem Denken, das, wie Jens Balzer in seinem j\u00fcngsten Buch \u00bbAfter Woke\u00ab eindr\u00fccklich nachweist, heute mehr denn je Gegenentwurf sein k\u00f6nnte zu den Ideologien des Identit\u00e4ren, die gerade drohen, die Herrschaft \u00fcber die Welt zu \u00fcbernehmen. Solche Solidarit\u00e4t w\u00e4re auch und vor allem eine Herausforderung f\u00fcr die Philosophie der Gegenwart.<\/p>\n\n\n\n<div class=\"wp-block-columns is-layout-flex wp-container-core-columns-is-layout-9d6595d7 wp-block-columns-is-layout-flex\">\n<div class=\"wp-block-column is-layout-flow wp-block-column-is-layout-flow\" style=\"flex-basis:66.66%\">\n<p>Balzer liest aus seinem Buch und diskutiert dar\u00fcber und skizziert ein philosophisches Denken, das sich das Ambivalente, das Hybride, den steten Wandel zu eigen macht, Intersektionalit\u00e4t als Grundlage kritischen Engagements und der Infragestellung der Verh\u00e4ltnisse \u2013 und ihrer Gemachtheit \u2013 beibeh\u00e4lt.<\/p>\n<\/div>\n\n\n\n<div class=\"wp-block-column is-layout-flow wp-block-column-is-layout-flow\" style=\"flex-basis:33.33%\">\n<div class=\"wp-block-columns is-layout-flex wp-container-core-columns-is-layout-9d6595d7 wp-block-columns-is-layout-flex\">\n<div class=\"wp-block-column is-layout-flow wp-block-column-is-layout-flow\" style=\"flex-basis:100%\">\n<p class=\"has-text-align-right\">\u00b7<br><em>Jens Balzer, \u203aAfter Woke\u2039, <\/em><br><em>Matthes &amp; Seitz: Berlin 2024<\/em><br>\u00b7<\/p>\n<\/div>\n<\/div>\n<\/div>\n<\/div>\n\n\n\n<div class=\"wp-block-columns is-layout-flex wp-container-core-columns-is-layout-9d6595d7 wp-block-columns-is-layout-flex\">\n<div class=\"wp-block-column is-layout-flow wp-block-column-is-layout-flow\">\n<p>\u00b7<\/p>\n<\/div>\n<\/div>\n\n\n\n<p>Lesung und Diskussion mit Jens Balzer<br>21. November 2024 | 18.00 Uhr<br><abbr title=\"Helmut Schmidt Universit\u00e4t\">HSU<\/abbr> Bibliothek (\u00bbunten\u00ab)<br><a href=\"https:\/\/www.ub.hsu-hh.de\/after-woke-wie-zukuenftig-wach-und-achtsam-denken\/\" target=\"_blank\" rel=\"noreferrer noopener\">Link zur Veranstaltung 1<\/a><br><a href=\"https:\/\/www.hsu-hh.de\/event\/after-woke-wie-zukuenftig-wach-und-achtsam-denken\" target=\"_blank\" rel=\"noreferrer noopener\">Link zur Veranstaltung 2<\/a><br><\/p>\n\n\n\n<p>\u00b7<\/p>\n\n\n\n<p><em>Hinweis:<br>Die <abbr title=\"Helmut Schmidt Universit\u00e4t\">HSU<\/abbr> ist ein milit\u00e4rischer Sicherheitsbereich. <br>Zugang zum Universit\u00e4tscampus nur mit Personalausweis.<\/em><\/p>\n","protected":false},"excerpt":{"rendered":"<p>21. November 2024 | Lesung und Diskussion mit Jens Balzer<\/p>\n","protected":false},"author":96,"featured_media":0,"parent":0,"menu_order":0,"comment_status":"closed","ping_status":"closed","template":"","meta":{"footnotes":""},"categories":[53,4],"tags":[],"class_list":["post-1301","page","type-page","status-publish","hentry","category-aktuelles","category-forschung"],"_links":{"self":[{"href":"https:\/\/www.hsu-hh.de\/bep\/wp-json\/wp\/v2\/pages\/1301","targetHints":{"allow":["GET"]}}],"collection":[{"href":"https:\/\/www.hsu-hh.de\/bep\/wp-json\/wp\/v2\/pages"}],"about":[{"href":"https:\/\/www.hsu-hh.de\/bep\/wp-json\/wp\/v2\/types\/page"}],"author":[{"embeddable":true,"href":"https:\/\/www.hsu-hh.de\/bep\/wp-json\/wp\/v2\/users\/96"}],"replies":[{"embeddable":true,"href":"https:\/\/www.hsu-hh.de\/bep\/wp-json\/wp\/v2\/comments?post=1301"}],"version-history":[{"count":11,"href":"https:\/\/www.hsu-hh.de\/bep\/wp-json\/wp\/v2\/pages\/1301\/revisions"}],"predecessor-version":[{"id":1336,"href":"https:\/\/www.hsu-hh.de\/bep\/wp-json\/wp\/v2\/pages\/1301\/revisions\/1336"}],"wp:attachment":[{"href":"https:\/\/www.hsu-hh.de\/bep\/wp-json\/wp\/v2\/media?parent=1301"}],"wp:term":[{"taxonomy":"category","embeddable":true,"href":"https:\/\/www.hsu-hh.de\/bep\/wp-json\/wp\/v2\/categories?post=1301"},{"taxonomy":"post_tag","embeddable":true,"href":"https:\/\/www.hsu-hh.de\/bep\/wp-json\/wp\/v2\/tags?post=1301"}],"curies":[{"name":"wp","href":"https:\/\/api.w.org\/{rel}","templated":true}]}}