{"id":1257,"date":"2024-05-03T16:44:00","date_gmt":"2024-05-03T14:44:00","guid":{"rendered":"https:\/\/www.hsu-hh.de\/bep\/?page_id=1257"},"modified":"2025-02-03T22:28:51","modified_gmt":"2025-02-03T21:28:51","slug":"2024-juni-foucault-workshop-eine-einladung","status":"publish","type":"page","link":"https:\/\/www.hsu-hh.de\/bep\/2024-juni-foucault-workshop-eine-einladung\/","title":{"rendered":"2024 | Juni | Foucault-Workshop \u2013 Eine Einladung"},"content":{"rendered":"\n<!--more-->\n\n\n\n<p><br><em>\u00bbJede Gesellschaft hat ihre eigene Ordnung der Wahrheit, ihre allgemeine \u203aPolitik der Wahrheit\u2039 &#8230;\u00ab \u2013 Michel Foucault, \u203aDispositive der Macht\u2039 (Berlin 1978, S. 51)<\/em><\/p>\n\n\n\n<p><em>\u00bbAber was ist die Philosophie heute \u2013 ich meine die philosophische Aktivit\u00e4t \u2013, wenn nicht die kritische Arbeit des Denkens an sich selber? Und wenn sie nicht, statt zu rechtfertigen, was man schon wei\u00df, in der Anstrengung liegt, zu wissen, wie und wie weit es m\u00f6glich w\u00e4re, anders zu denken? Es ist immer etwas L\u00e4cherliches im philosophischen Diskurs, wenn er von au\u00dfen den andern vorschreiben und vorsagen will, wo ihre Wahrheit liegt und wie sie zu finden ist, oder wenn er in naiver Positivit\u00e4t vorschreiben will, wie sie zu verfahren haben. Aber es ist sein Recht, zu erkunden, was in seinem eigenen Denken ver\u00e4ndert werden kann, indem er sich in einem ihm fremden Wissen versucht.\u00ab \u2013 Michel Foucault, \u203aSexualit\u00e4t und Wahrheit 2: Der Gebrauch der L\u00fcste\u2039 (Frankfurt am Main 1997, S. 15 f.)<\/em><br><br><\/p>\n\n\n\n<p>In den kultur- und sozialwissenschaftlichen Debatten haben die Theorien und Theoreme von Michel Foucault (1926\u20131984) mittlerweile den Status eines Deutungsmusters, behaupten sich nachgerade \u2013 vor allem im akademischen Diskurs \u2013 hegemonial und liefern die Schlagworte des feuilletonistischen wie wissenschaftsbetrieblichen Jargons. Foucaults Texte zu etwa Mikrophysik der Macht, Gouvernementalit\u00e4t, Sexualit\u00e4t und Biopolitik bilden zentrale Referenzen f\u00fcr verschiedenste, sich kritisch verstehende \u00bbEins\u00e4tze\u00ab, zumal wenn es um Themen im Feld derzeitiger, kumulativer und multipler Krisen geht.<\/p>\n\n\n\n<p>Abgesehen von den l\u00e4ngst \u00bbklassischen\u00ab Anschl\u00fcssen in den Gender oder Postcolonial Studies finden sich Bezugnahmen auf Foucault in fast s\u00e4mtlichen Analysen zu aktuellen globalen Schl\u00fcsselproblemen. An der Bedeutung der vielen Begriffe, derer sich in der \u2013 nicht nur akademischen \u2013 Wissensproduktion aus dem Foucaultschen Werkzeugkasten bedient wird, deutet sich nachgerade ein epistemologischer Paradigmenwechsel an: In Foucaultscher Perspektive erscheinen beispielweise Konzepte wie \u00bbKritik\u00ab oder \u00bbAufkl\u00e4rung\u00ab in einem g\u00e4nzlich neuen Licht.<\/p>\n\n\n\n<p>Der vierzigste Todestag von Foucault bietet Anlass, diese Forschungsperspektiven historisch wie systematisch ebenso zu rekonstruieren wie auch \u00fcberhaupt zu \u00fcberdenken: Im Sinne einer Arch\u00e4ologie und Genealogie der Diskurse um und mit Foucault, ist auch danach zu fragen, ob und welche Aktualisierungen sich f\u00fcr die Themen gegenw\u00e4rtiger gesellschaftlicher Herausforderungen (etwa Globalisierung, Digitalisierung, Umwelt\/\u00d6kologie, Krieg und Militarisierung, Faschisierung, Humanismus <abbr title=\"et cetera\">etc.<\/abbr>) ergeben \u2013 durch Foucault, \u00fcber ihn hinaus und vielleicht auch gegen ihn \u2026<\/p>\n\n\n\n<div class=\"wp-block-columns is-layout-flex wp-container-core-columns-is-layout-9d6595d7 wp-block-columns-is-layout-flex\">\n<div class=\"wp-block-column is-layout-flow wp-block-column-is-layout-flow\" style=\"flex-basis:100%\">\n<div class=\"wp-block-columns is-layout-flex wp-container-core-columns-is-layout-9d6595d7 wp-block-columns-is-layout-flex\">\n<div class=\"wp-block-column is-layout-flow wp-block-column-is-layout-flow\" style=\"flex-basis:100%\">\n<p> <\/p>\n<\/div>\n<\/div>\n\n\n\n<hr class=\"wp-block-separator has-alpha-channel-opacity\" \/>\n<\/div>\n<\/div>\n\n\n\n<h2 class=\"wp-block-heading\">Programm<\/h2>\n\n\n\n<p><strong>12. Juni 2024 \u2013 <abbr title=\"Helmut Schmidt Universit\u00e4t\">HSU<\/abbr> Mensa (Truppenk\u00fcche) \u2013 Raum 0001<\/strong><br><br><\/p>\n\n\n\n<p><\/p>\n\n\n\n<div class=\"wp-block-columns is-layout-flex wp-container-core-columns-is-layout-9d6595d7 wp-block-columns-is-layout-flex\">\n<div class=\"wp-block-column is-layout-flow wp-block-column-is-layout-flow\" style=\"flex-basis:100%\">\n<div class=\"wp-block-columns is-layout-flex wp-container-core-columns-is-layout-9d6595d7 wp-block-columns-is-layout-flex\">\n<div class=\"wp-block-column is-layout-flow wp-block-column-is-layout-flow\">\n<div class=\"wp-block-columns is-layout-flex wp-container-core-columns-is-layout-9d6595d7 wp-block-columns-is-layout-flex\">\n<div class=\"wp-block-column is-layout-flow wp-block-column-is-layout-flow\">\n<p><strong>9:30 bis 9:40 Uhr<\/strong><\/p>\n\n\n\n<p>Begr\u00fc\u00dfung<br><br><\/p>\n\n\n\n<p><\/p>\n\n\n\n<p><\/p>\n\n\n\n<p><strong>9:40 bis 10:25 Uhr<\/strong><\/p>\n\n\n\n<p><strong>Lukas Schildknecht<\/strong>: Die Foucault-Lekt\u00fcre als Ent-T\u00e4uschung und Entt\u00e4uschung<br><br><\/p>\n\n\n\n<p><strong>10:25 bis 11:10 Uhr<\/strong><\/p>\n\n\n\n<p><strong>Roger Behrens: <\/strong>Nach Foucault, das Elend der Theorie, soziale Amnesie<br><br><\/p>\n\n\n\n<p><strong>11:10 bis 11:25 Uhr<\/strong> <\/p>\n\n\n\n<p>Ka\ufb00eepause<br><br><br><strong>11:25 bis 12:10 Uhr<\/strong><\/p>\n\n\n\n<p><strong>Udo Kelle: <\/strong>Weil ich doch vor zwei Jahren schon einmal verh\u00f6rt worden bin \u2013<br>empirische Sozialforschung als Technologie der Wahrheit<br><br><\/p>\n\n\n\n<p><\/p>\n\n\n\n<p><strong>12:10 bis 13:30 Uhr <\/strong><\/p>\n\n\n\n<p>Mittagessen<br><br><\/p>\n<\/div>\n<\/div>\n\n\n\n<p><strong>13:30 bis 14:45 Uhr<\/strong><\/p>\n\n\n\n<p><em>Close Reading<\/em><br><br><\/p>\n\n\n\n<p><strong>14:15 bis 15:00 Uhr<\/strong><\/p>\n\n\n\n<p><strong>Andreas Richter:<\/strong> Gespielte Heterotopie \u2013 Digitale Spiele als Heterotopie<br><br><\/p>\n\n\n\n<p><strong>15:00 bis 14:15 Uhr <\/strong><\/p>\n\n\n\n<p>Ka\ufb00eepause<br><br><\/p>\n\n\n\n<p><strong>15:15 bis 16:00 Uhr<\/strong><\/p>\n\n\n\n<p><strong>Olaf Sanders: <\/strong>Foucaults Ethik revisited<br><br><\/p>\n\n\n\n<p><strong>16:00 Uhr<\/strong><\/p>\n\n\n\n<p>Abschlussdiskussion<\/p>\n<\/div>\n<\/div>\n\n\n\n<div class=\"wp-block-columns is-layout-flex wp-container-core-columns-is-layout-9d6595d7 wp-block-columns-is-layout-flex\">\n<div class=\"wp-block-column is-layout-flow wp-block-column-is-layout-flow\"><\/div>\n\n\n\n<div class=\"wp-block-column is-layout-flow wp-block-column-is-layout-flow\">\n<div class=\"wp-block-columns is-layout-flex wp-container-core-columns-is-layout-9d6595d7 wp-block-columns-is-layout-flex\">\n<div class=\"wp-block-column is-layout-flow wp-block-column-is-layout-flow\"><\/div>\n\n\n\n<div class=\"wp-block-column is-layout-flow wp-block-column-is-layout-flow\">\n<p><\/p>\n<\/div>\n<\/div>\n<\/div>\n<\/div>\n<\/div>\n<\/div>\n\n\n\n<hr class=\"wp-block-separator has-alpha-channel-opacity\" \/>\n\n\n\n<p>Termin: 12. Juni 2024 <br>Ort: Campus Helmut-Schmidt-Universit\u00e4t \u2013 Universit\u00e4t der Bundeswehr Hamburg \u2013 Mensa (Truppenk\u00fcche) \u2013 Raum 0001<\/p>\n\n\n\n<p>Organisation: Andreas Richter, Professur f\u00fcr Erziehungswissenschaft, insbesondere Bildungs- und Erziehungstheorie sowie philosophische Grundlagen<\/p>\n","protected":false},"excerpt":{"rendered":"","protected":false},"author":96,"featured_media":0,"parent":0,"menu_order":0,"comment_status":"closed","ping_status":"closed","template":"","meta":{"footnotes":""},"categories":[4,47],"tags":[],"class_list":["post-1257","page","type-page","status-publish","hentry","category-forschung","category-termine-nachrichten"],"_links":{"self":[{"href":"https:\/\/www.hsu-hh.de\/bep\/wp-json\/wp\/v2\/pages\/1257","targetHints":{"allow":["GET"]}}],"collection":[{"href":"https:\/\/www.hsu-hh.de\/bep\/wp-json\/wp\/v2\/pages"}],"about":[{"href":"https:\/\/www.hsu-hh.de\/bep\/wp-json\/wp\/v2\/types\/page"}],"author":[{"embeddable":true,"href":"https:\/\/www.hsu-hh.de\/bep\/wp-json\/wp\/v2\/users\/96"}],"replies":[{"embeddable":true,"href":"https:\/\/www.hsu-hh.de\/bep\/wp-json\/wp\/v2\/comments?post=1257"}],"version-history":[{"count":14,"href":"https:\/\/www.hsu-hh.de\/bep\/wp-json\/wp\/v2\/pages\/1257\/revisions"}],"predecessor-version":[{"id":1275,"href":"https:\/\/www.hsu-hh.de\/bep\/wp-json\/wp\/v2\/pages\/1257\/revisions\/1275"}],"wp:attachment":[{"href":"https:\/\/www.hsu-hh.de\/bep\/wp-json\/wp\/v2\/media?parent=1257"}],"wp:term":[{"taxonomy":"category","embeddable":true,"href":"https:\/\/www.hsu-hh.de\/bep\/wp-json\/wp\/v2\/categories?post=1257"},{"taxonomy":"post_tag","embeddable":true,"href":"https:\/\/www.hsu-hh.de\/bep\/wp-json\/wp\/v2\/tags?post=1257"}],"curies":[{"name":"wp","href":"https:\/\/api.w.org\/{rel}","templated":true}]}}