{"id":1175,"date":"2024-01-09T10:42:00","date_gmt":"2024-01-09T09:42:00","guid":{"rendered":"https:\/\/www.hsu-hh.de\/bep\/?page_id=1175"},"modified":"2024-01-29T19:30:25","modified_gmt":"2024-01-29T18:30:25","slug":"universitaet-und-militaerische-sicherheit","status":"publish","type":"page","link":"https:\/\/www.hsu-hh.de\/bep\/universitaet-und-militaerische-sicherheit\/","title":{"rendered":"Universit\u00e4t und milit\u00e4rische Sicherheit"},"content":{"rendered":"\n<figure class=\"wp-block-image size-full is-resized\"><img loading=\"lazy\" decoding=\"async\" width=\"395\" height=\"600\" src=\"https:\/\/www.hsu-hh.de\/bep\/wp-content\/uploads\/sites\/846\/2024\/01\/cover_msb.jpg\" data-credit=\" \" alt=\"\" class=\"wp-image-1178\" style=\"width:250px\" srcset=\"https:\/\/www.hsu-hh.de\/bep\/wp-content\/uploads\/sites\/846\/2024\/01\/cover_msb.jpg 395w, https:\/\/www.hsu-hh.de\/bep\/wp-content\/uploads\/sites\/846\/2024\/01\/cover_msb-198x300.jpg 198w\" sizes=\"auto, (max-width: 395px) 100vw, 395px\" \/><\/figure>\n\n\n\n<p>Thomas Jung &amp; Olaf Sanders (Hg.), \u203aUniversit\u00e4t und milit\u00e4rische Sicherheit. \u00dcber den Streit um die drohende Einrichtung eines milit\u00e4rischen Sicherheitsbereichs an der Helmut-Schmidt-Universit\u00e4t\u2039, Transcript Verlag: Bielefeld 2024.<\/p>\n\n\n\n<p>Nicht erst nach der vielzitierten \u00bbZeitenwende\u00ab k\u00f6nnen das Bed\u00fcrfnis nach milit\u00e4rischer Sicherheit und die Idee der Universit\u00e4t in Widerstreit geraten: Ein Beispiel stellt die Helmut-Schmidt-Universit\u00e4t in Hamburg dar, der als Universit\u00e4t der Bundeswehr die Einrichtung eines milit\u00e4rischen Sicherheitsbereichs samt grunds\u00e4tzlichem Betretungsverbot und der Androhung von Schusswaffengebrauch droht. Gegen dieses Vorhaben hat sich f\u00e4cher- und statusgruppen\u00fcbergreifend Widerstand formiert, denn es geht bei der Verteidigung der Freiheit auch um die Verteidigung der Universit\u00e4t. Die Beitr\u00e4ger*innen verorten den Konflikt theoretisch \u2013 und geben so einen Einblick in aktuelle Gefahren f\u00fcr die demokratische Bildungskultur.<\/p>\n\n\n\n<p>Der Band ist 2024 bei Transcript erschienen und als OpenAccess zug\u00e4nglich: <a href=\"https:\/\/www.transcript-verlag.de\/detail\/index\/sArticle\/6768?number=978-3-8394-7023-7\" rel='nofollow'>hier<\/a>.<\/p>\n\n\n\n<p><\/p>\n","protected":false},"excerpt":{"rendered":"<p>Thomas Jung &amp; Olaf Sanders (Hg.), \u203aUniversit\u00e4t und milit\u00e4rische Sicherheit. \u00dcber den Streit um die drohende Einrichtung eines milit\u00e4rischen Sicherheitsbereichs an der Helmut-Schmidt-Universit\u00e4t\u2039, Transcript Verlag: Bielefeld 2024. Nicht erst nach [&hellip;]<\/p>\n","protected":false},"author":96,"featured_media":0,"parent":0,"menu_order":0,"comment_status":"closed","ping_status":"closed","template":"","meta":{"footnotes":""},"categories":[53,4],"tags":[],"class_list":["post-1175","page","type-page","status-publish","hentry","category-aktuelles","category-forschung"],"_links":{"self":[{"href":"https:\/\/www.hsu-hh.de\/bep\/wp-json\/wp\/v2\/pages\/1175","targetHints":{"allow":["GET"]}}],"collection":[{"href":"https:\/\/www.hsu-hh.de\/bep\/wp-json\/wp\/v2\/pages"}],"about":[{"href":"https:\/\/www.hsu-hh.de\/bep\/wp-json\/wp\/v2\/types\/page"}],"author":[{"embeddable":true,"href":"https:\/\/www.hsu-hh.de\/bep\/wp-json\/wp\/v2\/users\/96"}],"replies":[{"embeddable":true,"href":"https:\/\/www.hsu-hh.de\/bep\/wp-json\/wp\/v2\/comments?post=1175"}],"version-history":[{"count":6,"href":"https:\/\/www.hsu-hh.de\/bep\/wp-json\/wp\/v2\/pages\/1175\/revisions"}],"predecessor-version":[{"id":1207,"href":"https:\/\/www.hsu-hh.de\/bep\/wp-json\/wp\/v2\/pages\/1175\/revisions\/1207"}],"wp:attachment":[{"href":"https:\/\/www.hsu-hh.de\/bep\/wp-json\/wp\/v2\/media?parent=1175"}],"wp:term":[{"taxonomy":"category","embeddable":true,"href":"https:\/\/www.hsu-hh.de\/bep\/wp-json\/wp\/v2\/categories?post=1175"},{"taxonomy":"post_tag","embeddable":true,"href":"https:\/\/www.hsu-hh.de\/bep\/wp-json\/wp\/v2\/tags?post=1175"}],"curies":[{"name":"wp","href":"https:\/\/api.w.org\/{rel}","templated":true}]}}