{"id":112,"date":"2018-01-17T14:06:36","date_gmt":"2018-01-17T13:06:36","guid":{"rendered":"https:\/\/www.hsu-hh.de\/vorlage\/?page_id=112"},"modified":"2024-01-29T23:52:40","modified_gmt":"2024-01-29T22:52:40","slug":"forschung","status":"publish","type":"page","link":"https:\/\/www.hsu-hh.de\/bep\/forschung\/","title":{"rendered":"Forschung"},"content":{"rendered":"<div id=\"category_content_TSSJ6O8i\" class=\"hsu_category archive-page\"><article  id=\"post-1314\" class=\"category-list-item post-1314 post type-post status-publish format-standard hentry \"><a href=\"https:\/\/www.hsu-hh.de\/bep\/krieg\/\" title=\"Krieg!\" ><div class=\"hsu_category_article-content-wrap\"><div class=\"hsu_category_article-content-wrap-inner\"><div>\t<header class=\"entry-header\">\t\t<h3 class=\"entry-title\">Krieg!\t\t<\/h3>\t<\/header><div class=\"entry-content-excerpt\">19. bis 21. M\u00e4rz 2025 | Tagung | Filmische Inszenierungen in der audiovisuellen Medienkultur<\/div> <\/div><\/div><\/div><\/a><\/article><article  id=\"post-1301\" class=\"category-list-item post-1301 post type-post status-publish format-standard hentry \"><a href=\"https:\/\/www.hsu-hh.de\/bep\/after-woke\/\" title=\"\u203aAfter Woke\u2039\" ><div class=\"hsu_category_article-content-wrap\"><div class=\"hsu_category_article-content-wrap-inner\"><div>\t<header class=\"entry-header\">\t\t<h3 class=\"entry-title\">\u203aAfter Woke\u2039\t\t<\/h3>\t<\/header><div class=\"entry-content-excerpt\">21. November 2024 | Lesung und Diskussion mit Jens Balzer<\/div> <\/div><\/div><\/div><\/a><\/article><article  id=\"post-1257\" class=\"category-list-item post-1257 post type-post status-publish format-standard hentry \"><a href=\"https:\/\/www.hsu-hh.de\/bep\/2024-juni-foucault-workshop-eine-einladung\/\" title=\"2024 | Juni | Foucault-Workshop \u2013 Eine Einladung\" ><div class=\"hsu_category_article-content-wrap\"><div class=\"hsu_category_article-content-wrap-inner\"><div>\t<header class=\"entry-header\">\t\t<h3 class=\"entry-title\">2024 | Juni | Foucault-Workshop \u2013 Eine Einladung\t\t<\/h3>\t<\/header><div class=\"entry-content-excerpt\"><\/div> <\/div><\/div><\/div><\/a><\/article><article  id=\"post-1189\" class=\"category-list-item post-1189 post type-post status-publish format-standard hentry \"><a href=\"https:\/\/www.hsu-hh.de\/bep\/krieg-in-serie\/\" title=\"Krieg in Serie\" ><div class=\"hsu_category_article-content-wrap\"><div class=\"hsu_category_article-content-wrap-inner\"><div>\t<header class=\"entry-header\">\t\t<h3 class=\"entry-title\">Krieg in Serie\t\t<\/h3>\t<\/header><div class=\"entry-content-excerpt\">Roger Behrens, Frank Beiler, Olaf Sanders (Hg.), \u203aKrieg in Serie\u2039, Springer VS: Wiesbaden 2023.<\/div> <\/div><\/div><\/div><\/a><\/article><article  id=\"post-1175\" class=\"category-list-item post-1175 post type-post status-publish format-standard hentry \"><a href=\"https:\/\/www.hsu-hh.de\/bep\/universitaet-und-militaerische-sicherheit\/\" title=\"Universit\u00e4t und milit\u00e4rische Sicherheit\" ><div class=\"hsu_category_article-content-wrap\"><div class=\"hsu_category_article-content-wrap-inner\"><div>\t<header class=\"entry-header\">\t\t<h3 class=\"entry-title\">Universit\u00e4t und milit\u00e4rische Sicherheit\t\t<\/h3>\t<\/header><div class=\"entry-content-excerpt\">Thomas Jung &amp; Olaf Sanders (Hg.), \u203aUniversit\u00e4t und milit\u00e4rische Sicherheit. \u00dcber den Streit um die drohende Einrichtung eines milit\u00e4rischen Sicherheitsbereichs an der Helmut-Schmidt-Universit\u00e4t\u2039, Transcript Verlag: Bielefeld 2024. Nicht erst nach der vielzitierten \u00bbZeitenwende\u00ab k\u00f6nnen das Bed\u00fcrfnis nach milit\u00e4rischer Sicherheit und die Idee der Universit\u00e4t in Widerstreit geraten: Ein Beispiel stellt die Helmut-Schmidt-Universit\u00e4t in Hamburg dar,...<\/div> <\/div><\/div><\/div><\/a><\/article><article  id=\"post-1141\" class=\"category-list-item post-1141 post type-post status-publish format-standard hentry \"><a href=\"https:\/\/www.hsu-hh.de\/bep\/texte\/\" title=\"Texte\" ><div class=\"hsu_category_article-content-wrap\"><div class=\"hsu_category_article-content-wrap-inner\"><div>\t<header class=\"entry-header\">\t\t<h3 class=\"entry-title\">Texte\t\t<\/h3>\t<\/header><div class=\"entry-content-excerpt\"><\/div> <\/div><\/div><\/div><\/a><\/article><article  id=\"post-897\" class=\"category-list-item post-897 post type-post status-publish format-standard hentry \"><a href=\"https:\/\/www.hsu-hh.de\/bep\/aktuelles\/hbg_dispute_1\/\" title=\"Hamburger Dispute 1\" ><div class=\"hsu_category_article-content-wrap\"><div class=\"hsu_category_article-content-wrap-inner\"><div>\t<header class=\"entry-header\">\t\t<h3 class=\"entry-title\">Hamburger Dispute 1\t\t<\/h3>\t<\/header><div class=\"entry-content-excerpt\">Roger Behrens, Frank Beiler, Olaf Sanders (Hg.), \u203aZukunftsthemen der Bildungsphilosophie. Hamburger Dispute 1\u2039, Hamburg 2022.<\/div> <\/div><\/div><\/div><\/a><\/article><article  id=\"post-751\" class=\"category-list-item post-751 post type-post status-publish format-standard hentry \"><a href=\"https:\/\/www.hsu-hh.de\/bep\/promotionen\/\" title=\"Promotionen\" ><div class=\"hsu_category_article-content-wrap\"><div class=\"hsu_category_article-content-wrap-inner\"><div>\t<header class=\"entry-header\">\t\t<h3 class=\"entry-title\">Promotionen\t\t<\/h3>\t<\/header><div class=\"entry-content-excerpt\"><\/div> <\/div><\/div><\/div><\/a><\/article><article  id=\"post-321\" class=\"category-list-item post-321 post type-post status-publish format-standard hentry \"><a href=\"https:\/\/www.hsu-hh.de\/bep\/konzept-einer-unbedingten-schule\/\" title=\"Konzept einer Unbedingten Schule\" ><div class=\"hsu_category_article-content-wrap\"><div class=\"hsu_category_article-content-wrap-inner\"><div>\t<header class=\"entry-header\">\t\t<h3 class=\"entry-title\">Konzept einer Unbedingten Schule\t\t<\/h3>\t<\/header><div class=\"entry-content-excerpt\">Die Unbedingte Schule ist ein Ort, an dem nichts au\u00dfer Frage steht. Um ein solcher Ort zu bleiben, wirkt die Schule ihrer Aufl\u00f6sung entgegen.<\/div> <\/div><\/div><\/div><\/a><\/article><article  id=\"post-760\" class=\"category-list-item post-760 post type-post status-publish format-standard hentry \"><a href=\"https:\/\/www.hsu-hh.de\/bep\/habilitation\/\" title=\"Habilitationsprojekt\" ><div class=\"hsu_category_article-content-wrap\"><div class=\"hsu_category_article-content-wrap-inner\"><div>\t<header class=\"entry-header\">\t\t<h3 class=\"entry-title\">Habilitationsprojekt\t\t<\/h3>\t<\/header><div class=\"entry-content-excerpt\"><\/div> <\/div><\/div><\/div><\/a><\/article><\/div>\n","protected":false},"excerpt":{"rendered":"","protected":false},"author":26,"featured_media":0,"parent":0,"menu_order":0,"comment_status":"closed","ping_status":"closed","template":"","meta":{"footnotes":""},"categories":[10],"tags":[],"class_list":["post-112","page","type-page","status-publish","hentry","category-ueber"],"_links":{"self":[{"href":"https:\/\/www.hsu-hh.de\/bep\/wp-json\/wp\/v2\/pages\/112","targetHints":{"allow":["GET"]}}],"collection":[{"href":"https:\/\/www.hsu-hh.de\/bep\/wp-json\/wp\/v2\/pages"}],"about":[{"href":"https:\/\/www.hsu-hh.de\/bep\/wp-json\/wp\/v2\/types\/page"}],"author":[{"embeddable":true,"href":"https:\/\/www.hsu-hh.de\/bep\/wp-json\/wp\/v2\/users\/26"}],"replies":[{"embeddable":true,"href":"https:\/\/www.hsu-hh.de\/bep\/wp-json\/wp\/v2\/comments?post=112"}],"version-history":[{"count":4,"href":"https:\/\/www.hsu-hh.de\/bep\/wp-json\/wp\/v2\/pages\/112\/revisions"}],"predecessor-version":[{"id":1219,"href":"https:\/\/www.hsu-hh.de\/bep\/wp-json\/wp\/v2\/pages\/112\/revisions\/1219"}],"wp:attachment":[{"href":"https:\/\/www.hsu-hh.de\/bep\/wp-json\/wp\/v2\/media?parent=112"}],"wp:term":[{"taxonomy":"category","embeddable":true,"href":"https:\/\/www.hsu-hh.de\/bep\/wp-json\/wp\/v2\/categories?post=112"},{"taxonomy":"post_tag","embeddable":true,"href":"https:\/\/www.hsu-hh.de\/bep\/wp-json\/wp\/v2\/tags?post=112"}],"curies":[{"name":"wp","href":"https:\/\/api.w.org\/{rel}","templated":true}]}}