{"id":1111,"date":"2023-03-28T14:45:56","date_gmt":"2023-03-28T12:45:56","guid":{"rendered":"https:\/\/www.hsu-hh.de\/bep\/?page_id=1111"},"modified":"2023-03-28T15:28:42","modified_gmt":"2023-03-28T13:28:42","slug":"hsu-x-kunsthalle","status":"publish","type":"page","link":"https:\/\/www.hsu-hh.de\/bep\/mitarbeiter\/jung\/hsu-x-kunsthalle\/","title":{"rendered":"HSU x Kunsthalle"},"content":{"rendered":"\n<div class=\"wp-block-columns is-layout-flex wp-container-core-columns-is-layout-9d6595d7 wp-block-columns-is-layout-flex\">\n<div class=\"wp-block-column is-layout-flow wp-block-column-is-layout-flow\" style=\"flex-basis:66.66%\">\n<h2>Bildung vor Bildern<br \/>Kooperation mit der Kunsthalle Hamburg<\/h2>\n<p>Das Seminar \u00bbBildung vor Bildern\u00ab im Fr\u00fchjahrs-Trimester<br \/>2023 wird als Kooperationsprojekt zwischen der Hamburger<br \/>Kunsthalle und der Helmut-Schmidt-Universit\u00e4t realisiert.<br \/>Als Kunstvermittlerin konnte Marion Koch, freie Mitarbeiterin<br \/>der Abteilung Bildung und Vermittlung der Hamburger<br \/>Kunsthalle gewonnen werden.<br \/>Das Seminar wird bildungsphilosophische Fragestellungen<br \/>durch einen parallelen Blick auf die Musik- und<br \/>Kunstgeschichte er\u00f6rtern. An der Schnittstelle der zwei<br \/>k\u00fcnstlerischen Felder werden den Studierenden mittels der<br \/>Herangehensweisen der kulturellen Bildung Zug\u00e4nge er\u00f6ffnet,<br \/>die f\u00fcr die eigenen Forschungsfragen neue Perspektiven<br \/>erm\u00f6glichen. F\u00fcr den Bereich der Kunst bedeutet dies eine<br \/>dialogische Hinf\u00fchrung an die Bildbetrachtung, die durch<br \/>interaktive Methoden intensiviert werden kann. \u00dcber<br \/>vergleichendes Sehen werden Entwicklungen in der Motivik<br \/>und Technik innerhalb verschiedener Epochen verdeutlicht,<br \/>kulturgeschichtlich werden exemplarische Kunstwerke<br \/>kontextualisiert. Auch die heutige Relevanz von Kunst wird<br \/>\u00fcber Diskussionsanl\u00e4sse in den Fokus ger\u00fcckt.<\/p>\n<\/div>\n\n\n\n<div class=\"wp-block-column is-layout-flow wp-block-column-is-layout-flow\" style=\"flex-basis:33.33%\">\n<p><strong>Das Seminar wird gef\u00f6rdert durch:\u00a0<\/strong><\/p>\n<p>\u00a0<\/p>\n\n\n\n<figure class=\"wp-block-image size-full\"><img loading=\"lazy\" decoding=\"async\" width=\"373\" height=\"553\" src=\"https:\/\/www.hsu-hh.de\/bep\/wp-content\/uploads\/sites\/846\/2023\/03\/Bildschirmfoto-2023-03-28-um-15.26.33.png\" data-credit=\"a\" alt=\"\" class=\"wp-image-1135\" srcset=\"https:\/\/www.hsu-hh.de\/bep\/wp-content\/uploads\/sites\/846\/2023\/03\/Bildschirmfoto-2023-03-28-um-15.26.33.png 373w, https:\/\/www.hsu-hh.de\/bep\/wp-content\/uploads\/sites\/846\/2023\/03\/Bildschirmfoto-2023-03-28-um-15.26.33-202x300.png 202w\" sizes=\"auto, (max-width: 373px) 100vw, 373px\" \/><\/figure>\n<\/div>\n<\/div>\n\n\n\n<p><\/p>\n","protected":false},"excerpt":{"rendered":"<p>Bildung vor BildernKooperation mit der Kunsthalle Hamburg Das Seminar \u00bbBildung vor Bildern\u00ab im Fr\u00fchjahrs-Trimester2023 wird als Kooperationsprojekt zwischen der HamburgerKunsthalle und der Helmut-Schmidt-Universit\u00e4t realisiert.Als Kunstvermittlerin konnte Marion Koch, freie Mitarbeiterinder [&hellip;]<\/p>\n","protected":false},"author":3411,"featured_media":0,"parent":645,"menu_order":0,"comment_status":"closed","ping_status":"closed","template":"","meta":{"footnotes":""},"categories":[6],"tags":[],"class_list":["post-1111","page","type-page","status-publish","hentry","category-lehre"],"_links":{"self":[{"href":"https:\/\/www.hsu-hh.de\/bep\/wp-json\/wp\/v2\/pages\/1111","targetHints":{"allow":["GET"]}}],"collection":[{"href":"https:\/\/www.hsu-hh.de\/bep\/wp-json\/wp\/v2\/pages"}],"about":[{"href":"https:\/\/www.hsu-hh.de\/bep\/wp-json\/wp\/v2\/types\/page"}],"author":[{"embeddable":true,"href":"https:\/\/www.hsu-hh.de\/bep\/wp-json\/wp\/v2\/users\/3411"}],"replies":[{"embeddable":true,"href":"https:\/\/www.hsu-hh.de\/bep\/wp-json\/wp\/v2\/comments?post=1111"}],"version-history":[{"count":11,"href":"https:\/\/www.hsu-hh.de\/bep\/wp-json\/wp\/v2\/pages\/1111\/revisions"}],"predecessor-version":[{"id":1137,"href":"https:\/\/www.hsu-hh.de\/bep\/wp-json\/wp\/v2\/pages\/1111\/revisions\/1137"}],"up":[{"embeddable":true,"href":"https:\/\/www.hsu-hh.de\/bep\/wp-json\/wp\/v2\/pages\/645"}],"wp:attachment":[{"href":"https:\/\/www.hsu-hh.de\/bep\/wp-json\/wp\/v2\/media?parent=1111"}],"wp:term":[{"taxonomy":"category","embeddable":true,"href":"https:\/\/www.hsu-hh.de\/bep\/wp-json\/wp\/v2\/categories?post=1111"},{"taxonomy":"post_tag","embeddable":true,"href":"https:\/\/www.hsu-hh.de\/bep\/wp-json\/wp\/v2\/tags?post=1111"}],"curies":[{"name":"wp","href":"https:\/\/api.w.org\/{rel}","templated":true}]}}