{"id":1104,"date":"2023-03-28T08:42:00","date_gmt":"2023-03-28T06:42:00","guid":{"rendered":"https:\/\/www.hsu-hh.de\/bep\/?page_id=1104"},"modified":"2023-03-28T08:46:04","modified_gmt":"2023-03-28T06:46:04","slug":"2023-maerz-was-bedeutet-erziehung-zum-frieden","status":"publish","type":"page","link":"https:\/\/www.hsu-hh.de\/bep\/2023-maerz-was-bedeutet-erziehung-zum-frieden\/","title":{"rendered":"2023 | M\u00e4rz | Was bedeutet Erziehung zum Frieden?"},"content":{"rendered":"\n<!--more-->\n\n\n\n<p>Gastvortrag von <abbr title=\"Professor\">Prof.<\/abbr> <abbr title=\"Doktor\">Dr.<\/abbr> Christoph Wulf (FU Berlin) <\/p>\n\n\n\n<p>Was bedeutet Erziehung zum Frieden?<\/p>\n\n\n\n<p>28. M\u00e4rz 2023, 15.45 bis 17.15 Uhr.<br><\/p>\n\n\n\n<p>Helmut-Schmidt-Universit\u00e4t,<br>Geb\u00e4ude H1, H\u00f6rsaal 4,<br>Holstenhofweg 85.<br><\/p>\n","protected":false},"excerpt":{"rendered":"","protected":false},"author":96,"featured_media":0,"parent":0,"menu_order":0,"comment_status":"closed","ping_status":"closed","template":"","meta":{"footnotes":""},"categories":[47],"tags":[],"class_list":["post-1104","page","type-page","status-publish","hentry","category-termine-nachrichten"],"_links":{"self":[{"href":"https:\/\/www.hsu-hh.de\/bep\/wp-json\/wp\/v2\/pages\/1104","targetHints":{"allow":["GET"]}}],"collection":[{"href":"https:\/\/www.hsu-hh.de\/bep\/wp-json\/wp\/v2\/pages"}],"about":[{"href":"https:\/\/www.hsu-hh.de\/bep\/wp-json\/wp\/v2\/types\/page"}],"author":[{"embeddable":true,"href":"https:\/\/www.hsu-hh.de\/bep\/wp-json\/wp\/v2\/users\/96"}],"replies":[{"embeddable":true,"href":"https:\/\/www.hsu-hh.de\/bep\/wp-json\/wp\/v2\/comments?post=1104"}],"version-history":[{"count":4,"href":"https:\/\/www.hsu-hh.de\/bep\/wp-json\/wp\/v2\/pages\/1104\/revisions"}],"predecessor-version":[{"id":1109,"href":"https:\/\/www.hsu-hh.de\/bep\/wp-json\/wp\/v2\/pages\/1104\/revisions\/1109"}],"wp:attachment":[{"href":"https:\/\/www.hsu-hh.de\/bep\/wp-json\/wp\/v2\/media?parent=1104"}],"wp:term":[{"taxonomy":"category","embeddable":true,"href":"https:\/\/www.hsu-hh.de\/bep\/wp-json\/wp\/v2\/categories?post=1104"},{"taxonomy":"post_tag","embeddable":true,"href":"https:\/\/www.hsu-hh.de\/bep\/wp-json\/wp\/v2\/tags?post=1104"}],"curies":[{"name":"wp","href":"https:\/\/api.w.org\/{rel}","templated":true}]}}