{"id":9,"date":"2016-06-07T18:09:30","date_gmt":"2016-06-07T16:09:30","guid":{"rendered":"https:\/\/webbox.hsu-hh.de\/vorlage\/?page_id=9"},"modified":"2021-11-16T10:29:15","modified_gmt":"2021-11-16T09:29:15","slug":"impressum","status":"publish","type":"page","link":"https:\/\/www.hsu-hh.de\/bedarfsgerechtigkeit\/impressum\/","title":{"rendered":"Impressum"},"content":{"rendered":"\n<h2 class=\"wp-block-heading\"><strong>Angaben gem. \u00a7 5 Telemediengesetz<\/strong><\/h2>\n\n\n\n<p><strong>Herausgeber<\/strong><br>Dr. Sebastian Finkler<br>Helmut-Schmidt-Universit\u00e4t<br>Universit\u00e4t der Bundeswehr Hamburg<br>Lehrstuhl f\u00fcr Behavioral Economics<br>Holstenhofweg 85<br>22043 Hamburg<\/p>\n\n\n\n<p><strong>Telefon<\/strong><br>(040) 6541-2432<\/p>\n\n\n\n<p><strong>E-Mail<\/strong><br><a href=\"mailto:s.finkler@hsu-hh.de\" rel='nofollow'>s.finkler@hsu-hh.de<\/a><\/p>\n","protected":false},"excerpt":{"rendered":"<p>Angaben gem. \u00a7 5 Telemediengesetz HerausgeberDr. Sebastian FinklerHelmut-Schmidt-Universit\u00e4tUniversit\u00e4t der Bundeswehr HamburgLehrstuhl f\u00fcr Behavioral EconomicsHolstenhofweg 8522043 Hamburg Telefon(040) 6541-2432 E-Mails.finkler@hsu-hh.de<\/p>\n","protected":false},"author":26,"featured_media":0,"parent":0,"menu_order":0,"comment_status":"closed","ping_status":"closed","template":"","meta":{"footnotes":""},"categories":[4],"tags":[],"class_list":["post-9","page","type-page","status-publish","hentry","category-forschung"],"_links":{"self":[{"href":"https:\/\/www.hsu-hh.de\/bedarfsgerechtigkeit\/wp-json\/wp\/v2\/pages\/9","targetHints":{"allow":["GET"]}}],"collection":[{"href":"https:\/\/www.hsu-hh.de\/bedarfsgerechtigkeit\/wp-json\/wp\/v2\/pages"}],"about":[{"href":"https:\/\/www.hsu-hh.de\/bedarfsgerechtigkeit\/wp-json\/wp\/v2\/types\/page"}],"author":[{"embeddable":true,"href":"https:\/\/www.hsu-hh.de\/bedarfsgerechtigkeit\/wp-json\/wp\/v2\/users\/26"}],"replies":[{"embeddable":true,"href":"https:\/\/www.hsu-hh.de\/bedarfsgerechtigkeit\/wp-json\/wp\/v2\/comments?post=9"}],"version-history":[{"count":7,"href":"https:\/\/www.hsu-hh.de\/bedarfsgerechtigkeit\/wp-json\/wp\/v2\/pages\/9\/revisions"}],"predecessor-version":[{"id":319,"href":"https:\/\/www.hsu-hh.de\/bedarfsgerechtigkeit\/wp-json\/wp\/v2\/pages\/9\/revisions\/319"}],"wp:attachment":[{"href":"https:\/\/www.hsu-hh.de\/bedarfsgerechtigkeit\/wp-json\/wp\/v2\/media?parent=9"}],"wp:term":[{"taxonomy":"category","embeddable":true,"href":"https:\/\/www.hsu-hh.de\/bedarfsgerechtigkeit\/wp-json\/wp\/v2\/categories?post=9"},{"taxonomy":"post_tag","embeddable":true,"href":"https:\/\/www.hsu-hh.de\/bedarfsgerechtigkeit\/wp-json\/wp\/v2\/tags?post=9"}],"curies":[{"name":"wp","href":"https:\/\/api.w.org\/{rel}","templated":true}]}}