{"id":73,"date":"2017-07-03T15:52:08","date_gmt":"2017-07-03T13:52:08","guid":{"rendered":"https:\/\/www.hsu-hh.de\/vorlage\/?page_id=73"},"modified":"2021-10-20T14:06:16","modified_gmt":"2021-10-20T12:06:16","slug":"startseite","status":"publish","type":"page","link":"https:\/\/www.hsu-hh.de\/bedarfsgerechtigkeit\/","title":{"rendered":"Bedarfsgerechtigkeit und Verteilungsprozeduren"},"content":{"rendered":"\n<div class=\"wp-block-columns is-layout-flex wp-container-core-columns-is-layout-9d6595d7 wp-block-columns-is-layout-flex\">\n<div class=\"wp-block-column is-layout-flow wp-block-column-is-layout-flow\" style=\"flex-basis:66.66%\">\n<h2 class=\"wp-block-heading\">DFG-Forschergruppe FOR 2104<\/h2>\n\n\n\n<figure class=\"wp-block-image size-large\"><img loading=\"lazy\" decoding=\"async\" width=\"500\" height=\"237\" src=\"https:\/\/www.hsu-hh.de\/bedarfsgerechtigkeit\/wp-content\/uploads\/sites\/857\/2021\/03\/Logo.png\" data-credit=\"FOR2104\" alt=\"FOR-Logo\" class=\"wp-image-149\" srcset=\"https:\/\/www.hsu-hh.de\/bedarfsgerechtigkeit\/wp-content\/uploads\/sites\/857\/2021\/03\/Logo.png 500w, https:\/\/www.hsu-hh.de\/bedarfsgerechtigkeit\/wp-content\/uploads\/sites\/857\/2021\/03\/Logo-300x142.png 300w\" sizes=\"auto, (max-width: 500px) 100vw, 500px\" \/><\/figure>\n<\/div>\n\n\n\n<div class=\"wp-block-column is-layout-flow wp-block-column-is-layout-flow\" style=\"flex-basis:33.33%\">\n<h4 class=\"wp-block-heading\">Sprecher<\/h4>\n\n\n\n<p>Prof. Dr. Stefan Traub<br><a href=\"https:\/\/www.hsu-hh.de\/be\/team\">Volkswirtschaftslehre, insb.<br>Behavioral Economics&nbsp;<\/a><\/p>\n\n\n\n<h4 class=\"wp-block-heading\">Allgemeine Anfragen<\/h4>\n\n\n\n<p>Dr. Sebastian Finkler<br>Koordinator<br><a href=\"mailto:s.finkler@hsu-hh.de\" rel='nofollow'>s.finkler@hsu-hh.de<\/a>\u00a0<\/p>\n<\/div>\n<\/div>\n\n\n\n<p>Ziel der Forschergruppe \u201eBedarfsgerechtigkeit und Verteilungsprozeduren\u201c ist es, Beitr\u00e4ge zu einer&nbsp;<em>positiven&nbsp;<\/em>und einer&nbsp;<em>informierten&nbsp;normativen Theorie der Bedarfsgerechtigkeit<\/em>&nbsp;auf der Grundlage experimenteller Evidenz zu liefern. Diese Theorie soll Antwort auf die vier Fragen geben, (i) wie Individuen Bedarfe&nbsp;<em>identifizieren<\/em>&nbsp;und welche Verteilungen als ausreichend f\u00fcr identifizierte Bedarfe angesehen werden, (ii) was auf kollektiver Ebene als bedarfsgerecht&nbsp;<em>anerkannt<\/em>&nbsp;wird und wie der Prozess der Bedarfsanerkennung abl\u00e4uft, (iii) welche&nbsp;<em>Dynamik<\/em>&nbsp;der kollektive Anerkennungsprozess im Sinne einer (in-)stabilen politischen Einigung entfaltet und (iv) welche durch Anreize ausgel\u00f6sten&nbsp;<em>Folgewirkungen<\/em>&nbsp;von der kollektiven auf die individuelle Ebene entstehen und ob eine bedarfsgerechte Umverteilung nachhaltig ist. Wir vermuten, dass das Prinzip der Bedarfsgerechtigkeit das Spannungsverh\u00e4ltnis zwischen eigenn\u00fctzigen und strategisch beeinflussten Verteilungspr\u00e4ferenzen (sozialen Pr\u00e4ferenzen) und ethisch reflektierten Gerechtigkeitsprinzipien minimiert, wenn die Anerkennung von Bedarfen auf transparente Art und Weise geschieht (soziale Objektivierung) und verf\u00fcgbare Informationen durch Expertise optimal ausgenutzt werden (sachliche Objektivierung). Die Beantwortung der vier Fragestellungen orientiert sich daher an zwei zu testenden Leithypothesen: Die&nbsp;<em>Transparenzhypothese<\/em>&nbsp;geht davon aus, dass mit gr\u00f6\u00dferer Transparenz von Entscheidungsprozessen zur Anerkennung von Bedarfen die individuelle und kollektive Akzeptanz des Verteilungsergebnisses steigt. Analog geht die&nbsp;<em>Expertenhypothese&nbsp;<\/em>davon aus, dass die Objektivierung von Bedarfsanerkennungsentscheidungen durch den Einsatz von Expertise die Zustimmung zum Verteilungsergebnis erh\u00f6ht. Sieben interdisziplin\u00e4r besetzte Teilprojekte widmen sich jeweils einer der vier Forschungsfragen aus Sicht einer der beiden Leithypothesen.<\/p>\n\n\n\n<figure class=\"wp-block-image size-large\"><img loading=\"lazy\" decoding=\"async\" width=\"1024\" height=\"336\" src=\"https:\/\/www.hsu-hh.de\/bedarfsgerechtigkeit\/wp-content\/uploads\/sites\/857\/2021\/03\/Team_alle-1024x336.png\" data-credit=\"FOR2104\" alt=\"Mitglieder\" class=\"wp-image-152\" srcset=\"https:\/\/www.hsu-hh.de\/bedarfsgerechtigkeit\/wp-content\/uploads\/sites\/857\/2021\/03\/Team_alle-1024x336.png 1024w, https:\/\/www.hsu-hh.de\/bedarfsgerechtigkeit\/wp-content\/uploads\/sites\/857\/2021\/03\/Team_alle-300x99.png 300w, https:\/\/www.hsu-hh.de\/bedarfsgerechtigkeit\/wp-content\/uploads\/sites\/857\/2021\/03\/Team_alle-768x252.png 768w, https:\/\/www.hsu-hh.de\/bedarfsgerechtigkeit\/wp-content\/uploads\/sites\/857\/2021\/03\/Team_alle-1100x361.png 1100w, https:\/\/www.hsu-hh.de\/bedarfsgerechtigkeit\/wp-content\/uploads\/sites\/857\/2021\/03\/Team_alle.png 1212w\" sizes=\"auto, (max-width: 1024px) 100vw, 1024px\" \/><\/figure>\n\n\n\n<p><\/p>\n","protected":false},"excerpt":{"rendered":"<p>DFG-Forschergruppe FOR 2104 Sprecher Prof. Dr. Stefan TraubVolkswirtschaftslehre, insb.Behavioral Economics&nbsp; Allgemeine Anfragen Dr. Sebastian FinklerKoordinators.finkler@hsu-hh.de\u00a0 Ziel der Forschergruppe \u201eBedarfsgerechtigkeit und Verteilungsprozeduren\u201c ist es, Beitr\u00e4ge zu einer&nbsp;positiven&nbsp;und einer&nbsp;informierten&nbsp;normativen Theorie der Bedarfsgerechtigkeit&nbsp;auf [&hellip;]<\/p>\n","protected":false},"author":26,"featured_media":0,"parent":0,"menu_order":0,"comment_status":"closed","ping_status":"closed","template":"","meta":{"footnotes":""},"categories":[35],"tags":[],"class_list":["post-73","page","type-page","status-publish","hentry","category-startseite"],"_links":{"self":[{"href":"https:\/\/www.hsu-hh.de\/bedarfsgerechtigkeit\/wp-json\/wp\/v2\/pages\/73","targetHints":{"allow":["GET"]}}],"collection":[{"href":"https:\/\/www.hsu-hh.de\/bedarfsgerechtigkeit\/wp-json\/wp\/v2\/pages"}],"about":[{"href":"https:\/\/www.hsu-hh.de\/bedarfsgerechtigkeit\/wp-json\/wp\/v2\/types\/page"}],"author":[{"embeddable":true,"href":"https:\/\/www.hsu-hh.de\/bedarfsgerechtigkeit\/wp-json\/wp\/v2\/users\/26"}],"replies":[{"embeddable":true,"href":"https:\/\/www.hsu-hh.de\/bedarfsgerechtigkeit\/wp-json\/wp\/v2\/comments?post=73"}],"version-history":[{"count":11,"href":"https:\/\/www.hsu-hh.de\/bedarfsgerechtigkeit\/wp-json\/wp\/v2\/pages\/73\/revisions"}],"predecessor-version":[{"id":293,"href":"https:\/\/www.hsu-hh.de\/bedarfsgerechtigkeit\/wp-json\/wp\/v2\/pages\/73\/revisions\/293"}],"wp:attachment":[{"href":"https:\/\/www.hsu-hh.de\/bedarfsgerechtigkeit\/wp-json\/wp\/v2\/media?parent=73"}],"wp:term":[{"taxonomy":"category","embeddable":true,"href":"https:\/\/www.hsu-hh.de\/bedarfsgerechtigkeit\/wp-json\/wp\/v2\/categories?post=73"},{"taxonomy":"post_tag","embeddable":true,"href":"https:\/\/www.hsu-hh.de\/bedarfsgerechtigkeit\/wp-json\/wp\/v2\/tags?post=73"}],"curies":[{"name":"wp","href":"https:\/\/api.w.org\/{rel}","templated":true}]}}