{"id":176,"date":"2021-03-09T14:20:28","date_gmt":"2021-03-09T13:20:28","guid":{"rendered":"https:\/\/www.hsu-hh.de\/bedarfsgerechtigkeit\/?page_id=176"},"modified":"2025-07-16T11:52:21","modified_gmt":"2025-07-16T09:52:21","slug":"publikationen","status":"publish","type":"page","link":"https:\/\/www.hsu-hh.de\/bedarfsgerechtigkeit\/publikationen\/","title":{"rendered":"Publikationen"},"content":{"rendered":"\n<h4 class=\"wp-block-heading\" style=\"font-size:19px\"><strong>Working Paper Nr. 2025-01<\/strong><\/h4>\n\n\n\n<p><a href=\"https:\/\/www.hsu-hh.de\/bedarfsgerechtigkeit\/wp-content\/uploads\/sites\/857\/2025\/07\/2025-01-2.pdf\" data-type=\"link\" data-id=\"https:\/\/www.hsu-hh.de\/bedarfsgerechtigkeit\/wp-includes\/images\/media\/document.svg\">Ein Programm zum Studium des Baron-Ferejohn-<br>Modells, insbesondere unter Ber\u00fccksichtigung<br>von Bedarfe<\/a><a href=\"https:\/\/www.hsu-hh.de\/bedarfsgerechtigkeit\/wp-includes\/images\/media\/document.svg\" data-type=\"link\" data-id=\"https:\/\/www.hsu-hh.de\/bedarfsgerechtigkeit\/wp-includes\/images\/media\/document.svg\">n<\/a><\/p>\n\n\n\n<p style=\"font-size:19px\"><em>Nils Springhorn<\/em><\/p>\n\n\n\n<h4 class=\"wp-block-heading\"><strong>Working Paper Nr. 2024-01<\/strong><\/h4>\n\n\n\n<p><a href=\"https:\/\/www.hsu-hh.de\/bedarfsgerechtigkeit\/wp-content\/uploads\/sites\/857\/2024\/08\/2024-01.pdf\">On the Measurement of Need-based Justice II<\/a><\/p>\n\n\n\n<p><em>Nils Springhorn<\/em><\/p>\n\n\n\n<p><\/p>\n\n\n\n<h4 class=\"wp-block-heading\"><strong>Working Paper Nr. 2023-0<\/strong>3<\/h4>\n\n\n\n<p><a href=\"https:\/\/www.hsu-hh.de\/bedarfsgerechtigkeit\/wp-content\/uploads\/sites\/857\/2023\/06\/2023-03-1.pdf\">Heterogeneity, Risk-taking and Discrimination: An Experimental Study<\/a><\/p>\n\n\n\n<p><em>Jan Philipp Kr\u00fcgel, Stefan Traub<\/em><\/p>\n\n\n\n<p><\/p>\n\n\n\n<h4 class=\"wp-block-heading\"><strong>Working Paper Nr. 2023-0<\/strong>2<\/h4>\n\n\n\n<p><a href=\"https:\/\/www.hsu-hh.de\/bedarfsgerechtigkeit\/wp-content\/uploads\/sites\/857\/2023\/03\/2023-02.pdf\">Public Service Motivation in Germany. An Empirical Assessment of the Adaptability of PSM to Germany<\/a><\/p>\n\n\n\n<p><em>Brian Dietrich<\/em><\/p>\n\n\n\n<p><\/p>\n\n\n\n<h4 class=\"wp-block-heading\"><strong>Working Paper Nr. 2023-01<\/strong><\/h4>\n\n\n\n<p><a href=\"https:\/\/www.hsu-hh.de\/bedarfsgerechtigkeit\/wp-content\/uploads\/sites\/857\/2023\/03\/2023-01.pdf\">Differentiation or Discrimination? Discretionary Decision-making of Street-level Bureaucrats<\/a><\/p>\n\n\n\n<p><em>Brian Dietrich, Michael Jankowski, Kai-Uwe Schnapp, Markus Tepe<\/em><\/p>\n\n\n\n<p><\/p>\n\n\n\n<h4 class=\"wp-block-heading\"><strong>Working Paper Nr. 2022-03<\/strong><\/h4>\n\n\n\n<p><a href=\"https:\/\/www.hsu-hh.de\/bedarfsgerechtigkeit\/wp-content\/uploads\/sites\/857\/2022\/04\/2022-03.pdf\">Need-based Justice beyond Close Social Ties: Experimental Evidence on the Scope of the Need Principle<\/a><\/p>\n\n\n\n<p><em>Bernhard Kittel, Manuel Schwaninger, R\u00e9ka Szendr\u00f6<\/em><\/p>\n\n\n\n<p><\/p>\n\n\n\n<h4 class=\"wp-block-heading\"><strong>Working Paper Nr. 2017-15 (vollst\u00e4ndig \u00fcberarbeitet und aktualisiert) ver\u00f6ffentlicht in <em>Economics &amp; Philosophy<\/em><\/strong><\/h4>\n\n\n\n<p><a rel=\"noreferrer noopener\" href=\"https:\/\/www.cambridge.org\/core\/journals\/economics-and-philosophy\/article\/on-the-measurement-of-needbased-justice\/7EC0042839EFB389AC3102BF57095FFD\" target=\"_blank\">On the measurement of need-based justice<\/a> (externer Link)<\/p>\n\n\n\n<p><em>Nils Springhorn<\/em><\/p>\n\n\n\n<p><\/p>\n\n\n\n<h4 class=\"wp-block-heading\"><strong>Working Paper Nr. 2022-0<\/strong>2<\/h4>\n\n\n\n<p><a href=\"https:\/\/www.hsu-hh.de\/bedarfsgerechtigkeit\/wp-content\/uploads\/sites\/857\/2022\/02\/2022-02.pdf\" target=\"_blank\" rel=\"noreferrer noopener\">Individual differences moderate effects in an Unusual Disease paradigm: A within-subjects study using a psychophysical data collection approach<\/a><\/p>\n\n\n\n<p><em>Marc Wyszynski und Adele Diederich<\/em><\/p>\n\n\n\n<p><\/p>\n\n\n\n<h4 class=\"wp-block-heading\"><strong>Working Paper Nr. 2022-0<\/strong>1<\/h4>\n\n\n\n<p><a href=\"https:\/\/www.hsu-hh.de\/bedarfsgerechtigkeit\/wp-content\/uploads\/sites\/857\/2022\/01\/2022-01.pdf\" target=\"_blank\" rel=\"noreferrer noopener\">Give what you can, take what you need \u2013 The effect of framing on rule-breaking behavior in social dilemmas<\/a><\/p>\n\n\n\n<p><em>Marc Wyszynski und Alexander Max Bauer<\/em><\/p>\n\n\n\n<p><\/p>\n\n\n\n<h4 class=\"wp-block-heading\"><strong>Working Paper Nr. 2021-0<\/strong>6<\/h4>\n\n\n\n<p><a href=\"https:\/\/www.hsu-hh.de\/bedarfsgerechtigkeit\/wp-content\/uploads\/sites\/857\/2021\/10\/2021-06.pdf\" target=\"_blank\" rel=\"noreferrer noopener\">Bargaining According to the Baron-Ferejohn Model, Taking into Account Need<\/a><\/p>\n\n\n\n<p><em>Nils Springhorn<\/em><\/p>\n\n\n\n<p><\/p>\n\n\n\n<h4 class=\"wp-block-heading\"><strong>Working Paper Nr. 2021-0<\/strong>5<\/h4>\n\n\n\n<p><a href=\"https:\/\/www.hsu-hh.de\/bedarfsgerechtigkeit\/wp-content\/uploads\/sites\/857\/2021\/10\/2021-05.pdf\" target=\"_blank\" rel=\"noreferrer noopener\">Capitulate for Nothing? Does Baron and Ferejohn&#8217;s Bargaining Model Fail Because No One Would Give Everything for Nothing?<\/a><\/p>\n\n\n\n<p><em>Nils Springhorn<\/em><\/p>\n\n\n\n<p><\/p>\n\n\n\n<h4 class=\"wp-block-heading\"><strong>Working Paper Nr. 2021-0<\/strong>4<\/h4>\n\n\n\n<p><a href=\"https:\/\/www.hsu-hh.de\/bedarfsgerechtigkeit\/wp-content\/uploads\/sites\/857\/2021\/12\/2021-04a.pdf\" target=\"_blank\" rel=\"noreferrer noopener\">The Dark Side of Transparent Needs. An Experiment on Information and Need-based Justice<\/a><\/p>\n\n\n\n<p><em>Bernhard Kittel, Sabine Neuhofer und Manuel Schwaninger<\/em><\/p>\n\n\n\n<p><\/p>\n\n\n\n<h4 class=\"wp-block-heading\"><strong>Working Paper Nr. 2021-0<\/strong>3<\/h4>\n\n\n\n<p><a href=\"https:\/\/www.hsu-hh.de\/bedarfsgerechtigkeit\/wp-content\/uploads\/sites\/857\/2021\/10\/2021-03.pdf\" target=\"_blank\" rel=\"noreferrer noopener\">Let&#8217;s chat about justice in a fair distribution experiment<\/a><\/p>\n\n\n\n<p><em>Sabine Neuhofer<\/em><\/p>\n\n\n\n<p><\/p>\n\n\n\n<h4 class=\"wp-block-heading\"><strong>Working Paper Nr. 2021-02<\/strong> <em>(Update vom 28.02.2022)<\/em><\/h4>\n\n\n\n<p><a href=\"https:\/\/www.hsu-hh.de\/bedarfsgerechtigkeit\/wp-content\/uploads\/sites\/857\/2022\/03\/2021-02b.pdf\">Sharing with the Powerless Third: Other-regarding Preferences in Dynamic Bargaining<\/a><\/p>\n\n\n\n<p><em>Manuel Schwaninger<\/em><\/p>\n\n\n\n<p><\/p>\n\n\n\n<h4 class=\"wp-block-heading\"><strong>Working Paper Nr. 2021-01<\/strong><\/h4>\n\n\n\n<p><a href=\"https:\/\/www.hsu-hh.de\/bedarfsgerechtigkeit\/wp-content\/uploads\/sites\/857\/2021\/05\/2021-01.pdf\">Evidence on Need-sensitive Giving Behavior: An Experimental Approach to the&nbsp;Acknowledgment of Needs<\/a><\/p>\n\n\n\n<p><em>Stefan Traub, Manuel Schwaninger, Fabian Paetzel und Sabine Neuhofer<\/em><\/p>\n\n\n\n<p><\/p>\n\n\n\n<h4 class=\"wp-block-heading\"><strong>Working Paper Nr. 2020-01<\/strong><\/h4>\n\n\n\n<p><a href=\"https:\/\/bedarfsgerechtigkeit.hsu-hh.de\/dropbox\/wp\/2020-01.pdf\" rel='nofollow'>Need, E<\/a><a href=\"https:\/\/www.hsu-hh.de\/bedarfsgerechtigkeit\/wp-content\/uploads\/sites\/857\/2021\/03\/2020-01.pdf\">quity and Accountability: Evidence on Third-Party Distributive Decisions from an Online Experiment<\/a><\/p>\n\n\n\n<p><em>Alexander Max Bauer, Frauke Meyer,&nbsp;Jan Romann, Mark Siebel und Stefan Traub<\/em><\/p>\n\n\n\n<p><\/p>\n\n\n\n<h4 class=\"wp-block-heading\"><strong>Working Paper Nr. 2018-03<\/strong><\/h4>\n\n\n\n<p><a href=\"https:\/\/www.hsu-hh.de\/bedarfsgerechtigkeit\/wp-content\/uploads\/sites\/857\/2021\/03\/2018-03.pdf\">Sated but Thirsty: Towards a Mulitdimensional Measure of Need-Based Justice<\/a><\/p>\n\n\n\n<p><em>Alexander Max Bauer<\/em><\/p>\n\n\n\n<p><\/p>\n\n\n\n<h4 class=\"wp-block-heading\"><strong><strong>Working Paper Nr. 2018-0<\/strong><\/strong>2<\/h4>\n\n\n\n<p><a href=\"https:\/\/www.hsu-hh.de\/bedarfsgerechtigkeit\/wp-content\/uploads\/sites\/857\/2021\/03\/2018-02.pdf\">Parents&#8216; Ambitions and Children&#8217;s Competitiveness<\/a><\/p>\n\n\n\n<p><em>Andreas Nicklisch und Menusch Khadjavi<\/em><\/p>\n\n\n\n<p><\/p>\n\n\n\n<h4 class=\"wp-block-heading\"><strong>Working Paper Nr. 2018-01<\/strong><\/h4>\n\n\n\n<p><a href=\"https:\/\/www.hsu-hh.de\/bedarfsgerechtigkeit\/wp-content\/uploads\/sites\/857\/2021\/03\/2018-01.pdf\">Monotonie und Monotoniesensitivit\u00e4t als Desiderata f\u00fcr Ma\u00dfe der Bedarfsgerechtigkeit<\/a><\/p>\n\n\n\n<p><em>Alexander Max Bauer<\/em><\/p>\n\n\n\n<p><\/p>\n\n\n\n<h4 class=\"wp-block-heading\"><strong>Working Paper Nr. 2017-25<\/strong><\/h4>\n\n\n\n<p><a href=\"https:\/\/www.hsu-hh.de\/bedarfsgerechtigkeit\/wp-content\/uploads\/sites\/857\/2021\/03\/2017-25.pdf\">Mill and Miller: Some thoughts on the methodology of political theory<\/a><\/p>\n\n\n\n<p><em>Thomas Schramme<\/em><\/p>\n\n\n\n<p><\/p>\n\n\n\n<h4 class=\"wp-block-heading\"><strong>Working Paper Nr. 2017-24<\/strong><\/h4>\n\n\n\n<p><a href=\"https:\/\/www.hsu-hh.de\/bedarfsgerechtigkeit\/wp-content\/uploads\/sites\/857\/2021\/03\/2017-24.pdf\">Expert Advice in Need-based Allocations<\/a><\/p>\n\n\n\n<p><em>Bernhard Kittel, Markus Tepe und Maximilian Lutz<\/em><\/p>\n\n\n\n<p><\/p>\n\n\n\n<h4 class=\"wp-block-heading\"><strong>Working Paper Nr. 2017-23<\/strong><\/h4>\n\n\n\n<p><a href=\"https:\/\/www.hsu-hh.de\/bedarfsgerechtigkeit\/wp-content\/uploads\/sites\/857\/2021\/03\/2017-23.pdf\">The Effect of Voting Procedures on the Acceptance of Redistributive Taxation. Evidence from a Two-Stage Real-Effort Laboratory Experiment&nbsp;<\/a><\/p>\n\n\n\n<p><em>Markus Tepe und Maximilian Lutz<\/em><\/p>\n\n\n\n<p><\/p>\n\n\n\n<h4 class=\"wp-block-heading\"><strong>Working Paper Nr. 2017-22<\/strong><\/h4>\n\n\n\n<p><a href=\"https:\/\/www.hsu-hh.de\/bedarfsgerechtigkeit\/wp-content\/uploads\/sites\/857\/2021\/03\/2017-22.pdf\">Compensation via Redistributive Taxation. Evidence from a Real-Effort Laboratory Experiment with Endogenous Productivities<\/a><\/p>\n\n\n\n<p><em>Markus Tepe und Maximilian Lutz<\/em><\/p>\n\n\n\n<p><\/p>\n\n\n\n<h4 class=\"wp-block-heading\"><strong>Working Paper Nr. 2017-21<\/strong><\/h4>\n\n\n\n<p><a href=\"https:\/\/www.hsu-hh.de\/bedarfsgerechtigkeit\/wp-content\/uploads\/sites\/857\/2021\/03\/2017-21.pdf\">Solidarity&nbsp;with Third Players in Exchange Networs: An Intercultural Comparison<\/a><\/p>\n\n\n\n<p><em>Bernhard Kittel, Sabine Neuhofer, Manuel Schwaninger und Guanzhong Yang<\/em><\/p>\n\n\n\n<p><\/p>\n\n\n\n<h4 class=\"wp-block-heading\"><strong>Working Paper Nr. 2017-20<\/strong><\/h4>\n\n\n\n<p><a href=\"https:\/\/www.hsu-hh.de\/bedarfsgerechtigkeit\/wp-content\/uploads\/sites\/857\/2021\/03\/2017-20.pdf\">Trigger Happy or Precisionist? On Demand for Monitoring in a Noisy Social Dilemma Game&nbsp;(Updated: May 20, 2019)<\/a><\/p>\n\n\n\n<p><em>Andreas Nicklisch, Louis Putterman und Christian Th\u00f6ni<\/em><\/p>\n\n\n\n<p><\/p>\n\n\n\n<h4 class=\"wp-block-heading\"><strong>Working Paper Nr. 2017-19<\/strong><\/h4>\n\n\n\n<p><a href=\"https:\/\/www.hsu-hh.de\/bedarfsgerechtigkeit\/wp-content\/uploads\/sites\/857\/2021\/03\/2017-19.pdf\">On the effects of transparency and reciprocity on labor supply in the redistribution systems<\/a><\/p>\n\n\n\n<p><em>Marina Chugunova, Andreas Nicklisch und Kai-Uwe Schnapp<\/em><\/p>\n\n\n\n<p><\/p>\n\n\n\n<h4 class=\"wp-block-heading\"><strong>Working Paper Nr. 2017-18<\/strong><\/h4>\n\n\n\n<p><a href=\"https:\/\/www.hsu-hh.de\/bedarfsgerechtigkeit\/wp-content\/uploads\/sites\/857\/2021\/03\/2017-18.pdf\">Redistribution and Production with the Subsistence Income Constraint: A Real-Effort Experiment&nbsp;<\/a><\/p>\n\n\n\n<p><em>Marina Chugunova, Andreas Nicklisch und Kai-Uwe Schnapp<\/em><\/p>\n\n\n\n<p><\/p>\n\n\n\n<h4 class=\"wp-block-heading\"><strong>Working Paper Nr. 2017-17<\/strong><\/h4>\n\n\n\n<p><a href=\"https:\/\/bedarfsgerechtigkeit.hsu-hh.de\/dropbox\/wp\/2017-17.pdf\" rel='nofollow'>P<\/a><a href=\"https:\/\/www.hsu-hh.de\/bedarfsgerechtigkeit\/wp-content\/uploads\/sites\/857\/2021\/03\/2017-17.pdf\">erspektiven auf eine Theorie der Bedarfsgerechtigkeit in zehn Thesen&nbsp;<\/a><\/p>\n\n\n\n<p><em>Frank Nullmeier<\/em><\/p>\n\n\n\n<p><\/p>\n\n\n\n<h4 class=\"wp-block-heading\"><strong>Working Paper Nr. 2017-15<\/strong><\/h4>\n\n\n\n<p><a href=\"https:\/\/www.hsu-hh.de\/bedarfsgerechtigkeit\/wp-content\/uploads\/sites\/857\/2021\/03\/2017-15.pdf\">Comparative and Noncomparative Measurement of Need-based Justice<\/a><\/p>\n\n\n\n<p><em>Nils Springhorn<\/em><\/p>\n\n\n\n<p><\/p>\n\n\n\n<h4 class=\"wp-block-heading\"><strong>Working Paper Nr. 2017-14<\/strong><\/h4>\n\n\n\n<p><a href=\"https:\/\/www.hsu-hh.de\/bedarfsgerechtigkeit\/wp-content\/uploads\/sites\/857\/2021\/03\/2017-14.pdff\">To Each According to His Needs: Measuring Need-based Justice<\/a><\/p>\n\n\n\n<p><em>Mark Siebel<\/em><\/p>\n\n\n\n<p><\/p>\n\n\n\n<h4 class=\"wp-block-heading\"><strong>Working Paper Nr. 2017-13<\/strong><\/h4>\n\n\n\n<p><a href=\"https:\/\/www.hsu-hh.de\/bedarfsgerechtigkeit\/wp-content\/uploads\/sites\/857\/2021\/03\/2017-13.pdf\">Needs as reference points: When marginal gains to the poor do not matter<\/a><\/p>\n\n\n\n<p><em>Arne R. Weiss, Alexander M. Bauer und Stefan Traub<\/em><\/p>\n\n\n\n<p><\/p>\n\n\n\n<h4 class=\"wp-block-heading\"><strong>Working Paper Nr. 2017-12<\/strong><\/h4>\n\n\n\n<p><a href=\"https:\/\/www.hsu-hh.de\/bedarfsgerechtigkeit\/wp-content\/uploads\/sites\/857\/2021\/03\/2017-12.pdf\">On the Measurement of Need-based Justice<\/a><\/p>\n\n\n\n<p><em>Stefan Traub, Max Bauer, Mark Siebel, Nils Springhorn und Arne Weiss<\/em><\/p>\n\n\n\n<p><\/p>\n\n\n\n<h4 class=\"wp-block-heading\"><strong>Working Paper Nr. 2017-11<\/strong><\/h4>\n\n\n\n<p><a href=\"https:\/\/www.hsu-hh.de\/bedarfsgerechtigkeit\/wp-content\/uploads\/sites\/857\/2023\/09\/2017-11.pdf\">Risk-taking under Different Welfare-state Regimes: Some Experimental Evidence<\/a><\/p>\n\n\n\n<p><em>Meike Benker, Jan Philipp Kr\u00fcgel und Stefan Traub<\/em><\/p>\n\n\n\n<p><\/p>\n\n\n\n<h4 class=\"wp-block-heading\"><strong>Working Paper Nr. 2017-09<\/strong><\/h4>\n\n\n\n<p><a href=\"https:\/\/www.hsu-hh.de\/bedarfsgerechtigkeit\/wp-content\/uploads\/sites\/857\/2021\/03\/2017-09.pdf\">When to Leave the Carrots for the Sticks: On the Evolution of Sanctioning Institutions in Open Communities<\/a><\/p>\n\n\n\n<p><em>Marina Chugunova, Wolfgang Luhan und Andreas Nicklisch<\/em><\/p>\n\n\n\n<p><\/p>\n\n\n\n<h4 class=\"wp-block-heading\"><strong>Working Paper Nr. 2017-08<\/strong><\/h4>\n\n\n\n<p><a href=\"https:\/\/www.hsu-hh.de\/bedarfsgerechtigkeit\/wp-content\/uploads\/sites\/857\/2021\/03\/2017-08.pdf\">Efficiency Loss and Support for Income Redistribution in a Laboratory Experiment<\/a>&nbsp;(Updated: October 22, 2018)<\/p>\n\n\n\n<p><em>Markus Tepe,&nbsp;Jan Lorenz,&nbsp;Maximilian Lutz und Fabian Paetzel<\/em><\/p>\n\n\n\n<p><\/p>\n\n\n\n<h4 class=\"wp-block-heading\"><strong>Working Paper Nr. 2017-07<\/strong><\/h4>\n\n\n\n<p><a href=\"https:\/\/www.hsu-hh.de\/bedarfsgerechtigkeit\/wp-content\/uploads\/sites\/857\/2021\/03\/2017-07.pdf\">Meeting Needs. An Experimental Study on Need-Based Justice and Inequality<\/a><\/p>\n\n\n\n<p><em>Tanja Pritzlaff-Scheele und Patricia Zauchner<\/em><\/p>\n\n\n\n<p><\/p>\n\n\n\n<h4 class=\"wp-block-heading\"><strong>Working Paper Nr. 2017-06<\/strong><\/h4>\n\n\n\n<p><a href=\"https:\/\/www.hsu-hh.de\/bedarfsgerechtigkeit\/wp-content\/uploads\/sites\/857\/2021\/03\/2017-06.pdf\">Transparency diminishes framing-effects in voting on redistribution: Some experimental evidence<\/a><\/p>\n\n\n\n<p><em>Fabian Paetzel, Jan Lorenz und Markus Tepe<\/em><\/p>\n\n\n\n<p><\/p>\n\n\n\n<h4 class=\"wp-block-heading\"><strong>Working Paper Nr. 2017-04<\/strong><\/h4>\n\n\n\n<p><a href=\"https:\/\/www.hsu-hh.de\/bedarfsgerechtigkeit\/wp-content\/uploads\/sites\/857\/2021\/03\/2017-04.pdf\">Need-based Justice in Social Exchange Networks<\/a><\/p>\n\n\n\n<p><em>Bernhard Kittel, Sabine Neuhofer und Manuel Schwaninger<\/em><\/p>\n\n\n\n<p><\/p>\n\n\n\n<h4 class=\"wp-block-heading\"><strong>Working Paper Nr. 2017-03<\/strong><\/h4>\n\n\n\n<p><a href=\"https:\/\/www.hsu-hh.de\/bedarfsgerechtigkeit\/wp-content\/uploads\/sites\/857\/2021\/03\/2017-03.pdf\">Need, framing, and time constraints in risky decision making<\/a><\/p>\n\n\n\n<p><em>Adele Diederich und Marc Wyszynski<\/em><\/p>\n\n\n\n<p><\/p>\n\n\n\n<h4 class=\"wp-block-heading\"><strong>Working Paper Nr. 2017-02<\/strong><\/h4>\n\n\n\n<p><a href=\"https:\/\/www.hsu-hh.de\/bedarfsgerechtigkeit\/wp-content\/uploads\/sites\/857\/2021\/03\/2017-02.pdf\">Knowledge, Power, and Self-interest<\/a><\/p>\n\n\n\n<p><em>Bernhard Kittel, Georg Kanitsar und Stefan Traub<\/em><\/p>\n\n\n\n<p><\/p>\n\n\n\n<h4 class=\"wp-block-heading\"><strong>Working Paper Nr. 2017-01<\/strong><\/h4>\n\n\n\n<p><a href=\"https:\/\/www.hsu-hh.de\/bedarfsgerechtigkeit\/wp-content\/uploads\/sites\/857\/2021\/03\/2017-01.pdf\">Risk Taking and the Welfare State: Some Experimental Evidence<\/a><\/p>\n\n\n\n<p><em>Stefan Traub und Philipp Kr\u00fcgel<\/em><\/p>\n\n\n\n<p><\/p>\n\n\n\n<h4 class=\"wp-block-heading\"><strong>Working Paper Nr. 2016-04<\/strong><\/h4>\n\n\n\n<p><a href=\"https:\/\/www.hsu-hh.de\/bedarfsgerechtigkeit\/wp-content\/uploads\/sites\/857\/2021\/03\/2016-04.pdf\">Thinking Fast Increases Framing Effects in Risky Decision-making<\/a><\/p>\n\n\n\n<p><em>Lisa Guo, Jennifer S. Trueblood und Adele Diederich<\/em><\/p>\n\n\n\n<p><\/p>\n\n\n\n<h4 class=\"wp-block-heading\"><strong>Working Paper Nr. 2016-03<\/strong><\/h4>\n\n\n\n<p><a href=\"https:\/\/www.hsu-hh.de\/bedarfsgerechtigkeit\/wp-content\/uploads\/sites\/857\/2021\/03\/2016-03.pdf\">Entitlements and Loyalty in Groups:&nbsp;An Experimental Study<\/a><\/p>\n\n\n\n<p><em>Fabian Paetzel und Rupert Sausgruber<\/em><\/p>\n\n\n\n<p><\/p>\n\n\n\n<h4 class=\"wp-block-heading\"><strong>Working Paper Nr. 2016-02<\/strong><\/h4>\n\n\n\n<p><a href=\"https:\/\/www.hsu-hh.de\/bedarfsgerechtigkeit\/wp-content\/uploads\/sites\/857\/2021\/03\/2016-02.pdf\">Information-sensitive Leviathans<\/a><\/p>\n\n\n\n<p><em>Andreas Nicklisch, Kristoffel Grechenig und Christian Th\u00f6ni<\/em><\/p>\n\n\n\n<p><\/p>\n\n\n\n<h4 class=\"wp-block-heading\"><strong>Working Paper Nr. 2016-01<\/strong><\/h4>\n\n\n\n<p><a href=\"https:\/\/www.hsu-hh.de\/bedarfsgerechtigkeit\/wp-content\/uploads\/sites\/857\/2021\/03\/2016-01.pdf\">Less sensitive reputation spurs cooperation:&nbsp;An experiment on noisy reputation systems<\/a><\/p>\n\n\n\n<p><em>Matthias Greiff und Fabian Paetzel<\/em><\/p>\n\n\n\n<p><\/p>\n\n\n\n<h4 class=\"wp-block-heading\"><strong>Working Paper Nr. 2015-05<\/strong><\/h4>\n\n\n\n<p><a href=\"https:\/\/www.hsu-hh.de\/bedarfsgerechtigkeit\/wp-content\/uploads\/sites\/857\/2021\/03\/2015-05.pdf\">The metric and the threshold problem for theories&nbsp;of health justice:&nbsp;A comment on Venkatapuram<\/a><\/p>\n\n\n\n<p><em>Thomas Schramme<\/em><\/p>\n\n\n\n<p><\/p>\n\n\n\n<h4 class=\"wp-block-heading\"><strong>Working Paper Nr. 2015-04<\/strong><\/h4>\n\n\n\n<p><a href=\"https:\/\/www.hsu-hh.de\/bedarfsgerechtigkeit\/wp-content\/uploads\/sites\/857\/2021\/03\/2015-04.pdf\">Information-sensitive Leviathans \u2013&nbsp;the Emergence of Centralized Punishment<\/a><\/p>\n\n\n\n<p><em>Andreas Nicklisch, Kristoffel Grechenig und Christian Th\u00f6ni<\/em><\/p>\n\n\n\n<p><\/p>\n\n\n\n<h4 class=\"wp-block-heading\"><strong>Working Paper Nr. 2015-03<\/strong><\/h4>\n\n\n\n<p><a href=\"https:\/\/www.hsu-hh.de\/bedarfsgerechtigkeit\/wp-content\/uploads\/sites\/857\/2021\/03\/2015-03.pdf\">Setting limits to public health efforts and the&nbsp;healthisation of society<\/a><\/p>\n\n\n\n<p><em>Thomas Schramme<\/em><\/p>\n\n\n\n<p><\/p>\n\n\n\n<h4 class=\"wp-block-heading\"><strong>Working Paper Nr. 2015-02<\/strong><\/h4>\n\n\n\n<p><a href=\"https:\/\/www.hsu-hh.de\/bedarfsgerechtigkeit\/wp-content\/uploads\/sites\/857\/2021\/03\/2015-02.pdf\">Reciprocity Models Revisited:&nbsp;Intention Factors and Reference Values<\/a><\/p>\n\n\n\n<p><em>Jana Hinz und Andreas Nicklisch<\/em><\/p>\n\n\n\n<p><\/p>\n\n\n\n<h4 class=\"wp-block-heading\"><strong>Working Paper Nr. 2015-01<\/strong><\/h4>\n\n\n\n<p><a href=\"https:\/\/www.hsu-hh.de\/bedarfsgerechtigkeit\/wp-content\/uploads\/sites\/857\/2021\/03\/2015-01.pdf\">Adversity is a school of wisdom:&nbsp;Experimental evidence on cooperative protection&nbsp;against stochastic losses<\/a><\/p>\n\n\n\n<p><em>Sonja K\u00f6ke, Andreas Lange und Andreas Nicklisch<\/em><\/p>\n","protected":false},"excerpt":{"rendered":"<p>Working Paper Nr. 2025-01 Ein Programm zum Studium des Baron-Ferejohn-Modells, insbesondere unter Ber\u00fccksichtigungvon Bedarfen Nils Springhorn Working Paper Nr. 2024-01 On the Measurement of Need-based Justice II Nils Springhorn Working [&hellip;]<\/p>\n","protected":false},"author":878,"featured_media":0,"parent":0,"menu_order":0,"comment_status":"closed","ping_status":"closed","template":"","meta":{"footnotes":""},"categories":[43],"tags":[],"class_list":["post-176","page","type-page","status-publish","hentry","category-publikationen"],"_links":{"self":[{"href":"https:\/\/www.hsu-hh.de\/bedarfsgerechtigkeit\/wp-json\/wp\/v2\/pages\/176","targetHints":{"allow":["GET"]}}],"collection":[{"href":"https:\/\/www.hsu-hh.de\/bedarfsgerechtigkeit\/wp-json\/wp\/v2\/pages"}],"about":[{"href":"https:\/\/www.hsu-hh.de\/bedarfsgerechtigkeit\/wp-json\/wp\/v2\/types\/page"}],"author":[{"embeddable":true,"href":"https:\/\/www.hsu-hh.de\/bedarfsgerechtigkeit\/wp-json\/wp\/v2\/users\/878"}],"replies":[{"embeddable":true,"href":"https:\/\/www.hsu-hh.de\/bedarfsgerechtigkeit\/wp-json\/wp\/v2\/comments?post=176"}],"version-history":[{"count":40,"href":"https:\/\/www.hsu-hh.de\/bedarfsgerechtigkeit\/wp-json\/wp\/v2\/pages\/176\/revisions"}],"predecessor-version":[{"id":416,"href":"https:\/\/www.hsu-hh.de\/bedarfsgerechtigkeit\/wp-json\/wp\/v2\/pages\/176\/revisions\/416"}],"wp:attachment":[{"href":"https:\/\/www.hsu-hh.de\/bedarfsgerechtigkeit\/wp-json\/wp\/v2\/media?parent=176"}],"wp:term":[{"taxonomy":"category","embeddable":true,"href":"https:\/\/www.hsu-hh.de\/bedarfsgerechtigkeit\/wp-json\/wp\/v2\/categories?post=176"},{"taxonomy":"post_tag","embeddable":true,"href":"https:\/\/www.hsu-hh.de\/bedarfsgerechtigkeit\/wp-json\/wp\/v2\/tags?post=176"}],"curies":[{"name":"wp","href":"https:\/\/api.w.org\/{rel}","templated":true}]}}