{"id":106,"date":"2018-01-17T14:05:25","date_gmt":"2018-01-17T13:05:25","guid":{"rendered":"https:\/\/www.hsu-hh.de\/vorlage\/?page_id=106"},"modified":"2021-10-20T14:53:41","modified_gmt":"2021-10-20T12:53:41","slug":"mitglieder","status":"publish","type":"page","link":"https:\/\/www.hsu-hh.de\/bedarfsgerechtigkeit\/mitglieder\/","title":{"rendered":"Mitglieder der FOR 2104"},"content":{"rendered":"\n<p>Zur Arbeit in der Forschergruppe hat sich ein interdisziplin\u00e4res Team von Wissenschaftlerinnen und Wissenschaftlern aus verschiedenen Universit\u00e4ten zusammengeschlossen.<\/p>\n\n\n\n<figure class=\"wp-block-image size-large\"><img loading=\"lazy\" decoding=\"async\" width=\"1024\" height=\"596\" src=\"https:\/\/www.hsu-hh.de\/bedarfsgerechtigkeit\/wp-content\/uploads\/sites\/857\/2021\/03\/Team_alle2-1024x596.jpeg\" data-credit=\"FOR2104\" alt=\"Alle2\" class=\"wp-image-158\" srcset=\"https:\/\/www.hsu-hh.de\/bedarfsgerechtigkeit\/wp-content\/uploads\/sites\/857\/2021\/03\/Team_alle2-1024x596.jpeg 1024w, https:\/\/www.hsu-hh.de\/bedarfsgerechtigkeit\/wp-content\/uploads\/sites\/857\/2021\/03\/Team_alle2-300x175.jpeg 300w, https:\/\/www.hsu-hh.de\/bedarfsgerechtigkeit\/wp-content\/uploads\/sites\/857\/2021\/03\/Team_alle2-768x447.jpeg 768w, https:\/\/www.hsu-hh.de\/bedarfsgerechtigkeit\/wp-content\/uploads\/sites\/857\/2021\/03\/Team_alle2-1536x894.jpeg 1536w, https:\/\/www.hsu-hh.de\/bedarfsgerechtigkeit\/wp-content\/uploads\/sites\/857\/2021\/03\/Team_alle2-2048x1192.jpeg 2048w, https:\/\/www.hsu-hh.de\/bedarfsgerechtigkeit\/wp-content\/uploads\/sites\/857\/2021\/03\/Team_alle2-1100x640.jpeg 1100w\" sizes=\"auto, (max-width: 1024px) 100vw, 1024px\" \/><\/figure>\n\n\n\n<h3 class=\"wp-block-heading\">Sprecher:<\/h3>\n\n\n\n<p>Prof. Dr. Stefan Traub, HSU Hamburg,&nbsp;<a href=\"https:\/\/www.hsu-hh.de\/be\/team\">Professur f\u00fcr VWL, insb. Behavioral Economics<\/a><\/p>\n\n\n\n<h3 class=\"wp-block-heading\">Koordinator:<\/h3>\n\n\n\n<p>Dr. Sebastian Finkler, HSU Hamburg,\u00a0<a href=\"https:\/\/www.hsu-hh.de\/be\/team\">Professur f\u00fcr VWL, insb. Behavioral Economics<\/a><\/p>\n\n\n\n<h3 class=\"wp-block-heading\">Projektleiter:<\/h3>\n\n\n\n<p>Prof. Dr. Adele Diederich, Jacobs Uni Bremen,&nbsp;<a href=\"http:\/\/adiederich.user.jacobs-university.de\/\" rel='nofollow'>Professor of Cognitive Psychology<\/a>&nbsp;<\/p>\n\n\n\n<p>Prof. Dr. Bernhard Kittel, Uni Wien,&nbsp;<a href=\"https:\/\/soc.univie.ac.at\/ueber-uns\/bernhard-kittel\/\" rel='nofollow'>Professur f\u00fcr Wirtschaftssoziologie<\/a><\/p>\n\n\n\n<p>Prof. Dr. Andreas Nicklisch, HTW Chur,&nbsp;<a href=\"https:\/\/www.htwchur.ch\/personen\/person\/nicklisch-andreas\/\" rel='nofollow'>Professur am Zentrum f\u00fcr wirtschaftspolitische Forschung&nbsp;<\/a><\/p>\n\n\n\n<p>Prof. Dr. Frank Nullmeier, Uni Bremen,&nbsp;<a href=\"http:\/\/www.zes.uni-bremen.de\/das-zentrum\/organisation\/mitglieder\/frank-nullmeier\/\" rel='nofollow'>Professur f\u00fcr Theorie und Verfassung des Wohlfahrtsstaates<\/a>&nbsp;&nbsp;<\/p>\n\n\n\n<p>PD Dr. Tanja Pritzlaff-Scheele, Uni Bremen,&nbsp;<a href=\"http:\/\/www.zes.uni-bremen.de\/das-zentrum\/organisation\/mitglieder\/tanja-pritzlaff-scheele\/\" rel='nofollow'>Professur Theorie und Verfassung des Wohlfahrtsstaates<\/a>&nbsp;<\/p>\n\n\n\n<p>Prof. Dr. Kai-Uwe Schnapp, Uni Hamburg,&nbsp;<a href=\"https:\/\/www.wiso.uni-hamburg.de\/fachbereich-sowi\/professuren\/schnapp\/team\/schnapp-kai-uwe.html\" rel='nofollow'>Professur f\u00fcr Politikwissenschaft, insb. Methoden der Politikwissenschaft<\/a><\/p>\n\n\n\n<p>Prof. Dr. Mark Siebel, Uni Oldenburg,&nbsp;<a href=\"http:\/\/www.uni-oldenburg.de\/philosophie\/prof-dr-mark-siebel\/\" rel='nofollow'>Professur f\u00fcr Theoretische Philosophie<\/a><\/p>\n\n\n\n<p>Prof. Dr. Markus Tepe, Uni Oldenburg,<a href=\"https:\/\/www.uni-oldenburg.de\/polsys\/\" rel='nofollow'>&nbsp;Professur f\u00fcr&nbsp;Politisches System Deutschlands<\/a><\/p>\n\n\n\n<p>Prof. Dr. Stefan Traub, HSU Hamburg,&nbsp;<a href=\"https:\/\/www.hsu-hh.de\/be\/team\">Professur f\u00fcr VWL, insb. Behavioral Economics<\/a><\/p>\n\n\n\n<h3 class=\"wp-block-heading\">Mercator-Fellow:<\/h3>\n\n\n\n<p>Prof. Dr. Thomas Schramme, Uni Liverpool,&nbsp;<a href=\"https:\/\/www.liverpool.ac.uk\/philosophy\/staff\/thomas-schramme\/\" rel='nofollow'>Professur f\u00fcr Philosophie<\/a><\/p>\n\n\n\n<h3 class=\"wp-block-heading\">Wissenschaftliche Mitarbeiter:<\/h3>\n\n\n\n<figure class=\"wp-block-image size-large\"><img loading=\"lazy\" decoding=\"async\" width=\"1024\" height=\"683\" src=\"https:\/\/www.hsu-hh.de\/bedarfsgerechtigkeit\/wp-content\/uploads\/sites\/857\/2021\/03\/WiMis-1024x683.jpeg\" data-credit=\"FOR2104\" alt=\"Wimis\" class=\"wp-image-159\" srcset=\"https:\/\/www.hsu-hh.de\/bedarfsgerechtigkeit\/wp-content\/uploads\/sites\/857\/2021\/03\/WiMis-1024x683.jpeg 1024w, https:\/\/www.hsu-hh.de\/bedarfsgerechtigkeit\/wp-content\/uploads\/sites\/857\/2021\/03\/WiMis-300x200.jpeg 300w, https:\/\/www.hsu-hh.de\/bedarfsgerechtigkeit\/wp-content\/uploads\/sites\/857\/2021\/03\/WiMis-768x512.jpeg 768w, https:\/\/www.hsu-hh.de\/bedarfsgerechtigkeit\/wp-content\/uploads\/sites\/857\/2021\/03\/WiMis-1536x1024.jpeg 1536w, https:\/\/www.hsu-hh.de\/bedarfsgerechtigkeit\/wp-content\/uploads\/sites\/857\/2021\/03\/WiMis-2048x1365.jpeg 2048w, https:\/\/www.hsu-hh.de\/bedarfsgerechtigkeit\/wp-content\/uploads\/sites\/857\/2021\/03\/WiMis-1100x733.jpeg 1100w\" sizes=\"auto, (max-width: 1024px) 100vw, 1024px\" \/><\/figure>\n\n\n\n<p>Alexander Max Bauer, Uni Oldenburg<\/p>\n\n\n\n<p>Meike Benker, HSU Hamburg<\/p>\n\n\n\n<p>Brian Dietrich, Uni Hamburg<\/p>\n\n\n\n<p>Andrew Lawrence Fassett, Uni Hamburg<\/p>\n\n\n\n<p>Ann-Katrin Kienle, HTW Chur<\/p>\n\n\n\n<p>Dr. Jan Philipp Kr\u00fcgel, HSU Hamburg<\/p>\n\n\n\n<p>Christine Meemann, HSU Hamburg<\/p>\n\n\n\n<p>Dr. Frauke Meyer, Uni Oldenburg<\/p>\n\n\n\n<p>Dr. Sabine Neuhofer, Uni Wien<\/p>\n\n\n\n<p>Dr. Manuel Schwaninger, Uni Wien<\/p>\n\n\n\n<p>Nils Springhorn, Uni Oldenburg<\/p>\n\n\n\n<p>R\u00e9ka Szendr\u00f6, Uni Wien<\/p>\n\n\n\n<p>Marc Wyszynski, Jacobs University Bremen<\/p>\n\n\n\n<p>Patricia Zauchner, Uni Bremen<\/p>\n\n\n\n<h3 class=\"wp-block-heading\">Ehemalige<\/h3>\n\n\n\n<p>Dr. Marina Chugunova, Uni Hamburg<\/p>\n\n\n\n<p>Georg Kanitsar, Uni Wien<\/p>\n\n\n\n<p>Maximilian Lutz, Uni Oldenburg<\/p>\n\n\n\n<p>Dr. Fabian Paetzel (Professurvertreter), HSU Hamburg,&nbsp;<a href=\"https:\/\/www.hsu-hh.de\/finanzwissenschaft\/\">Professur f\u00fcr VWL, insb. Public Economics<\/a><\/p>\n\n\n\n<p>Dr. Arne Weiss, Uni Oldenburg<\/p>\n","protected":false},"excerpt":{"rendered":"<p>Zur Arbeit in der Forschergruppe hat sich ein interdisziplin\u00e4res Team von Wissenschaftlerinnen und Wissenschaftlern aus verschiedenen Universit\u00e4ten zusammengeschlossen. Sprecher: Prof. Dr. Stefan Traub, HSU Hamburg,&nbsp;Professur f\u00fcr VWL, insb. Behavioral Economics [&hellip;]<\/p>\n","protected":false},"author":26,"featured_media":0,"parent":0,"menu_order":0,"comment_status":"closed","ping_status":"closed","template":"","meta":{"footnotes":""},"categories":[8],"tags":[],"class_list":["post-106","page","type-page","status-publish","hentry","category-team"],"_links":{"self":[{"href":"https:\/\/www.hsu-hh.de\/bedarfsgerechtigkeit\/wp-json\/wp\/v2\/pages\/106","targetHints":{"allow":["GET"]}}],"collection":[{"href":"https:\/\/www.hsu-hh.de\/bedarfsgerechtigkeit\/wp-json\/wp\/v2\/pages"}],"about":[{"href":"https:\/\/www.hsu-hh.de\/bedarfsgerechtigkeit\/wp-json\/wp\/v2\/types\/page"}],"author":[{"embeddable":true,"href":"https:\/\/www.hsu-hh.de\/bedarfsgerechtigkeit\/wp-json\/wp\/v2\/users\/26"}],"replies":[{"embeddable":true,"href":"https:\/\/www.hsu-hh.de\/bedarfsgerechtigkeit\/wp-json\/wp\/v2\/comments?post=106"}],"version-history":[{"count":7,"href":"https:\/\/www.hsu-hh.de\/bedarfsgerechtigkeit\/wp-json\/wp\/v2\/pages\/106\/revisions"}],"predecessor-version":[{"id":311,"href":"https:\/\/www.hsu-hh.de\/bedarfsgerechtigkeit\/wp-json\/wp\/v2\/pages\/106\/revisions\/311"}],"wp:attachment":[{"href":"https:\/\/www.hsu-hh.de\/bedarfsgerechtigkeit\/wp-json\/wp\/v2\/media?parent=106"}],"wp:term":[{"taxonomy":"category","embeddable":true,"href":"https:\/\/www.hsu-hh.de\/bedarfsgerechtigkeit\/wp-json\/wp\/v2\/categories?post=106"},{"taxonomy":"post_tag","embeddable":true,"href":"https:\/\/www.hsu-hh.de\/bedarfsgerechtigkeit\/wp-json\/wp\/v2\/tags?post=106"}],"curies":[{"name":"wp","href":"https:\/\/api.w.org\/{rel}","templated":true}]}}