{"id":1400,"date":"2023-02-09T06:55:50","date_gmt":"2023-02-09T05:55:50","guid":{"rendered":"https:\/\/www.hsu-hh.de\/be\/?page_id=1400"},"modified":"2025-03-10T07:20:39","modified_gmt":"2025-03-10T06:20:39","slug":"ehemalige","status":"publish","type":"page","link":"https:\/\/www.hsu-hh.de\/be\/ehemalige","title":{"rendered":"Ehemalige"},"content":{"rendered":"\n<p><a href=\"https:\/\/www.hsu-hh.de\/psyaow\/team\/pauline-halm-m-sc\/\" target=\"_blank\" rel=\"noreferrer noopener\"><em>Pauline Halm, M. Sc.<\/em><\/a><\/p>\n\n\n\n<p><em><a href=\"https:\/\/www.hsu-hh.de\/be\/kruegel\" target=\"_blank\" rel=\"noreferrer noopener\"><abbr title=\"Doktor\">Dr.<\/abbr> Philipp Kr\u00fcgel<\/a><\/em><\/p>\n\n\n\n<p><em><abbr title=\"Professor\">Prof.<\/abbr> <abbr title=\"Doktor\">Dr.<\/abbr> Fabian Paetzel<\/em>, <a href=\"https:\/\/www.wiwi.tu-clausthal.de\/ueber-uns\/abteilungen\/volkswirtschaftslehre\/ueber-uns\/team\/prof-dr-fabian-paetzel\" target=\"_blank\" rel=\"noreferrer noopener\"><abbr title=\"Technische Universit\u00e4t\">TU<\/abbr> Clausthal<\/a><\/p>\n\n\n\n<p><em><abbr title=\"Doktor\">Dr.<\/abbr> Sebastian Finkler<\/em>, Grundsatzreferent, Bevollm\u00e4chtigter f\u00fcr Innovation und Strategie \/ CIO<br>Saarbr\u00fccken, Saarland, Deutschland<\/p>\n\n\n\n<p><em>Ute Losch<\/em>, M. Sc.<\/p>\n\n\n\n<p><em><abbr title=\"Doktor\">Dr.<\/abbr> Janina Kraus,  <\/em><a rel=\"noreferrer noopener\" href=\"https:\/\/www.wiwi.tu-clausthal.de\/ueber-uns\/team\/wissenschaftliche-angestellte\/janina-kraus-m-a\/\" target=\"_blank\"><abbr title=\"Technische Universit\u00e4t\">TU<\/abbr> Clausthal<\/a><\/p>\n\n\n\n<p><em><abbr title=\"Doktor\">Dr.<\/abbr> Meike Benker<\/em><\/p>\n\n\n\n<p><em><abbr title=\"Doktor\">Dr.<\/abbr> Hongyang<\/em><\/p>\n\n\n\n<p><em>Ole Kutzschbauch<\/em><\/p>\n","protected":false},"excerpt":{"rendered":"<p>Pauline Halm, M. Sc. Dr. Philipp Kr\u00fcgel Prof. Dr. Fabian Paetzel, TU Clausthal Dr. Sebastian Finkler, Grundsatzreferent, Bevollm\u00e4chtigter f\u00fcr Innovation und Strategie \/ CIOSaarbr\u00fccken, Saarland, Deutschland Ute Losch, M. Sc. [&hellip;]<\/p>\n","protected":false},"author":37,"featured_media":0,"parent":0,"menu_order":0,"comment_status":"closed","ping_status":"closed","template":"","meta":{"footnotes":""},"categories":[8],"tags":[],"class_list":["post-1400","page","type-page","status-publish","hentry","category-team"],"_links":{"self":[{"href":"https:\/\/www.hsu-hh.de\/be\/wp-json\/wp\/v2\/pages\/1400","targetHints":{"allow":["GET"]}}],"collection":[{"href":"https:\/\/www.hsu-hh.de\/be\/wp-json\/wp\/v2\/pages"}],"about":[{"href":"https:\/\/www.hsu-hh.de\/be\/wp-json\/wp\/v2\/types\/page"}],"author":[{"embeddable":true,"href":"https:\/\/www.hsu-hh.de\/be\/wp-json\/wp\/v2\/users\/37"}],"replies":[{"embeddable":true,"href":"https:\/\/www.hsu-hh.de\/be\/wp-json\/wp\/v2\/comments?post=1400"}],"version-history":[{"count":9,"href":"https:\/\/www.hsu-hh.de\/be\/wp-json\/wp\/v2\/pages\/1400\/revisions"}],"predecessor-version":[{"id":1841,"href":"https:\/\/www.hsu-hh.de\/be\/wp-json\/wp\/v2\/pages\/1400\/revisions\/1841"}],"wp:attachment":[{"href":"https:\/\/www.hsu-hh.de\/be\/wp-json\/wp\/v2\/media?parent=1400"}],"wp:term":[{"taxonomy":"category","embeddable":true,"href":"https:\/\/www.hsu-hh.de\/be\/wp-json\/wp\/v2\/categories?post=1400"},{"taxonomy":"post_tag","embeddable":true,"href":"https:\/\/www.hsu-hh.de\/be\/wp-json\/wp\/v2\/tags?post=1400"}],"curies":[{"name":"wp","href":"https:\/\/api.w.org\/{rel}","templated":true}]}}