{"id":1377,"date":"2023-02-09T06:50:16","date_gmt":"2023-02-09T05:50:16","guid":{"rendered":"https:\/\/www.hsu-hh.de\/be\/?page_id=1377"},"modified":"2025-09-02T09:37:55","modified_gmt":"2025-09-02T07:37:55","slug":"prof-traub","status":"publish","type":"page","link":"https:\/\/www.hsu-hh.de\/be\/prof-traub","title":{"rendered":"Prof. Dr. Stefan Traub"},"content":{"rendered":"<div class=\"wp-block-image is-style-default\">\n<figure class=\"alignright size-full is-resized\"><img loading=\"lazy\" decoding=\"async\" width=\"505\" height=\"390\" src=\"https:\/\/www.hsu-hh.de\/be\/wp-content\/uploads\/sites\/570\/2024\/11\/20241106_Professur_Traub_Team_CG002a.jpg\" data-credit=\"HSU\/Gelhausen\" alt=\"\" class=\"wp-image-1755\" style=\"width:288px;height:auto\" srcset=\"https:\/\/www.hsu-hh.de\/be\/wp-content\/uploads\/sites\/570\/2024\/11\/20241106_Professur_Traub_Team_CG002a.jpg 505w, https:\/\/www.hsu-hh.de\/be\/wp-content\/uploads\/sites\/570\/2024\/11\/20241106_Professur_Traub_Team_CG002a-300x232.jpg 300w\" sizes=\"auto, (max-width: 505px) 100vw, 505px\" \/><\/figure>\n<\/div>\n\n\n<p><\/p>\n\n\n\n<p>Helmut-Schmidt-Universit\u00e4t<br>Holstenhofweg 85, Geb. H1, R 2158<br>22043 Hamburg<br>Tel. (+49) 040 6541 2865<\/p>\n\n\n\n<p>EMail:&nbsp;stefan.traub(at)hsu-hh.de<\/p>\n\n\n\n<p>Sprechstunde: im Trimester Mittwochs, 13-14 Uhr oder nach Vereinbarung (<abbr title=\"gegebenenfalls\">ggf.<\/abbr> online auf MS Teams).<\/p>\n\n\n\n<p><\/p>\n\n\n\n<p><\/p>\n\n\n\n<p><\/p>\n\n\n\n<p><strong>Kurzlebenslauf<\/strong><\/p>\n\n\n\n<p>Seit April 2015 ist Stefan Traub Professur f\u00fcr Volkswirtschaftslehre,&nbsp;<abbr title=\"insbesondere\">insb.<\/abbr>&nbsp;Behavioral Economics, an der <abbr title=\"Helmut Schmidt Universit\u00e4t\">HSU<\/abbr> Hamburg. Er ist mit einem Teilprojekt am Exzellenzcluster EXC 2037 \u201eClimate, Climate Change and Society\u201c (CliCCS) beteiligt (gem. mit M. Berlemann) und am 2026 beginnenden Nachfolgeprojekt CliCCS II beteiligt.  Er war Sprecher der DFG-Forschergruppe 2104 \u201eBedarfsgerechtigkeit und Verteilungsprozeduren\u201c (F\u00f6rderung 2015-2022).<\/p>\n\n\n\n<p><abbr title=\"Professor\">Prof.<\/abbr>&nbsp;<abbr title=\"Doktor\">Dr.<\/abbr>&nbsp;Stefan Traub wurde am 22.6.1968 in Bad Oldesloe geboren. Er ist verheiratet und hat zwei Kinder. Nach dem Abitur absolvierte Stefan Traub eine Ausbildung zum Verlagskaufmann und arbeitete freiberuflich als Journalist f\u00fcr die Segeberger Zeitung.<\/p>\n\n\n\n<p>Er studierte von 1990-1995 in Kiel Volkswirtschaftslehre (quantitative Richtung) und erhielt 1994 f\u00fcr seine Diplomarbeit zum Thema Armutsmessung den Erich-Schneider-Preis. 1999 promovierte Stefan Traub bei&nbsp;<abbr title=\"Professor\">Prof.<\/abbr>&nbsp;<abbr title=\"Doktor\">Dr.<\/abbr>&nbsp;Christian Seidl am Lehrstuhl f\u00fcr Finanzwissenschaft und Sozialpolitik zum Thema \u201eFraming Effects in Taxation: An Empirical Study Using&nbsp;the&nbsp;German&nbsp;Income Tax Schedule\u201c.&nbsp;Im Jahr 2002 folgte die Habilitation mit einer kumulativen Schrift \u201eEssays in Public Economics\u201c.<\/p>\n\n\n\n<p>Stefan Traub folgte 2006 einem Ruf auf den Lehrstuhl f\u00fcr Finanzwissenschaft nach Bremen. Er war dort&nbsp;von 2008-2014 Mitglied des SFB 597 \u201eStaatlichkeit im Wandel\u201c und Mitantragsteller der durch das Exzellenzprogramm gef\u00f6rderten BIGSSS (Bremen International Graduate School&nbsp;of&nbsp;Social Sciences). Er war Koabteilungsleiter der Wirtschaftswissenschaftlichen Abteilung des Zentrums f\u00fcr Sozialpolitik (ZeS\/Socium) und fungierte bis zu seinem Wechsel nach Hamburg als stellvertretender Sprecher des ZeS\/Socium.<\/p>\n\n\n\n<p>Stefan Traub ist Mitglied des Vereins f\u00fcr Socialpolitik und der Aussch\u00fcsse f\u00fcr Finanzwissenschaft und f\u00fcr Sozialpolitik sowie internationaler Vereinigungen wie GfeW (Gesellschaft f\u00fcr experimentelle Wirtschaftsforschung) und ESA (Economic Science Association).<\/p>\n\n\n\n<p><a href=\"https:\/\/www.hsu-hh.de\/be\/wp-content\/uploads\/sites\/570\/2025\/09\/LebenslaufStefanTraubSeptember2025.pdf\" target=\"_blank\" rel=\"noreferrer noopener\">Lebenslauf<\/a><\/p>\n\n\n\n<p><a href=\"https:\/\/www.hsu-hh.de\/be\/wp-content\/uploads\/sites\/570\/2025\/09\/PublicationsStefanTraubSeptember2025-1.pdf\" target=\"_blank\" rel=\"noreferrer noopener\">Aktuelle Publikationsliste (download)<\/a><\/p>\n\n\n\n<p><\/p>\n\n\n\n<hr class=\"wp-block-separator has-alpha-channel-opacity\" \/>\n\n\n\n<p><strong>Forschungsschwerpunkte<\/strong><\/p>\n\n\n\n<ul class=\"wp-block-list\">\n<li>Mathematik und quantitative Methoden<\/li>\n\n\n\n<li>Experimentelle \u00d6konomik<\/li>\n\n\n\n<li>Laborexperimente, Individualverhalten<\/li>\n\n\n\n<li>Laborexperimente, Gruppenverhalten<\/li>\n<\/ul>\n\n\n\n<p>Mikro\u00f6konomik<\/p>\n\n\n\n<ul class=\"wp-block-list\">\n<li>Wohlfahrt<br>&#8211; Gerechtigkeit und Ungleichheit<\/li>\n\n\n\n<li>Analyse von Kollektiventscheidungen<br>&#8211; Kollektiventscheidungstheorie<\/li>\n\n\n\n<li>Informationen und Unsicherheit<br>&#8211; Kriterien f\u00fcr Entscheidungen unter Risiko und Unsicherheit<\/li>\n<\/ul>\n\n\n\n<p>Finanzwissenschaft<\/p>\n\n\n\n<ul class=\"wp-block-list\">\n<li>Lokale \u00f6ffentliche G\u00fcter<\/li>\n\n\n\n<li>Finanzausgleich<\/li>\n<\/ul>\n\n\n\n<p>Soziale Sicherung und Rentensystem<\/p>\n\n\n\n<ul class=\"wp-block-list\">\n<li>Gesundheit, Bildung und Wohlfahrt<br>&#8211; Wohlfahrt und Armut<br>&#8211; Messung und Analyse der Armut<\/li>\n<\/ul>\n\n\n\n<p>Umwelt\u2013 und Ressourcen\u00f6konomik<\/p>\n\n\n\n<ul class=\"wp-block-list\">\n<li>Energie<br>&#8211; Nachfrage und Angebot (erneuerbare Energien)<\/li>\n<\/ul>\n","protected":false},"excerpt":{"rendered":"<p>Helmut-Schmidt-Universit\u00e4tHolstenhofweg 85, Geb. H1, R 215822043 HamburgTel. (+49) 040 6541 2865 EMail:&nbsp;stefan.traub(at)hsu-hh.de Sprechstunde: im Trimester Mittwochs, 13-14 Uhr oder nach Vereinbarung (ggf. online auf MS Teams). Kurzlebenslauf Seit April 2015 [&hellip;]<\/p>\n","protected":false},"author":37,"featured_media":0,"parent":0,"menu_order":0,"comment_status":"closed","ping_status":"closed","template":"","meta":{"footnotes":""},"categories":[8],"tags":[],"class_list":["post-1377","page","type-page","status-publish","hentry","category-team"],"_links":{"self":[{"href":"https:\/\/www.hsu-hh.de\/be\/wp-json\/wp\/v2\/pages\/1377","targetHints":{"allow":["GET"]}}],"collection":[{"href":"https:\/\/www.hsu-hh.de\/be\/wp-json\/wp\/v2\/pages"}],"about":[{"href":"https:\/\/www.hsu-hh.de\/be\/wp-json\/wp\/v2\/types\/page"}],"author":[{"embeddable":true,"href":"https:\/\/www.hsu-hh.de\/be\/wp-json\/wp\/v2\/users\/37"}],"replies":[{"embeddable":true,"href":"https:\/\/www.hsu-hh.de\/be\/wp-json\/wp\/v2\/comments?post=1377"}],"version-history":[{"count":22,"href":"https:\/\/www.hsu-hh.de\/be\/wp-json\/wp\/v2\/pages\/1377\/revisions"}],"predecessor-version":[{"id":1899,"href":"https:\/\/www.hsu-hh.de\/be\/wp-json\/wp\/v2\/pages\/1377\/revisions\/1899"}],"wp:attachment":[{"href":"https:\/\/www.hsu-hh.de\/be\/wp-json\/wp\/v2\/media?parent=1377"}],"wp:term":[{"taxonomy":"category","embeddable":true,"href":"https:\/\/www.hsu-hh.de\/be\/wp-json\/wp\/v2\/categories?post=1377"},{"taxonomy":"post_tag","embeddable":true,"href":"https:\/\/www.hsu-hh.de\/be\/wp-json\/wp\/v2\/tags?post=1377"}],"curies":[{"name":"wp","href":"https:\/\/api.w.org\/{rel}","templated":true}]}}