{"id":1373,"date":"2023-02-08T13:49:47","date_gmt":"2023-02-08T12:49:47","guid":{"rendered":"https:\/\/www.hsu-hh.de\/be\/?page_id=1373"},"modified":"2025-06-30T07:55:16","modified_gmt":"2025-06-30T05:55:16","slug":"vorherige-lehrveranstaltungen","status":"publish","type":"page","link":"https:\/\/www.hsu-hh.de\/be\/vorherige-lehrveranstaltungen","title":{"rendered":"Vorherige Lehrveranstaltungen"},"content":{"rendered":"\n<p><\/p>\n\n\n\n<p class=\"has-medium-font-size\"><strong><abbr title=\"Fr\u00fchjahrstrimester\">FT<\/abbr> 2025:<\/strong><\/p>\n\n\n\n<p>Spieltheorie und Experimental\u00f6konomik: Einf\u00fchrung in die Spieltheorie (WS53V02)<br>Volkswirtschaftliches Seminar: Verhaltens\u00f6konomik (WS35V16)<br>Master-Thesis\/ Master-Kolloquium (WS64V03)<\/p>\n\n\n\n<p class=\"has-medium-font-size\"><strong><abbr title=\"Wintertrimester\">WT<\/abbr> 2025<\/strong>:<\/p>\n\n\n\n<p>Volkswirtschaftliches Seminar (WS64V02)<br><abbr title=\"Volkswirtschaftslehre\">VWL<\/abbr> Vertiefung: Verhaltens\u00f6konomik (WS55V09)<\/p>\n\n\n\n<p class=\"has-medium-font-size\"><strong><abbr title=\"Herbsttrimester\">HT<\/abbr>&nbsp;2024<\/strong>:<br>BA-Thesis\/-Kolloquium (WS57V01) <br>Fortgeschrittene Spieltheorie (MSc) (WS62V26)<br>Spieltheorie f\u00fcr Nicht\u00f6konomen (ISA 00401)<\/p>\n\n\n\n<p class=\"has-medium-font-size\"><strong><abbr title=\"Fr\u00fchjahrstrimester\">FT<\/abbr> 2024<\/strong>:<br>Einf\u00fchrung in die Spieltheorie (WS53V02) <br>Public Economics und Verhaltens\u00f6konomik (WS62V32) <br>Bachelor: Volkswirtschaftliches Seminar (WS35V16)<br>Masterthesis und -kolloquium (WS64V03) (12. Trimester)<br><br><strong><abbr title=\"Wintertrimester\">WT<\/abbr> 2024:<\/strong><br>Volkswirtschaftliches Seminar (WS64V02)<br>Verhaltens\u00f6konomik (WS55V09)<br>Mikro\u00f6konomik (WS52V01<\/p>\n\n\n\n<p><strong><abbr title=\"Herbsttrimester\">HT<\/abbr> 2023:<\/strong><br>BA-Thesis\/-Kolloquium (WS57V01)<br>\u00d6konomik des Wohlfahrtsstaates (WS62V25)&nbsp;<br>Spieltheorie f\u00fcr Nicht\u00f6konomen (ISA 00401)<\/p>\n\n\n\n<p><strong><abbr title=\"Fr\u00fchjahrstrimester\">FT<\/abbr> 2023:<\/strong><br>Spieltheorie und Experimental\u00f6konomik: Einf\u00fchrung in die Spieltheorie (WS53V02)<br>Spieltheorie und Experimental\u00f6konomik: Experimentelle Wirtschaftsforschung (WS53V02)<br>Volkswirtschaftliches Seminar (WS35V16)&nbsp;<br>MA-Thesis\/-kolloquium (WS64V03)<\/p>\n\n\n\n<p><strong><abbr title=\"Wintertrimester\">WT<\/abbr> 2023:<\/strong><br>Volkswirtschaftliches Seminar (WS64V02) <br>Verhaltens\u00f6konomik (WS55V09)<br>Mikro\u00f6konomik (WS52V01<\/p>\n\n\n\n<p><strong><abbr title=\"Herbsttrimester\">HT<\/abbr> 2022:<\/strong><br>BA-Thesis-Kolloquium (WS57V01)<br>Theorie der Alterssicherung (WS62V27)<br>ISA: Spieltheorie f\u00fcr Nicht\u00f6konomen (ISA 401)<\/p>\n\n\n\n<p><strong><abbr title=\"Fr\u00fchjahrstrimester\">FT<\/abbr> 2022:<\/strong><br>MA-Thesis-Kolloquium (WS64V03)<br>BA-Thesis-Kolloquium (WS57V01)<br>Spieltheorie und Experimental\u00f6konomik: Einf\u00fchrung in die Spieltheorie (WS53V02)<br>Spieltheorie und Experimental\u00f6konomik: Experimentelle Wirtschaftsforschung (WS53V02)<\/p>\n\n\n\n<p><strong><abbr title=\"Wintertrimester\">WT<\/abbr> 2022:<\/strong><br>Master-Thesis\/ Master- Kolloquium (WS64V03)<br>Volkswirtschaftliches Seminar (WS64V02)<\/p>\n\n\n\n<p><\/p>\n","protected":false},"excerpt":{"rendered":"<p>FT 2025: Spieltheorie und Experimental\u00f6konomik: Einf\u00fchrung in die Spieltheorie (WS53V02)Volkswirtschaftliches Seminar: Verhaltens\u00f6konomik (WS35V16)Master-Thesis\/ Master-Kolloquium (WS64V03) WT 2025: Volkswirtschaftliches Seminar (WS64V02)VWL Vertiefung: Verhaltens\u00f6konomik (WS55V09) HT&nbsp;2024:BA-Thesis\/-Kolloquium (WS57V01) Fortgeschrittene Spieltheorie (MSc) (WS62V26)Spieltheorie f\u00fcr [&hellip;]<\/p>\n","protected":false},"author":37,"featured_media":0,"parent":0,"menu_order":0,"comment_status":"closed","ping_status":"closed","template":"","meta":{"footnotes":""},"categories":[4],"tags":[],"class_list":["post-1373","page","type-page","status-publish","hentry","category-forschung"],"_links":{"self":[{"href":"https:\/\/www.hsu-hh.de\/be\/wp-json\/wp\/v2\/pages\/1373","targetHints":{"allow":["GET"]}}],"collection":[{"href":"https:\/\/www.hsu-hh.de\/be\/wp-json\/wp\/v2\/pages"}],"about":[{"href":"https:\/\/www.hsu-hh.de\/be\/wp-json\/wp\/v2\/types\/page"}],"author":[{"embeddable":true,"href":"https:\/\/www.hsu-hh.de\/be\/wp-json\/wp\/v2\/users\/37"}],"replies":[{"embeddable":true,"href":"https:\/\/www.hsu-hh.de\/be\/wp-json\/wp\/v2\/comments?post=1373"}],"version-history":[{"count":18,"href":"https:\/\/www.hsu-hh.de\/be\/wp-json\/wp\/v2\/pages\/1373\/revisions"}],"predecessor-version":[{"id":1886,"href":"https:\/\/www.hsu-hh.de\/be\/wp-json\/wp\/v2\/pages\/1373\/revisions\/1886"}],"wp:attachment":[{"href":"https:\/\/www.hsu-hh.de\/be\/wp-json\/wp\/v2\/media?parent=1373"}],"wp:term":[{"taxonomy":"category","embeddable":true,"href":"https:\/\/www.hsu-hh.de\/be\/wp-json\/wp\/v2\/categories?post=1373"},{"taxonomy":"post_tag","embeddable":true,"href":"https:\/\/www.hsu-hh.de\/be\/wp-json\/wp\/v2\/tags?post=1373"}],"curies":[{"name":"wp","href":"https:\/\/api.w.org\/{rel}","templated":true}]}}