{"id":1014,"date":"2020-12-03T10:23:20","date_gmt":"2020-12-03T09:23:20","guid":{"rendered":"https:\/\/www.hsu-hh.de\/be\/?page_id=1014"},"modified":"2021-12-18T12:29:48","modified_gmt":"2021-12-18T11:29:48","slug":"forschungsgruppe-erika","status":"publish","type":"page","link":"https:\/\/www.hsu-hh.de\/be\/forschungsgruppe-erika","title":{"rendered":"ERika"},"content":{"rendered":"\n<div class=\"wp-block-image\"><figure class=\"alignright size-large\"><img loading=\"lazy\" decoding=\"async\" width=\"336\" height=\"144\" src=\"https:\/\/www.hsu-hh.de\/be\/wp-content\/uploads\/sites\/570\/2020\/12\/BfR-Logo.png\" data-credit=\"\" alt=\"\" class=\"wp-image-1021\" srcset=\"https:\/\/www.hsu-hh.de\/be\/wp-content\/uploads\/sites\/570\/2020\/12\/BfR-Logo.png 336w, https:\/\/www.hsu-hh.de\/be\/wp-content\/uploads\/sites\/570\/2020\/12\/BfR-Logo-300x129.png 300w\" sizes=\"auto, (max-width: 336px) 100vw, 336px\" \/><\/figure><\/div>\n\n\n\n<div class=\"wp-block-image\"><figure class=\"alignright size-large is-resized\"><img loading=\"lazy\" decoding=\"async\" src=\"https:\/\/www.hsu-hh.de\/be\/wp-content\/uploads\/sites\/570\/2020\/12\/HSU-Logo.jpg\" data-credit=\"\" alt=\"\" class=\"wp-image-1022\" width=\"225\" height=\"165\" srcset=\"https:\/\/www.hsu-hh.de\/be\/wp-content\/uploads\/sites\/570\/2020\/12\/HSU-Logo.jpg 450w, https:\/\/www.hsu-hh.de\/be\/wp-content\/uploads\/sites\/570\/2020\/12\/HSU-Logo-300x219.jpg 300w\" sizes=\"auto, (max-width: 225px) 100vw, 225px\" \/><\/figure><\/div>\n\n\n\n<p>Kooperation der Helmut-Schmidt-Universit\u00e4t\/Universit\u00e4t der Bundeswehr Hamburg mit dem Bundesinstitut f\u00fcr Risikobewertung zum Thema:<\/p>\n\n\n\n<p>Effektive Risikokommunikation (ERika): Kosten einer Krise \u2013 Analyse der Bedeutung von Non-Events im gesundheitlichen Verbraucherschutz<\/p>\n\n\n\n<p><strong>Zusammenfassung des Projektes<\/strong><\/p>\n\n\n\n<p>Die Forschungsgruppe <em>ERika<\/em> besteht aus Wissenschaftlerinnen und Wissenschaftlern der Helmut-Schmidt-Universit\u00e4t (HSU) und des Bundesinstituts f\u00fcr Risikobewertung (BfR). Sie leistet Beitr\u00e4ge zur wissenschaftlichen Fundierung der Risikokommunikation und erh\u00f6ht damit ihre Effektivit\u00e4t. Die Forschungsgruppe untersucht innerhalb von drei Jahren mit Hilfe eines theoriegeleiteten empirisch-experimentellen Methodenmix das konkrete Thema \u201eKosten einer Krise \u2013 Analyse der Bedeutung von Non-Events im gesundheitlichen Verbraucherschutz\u201c aus \u00f6konomischer und psychologischer Sicht. Im Kontext von Non-Events haben Ma\u00dfnahmen der Risikokommunikation das Ziel, pr\u00e4ventiv zu wirken, Krisen zu verhindern und dementsprechend die Gesundheit der Zielgruppen zu sch\u00fctzen. Im Rahmen des Projekts soll ebenfalls untersucht werden, ob und wie Kosten-Nutzen-Abw\u00e4gungen in der Kommunikation mit verschiedenen Stakeholdern und zum Reputationsmanagement eingesetzt werden k\u00f6nnen.<\/p>\n\n\n\n<p><strong>Beteiligte Wissenschaftlerinnen und Wissenschaftler der HSU<\/strong><\/p>\n\n\n\n<p><a href=\"https:\/\/www.hsu-hh.de\/psyaow\/team\/felfe\/\">Prof. Dr. J\u00f6rg Felfe<\/a> \u2013 <em>Arbeits-, Organisations- und Wirtschaftspsychologie<\/em><br><a href=\"https:\/\/www.hsu-hh.de\/epu\/de\/team_de\/jacobsen\">Prof. Dr. Thomas Jacobsen<\/a> \u2013 <em>Allgemeine und Biologische Psychologie<\/em><br><a href=\"https:\/\/www.hsu-hh.de\/klinpsych\/\">Prof. Dr. Yvonne Nestoriuc<\/a> \u2013 <em>Klinische Psychologie<\/em><br><a href=\"https:\/\/www.wiwi.tu-clausthal.de\/ueber-uns\/abteilungen\/volkswirtschaftslehre\/ueber-uns\/team\/prof-dr-fabian-paetzel\" rel='nofollow'>Prof. Dr. Fabian Paetzel<\/a> \u2013 <em>Volkswirtschaftslehre<\/em> (seit 10\/2021 an der TU Clausthal)<br><a href=\"https:\/\/www.hsu-hh.de\/be\/\">Prof. Dr. Stefan Traub<\/a> \u2013 <em>Volkswirtschaftslehre, insb. Behavioral Economics<\/em><\/p>\n\n\n\n<p><\/p>\n\n\n\n<p><strong>Beteiligte Wissenschaftlerinnen und Wissenschaftler des BfR<\/strong><\/p>\n\n\n\n<p>Dr. Natalie Berger \u2013 <em>Risikokommunikation, insb. Kognitionswissenschaft<\/em><br>PD Dr. Gaby-Fleur B\u00f6l \u2013 <em>Risikokommunikation<\/em><br>Dr. Ann-Kathrin Lindemann \u2013 <em>Krisenpr\u00e4vention und -koordination<\/em><br>Dr. Mark Lohmann \u2013 <em>Risikosoziologie und Risiko-Nutzen-Absch\u00e4tzung<\/em><br>Dr. Annett Schulze \u2013 <em>Krisenpr\u00e4vention und -koordination, insb. Risiko- und Krisenkommunikation<\/em><\/p>\n\n\n\n<p>Webseite des BfR: <a href=\"https:\/\/www.bfr.bund.de\/de\/start.html\" rel='nofollow'>Link<\/a><\/p>\n\n\n\n<p><strong>Ansprechpartner (Sprecher)<\/strong><\/p>\n\n\n\n<p>Prof. Dr. Stefan Traub<br>Professur f\u00fcr Volkswirtschaftslehre, insb. Verhaltens\u00f6konomik<br>Helmut-Schmidt Universit\u00e4t\/Universit\u00e4t der Bundeswehr Hamburg<br>Holstenhofweg 85<br>D-22043 Hamburg<br>Tel.: +49 40 6541-2865<br>E-Mail: traubs@hsu-hh.de<\/p>\n","protected":false},"excerpt":{"rendered":"<p>Kooperation der Helmut-Schmidt-Universit\u00e4t\/Universit\u00e4t der Bundeswehr Hamburg mit dem Bundesinstitut f\u00fcr Risikobewertung zum Thema: Effektive Risikokommunikation (ERika): Kosten einer Krise \u2013 Analyse der Bedeutung von Non-Events im gesundheitlichen Verbraucherschutz Zusammenfassung des [&hellip;]<\/p>\n","protected":false},"author":37,"featured_media":0,"parent":0,"menu_order":0,"comment_status":"closed","ping_status":"closed","template":"","meta":{"footnotes":""},"categories":[4],"tags":[],"class_list":["post-1014","page","type-page","status-publish","hentry","category-forschung"],"_links":{"self":[{"href":"https:\/\/www.hsu-hh.de\/be\/wp-json\/wp\/v2\/pages\/1014","targetHints":{"allow":["GET"]}}],"collection":[{"href":"https:\/\/www.hsu-hh.de\/be\/wp-json\/wp\/v2\/pages"}],"about":[{"href":"https:\/\/www.hsu-hh.de\/be\/wp-json\/wp\/v2\/types\/page"}],"author":[{"embeddable":true,"href":"https:\/\/www.hsu-hh.de\/be\/wp-json\/wp\/v2\/users\/37"}],"replies":[{"embeddable":true,"href":"https:\/\/www.hsu-hh.de\/be\/wp-json\/wp\/v2\/comments?post=1014"}],"version-history":[{"count":13,"href":"https:\/\/www.hsu-hh.de\/be\/wp-json\/wp\/v2\/pages\/1014\/revisions"}],"predecessor-version":[{"id":1200,"href":"https:\/\/www.hsu-hh.de\/be\/wp-json\/wp\/v2\/pages\/1014\/revisions\/1200"}],"wp:attachment":[{"href":"https:\/\/www.hsu-hh.de\/be\/wp-json\/wp\/v2\/media?parent=1014"}],"wp:term":[{"taxonomy":"category","embeddable":true,"href":"https:\/\/www.hsu-hh.de\/be\/wp-json\/wp\/v2\/categories?post=1014"},{"taxonomy":"post_tag","embeddable":true,"href":"https:\/\/www.hsu-hh.de\/be\/wp-json\/wp\/v2\/tags?post=1014"}],"curies":[{"name":"wp","href":"https:\/\/api.w.org\/{rel}","templated":true}]}}