{"id":984,"date":"2025-04-24T09:49:50","date_gmt":"2025-04-24T07:49:50","guid":{"rendered":"https:\/\/www.hsu-hh.de\/baubetrieb\/?page_id=984"},"modified":"2025-04-24T10:16:37","modified_gmt":"2025-04-24T08:16:37","slug":"last-planner-workshop","status":"publish","type":"page","link":"https:\/\/www.hsu-hh.de\/baubetrieb\/last-planner-workshop\/","title":{"rendered":"Last Planner Workshop"},"content":{"rendered":"\n<p><em>\u2026wenn Lego und LEAN aufeinandertreffen<\/em><\/p>\n\n\n\n<figure class=\"wp-block-image size-large\"><img loading=\"lazy\" decoding=\"async\" width=\"1024\" height=\"485\" src=\"https:\/\/www.hsu-hh.de\/baubetrieb\/wp-content\/uploads\/sites\/919\/2025\/04\/20250311_144634-1024x485.jpg\" data-credit=\"BBG\" alt=\"\" class=\"wp-image-988\" srcset=\"https:\/\/www.hsu-hh.de\/baubetrieb\/wp-content\/uploads\/sites\/919\/2025\/04\/20250311_144634-1024x485.jpg 1024w, https:\/\/www.hsu-hh.de\/baubetrieb\/wp-content\/uploads\/sites\/919\/2025\/04\/20250311_144634-300x142.jpg 300w, https:\/\/www.hsu-hh.de\/baubetrieb\/wp-content\/uploads\/sites\/919\/2025\/04\/20250311_144634-768x363.jpg 768w, https:\/\/www.hsu-hh.de\/baubetrieb\/wp-content\/uploads\/sites\/919\/2025\/04\/20250311_144634-1536x727.jpg 1536w, https:\/\/www.hsu-hh.de\/baubetrieb\/wp-content\/uploads\/sites\/919\/2025\/04\/20250311_144634-2048x969.jpg 2048w, https:\/\/www.hsu-hh.de\/baubetrieb\/wp-content\/uploads\/sites\/919\/2025\/04\/20250311_144634-1100x521.jpg 1100w\" sizes=\"auto, (max-width: 1024px) 100vw, 1024px\" \/><\/figure>\n\n\n\n<p>F\u00fcr unsere Bachelorstudierenden gab es an der Professur erstmals die M\u00f6glichkeit, an einem halbt\u00e4gigen Workshop zu dem Thema Lean Management teilzunehmen. Es wurden theoretische Inhalte der Vorlesung, insbesondere zur Last Planner Methode, aufgegriffen und in einem Planspiel (<em>Villego\u00ae last planner simulation<\/em>) spielerisch angewendet. In den Rollen als General- oder Nachunternehmer planten und errichteten die Studierenden ein Lego-Haus mit Erfolg! Im Ergebnis hat der Workshop besonders die Gegens\u00e4tze zwischen konventioneller und schlanker, Lean-basierter Planung verdeutlicht.<\/p>\n","protected":false},"excerpt":{"rendered":"<p>\u2026wenn Lego und LEAN aufeinandertreffen F\u00fcr unsere Bachelorstudierenden gab es an der Professur erstmals die M\u00f6glichkeit, an einem halbt\u00e4gigen Workshop zu dem Thema Lean Management teilzunehmen. Es wurden theoretische Inhalte [&hellip;]<\/p>\n","protected":false},"author":3909,"featured_media":0,"parent":0,"menu_order":0,"comment_status":"closed","ping_status":"closed","template":"","meta":{"footnotes":""},"categories":[4],"tags":[],"class_list":["post-984","page","type-page","status-publish","hentry","category-forschung"],"_links":{"self":[{"href":"https:\/\/www.hsu-hh.de\/baubetrieb\/wp-json\/wp\/v2\/pages\/984","targetHints":{"allow":["GET"]}}],"collection":[{"href":"https:\/\/www.hsu-hh.de\/baubetrieb\/wp-json\/wp\/v2\/pages"}],"about":[{"href":"https:\/\/www.hsu-hh.de\/baubetrieb\/wp-json\/wp\/v2\/types\/page"}],"author":[{"embeddable":true,"href":"https:\/\/www.hsu-hh.de\/baubetrieb\/wp-json\/wp\/v2\/users\/3909"}],"replies":[{"embeddable":true,"href":"https:\/\/www.hsu-hh.de\/baubetrieb\/wp-json\/wp\/v2\/comments?post=984"}],"version-history":[{"count":1,"href":"https:\/\/www.hsu-hh.de\/baubetrieb\/wp-json\/wp\/v2\/pages\/984\/revisions"}],"predecessor-version":[{"id":990,"href":"https:\/\/www.hsu-hh.de\/baubetrieb\/wp-json\/wp\/v2\/pages\/984\/revisions\/990"}],"wp:attachment":[{"href":"https:\/\/www.hsu-hh.de\/baubetrieb\/wp-json\/wp\/v2\/media?parent=984"}],"wp:term":[{"taxonomy":"category","embeddable":true,"href":"https:\/\/www.hsu-hh.de\/baubetrieb\/wp-json\/wp\/v2\/categories?post=984"},{"taxonomy":"post_tag","embeddable":true,"href":"https:\/\/www.hsu-hh.de\/baubetrieb\/wp-json\/wp\/v2\/tags?post=984"}],"curies":[{"name":"wp","href":"https:\/\/api.w.org\/{rel}","templated":true}]}}