{"id":980,"date":"2025-04-24T09:44:45","date_gmt":"2025-04-24T07:44:45","guid":{"rendered":"https:\/\/www.hsu-hh.de\/baubetrieb\/?page_id=980"},"modified":"2025-04-24T09:44:54","modified_gmt":"2025-04-24T07:44:54","slug":"bim-im-ingenieurbau-einblicke-in-erfahrungs-und-pilotprojekte-der-oeffentlichen-hand","status":"publish","type":"page","link":"https:\/\/www.hsu-hh.de\/baubetrieb\/bim-im-ingenieurbau-einblicke-in-erfahrungs-und-pilotprojekte-der-oeffentlichen-hand\/","title":{"rendered":"BIM im Ingenieurbau \u2013 Einblicke in Erfahrungs- und Pilotprojekte der \u00f6ffentlichen Hand"},"content":{"rendered":"\n<p>Zum Abschluss unserer Praxisvortr\u00e4ge war Herr Bj\u00f6rn Helfers, Prokurist und BIM-Koordinator bei GRBV Ingenieure im Bauwesen <abbr title=\"Gesellschaft mit beschr\u00e4nkter Haftung\">GmbH<\/abbr> &amp; Co. <abbr title=\"Kommanditgesellschaft\">KG<\/abbr> aus Hannover, zu Gast. In seinem Beitrag zeigte er auf, wie BIM derzeit im Ingenieurbau der \u00f6ffentlichen Hand Anwendung findet.<\/p>\n\n\n\n<p>Zu Beginn erl\u00e4uterte Herr Helfers nochmals kompakt die Grundlagen der BIM-Methodik \u2013 von Auftraggeber-Informationsanforderungen (AIA) \u00fcber BIM-Abwicklungspl\u00e4ne (BAP) bis zu Industry Foundation Classes (IFC-Datenstandard). Besonders ging er dabei auf die aus seiner Sicht vier zentralen S\u00e4ulen erfolgreicher BIM-Prozesse ein: Team, Richtlinien, Prozesse und Werkzeuge. Im Mittelpunkt seiner Ausf\u00fchrungen standen Praxisbeispiele aus der Wasserstra\u00dfen- und Schifffahrtsverwaltung sowie aus BIM-Pilotprojekten in der Stra\u00dfenbauverwaltung. Er zeigte sowohl Potenziale \u2013 etwa bei der Kostenberechnung und bei modellbasierten Erstellungen von Leistungsverzeichnissen \u2013 als auch aktuelle Herausforderungen beim Datenaustausch und der Zusammenarbeit aller Projektbeteiligten auf.<\/p>\n\n\n\n<p>Res\u00fcmierend betonte Herr Helfers, dass BIM den Planungsprozess nachhaltig ver\u00e4ndert und mehr Transparenz, Effizienz und Ressourcenschonung erm\u00f6glicht. Zugleich seien einheitliche Standards und praxisgerechte Softwarel\u00f6sungen weiterhin in der Entwicklungsphase. Sein abschlie\u00dfender Appell lautete: \u201e<em>Neugierig bleiben, mutig ausprobieren und gemeinsam lernen.\u201c<\/em><\/p>\n\n\n\n<figure class=\"wp-block-image size-large\"><img loading=\"lazy\" decoding=\"async\" width=\"1024\" height=\"485\" src=\"https:\/\/www.hsu-hh.de\/baubetrieb\/wp-content\/uploads\/sites\/919\/2025\/04\/20250304_Digi-Baumod-I_Gastvortrag_GRBV-1024x485.jpg\" data-credit=\"BBG\" alt=\"\" class=\"wp-image-981\" srcset=\"https:\/\/www.hsu-hh.de\/baubetrieb\/wp-content\/uploads\/sites\/919\/2025\/04\/20250304_Digi-Baumod-I_Gastvortrag_GRBV-1024x485.jpg 1024w, https:\/\/www.hsu-hh.de\/baubetrieb\/wp-content\/uploads\/sites\/919\/2025\/04\/20250304_Digi-Baumod-I_Gastvortrag_GRBV-300x142.jpg 300w, https:\/\/www.hsu-hh.de\/baubetrieb\/wp-content\/uploads\/sites\/919\/2025\/04\/20250304_Digi-Baumod-I_Gastvortrag_GRBV-768x363.jpg 768w, https:\/\/www.hsu-hh.de\/baubetrieb\/wp-content\/uploads\/sites\/919\/2025\/04\/20250304_Digi-Baumod-I_Gastvortrag_GRBV-1536x727.jpg 1536w, https:\/\/www.hsu-hh.de\/baubetrieb\/wp-content\/uploads\/sites\/919\/2025\/04\/20250304_Digi-Baumod-I_Gastvortrag_GRBV-2048x969.jpg 2048w, https:\/\/www.hsu-hh.de\/baubetrieb\/wp-content\/uploads\/sites\/919\/2025\/04\/20250304_Digi-Baumod-I_Gastvortrag_GRBV-1100x521.jpg 1100w\" sizes=\"auto, (max-width: 1024px) 100vw, 1024px\" \/><\/figure>\n\n\n\n<p>Wir danken Herrn Helfers herzlich f\u00fcr seinen praxisorientierten und sehr motivierenden Vortrag.<\/p>\n\n\n\n<p><\/p>\n","protected":false},"excerpt":{"rendered":"<p>Zum Abschluss unserer Praxisvortr\u00e4ge war Herr Bj\u00f6rn Helfers, Prokurist und BIM-Koordinator bei GRBV Ingenieure im Bauwesen GmbH &amp; Co. KG aus Hannover, zu Gast. In seinem Beitrag zeigte er auf, [&hellip;]<\/p>\n","protected":false},"author":3909,"featured_media":0,"parent":0,"menu_order":0,"comment_status":"closed","ping_status":"closed","template":"","meta":{"footnotes":""},"categories":[4],"tags":[],"class_list":["post-980","page","type-page","status-publish","hentry","category-forschung"],"_links":{"self":[{"href":"https:\/\/www.hsu-hh.de\/baubetrieb\/wp-json\/wp\/v2\/pages\/980","targetHints":{"allow":["GET"]}}],"collection":[{"href":"https:\/\/www.hsu-hh.de\/baubetrieb\/wp-json\/wp\/v2\/pages"}],"about":[{"href":"https:\/\/www.hsu-hh.de\/baubetrieb\/wp-json\/wp\/v2\/types\/page"}],"author":[{"embeddable":true,"href":"https:\/\/www.hsu-hh.de\/baubetrieb\/wp-json\/wp\/v2\/users\/3909"}],"replies":[{"embeddable":true,"href":"https:\/\/www.hsu-hh.de\/baubetrieb\/wp-json\/wp\/v2\/comments?post=980"}],"version-history":[{"count":1,"href":"https:\/\/www.hsu-hh.de\/baubetrieb\/wp-json\/wp\/v2\/pages\/980\/revisions"}],"predecessor-version":[{"id":982,"href":"https:\/\/www.hsu-hh.de\/baubetrieb\/wp-json\/wp\/v2\/pages\/980\/revisions\/982"}],"wp:attachment":[{"href":"https:\/\/www.hsu-hh.de\/baubetrieb\/wp-json\/wp\/v2\/media?parent=980"}],"wp:term":[{"taxonomy":"category","embeddable":true,"href":"https:\/\/www.hsu-hh.de\/baubetrieb\/wp-json\/wp\/v2\/categories?post=980"},{"taxonomy":"post_tag","embeddable":true,"href":"https:\/\/www.hsu-hh.de\/baubetrieb\/wp-json\/wp\/v2\/tags?post=980"}],"curies":[{"name":"wp","href":"https:\/\/api.w.org\/{rel}","templated":true}]}}