{"id":969,"date":"2025-04-24T09:35:47","date_gmt":"2025-04-24T07:35:47","guid":{"rendered":"https:\/\/www.hsu-hh.de\/baubetrieb\/?page_id=969"},"modified":"2025-04-24T09:35:56","modified_gmt":"2025-04-24T07:35:56","slug":"powerproject-und-bim","status":"publish","type":"page","link":"https:\/\/www.hsu-hh.de\/baubetrieb\/powerproject-und-bim\/","title":{"rendered":"Powerproject und BIM"},"content":{"rendered":"\n<p>Die Reihe der Praxisvortr\u00e4ge wurde am 18.02.2025 von Herr Andreas Groshert von der Firma Asta Development <abbr title=\"Gesellschaft mit beschr\u00e4nkter Haftung\">GmbH<\/abbr> (Tochterunternehmen der Elecosoft Deutschland) mit einem Vortrag zur Verkn\u00fcpfung zwischen dreidimensionalem Bauwerksmodell und Terminplanung \u2013 auch als BIM 4 D bezeichnet \u2013 er\u00f6ffnet. Zun\u00e4chst f\u00fchrte er die Studierenden in die Anwendung der Terminplanungssoftware <em>Powerproject<\/em> grundlegend ein. Hierbei stellte er u. a. die verschiedenen Bereiche der Arbeitsoberfl\u00e4che vor, erl\u00e4uterte die Vorgehensweise bei der Anlegung von Projektdateien, die Erstellung und Bearbeitung von Vorg\u00e4ngen und von Verkn\u00fcpfungen, die Ber\u00fccksichtigung von Projektstrukturen sowie die Zuordnung von Kosten und Ressourcen. Anschlie\u00dfend stellte er vor, wie mit Hilfe von Powerproject BIM IFC-Modelle mit dem Terminplan bidirektional verkn\u00fcpft werden k\u00f6nnen und welchen Mehrwert diese Art der Darstellung bietet.<\/p>\n\n\n\n<figure class=\"wp-block-image size-full is-resized\"><img loading=\"lazy\" decoding=\"async\" width=\"715\" height=\"313\" src=\"https:\/\/www.hsu-hh.de\/baubetrieb\/wp-content\/uploads\/sites\/919\/2025\/04\/20250218_Digi-Baumod-I_Gastvortrag_Elecosoft-e1745479843520.jpg\" data-credit=\"Kumlehn\" alt=\"\" class=\"wp-image-971\" style=\"width:962px;height:auto\" srcset=\"https:\/\/www.hsu-hh.de\/baubetrieb\/wp-content\/uploads\/sites\/919\/2025\/04\/20250218_Digi-Baumod-I_Gastvortrag_Elecosoft-e1745479843520.jpg 715w, https:\/\/www.hsu-hh.de\/baubetrieb\/wp-content\/uploads\/sites\/919\/2025\/04\/20250218_Digi-Baumod-I_Gastvortrag_Elecosoft-e1745479843520-300x131.jpg 300w\" sizes=\"auto, (max-width: 715px) 100vw, 715px\" \/><\/figure>\n\n\n\n<p>Vielen Dank an Herrn Groshert f\u00fcr den ausf\u00fchrlichen und lehrreichen Vortrag, die Bereitstellung von Power Project als Schulungsversion sowie die umfangreichen Schulungsunterlagen zum Thema Terminplanung und BIM. Ebenfalls bedanken wir uns beim Gesch\u00e4ftsf\u00fchrer der Asta Development <abbr title=\"Gesellschaft mit beschr\u00e4nkter Haftung\">GmbH<\/abbr> und ehemaligen Absolventen der <abbr title=\"Helmut Schmidt Universit\u00e4t\">HSU<\/abbr>, Herrn Dirk Dombert, welcher den Vortrag erm\u00f6glichte.<\/p>\n\n\n\n<p><\/p>\n","protected":false},"excerpt":{"rendered":"<p>Die Reihe der Praxisvortr\u00e4ge wurde am 18.02.2025 von Herr Andreas Groshert von der Firma Asta Development GmbH (Tochterunternehmen der Elecosoft Deutschland) mit einem Vortrag zur Verkn\u00fcpfung zwischen dreidimensionalem Bauwerksmodell und [&hellip;]<\/p>\n","protected":false},"author":3909,"featured_media":0,"parent":0,"menu_order":0,"comment_status":"closed","ping_status":"closed","template":"","meta":{"footnotes":""},"categories":[4],"tags":[],"class_list":["post-969","page","type-page","status-publish","hentry","category-forschung"],"_links":{"self":[{"href":"https:\/\/www.hsu-hh.de\/baubetrieb\/wp-json\/wp\/v2\/pages\/969","targetHints":{"allow":["GET"]}}],"collection":[{"href":"https:\/\/www.hsu-hh.de\/baubetrieb\/wp-json\/wp\/v2\/pages"}],"about":[{"href":"https:\/\/www.hsu-hh.de\/baubetrieb\/wp-json\/wp\/v2\/types\/page"}],"author":[{"embeddable":true,"href":"https:\/\/www.hsu-hh.de\/baubetrieb\/wp-json\/wp\/v2\/users\/3909"}],"replies":[{"embeddable":true,"href":"https:\/\/www.hsu-hh.de\/baubetrieb\/wp-json\/wp\/v2\/comments?post=969"}],"version-history":[{"count":2,"href":"https:\/\/www.hsu-hh.de\/baubetrieb\/wp-json\/wp\/v2\/pages\/969\/revisions"}],"predecessor-version":[{"id":973,"href":"https:\/\/www.hsu-hh.de\/baubetrieb\/wp-json\/wp\/v2\/pages\/969\/revisions\/973"}],"wp:attachment":[{"href":"https:\/\/www.hsu-hh.de\/baubetrieb\/wp-json\/wp\/v2\/media?parent=969"}],"wp:term":[{"taxonomy":"category","embeddable":true,"href":"https:\/\/www.hsu-hh.de\/baubetrieb\/wp-json\/wp\/v2\/categories?post=969"},{"taxonomy":"post_tag","embeddable":true,"href":"https:\/\/www.hsu-hh.de\/baubetrieb\/wp-json\/wp\/v2\/tags?post=969"}],"curies":[{"name":"wp","href":"https:\/\/api.w.org\/{rel}","templated":true}]}}