{"id":907,"date":"2025-02-13T12:58:28","date_gmt":"2025-02-13T11:58:28","guid":{"rendered":"https:\/\/www.hsu-hh.de\/baubetrieb\/?page_id=907"},"modified":"2025-04-24T09:46:21","modified_gmt":"2025-04-24T07:46:21","slug":"vortraege-aus-der-praxis-zum-building-information-management","status":"publish","type":"page","link":"https:\/\/www.hsu-hh.de\/baubetrieb\/vortraege-aus-der-praxis-zum-building-information-management\/","title":{"rendered":"Vortr\u00e4ge aus der Praxis zum \u201eBuilding Information Management\u201c"},"content":{"rendered":"\n<p>Im Rahmen unserer Lehrveranstaltung &#8222;Digitale Bauwerksmodellierung I (Baumanagement und BIM)&#8220; freuen wir uns auf die bevorstehenden Gastvortr\u00e4ge, die in Erg\u00e4nzung zu dem in weiten Teilen von uns theoretisch vermittelten Wissen einen Einblick in aktuelle Projekte aus der Praxis geben sollen.<\/p>\n\n\n\n<p>Vertreter unterschiedlicher an einem Bauprojekt Beteiligter stellen im Rahmen der Veranstaltungsreihe aus ihren verschiedenen Perspektiven die vielz\u00e4hligen Potentiale, Anwendungsm\u00f6glichkeiten wie auch Herausforderungen von Building Information Modeling vor. Sie geben unseren Studierenden damit spannende Impulse f\u00fcr die Zukunft.<\/p>\n\n\n\n<p>Von Herrn Dombert und Herrn Groshert von der Elecosoft Deutschland (Asta Development <abbr title=\"Gesellschaft mit beschr\u00e4nkter Haftung\">GmbH<\/abbr>) wird eine Terminplanungssoftware vorgestellt, die mit einem BIM-Modell verkn\u00fcpft ist und somit BIM 4D erm\u00f6glicht. Von Herrn Stehr und Herrn Wei\u00df von der DB InfraGo AG wird der Stand der Einf\u00fchrung von BIM bei der Deutschen Bahn aufgezeigt, bei welcher laut Masterplan bis Ende 2025 die konzeptionelle Entwicklung \u00fcber alle Phasen des Planens und Bauens abgeschlossen sein soll. Aus Sicht eines planenden Ingenieurs gibt Herr Helfers von der GRBV Ingenieure im Bauwesen <abbr title=\"Gesellschaft mit beschr\u00e4nkter Haftung\">GmbH<\/abbr> &amp; Co. <abbr title=\"Kommanditgesellschaft\">KG<\/abbr> einen Einblick in aktuelle Erfahrungen bei der Nutzung von BIM im Ingenieurbau.<\/p>\n\n\n\n<p>Im Einzelnen finden die Gastvortr\u00e4ge bei uns am Campus Nord wie folgt statt:<\/p>\n\n\n\n<div class=\"wp-block-columns is-layout-flex wp-container-core-columns-is-layout-9d6595d7 wp-block-columns-is-layout-flex\">\n<div class=\"wp-block-column is-layout-flow wp-block-column-is-layout-flow\" style=\"flex-basis:12%\">\n<p>18.02.2025: <br><\/p>\n<\/div>\n\n\n\n<div class=\"wp-block-column is-layout-flow wp-block-column-is-layout-flow\" style=\"flex-basis:80%\">\n<p><strong><a href=\"https:\/\/www.hsu-hh.de\/baubetrieb\/powerproject-und-bim\/\" data-type=\"page\" data-id=\"969\">Powerproject und BIM<\/a><\/strong><\/p>\n\n\n\n<p>Dirk Dombert und Andreas Grosert, Elecosoft Deutschland<\/p>\n<\/div>\n<\/div>\n\n\n\n<div class=\"wp-block-columns is-layout-flex wp-container-core-columns-is-layout-9d6595d7 wp-block-columns-is-layout-flex\">\n<div class=\"wp-block-column is-layout-flow wp-block-column-is-layout-flow\" style=\"flex-basis:12%\">\n<p>25.02.2025:<\/p>\n<\/div>\n\n\n\n<div class=\"wp-block-column is-layout-flow wp-block-column-is-layout-flow\" style=\"flex-basis:80%\">\n<p><strong><a href=\"https:\/\/www.hsu-hh.de\/baubetrieb\/bim-aus-sicht-der-deutschen-bahn\/\" data-type=\"page\" data-id=\"976\">BIM aus Sicht der Deutschen Bahn<\/a><\/strong><\/p>\n\n\n\n<p>Cornelius Stehr und Maximilian Wei\u00df, DB InfraGo AG<\/p>\n<\/div>\n<\/div>\n\n\n\n<div class=\"wp-block-columns is-layout-flex wp-container-core-columns-is-layout-9d6595d7 wp-block-columns-is-layout-flex\">\n<div class=\"wp-block-column is-layout-flow wp-block-column-is-layout-flow\" style=\"flex-basis:12%\">\n<p>04.03.2025:<\/p>\n<\/div>\n\n\n\n<div class=\"wp-block-column is-layout-flow wp-block-column-is-layout-flow\" style=\"flex-basis:80%\">\n<p><strong><a href=\"https:\/\/www.hsu-hh.de\/baubetrieb\/bim-im-ingenieurbau-einblicke-in-erfahrungs-und-pilotprojekte-der-oeffentlichen-hand\/\" data-type=\"page\" data-id=\"980\">BIM im Ingenieurbau \u2013 Einblicke in Erfahrungs- und Pilotprojekte der \u00f6ffentlichen Hand<\/a><\/strong><\/p>\n\n\n\n<p>Bj\u00f6rn Helfers, GRBV Ingenieure im Bauwesen <abbr title=\"Gesellschaft mit beschr\u00e4nkter Haftung\">GmbH<\/abbr> &amp; Co. <abbr title=\"Kommanditgesellschaft\">KG<\/abbr>, Hannover<\/p>\n<\/div>\n<\/div>\n\n\n\n<p><\/p>\n\n\n\n<p><\/p>\n","protected":false},"excerpt":{"rendered":"<p>Im Rahmen unserer Lehrveranstaltung &#8222;Digitale Bauwerksmodellierung I (Baumanagement und BIM)&#8220; freuen wir uns auf die bevorstehenden Gastvortr\u00e4ge, die in Erg\u00e4nzung zu dem in weiten Teilen von uns theoretisch vermittelten Wissen [&hellip;]<\/p>\n","protected":false},"author":3909,"featured_media":0,"parent":0,"menu_order":0,"comment_status":"closed","ping_status":"closed","template":"","meta":{"footnotes":""},"categories":[35],"tags":[],"class_list":["post-907","page","type-page","status-publish","hentry","category-startseite"],"_links":{"self":[{"href":"https:\/\/www.hsu-hh.de\/baubetrieb\/wp-json\/wp\/v2\/pages\/907","targetHints":{"allow":["GET"]}}],"collection":[{"href":"https:\/\/www.hsu-hh.de\/baubetrieb\/wp-json\/wp\/v2\/pages"}],"about":[{"href":"https:\/\/www.hsu-hh.de\/baubetrieb\/wp-json\/wp\/v2\/types\/page"}],"author":[{"embeddable":true,"href":"https:\/\/www.hsu-hh.de\/baubetrieb\/wp-json\/wp\/v2\/users\/3909"}],"replies":[{"embeddable":true,"href":"https:\/\/www.hsu-hh.de\/baubetrieb\/wp-json\/wp\/v2\/comments?post=907"}],"version-history":[{"count":12,"href":"https:\/\/www.hsu-hh.de\/baubetrieb\/wp-json\/wp\/v2\/pages\/907\/revisions"}],"predecessor-version":[{"id":985,"href":"https:\/\/www.hsu-hh.de\/baubetrieb\/wp-json\/wp\/v2\/pages\/907\/revisions\/985"}],"wp:attachment":[{"href":"https:\/\/www.hsu-hh.de\/baubetrieb\/wp-json\/wp\/v2\/media?parent=907"}],"wp:term":[{"taxonomy":"category","embeddable":true,"href":"https:\/\/www.hsu-hh.de\/baubetrieb\/wp-json\/wp\/v2\/categories?post=907"},{"taxonomy":"post_tag","embeddable":true,"href":"https:\/\/www.hsu-hh.de\/baubetrieb\/wp-json\/wp\/v2\/tags?post=907"}],"curies":[{"name":"wp","href":"https:\/\/api.w.org\/{rel}","templated":true}]}}