{"id":885,"date":"2024-12-13T11:04:58","date_gmt":"2024-12-13T10:04:58","guid":{"rendered":"https:\/\/www.hsu-hh.de\/baubetrieb\/?page_id=885"},"modified":"2025-02-04T08:35:54","modified_gmt":"2025-02-04T07:35:54","slug":"diskussionsveranstaltung-zu-tatsaechlich-erforderlichen-kosten-und-angemessenen-zuschlaegen","status":"publish","type":"page","link":"https:\/\/www.hsu-hh.de\/baubetrieb\/startseite\/diskussionsveranstaltung-zu-tatsaechlich-erforderlichen-kosten-und-angemessenen-zuschlaegen\/","title":{"rendered":"Diskussionsveranstaltung zu \u201etats\u00e4chlich erforderlichen\u201c Kosten und \u201eangemessenen\u201c Zuschl\u00e4gen"},"content":{"rendered":"\n<p>Am 23.01.2025 hat der Arbeitskreis Baurecht und Baubetrieb der Deutschen Gesellschaft f\u00fcr Baurecht (DGfB) in Berlin eine Fortbildungsveranstaltung zum Thema <em>&#8222;Tats\u00e4chlich erforderliche Kosten \u2013 ein Zwischenstand Juristische und baubetriebliche Ans\u00e4tze in Theorie und Praxis<\/em>&#8220; veranstaltet. Unter der Leitung von <abbr title=\"Doktor-Ingenieur\">Dr.-Ing.<\/abbr> Michael Mechnig (FairCM\u00b2 <abbr title=\"Gesellschaft mit beschr\u00e4nkter Haftung\">GmbH<\/abbr>) und <abbr title=\"Doktor\">Dr.<\/abbr> jur. Daniel Junk (LUTZ | ABEL Rechtsanwalts PartG mbB) wurden dabei sowohl juristische als auch baubetriebliche Problemstellungen aufgegriffen und diskutiert.<\/p>\n\n\n\n<p>Inhaltlich eingeleitet wurde die Veranstaltung durch zwei Impulsvortr\u00e4ge. Der erste wurde von Herrn VorsRiKG Bj\u00f6rn Retzlaff gehalten und griff das Thema \u201e<em>Tats\u00e4chlich erforderliche Kosten: Ein geeignetes Instrument zur Ermittlung der Nachtragsverg\u00fctung bei BGB- und VOB\/B-Vertr\u00e4gen<\/em>\u201c auf. Aus juristischer\/richterlicher Sicht wurden dabei die gesetzlichen und rechtsprechungsgem\u00e4\u00dfen Vorgaben dargestellt.<\/p>\n\n\n\n<p>Im Rahmen des zweiten Impulsvortrags wurde dann Herr <abbr title=\"Professor\">Prof.<\/abbr> Kumlehn unter dem Titel \u201e<em>Baubetrieblicher Nachweis tats\u00e4chlich erforderlicher Kosten \u2013 In der Zwickm\u00fchle zwischen Kalkulationsfreiheit, Urkalkulation und Rechnungsbeleg<\/em>\u201c unter anderem der Frage nachgehen, inwieweit die aus der Rechtsprechung abzuleitenden Darlegungs- und Nachweisanforderungen \u00fcberhaupt praktikabel sind und ob f\u00fcr eine sachgerechte Ableitung des berechtigten Verg\u00fctungsanspruchs nicht auch auf \u201cFiktionen\u201d zur\u00fcckgegriffen werden muss.<\/p>\n\n\n\n<p>Die Grenze zwischen einem pr\u00fcff\u00e4higen und einem nicht pr\u00fcff\u00e4higen Nachweis sowie damit die konkret vorzulegenden Belege wurden im Anschluss an die Impulsvortr\u00e4ge mit den Teilnehmenden kritisch und konstruktiv diskutiert.<\/p>\n\n\n\n<div class=\"wp-block-hsu-downloadblock\"><div class=\"thumbnail-area\"><img decoding=\"async\" src=\"\/wp-content\/themes\/hsu\/img\/dummy\/downloads_dummy.png\" alt=\"Download Symbol-Icon\" \/><\/div><div class=\"text-area\">Flyer Diskussionsveranstaltung DGfB <\/div><div class=\"download-area\"><a class=\"download-link\" href=\"https:\/\/www.hsu-hh.de\/baubetrieb\/wp-content\/uploads\/sites\/919\/2024\/12\/Flyer-23.01.2025_Stand-27.11.2024.pdf\"><span class=\"download-name\">pdf laden<\/span><span class=\"download-icon\"><img decoding=\"async\" class=\"download-icon\" alt=\"download icon\" src=\"\/wp-content\/themes\/hsu\/img\/icons\/download_icon.png\" \/><\/span><span class=\"download-size\">769 kB<\/span><\/a><\/div><\/div>\n","protected":false},"excerpt":{"rendered":"<p>Am 23.01.2025 hat der Arbeitskreis Baurecht und Baubetrieb der Deutschen Gesellschaft f\u00fcr Baurecht (DGfB) in Berlin eine Fortbildungsveranstaltung zum Thema &#8222;Tats\u00e4chlich erforderliche Kosten \u2013 ein Zwischenstand Juristische und baubetriebliche Ans\u00e4tze [&hellip;]<\/p>\n","protected":false},"author":3909,"featured_media":0,"parent":73,"menu_order":0,"comment_status":"closed","ping_status":"closed","template":"","meta":{"footnotes":""},"categories":[4],"tags":[],"class_list":["post-885","page","type-page","status-publish","hentry","category-forschung"],"_links":{"self":[{"href":"https:\/\/www.hsu-hh.de\/baubetrieb\/wp-json\/wp\/v2\/pages\/885","targetHints":{"allow":["GET"]}}],"collection":[{"href":"https:\/\/www.hsu-hh.de\/baubetrieb\/wp-json\/wp\/v2\/pages"}],"about":[{"href":"https:\/\/www.hsu-hh.de\/baubetrieb\/wp-json\/wp\/v2\/types\/page"}],"author":[{"embeddable":true,"href":"https:\/\/www.hsu-hh.de\/baubetrieb\/wp-json\/wp\/v2\/users\/3909"}],"replies":[{"embeddable":true,"href":"https:\/\/www.hsu-hh.de\/baubetrieb\/wp-json\/wp\/v2\/comments?post=885"}],"version-history":[{"count":6,"href":"https:\/\/www.hsu-hh.de\/baubetrieb\/wp-json\/wp\/v2\/pages\/885\/revisions"}],"predecessor-version":[{"id":901,"href":"https:\/\/www.hsu-hh.de\/baubetrieb\/wp-json\/wp\/v2\/pages\/885\/revisions\/901"}],"up":[{"embeddable":true,"href":"https:\/\/www.hsu-hh.de\/baubetrieb\/wp-json\/wp\/v2\/pages\/73"}],"wp:attachment":[{"href":"https:\/\/www.hsu-hh.de\/baubetrieb\/wp-json\/wp\/v2\/media?parent=885"}],"wp:term":[{"taxonomy":"category","embeddable":true,"href":"https:\/\/www.hsu-hh.de\/baubetrieb\/wp-json\/wp\/v2\/categories?post=885"},{"taxonomy":"post_tag","embeddable":true,"href":"https:\/\/www.hsu-hh.de\/baubetrieb\/wp-json\/wp\/v2\/tags?post=885"}],"curies":[{"name":"wp","href":"https:\/\/api.w.org\/{rel}","templated":true}]}}