{"id":802,"date":"2024-09-04T07:54:14","date_gmt":"2024-09-04T05:54:14","guid":{"rendered":"https:\/\/www.hsu-hh.de\/baubetrieb\/?page_id=802"},"modified":"2024-09-04T07:58:15","modified_gmt":"2024-09-04T05:58:15","slug":"verstaerkung-im-team","status":"publish","type":"page","link":"https:\/\/www.hsu-hh.de\/baubetrieb\/startseite\/verstaerkung-im-team\/","title":{"rendered":"Verst\u00e4rkung im Team"},"content":{"rendered":"\n<h2 class=\"wp-block-heading\"><strong>Neuer <abbr title=\"Wissenschaftlicher Mitarbeiter\">WMA<\/abbr> mit Erfahrung im Ingenieur- und Spezialtiefbau<\/strong><\/h2>\n\n\n\n<p>Seit dem 01.09.2024 erweitert Herr <a href=\"https:\/\/www.hsu-hh.de\/baubetrieb\/mitarbeiter\/wma-sebastian-kock\/\" data-type=\"page\" data-id=\"744\">Sebastian Kock<\/a> das Team der Professur als Wissenschaftlicher Mitarbeiter. Mit ihm begr\u00fc\u00dft <abbr title=\"Professor\">Prof.<\/abbr> Kumlehn erfreut einen alten Bekannten.<\/p>\n\n\n\n<figure class=\"wp-block-image size-full\"><img loading=\"lazy\" decoding=\"async\" width=\"2560\" height=\"1440\" src=\"https:\/\/www.hsu-hh.de\/baubetrieb\/wp-content\/uploads\/sites\/919\/2024\/09\/IMG_4291-scaled.jpg\" data-credit=\"RS\" alt=\"\" class=\"wp-image-798\" srcset=\"https:\/\/www.hsu-hh.de\/baubetrieb\/wp-content\/uploads\/sites\/919\/2024\/09\/IMG_4291-scaled.jpg 2560w, https:\/\/www.hsu-hh.de\/baubetrieb\/wp-content\/uploads\/sites\/919\/2024\/09\/IMG_4291-300x169.jpg 300w, https:\/\/www.hsu-hh.de\/baubetrieb\/wp-content\/uploads\/sites\/919\/2024\/09\/IMG_4291-1024x576.jpg 1024w, https:\/\/www.hsu-hh.de\/baubetrieb\/wp-content\/uploads\/sites\/919\/2024\/09\/IMG_4291-768x432.jpg 768w, https:\/\/www.hsu-hh.de\/baubetrieb\/wp-content\/uploads\/sites\/919\/2024\/09\/IMG_4291-1536x864.jpg 1536w, https:\/\/www.hsu-hh.de\/baubetrieb\/wp-content\/uploads\/sites\/919\/2024\/09\/IMG_4291-2048x1152.jpg 2048w, https:\/\/www.hsu-hh.de\/baubetrieb\/wp-content\/uploads\/sites\/919\/2024\/09\/IMG_4291-1100x619.jpg 1100w\" sizes=\"auto, (max-width: 2560px) 100vw, 2560px\" \/><\/figure>\n\n\n\n<p>Herr Kock hat sowohl sein Bachelor- als auch sein Masterstudium des Wirtschaftsingenieurwesens Studienrichtung Bauingenieurwesen an der Technischen Universit\u00e4t Carola Wilhelmina in Braunschweig absolviert. Als wissenschaftliche Hilfskraft des Instituts f\u00fcr Bauwirtschaft und Baubetrieb arbeitete er dabei erstmals mit <abbr title=\"Professor\">Prof.<\/abbr> Kumlehn zusammen.<\/p>\n\n\n\n<p>Nach erfolgreichem Abschluss des Masterstudiums begann Herr Kock seine berufliche Laufbahn in Hamburg in einem gro\u00dfen Baukonzern. Hier sammelte er Erfahrungen auf unterschiedlichen Baustellen des Ingenieur- und Spezialtiefbaus. Nach dem mehrj\u00e4hrigen Aufenthalt in der Baupraxis wechselte Herr Kock dann als Wissenschaftlicher Mitarbeiter zur\u00fcck an das Institut f\u00fcr Bauwirtschaft und Baubetrieb der Technischen Universit\u00e4t Braunschweig. Hierbei und auch im Zusammenhang mit einer freiberuflichen Nebent\u00e4tigkeit f\u00fcr die heutige <a href=\"https:\/\/www.cemconsultants.de\/startseite\/index.shtml\" rel='nofollow'><abbr title=\"construction engineering management\">CEM<\/abbr> Consultants <abbr title=\"Professor\">Prof.<\/abbr> Kumlehn <abbr title=\"Gesellschaft mit beschr\u00e4nkter Haftung\">GmbH<\/abbr><\/a> (fr\u00fcher <abbr title=\"construction engineering management\">CEM<\/abbr> Consultants <abbr title=\"Professor\">Prof.<\/abbr> Wanninger + Comp. <abbr title=\"Gesellschaft mit beschr\u00e4nkter Haftung\">GmbH<\/abbr>) kam es zur zweiten Zusammenarbeit mit <abbr title=\"Professor\">Prof.<\/abbr> Kumlehn. Im Rahmen der Nebent\u00e4tigkeit hat Herr Kock umfassende Kenntnisse \u00fcber die Analyse und Bewertung von gest\u00f6rten Gro\u00dfbauvorhaben erworben.<\/p>\n\n\n\n<p>Nach dem Motto: \u201eAller guten Dinge sind drei\u201c folgte Herr Kock <abbr title=\"Professor\">Prof.<\/abbr> Kumlehn an die <abbr title=\"Helmut Schmidt Universit\u00e4t\">HSU<\/abbr>, um dort seine Dissertation weiter zu bearbeiten und die Promotion abzuschlie\u00dfen. Seine vielf\u00e4ltigen praktischen Erfahrungen in der Bauindustrie wird er au\u00dferdem in die Lehre und Forschung einbringen und dadurch einen wertvollen Beitrag f\u00fcr die Entwicklung der Professur liefern.<\/p>\n\n\n\n<p>Die Professur hei\u00dft Herrn Kock herzlich Willkommen und w\u00fcnscht ihm f\u00fcr die zuk\u00fcnftige Zusammenarbeit alles Gute!<\/p>\n","protected":false},"excerpt":{"rendered":"<p>Neuer WMA mit Erfahrung im Ingenieur- und Spezialtiefbau Seit dem 01.09.2024 erweitert Herr Sebastian Kock das Team der Professur als Wissenschaftlicher Mitarbeiter. Mit ihm begr\u00fc\u00dft Prof. Kumlehn erfreut einen alten [&hellip;]<\/p>\n","protected":false},"author":3909,"featured_media":0,"parent":73,"menu_order":0,"comment_status":"closed","ping_status":"closed","template":"","meta":{"footnotes":""},"categories":[4],"tags":[],"class_list":["post-802","page","type-page","status-publish","hentry","category-forschung"],"_links":{"self":[{"href":"https:\/\/www.hsu-hh.de\/baubetrieb\/wp-json\/wp\/v2\/pages\/802","targetHints":{"allow":["GET"]}}],"collection":[{"href":"https:\/\/www.hsu-hh.de\/baubetrieb\/wp-json\/wp\/v2\/pages"}],"about":[{"href":"https:\/\/www.hsu-hh.de\/baubetrieb\/wp-json\/wp\/v2\/types\/page"}],"author":[{"embeddable":true,"href":"https:\/\/www.hsu-hh.de\/baubetrieb\/wp-json\/wp\/v2\/users\/3909"}],"replies":[{"embeddable":true,"href":"https:\/\/www.hsu-hh.de\/baubetrieb\/wp-json\/wp\/v2\/comments?post=802"}],"version-history":[{"count":3,"href":"https:\/\/www.hsu-hh.de\/baubetrieb\/wp-json\/wp\/v2\/pages\/802\/revisions"}],"predecessor-version":[{"id":806,"href":"https:\/\/www.hsu-hh.de\/baubetrieb\/wp-json\/wp\/v2\/pages\/802\/revisions\/806"}],"up":[{"embeddable":true,"href":"https:\/\/www.hsu-hh.de\/baubetrieb\/wp-json\/wp\/v2\/pages\/73"}],"wp:attachment":[{"href":"https:\/\/www.hsu-hh.de\/baubetrieb\/wp-json\/wp\/v2\/media?parent=802"}],"wp:term":[{"taxonomy":"category","embeddable":true,"href":"https:\/\/www.hsu-hh.de\/baubetrieb\/wp-json\/wp\/v2\/categories?post=802"},{"taxonomy":"post_tag","embeddable":true,"href":"https:\/\/www.hsu-hh.de\/baubetrieb\/wp-json\/wp\/v2\/tags?post=802"}],"curies":[{"name":"wp","href":"https:\/\/api.w.org\/{rel}","templated":true}]}}