{"id":744,"date":"2024-09-03T07:34:48","date_gmt":"2024-09-03T05:34:48","guid":{"rendered":"https:\/\/www.hsu-hh.de\/baubetrieb\/?page_id=744"},"modified":"2025-11-13T08:43:49","modified_gmt":"2025-11-13T07:43:49","slug":"wma-sebastian-kock","status":"publish","type":"page","link":"https:\/\/www.hsu-hh.de\/baubetrieb\/mitarbeiter\/wma-sebastian-kock\/","title":{"rendered":"WMA Sebastian Kock"},"content":{"rendered":"\n<h2 class=\"wp-block-heading\">Master of Science (M. Sc.)<\/h2>\n\n\n\n<div style=\"height:10px\" aria-hidden=\"true\" class=\"wp-block-spacer\"><\/div>\n\n\n\n<p>Sebastian Kock unterst\u00fctzt das Team um <abbr title=\"Professor\">Prof.<\/abbr> Kumlehn seit September 2024 als wissenschaftlicher Mitarbeiter.<\/p>\n\n\n\n<div style=\"height:10px\" aria-hidden=\"true\" class=\"wp-block-spacer\"><\/div>\n\n\n\n<div class=\"wp-block-columns is-layout-flex wp-container-core-columns-is-layout-9d6595d7 wp-block-columns-is-layout-flex\">\n<div class=\"wp-block-column is-layout-flow wp-block-column-is-layout-flow\">\n<p class=\"has-text-align-center has-grey-background-color has-background\">Telefon: +49 (0)40-6541-3694<\/p>\n<\/div>\n\n\n\n<div class=\"wp-block-column is-layout-flow wp-block-column-is-layout-flow\">\n<p class=\"has-text-align-center has-grey-background-color has-background\">E-Mail: <a href=\"mailto:kocks@hsu.hamburg\" rel='nofollow'>kocks@hsu.hamburg<\/a><\/p>\n<\/div>\n\n\n\n<div class=\"wp-block-column is-layout-flow wp-block-column-is-layout-flow\">\n<p class=\"has-text-align-center has-grey-background-color has-background\">Raum: 0E123<\/p>\n\n\n\n<div class=\"wp-block-columns is-layout-flex wp-container-core-columns-is-layout-9d6595d7 wp-block-columns-is-layout-flex\">\n<div class=\"wp-block-column is-layout-flow wp-block-column-is-layout-flow\"><\/div>\n<\/div>\n<\/div>\n<\/div>\n\n\n\n<div style=\"height:20px\" aria-hidden=\"true\" class=\"wp-block-spacer\"><\/div>\n\n\n\n<div class=\"wp-block-columns is-layout-flex wp-container-core-columns-is-layout-9d6595d7 wp-block-columns-is-layout-flex\">\n<div class=\"wp-block-column is-layout-flow wp-block-column-is-layout-flow\">\n<p class=\"has-grey-background-color has-background\"><strong>Postanschrift<\/strong><br>Helmut-Schmidt-Universit\u00e4t\/Universit\u00e4t der Bundeswehr<br>Fakult\u00e4t f\u00fcr Maschinenbau und Bauingenieurwesen <br>Baubetrieb und Baumanagement von Gro\u00dfprojekten<br>Postfach 70 08 22<br>22008 Hamburg<\/p>\n\n\n\n<div style=\"height:1px\" aria-hidden=\"true\" class=\"wp-block-spacer\"><\/div>\n\n\n\n<p class=\"has-grey-background-color has-background\"><strong>Besucheranschrift<\/strong><br>Helmut-Schmidt-Universit\u00e4t\/Universit\u00e4t der Bundeswehr<br>Campus Nord<br>DRV Geb\u00e4ude (Nebeneingang Charlie-Mills-Stra\u00dfe)<br>Friedrich-Ebert-Damm 245<br>22159 Hamburg<\/p>\n\n\n\n<div style=\"height:1px\" aria-hidden=\"true\" class=\"wp-block-spacer\"><\/div>\n\n\n\n<p class=\"has-grey-background-color has-background\"><strong><a href=\"https:\/\/www.hsu-hh.de\/baubetrieb\/mitarbeiter\/wma-sebastian-kock\/veroeffentlichungen\/\" data-type=\"page\" data-id=\"1221\">Ver\u00f6ffentlichungen<\/a><\/strong><\/p>\n<\/div>\n\n\n\n<div class=\"wp-block-column is-layout-flow wp-block-column-is-layout-flow\" style=\"flex-basis:50%\"><div class=\"wp-block-image is-style-rounded\">\n<figure class=\"aligncenter size-large is-resized\"><img decoding=\"async\" src=\"https:\/\/www.hsu-hh.de\/baubetrieb\/wp-content\/uploads\/sites\/919\/2025\/03\/20250317_Kock_Sebastian_Portrait_Prof_Kumlehn_CG_04_lowres-1024x683.jpg\" data-credit=\"HSU\/Gelhausen\" alt=\"\" class=\"wp-image-941\" style=\"aspect-ratio:0.75;object-fit:cover;width:317px;height:auto\" \/><\/figure>\n<\/div><\/div>\n<\/div>\n\n\n\n<div style=\"height:50px\" aria-hidden=\"true\" class=\"wp-block-spacer\"><\/div>\n\n\n\n<div class=\"wp-block-columns is-layout-flex wp-container-core-columns-is-layout-9d6595d7 wp-block-columns-is-layout-flex\">\n<div class=\"wp-block-column is-layout-flow wp-block-column-is-layout-flow\" style=\"flex-basis:15%\">\n<p><strong><em>10\/2011 &#8211; 09\/2014<\/em><\/strong><\/p>\n<\/div>\n\n\n\n<div class=\"wp-block-column is-layout-flow wp-block-column-is-layout-flow\" style=\"flex-basis:85%\">\n<p>Bachelorstudium Wirtschaftsingenieurwesen Studienrichtung Bauingenieurwesen an der <em>Technischen Universit\u00e4t Braunschweig<\/em><\/p>\n<\/div>\n<\/div>\n\n\n\n<div class=\"wp-block-columns is-layout-flex wp-container-core-columns-is-layout-9d6595d7 wp-block-columns-is-layout-flex\">\n<div class=\"wp-block-column is-layout-flow wp-block-column-is-layout-flow\" style=\"flex-basis:15%\">\n<p><em><strong>04\/2015 &#8211; 08\/2017<\/strong><\/em> <\/p>\n<\/div>\n\n\n\n<div class=\"wp-block-column is-layout-flow wp-block-column-is-layout-flow\" style=\"flex-basis:85%\">\n<p>Masterstudium Wirtschaftsingenieurwesen Studienrichtung Bauingenieurwesen (M. Sc.) an der <em>Technischen Universit\u00e4t Braunschweig<\/em><\/p>\n<\/div>\n<\/div>\n\n\n\n<div class=\"wp-block-columns is-layout-flex wp-container-core-columns-is-layout-9d6595d7 wp-block-columns-is-layout-flex\">\n<div class=\"wp-block-column is-layout-flow wp-block-column-is-layout-flow\" style=\"flex-basis:15%\">\n<p><strong><em>11\/2017 &#8211; 10\/2021<\/em><\/strong><\/p>\n<\/div>\n\n\n\n<div class=\"wp-block-column is-layout-flow wp-block-column-is-layout-flow\" style=\"flex-basis:85%\">\n<p>Bauleitung bei <em>Z\u00fcblin Spezialtiefbau <abbr title=\"Gesellschaft mit beschr\u00e4nkter Haftung\">GmbH<\/abbr>, Bereich Nord-West<\/em><\/p>\n<\/div>\n<\/div>\n\n\n\n<div class=\"wp-block-columns is-layout-flex wp-container-core-columns-is-layout-9d6595d7 wp-block-columns-is-layout-flex\">\n<div class=\"wp-block-column is-layout-flow wp-block-column-is-layout-flow\" style=\"flex-basis:15%\">\n<p><strong><em>11\/2021 &#8211; 08\/2024<\/em><\/strong><\/p>\n<\/div>\n\n\n\n<div class=\"wp-block-column is-layout-flow wp-block-column-is-layout-flow\" style=\"flex-basis:85%\">\n<p>wissenschaftlicher Mitarbeiter am Institut f\u00fcr Bauwirtschaft und Baubetrieb der <em>technischen Universit\u00e4t Braunschweig<\/em><\/p>\n<\/div>\n<\/div>\n\n\n\n<div class=\"wp-block-columns is-layout-flex wp-container-core-columns-is-layout-9d6595d7 wp-block-columns-is-layout-flex\">\n<div class=\"wp-block-column is-layout-flow wp-block-column-is-layout-flow\" style=\"flex-basis:15%\">\n<p><strong><em>seit 05\/2022<\/em><\/strong><\/p>\n<\/div>\n\n\n\n<div class=\"wp-block-column is-layout-flow wp-block-column-is-layout-flow\" style=\"flex-basis:85%\">\n<p>Freier Mitarbeiter bei <em><abbr title=\"construction engineering management\">CEM<\/abbr> Consultants <abbr title=\"Professor\">Prof.<\/abbr> Kumlehn <abbr title=\"Gesellschaft mit beschr\u00e4nkter Haftung\">GmbH<\/abbr><\/em> (vormals <abbr title=\"construction engineering management\">CEM<\/abbr> Consultants <abbr title=\"Professor\">Prof.<\/abbr> Wanninger + Comp. <abbr title=\"Gesellschaft mit beschr\u00e4nkter Haftung\">GmbH<\/abbr>)<\/p>\n<\/div>\n<\/div>\n\n\n\n<div class=\"wp-block-columns is-layout-flex wp-container-core-columns-is-layout-9d6595d7 wp-block-columns-is-layout-flex\">\n<div class=\"wp-block-column is-layout-flow wp-block-column-is-layout-flow\" style=\"flex-basis:15%\">\n<p><em><strong>seit 09\/2024<\/strong><\/em><\/p>\n<\/div>\n\n\n\n<div class=\"wp-block-column is-layout-flow wp-block-column-is-layout-flow\" style=\"flex-basis:85%\">\n<p>wissenschaftlicher Mitarbeiter der Professur Baubetrieb und Baumanagement von Gro\u00dfprojekten an der <em>Helmut-Schmidt-Universit\u00e4t\/Universit\u00e4t der Bundeswehr<\/em><\/p>\n<\/div>\n<\/div>\n","protected":false},"excerpt":{"rendered":"<p>Master of Science (M. Sc.) Sebastian Kock unterst\u00fctzt das Team um Prof. Kumlehn seit September 2024 als wissenschaftlicher Mitarbeiter. Telefon: +49 (0)40-6541-3694 E-Mail: kocks@hsu.hamburg Raum: 0E123 PostanschriftHelmut-Schmidt-Universit\u00e4t\/Universit\u00e4t der BundeswehrFakult\u00e4t f\u00fcr [&hellip;]<\/p>\n","protected":false},"author":3909,"featured_media":0,"parent":106,"menu_order":0,"comment_status":"closed","ping_status":"closed","template":"","meta":{"footnotes":""},"categories":[4],"tags":[],"class_list":["post-744","page","type-page","status-publish","hentry","category-forschung"],"_links":{"self":[{"href":"https:\/\/www.hsu-hh.de\/baubetrieb\/wp-json\/wp\/v2\/pages\/744","targetHints":{"allow":["GET"]}}],"collection":[{"href":"https:\/\/www.hsu-hh.de\/baubetrieb\/wp-json\/wp\/v2\/pages"}],"about":[{"href":"https:\/\/www.hsu-hh.de\/baubetrieb\/wp-json\/wp\/v2\/types\/page"}],"author":[{"embeddable":true,"href":"https:\/\/www.hsu-hh.de\/baubetrieb\/wp-json\/wp\/v2\/users\/3909"}],"replies":[{"embeddable":true,"href":"https:\/\/www.hsu-hh.de\/baubetrieb\/wp-json\/wp\/v2\/comments?post=744"}],"version-history":[{"count":23,"href":"https:\/\/www.hsu-hh.de\/baubetrieb\/wp-json\/wp\/v2\/pages\/744\/revisions"}],"predecessor-version":[{"id":1232,"href":"https:\/\/www.hsu-hh.de\/baubetrieb\/wp-json\/wp\/v2\/pages\/744\/revisions\/1232"}],"up":[{"embeddable":true,"href":"https:\/\/www.hsu-hh.de\/baubetrieb\/wp-json\/wp\/v2\/pages\/106"}],"wp:attachment":[{"href":"https:\/\/www.hsu-hh.de\/baubetrieb\/wp-json\/wp\/v2\/media?parent=744"}],"wp:term":[{"taxonomy":"category","embeddable":true,"href":"https:\/\/www.hsu-hh.de\/baubetrieb\/wp-json\/wp\/v2\/categories?post=744"},{"taxonomy":"post_tag","embeddable":true,"href":"https:\/\/www.hsu-hh.de\/baubetrieb\/wp-json\/wp\/v2\/tags?post=744"}],"curies":[{"name":"wp","href":"https:\/\/api.w.org\/{rel}","templated":true}]}}