{"id":73,"date":"2017-07-03T15:52:08","date_gmt":"2017-07-03T13:52:08","guid":{"rendered":"https:\/\/www.hsu-hh.de\/baubetrieb\/?page_id=73"},"modified":"2026-04-14T11:56:31","modified_gmt":"2026-04-14T09:56:31","slug":"startseite","status":"publish","type":"page","link":"https:\/\/www.hsu-hh.de\/baubetrieb\/","title":{"rendered":"Baubetrieb und Baumanagement von Gro\u00dfprojekten"},"content":{"rendered":"\n<p>In Hamburg sagt man: &#8222;MOIN!&#8220;<\/p>\n\n\n\n<p>Herzlich Willkommen an der zum 01.04.2024 unter der Leitung von Frank Kumlehn neu gegr\u00fcndeten Professur. Wenn Sie uns etwas kennenlernen m\u00f6chten, erfahren Sie unter <a href=\"https:\/\/www.hsu-hh.de\/baubetrieb\/mitarbeiter\/\">Team<\/a> wer wir sind und wie Sie uns erreichen. Au\u00dferdem haben wir unter <a href=\"https:\/\/www.hsu-hh.de\/baubetrieb\/forschung\/\">Forschung<\/a> und unter <a href=\"https:\/\/www.hsu-hh.de\/baubetrieb\/lehre\/\">Lehre<\/a> unsere entsprechenden Profile f\u00fcr Sie zusammengestellt.<\/p>\n\n\n\n<div style=\"height:25px\" aria-hidden=\"true\" class=\"wp-block-spacer\"><\/div>\n\n\n\n<h3 class=\"wp-block-heading has-grey-background-color has-background\">Aktuelles<\/h3>\n\n\n\n<ul class=\"wp-block-list has-grey-background-color has-background\">\n<li><strong><em>04\/2026<\/em><\/strong> Mastermodul &#8222;<a href=\"https:\/\/www.hsu-hh.de\/baubetrieb\/lehre\/projektmanagement-bauoberleitung-und-bauueberwachung\/\" data-type=\"link\" data-id=\"https:\/\/www.hsu-hh.de\/baubetrieb\/lehre\/projektmanagement-bauoberleitung-und-bauueberwachung\/\">Projektmanagement, Bauoberleitung und Bau\u00fcberwachung<\/a>&#8220; erfolgreich gestartet<\/li>\n\n\n\n<li><strong><em>03\/2026<\/em><\/strong> <a href=\"https:\/\/www.hsu-hh.de\/baubetrieb\/last-planner-system-workshop\/\" data-type=\"page\" data-id=\"1391\">Last-Planner-System Workshop<\/a> zum Thema Lean Management<\/li>\n\n\n\n<li><strong><em>02\/2026<\/em><\/strong> <a href=\"https:\/\/www.hsu-hh.de\/baubetrieb\/zukunftbaurecht-ki-im-rechtsprozess\/\" data-type=\"page\" data-id=\"1315\">Weiterbildung beim AK Berlin-Brandenburg<\/a>: &#8222;Zukunft Baurecht &#8211; KI im Rechtsprozess&#8220;<\/li>\n\n\n\n<li><strong><em>02\/2026<\/em><\/strong> BIM und Baumanagement &#8211; <a href=\"https:\/\/www.hsu-hh.de\/baubetrieb\/bim-und-baumanagement-praxisvortraege\/\" data-type=\"page\" data-id=\"1264\">Praxisvortr\u00e4ge<\/a><\/li>\n\n\n\n<li><strong><em>02\/2026<\/em><\/strong> <a href=\"https:\/\/www.hsu-hh.de\/baubetrieb\/teilnahme-an-sondersitzung-des-arbeitskreises-x-baubetrieb-des-deutschen-baugerichtstags-in-dortmund\/\" data-type=\"page\" data-id=\"1306\">Engagement beim AK X Baubetrieb des Deutschen Baugerichtstags<\/a> zu &#8222;Einzelaspekten tats\u00e4chlich erforderlicher Kosten&#8220;<\/li>\n\n\n\n<li><strong><em>01\/2026<\/em><\/strong> Beginn des Mastermoduls &#8222;Ausschreibung, Vergabe, Abrechnung (<a href=\"https:\/\/www.hsu-hh.de\/baubetrieb\/lehre\/ausschreibung-vergabe-und-abrechnung-ava\/\" data-type=\"page\" data-id=\"373\">AVA<\/a>)&#8220;<\/li>\n\n\n\n<li><em><strong>12\/2025<\/strong><\/em> Inhouse-Seminar zum Thema &#8222;Baurecht f\u00fcr Projektleitung und Bauoberleitung&#8220;<\/li>\n\n\n\n<li><strong><em>11\/2025 <\/em><\/strong>Engagement beim AK Baurecht und Baubetrieb der Deutschen Gesellschaft f\u00fcr Baurecht zur Entsch\u00e4digung gem\u00e4\u00df \u00a7 642 BGB<\/li>\n<\/ul>\n\n\n\n<details class=\"wp-block-details has-grey-background-color has-background is-layout-flow wp-block-details-is-layout-flow\"><summary>Vergangene Ereignisse<\/summary>\n<div class=\"wp-block-columns is-layout-flex wp-container-core-columns-is-layout-9d6595d7 wp-block-columns-is-layout-flex\">\n<div class=\"wp-block-column is-layout-flow wp-block-column-is-layout-flow\" style=\"flex-basis:1%\">\n<p><\/p>\n<\/div>\n\n\n\n<div class=\"wp-block-column is-layout-flow wp-block-column-is-layout-flow\" style=\"flex-basis:90%\">\n<ul class=\"wp-block-list\">\n<li><strong><em>10\/2025<\/em><\/strong> <a href=\"https:\/\/www.hsu-hh.de\/baubetrieb\/neue-veroeffentlichung-in-der-bauw-bauwirtschaft-03-2025\/\" data-type=\"page\" data-id=\"1194\">Ver\u00f6ffentlichung in der BauW 03\/2025 zu Verg\u00fctungsanspr\u00fcchen gem\u00e4\u00df \u00a7 650c BGB<\/a><\/li>\n\n\n\n<li><strong><em>09\/2025<\/em><\/strong> <a href=\"https:\/\/www.hsu-hh.de\/baubetrieb\/uebernahme-der-1-bachelorarbeit-an-der-professur-bbg\/\" data-type=\"page\" data-id=\"1183\">\u00dcbernahme der 1. Bachelorarbeit<\/a> an der Professur BBG<\/li>\n\n\n\n<li><strong><em>07\/2025<\/em><\/strong> Neuberufen: Pressestelle der <abbr title=\"Helmut Schmidt Universit\u00e4t\">HSU<\/abbr> ver\u00f6ffentlicht <a href=\"https:\/\/www.hsu-hh.de\/neuberufen-univ-prof-dr-ing-frank-kumlehn\" data-type=\"link\" data-id=\"https:\/\/www.hsu-hh.de\/neuberufen-univ-prof-dr-ing-frank-kumlehn\">Interview mit Vorstellungsvideo<\/a> von <abbr title=\"Professor\">Prof.<\/abbr> Kumlehn<\/li>\n\n\n\n<li><strong><em>07\/2025<\/em><\/strong> Start der <a href=\"https:\/\/www.hsu-hh.de\/baubetrieb\/start-der-master-lehrveranstaltungen-genehmigt\/\" data-type=\"post\" data-id=\"1156\">Master-Lehrveranstaltungen der Professur genehmigt<\/a><\/li>\n\n\n\n<li><strong><em>07\/2025<\/em><\/strong> <a href=\"https:\/\/www.hsu-hh.de\/baubetrieb\/34-bbb-assistentinnen-tagung-2025-in-berlin\/\" data-type=\"post\" data-id=\"1133\">34. BBB Assistent*innen-Tagung<\/a> 2025 in Berlin<\/li>\n\n\n\n<li><strong><em>06\/2025<\/em><\/strong> Sportlich\/gem\u00fctlicher <a href=\"https:\/\/www.hsu-hh.de\/baubetrieb\/mit-teamgeist-paddel-und-pizza-unterwegs-durch-eppendorf-und-winterhude\/\" data-type=\"page\" data-id=\"1110\">Betriebsausflug der Professur<\/a><\/li>\n\n\n\n<li><strong><em>05\/2025<\/em><\/strong> Mitarbeit im Arbeitskreis X &#8211; Baubetrieb &#8211; beim <a href=\"https:\/\/www.hsu-hh.de\/baubetrieb\/teilnahme-am-10-deutschen-baugerichtstag-in-hamm\/\" data-type=\"page\" data-id=\"1086\">10. Deutschen Baugerichtstag in Hamm<\/a> zu &#8222;tats\u00e4chlich erforderlichen Kosten&#8220;<\/li>\n\n\n\n<li><strong><em>05\/2025 <\/em><\/strong>&#8222;<em>Echt ein cooles Event<\/em>&#8222;: Das Team der Professur nimmt am <a href=\"https:\/\/www.hsu-hh.de\/baubetrieb\/das-team-der-professur-nimmt-am-solidaritaetslauf-der-hsu-teil\/\" data-type=\"page\" data-id=\"1074\">Solidarit\u00e4tslauf der <abbr title=\"Helmut Schmidt Universit\u00e4t\">HSU<\/abbr><\/a> teil<\/li>\n\n\n\n<li><em><strong>05\/2025<\/strong><\/em> <a href=\"https:\/\/www.hsu-hh.de\/baubetrieb\/mitarbeiter\/wma-lucas-moritz\/\" data-type=\"page\" data-id=\"1008\">Lucas Moritz<\/a> <a href=\"https:\/\/www.hsu-hh.de\/baubetrieb\/unterstuetzung-im-team\/\" data-type=\"page\" data-id=\"1037\">unterst\u00fctzt die Professur als 3. <abbr title=\"Wissenschaftlicher Mitarbeiter\">WMA<\/abbr><\/a> im Bereich BIM<\/li>\n\n\n\n<li><strong><em>04\/2025<\/em><\/strong> Weitere Verst\u00e4rkung im Bereich Digitalisierung und BIM gesucht: F\u00fcr den Aufbau und laufenden Betrieb des Digitallabors sucht die Professur eine (BIM-)Laboringenieurin&nbsp;\/ einen (BIM-)Laboringenieur (m\/w\/d) der Besoldungsgruppe A&nbsp;10&nbsp;\/ A&nbsp;11&nbsp;(t) BBesG f\u00fcr 41 Stunden w\u00f6chentlich; Bewerbungsschluss ist am 21.05.2025 (Kennziffer&nbsp;BIW-0325)<\/li>\n\n\n\n<li><strong><em>04\/2025<\/em><\/strong> Erfolgreicher Beginn des Fr\u00fchjahrstrimester 2025: Sowohl f\u00fcr das Wahlmodul \u201eBauverfahren und Sicherheitstechnik\u201c als auch f\u00fcr das Wahlmodul &#8222;Digitale Bauwerksmodellierung II&#8220; des Bachelorstudiengangs Bauingenieurwesen k\u00f6nnen sich jeweils \u00fcber 90&nbsp;% des 23. Jahrgangs begeistern<\/li>\n\n\n\n<li><strong><em>03\/2025<\/em><\/strong> <a href=\"https:\/\/www.hsu-hh.de\/baubetrieb\/last-planner-workshop\/\" data-type=\"page\" data-id=\"984\">Last Planner Workshop<\/a> zum Thema LEAN Management<\/li>\n\n\n\n<li><strong><em>03\/2025<\/em><\/strong> Praktikerseminar zusammen mit PARATUS Consult zum Thema &#8222;<a href=\"https:\/\/paratus-consult.de\/wp-content\/uploads\/2025\/01\/Leaflet-15.01.2025-1.pdf\" rel='nofollow'>Es geht um (Ihr) Geld! &#8211; Wichtige Entwicklungen bei Ausschreibung, Nachtr\u00e4gen und Behinderungen<\/a> &#8220; <\/li>\n\n\n\n<li><strong><em>03\/2025<\/em><\/strong> <abbr title=\"Professor\">Prof.<\/abbr> Kumlehn zum Vorsitzenden des <a href=\"https:\/\/www.hsu-hh.de\/sbawi\/studienbereichsausschuss-wi\">Studienbereichsausschuss Wirtschaftsingenieurwesen<\/a> (SBA <abbr title=\"Wirtschaftsingenieurwesen\">WI<\/abbr>), zust\u00e4ndig f\u00fcr die Studieng\u00e4nge <a href=\"https:\/\/www.hsu-hh.de\/studium\/wirtschaftsingenieurwesen\">Wirtschaftsingenieurwesen<\/a> und <a href=\"https:\/\/www.hsu-hh.de\/studium\/logistik5\">Logistik<\/a>, und zum Studiendekan des Studiengangs Wirtschaftsingenieur\u00adwesen gew\u00e4hlt<\/li>\n\n\n\n<li><em><strong>02\/2025<\/strong><\/em> <a href=\"https:\/\/www.hsu-hh.de\/baubetrieb\/vortraege-aus-der-praxis-zum-building-information-management\/\" data-type=\"page\" data-id=\"907\">Vortr\u00e4ge<\/a> aus der Praxis zum &#8222;<em>Building Information Management&#8220;<\/em><\/li>\n\n\n\n<li><em><strong>01\/2025 <\/strong><\/em><a href=\"https:\/\/www.hsu-hh.de\/baubetrieb\/startseite\/diskussionsveranstaltung-zu-tatsaechlich-erforderlichen-kosten-und-angemessenen-zuschlaegen\/\" data-type=\"page\" data-id=\"885\">Diskussionsveranstaltung<\/a> zum Thema &#8222;<em>Tats\u00e4chlich erforderliche Kosten \u2013 ein Zwischenstand<\/em> : <em>Juristische und baubetriebliche Ans\u00e4tze in Theorie und Praxis&#8220;<\/em><\/li>\n<\/ul>\n\n\n\n<div style=\"height:20px\" aria-hidden=\"true\" class=\"wp-block-spacer\"><\/div>\n\n\n\n<details class=\"wp-block-details is-layout-flow wp-block-details-is-layout-flow\"><summary>2024<\/summary>\n<div class=\"wp-block-columns is-layout-flex wp-container-core-columns-is-layout-9d6595d7 wp-block-columns-is-layout-flex\">\n<div class=\"wp-block-column is-layout-flow wp-block-column-is-layout-flow\" style=\"flex-basis:1%\">\n<p><\/p>\n<\/div>\n\n\n\n<div class=\"wp-block-column is-layout-flow wp-block-column-is-layout-flow\" style=\"flex-basis:90%\">\n<ul class=\"wp-block-list\">\n<li><em><strong>12\/2024<\/strong> <\/em>im Rahmen der Veranstaltung &#8222;<a href=\"https:\/\/www.hsu-hh.de\/baubetrieb\/startseite\/gebaut-wird-immer-6-jahre-bauingenieurwesen-an-der-hsu\/\" data-type=\"page\" data-id=\"869\">Gebaut wird immer &#8211; 6 Jahre Bauingenieurwesen an der <abbr title=\"Helmut Schmidt Universit\u00e4t\">HSU<\/abbr><\/a>&#8220; fand die Antrittsvorlesung von <abbr title=\"Professor\">Prof.<\/abbr> Kumlehn zum Thema &#8222;<em>Erfolgreiche Gro\u00dfprojekte &#8211; eine Frage von K\u00b3!<\/em>&#8220; statt.<\/li>\n\n\n\n<li><em><strong>11\/20<\/strong><\/em><strong><em>24<\/em><\/strong> <abbr title=\"Professor\">Prof.<\/abbr> Kumlehn als stellv. Mitglied des Pr\u00fcfungsausschusses Maschinenbau und Bauingenieurwesen gew\u00e4hlt<\/li>\n\n\n\n<li><strong><em>09\/2024<\/em><\/strong> Verst\u00e4rkung im Bereich BIM gesucht: Die Professur sucht eine Wissenschaftliche Mitarbeiterin\/einen wissenschaftlichen Mitarbeiter (m\/w\/d) der Entgeltgruppe 13 (Tarifvertrag f\u00fcr den \u00f6ffentlichen Dienst (TV\u00f6D); 39 Stunden w\u00f6chentlich); Bewerbungsschluss war am 03.10.2024 (<a href=\"https:\/\/www.hsu-hh.de\/baubetrieb\/wp-content\/uploads\/sites\/919\/2024\/09\/BIW-1224-HH-WMA-E-13-Prof.-Kumlehn.pdf\">Stellenausschreibung BIW-1224<\/a>)<\/li>\n\n\n\n<li><em><strong>10\/2024 <\/strong><\/em>Das Herbsttrimmester hat begonnen und damit die neu gestaltete Lehrveranstaltung <a href=\"https:\/\/www.hsu-hh.de\/baubetrieb\/lehre\/baubetrieb-zukuenftig-bauwirtschaft-und-bauvertragsrecht\/\" data-type=\"page\" data-id=\"357\">Bauwirtschaft und Bauvertragsrecht<\/a> (Baubetrieb).<\/li>\n\n\n\n<li><em><strong>09\/2024<\/strong><\/em> <a href=\"https:\/\/www.hsu-hh.de\/baubetrieb\/mitarbeiter\/wma-sebastian-kock\/\" data-type=\"page\" data-id=\"744\">Sebastian Kock<\/a> <a href=\"https:\/\/www.hsu-hh.de\/baubetrieb\/startseite\/verstaerkung-im-team\/\" data-type=\"page\" data-id=\"802\">verst\u00e4rkt das Team als 2. <abbr title=\"Wissenschaftlicher Mitarbeiter\">WMA<\/abbr><\/a> und bringt k\u00fcnftig seine reichhaltigen Kompetenzen im Bereich des Spezialtiefbaus und Ingenieurbaus ein<\/li>\n\n\n\n<li><strong><em>08\/2024 <\/em><\/strong><a href=\"https:\/\/www.hsu-hh.de\/baubetrieb\/zuwachs-im-team-henrik-schmitz\/\" data-type=\"page\" data-id=\"717\">Zuwachs im Team<\/a>: Als 1. <abbr title=\"Wissenschaftlicher Mitarbeiter\">WMA<\/abbr> der Professur st\u00f6\u00dft Herr <a href=\"https:\/\/www.hsu-hh.de\/baubetrieb\/mitarbeiter\/henrik-schmitz-mba\/\" data-type=\"page\" data-id=\"560\">Henrik Schmitz<\/a> dazu und bringt umfangreiches Know-how im Bereich des Stra\u00dfenbaus mit<\/li>\n\n\n\n<li><strong><em>07\/2024<\/em><\/strong> Klausur im Wahlmodul \u201eBauverfahren und Sicherheitstechnik\u201c erfolgreich durchgef\u00fchrt<\/li>\n\n\n\n<li><strong><em>06\/2024&nbsp;<\/em><\/strong>Die Homepage der Professur f\u00fcllt sich mit ersten Inhalten<\/li>\n\n\n\n<li><em><strong>05\/2024 <\/strong><\/em>Professor Kumlehn begr\u00fc\u00dft Frau <a href=\"https:\/\/www.hsu-hh.de\/baubetrieb\/mitarbeiter\/sekretariat-ricarda-strauch\/\" data-type=\"page\" data-id=\"607\">Ricarda Strauch<\/a> als 2. Mitglied im Team<\/li>\n\n\n\n<li><strong><em>04\/2024<\/em><\/strong>&nbsp;Die Professur sucht Wissenschaftliche Mitarbeiterinnen\/Wissenschaftliche Mitarbeiter (m\/w\/d) der Entgeltgruppe 13; Bewerbungsschluss ist am 22.05.2024<\/li>\n\n\n\n<li><em><strong>04\/2024<\/strong><\/em> Das Fr\u00fchjahrstrimester 2024 hat erfolgreich begonnen. F\u00fcr das Wahlmodul \u201eBauverfahren und Sicherheitstechnik\u201c im Bachelorstudiengang Bauingenieurwesen k\u00f6nnen sich 90&nbsp;% des 22. Jahrgangs begeistern<\/li>\n\n\n\n<li><strong><em>04\/2024&nbsp;<\/em><\/strong>Der Pr\u00e4sident der <abbr title=\"Helmut Schmidt Universit\u00e4t\">HSU<\/abbr>, <a href=\"https:\/\/de.linkedin.com\/posts\/helmut-schmidt-universit%C3%A4t---universit%C3%A4t-der-bundeswehr-hamburg_baubetrieb-baumanagement-maschinenbau-activity-7181579875483275264-5lKk\" rel='nofollow'>Klaus Beckmann, begr\u00fc\u00dft Frank Kumlehn<\/a> als neuen Leiter der Professur f\u00fcr Baubetrieb und Baumanagement von Gro\u00dfprojekten<\/li>\n<\/ul>\n<\/div>\n<\/div>\n<\/details>\n<\/div>\n<\/div>\n<\/details>\n\n\n\n<p><\/p>\n","protected":false},"excerpt":{"rendered":"<p>In Hamburg sagt man: &#8222;MOIN!&#8220; Herzlich Willkommen an der zum 01.04.2024 unter der Leitung von Frank Kumlehn neu gegr\u00fcndeten Professur. Wenn Sie uns etwas kennenlernen m\u00f6chten, erfahren Sie unter Team [&hellip;]<\/p>\n","protected":false},"author":3909,"featured_media":0,"parent":0,"menu_order":0,"comment_status":"closed","ping_status":"closed","template":"","meta":{"footnotes":""},"categories":[35],"tags":[],"class_list":["post-73","page","type-page","status-publish","hentry","category-startseite"],"_links":{"self":[{"href":"https:\/\/www.hsu-hh.de\/baubetrieb\/wp-json\/wp\/v2\/pages\/73","targetHints":{"allow":["GET"]}}],"collection":[{"href":"https:\/\/www.hsu-hh.de\/baubetrieb\/wp-json\/wp\/v2\/pages"}],"about":[{"href":"https:\/\/www.hsu-hh.de\/baubetrieb\/wp-json\/wp\/v2\/types\/page"}],"author":[{"embeddable":true,"href":"https:\/\/www.hsu-hh.de\/baubetrieb\/wp-json\/wp\/v2\/users\/3909"}],"replies":[{"embeddable":true,"href":"https:\/\/www.hsu-hh.de\/baubetrieb\/wp-json\/wp\/v2\/comments?post=73"}],"version-history":[{"count":167,"href":"https:\/\/www.hsu-hh.de\/baubetrieb\/wp-json\/wp\/v2\/pages\/73\/revisions"}],"predecessor-version":[{"id":1401,"href":"https:\/\/www.hsu-hh.de\/baubetrieb\/wp-json\/wp\/v2\/pages\/73\/revisions\/1401"}],"wp:attachment":[{"href":"https:\/\/www.hsu-hh.de\/baubetrieb\/wp-json\/wp\/v2\/media?parent=73"}],"wp:term":[{"taxonomy":"category","embeddable":true,"href":"https:\/\/www.hsu-hh.de\/baubetrieb\/wp-json\/wp\/v2\/categories?post=73"},{"taxonomy":"post_tag","embeddable":true,"href":"https:\/\/www.hsu-hh.de\/baubetrieb\/wp-json\/wp\/v2\/tags?post=73"}],"curies":[{"name":"wp","href":"https:\/\/api.w.org\/{rel}","templated":true}]}}