{"id":607,"date":"2024-07-26T10:36:12","date_gmt":"2024-07-26T08:36:12","guid":{"rendered":"https:\/\/www.hsu-hh.de\/baubetrieb\/?page_id=607"},"modified":"2025-11-05T13:03:45","modified_gmt":"2025-11-05T12:03:45","slug":"sekretariat-ricarda-strauch","status":"publish","type":"page","link":"https:\/\/www.hsu-hh.de\/baubetrieb\/mitarbeiter\/sekretariat-ricarda-strauch\/","title":{"rendered":"Sekretariat Ricarda Strauch"},"content":{"rendered":"\n<div class=\"wp-block-columns is-layout-flex wp-container-core-columns-is-layout-9d6595d7 wp-block-columns-is-layout-flex\">\n<div class=\"wp-block-column is-layout-flow wp-block-column-is-layout-flow\" style=\"flex-basis:33.34%\">\n<p class=\"has-grey-background-color has-background\">Telefon: +49 (0)40-6541 -4437<\/p>\n<\/div>\n\n\n\n<div class=\"wp-block-column is-layout-flow wp-block-column-is-layout-flow\" style=\"flex-basis:35%\">\n<p class=\"has-text-align-center has-grey-background-color has-background\">E-Mail: <a href=\"mailto:ricarda.strauch@hsu.hamburg\" rel='nofollow'>ricarda.strauch@hsu.hamburg<\/a><\/p>\n<\/div>\n\n\n\n<div class=\"wp-block-column is-layout-flow wp-block-column-is-layout-flow\" style=\"flex-basis:25%\">\n<p class=\"has-grey-background-color has-background\">Raum: 0E050<\/p>\n<\/div>\n<\/div>\n\n\n\n<div class=\"wp-block-columns is-layout-flex wp-container-core-columns-is-layout-9d6595d7 wp-block-columns-is-layout-flex\">\n<div class=\"wp-block-column is-layout-flow wp-block-column-is-layout-flow\" style=\"flex-basis:50%\">\n<p class=\"has-grey-background-color has-background\"><strong>Postanschrift<\/strong><br>Helmut-Schmidt-Universit\u00e4t\/Universit\u00e4t der Bundeswehr<br>Fakult\u00e4t f\u00fcr Maschinenbau und Bauingenieurwesen <br>Baubetrieb und Baumanagement von Gro\u00dfprojekten<br>Postfach 70 08 22<br>22008 Hamburg<\/p>\n\n\n\n<p class=\"has-grey-background-color has-background\"><strong>Besucheranschrift<\/strong><br>Campus Nord<br><em><strong>Raum 0E050<\/strong><\/em><br>DRV Geb\u00e4ude (Nebeneingang Charlie-Mills-Stra\u00dfe)<br>Friedrich-Ebert-Damm 245<br>22159 Hamburg<\/p>\n<\/div>\n\n\n\n<div class=\"wp-block-column is-layout-flow wp-block-column-is-layout-flow\" style=\"flex-basis:50%\"><div class=\"wp-block-image is-style-rounded\">\n<figure class=\"aligncenter size-large is-resized\"><img loading=\"lazy\" decoding=\"async\" width=\"1698\" height=\"2560\" src=\"https:\/\/www.hsu-hh.de\/baubetrieb\/wp-content\/uploads\/sites\/919\/2024\/07\/Strauch-2-edited-scaled.jpg\" data-credit=\"HSU\" alt=\"\" class=\"wp-image-643\" style=\"width:282px;height:auto\" srcset=\"https:\/\/www.hsu-hh.de\/baubetrieb\/wp-content\/uploads\/sites\/919\/2024\/07\/Strauch-2-edited-scaled.jpg 1698w, https:\/\/www.hsu-hh.de\/baubetrieb\/wp-content\/uploads\/sites\/919\/2024\/07\/Strauch-2-edited-199x300.jpg 199w, https:\/\/www.hsu-hh.de\/baubetrieb\/wp-content\/uploads\/sites\/919\/2024\/07\/Strauch-2-edited-679x1024.jpg 679w, https:\/\/www.hsu-hh.de\/baubetrieb\/wp-content\/uploads\/sites\/919\/2024\/07\/Strauch-2-edited-768x1158.jpg 768w, https:\/\/www.hsu-hh.de\/baubetrieb\/wp-content\/uploads\/sites\/919\/2024\/07\/Strauch-2-edited-1019x1536.jpg 1019w, https:\/\/www.hsu-hh.de\/baubetrieb\/wp-content\/uploads\/sites\/919\/2024\/07\/Strauch-2-edited-1359x2048.jpg 1359w, https:\/\/www.hsu-hh.de\/baubetrieb\/wp-content\/uploads\/sites\/919\/2024\/07\/Strauch-2-edited-1100x1658.jpg 1100w\" sizes=\"auto, (max-width: 1698px) 100vw, 1698px\" \/><\/figure>\n<\/div><\/div>\n<\/div>\n\n\n\n<div class=\"wp-block-columns is-layout-flex wp-container-core-columns-is-layout-9d6595d7 wp-block-columns-is-layout-flex\">\n<div class=\"wp-block-column is-layout-flow wp-block-column-is-layout-flow\" style=\"flex-basis:50%\"><\/div>\n\n\n\n<div class=\"wp-block-column is-layout-flow wp-block-column-is-layout-flow\"><\/div>\n<\/div>\n","protected":false},"excerpt":{"rendered":"<p>Telefon: +49 (0)40-6541 -4437 E-Mail: ricarda.strauch@hsu.hamburg Raum: 0E050 PostanschriftHelmut-Schmidt-Universit\u00e4t\/Universit\u00e4t der BundeswehrFakult\u00e4t f\u00fcr Maschinenbau und Bauingenieurwesen Baubetrieb und Baumanagement von Gro\u00dfprojektenPostfach 70 08 2222008 Hamburg BesucheranschriftCampus NordRaum 0E050DRV Geb\u00e4ude (Nebeneingang Charlie-Mills-Stra\u00dfe)Friedrich-Ebert-Damm [&hellip;]<\/p>\n","protected":false},"author":3909,"featured_media":0,"parent":106,"menu_order":0,"comment_status":"closed","ping_status":"closed","template":"","meta":{"footnotes":""},"categories":[8],"tags":[],"class_list":["post-607","page","type-page","status-publish","hentry","category-team"],"_links":{"self":[{"href":"https:\/\/www.hsu-hh.de\/baubetrieb\/wp-json\/wp\/v2\/pages\/607","targetHints":{"allow":["GET"]}}],"collection":[{"href":"https:\/\/www.hsu-hh.de\/baubetrieb\/wp-json\/wp\/v2\/pages"}],"about":[{"href":"https:\/\/www.hsu-hh.de\/baubetrieb\/wp-json\/wp\/v2\/types\/page"}],"author":[{"embeddable":true,"href":"https:\/\/www.hsu-hh.de\/baubetrieb\/wp-json\/wp\/v2\/users\/3909"}],"replies":[{"embeddable":true,"href":"https:\/\/www.hsu-hh.de\/baubetrieb\/wp-json\/wp\/v2\/comments?post=607"}],"version-history":[{"count":24,"href":"https:\/\/www.hsu-hh.de\/baubetrieb\/wp-json\/wp\/v2\/pages\/607\/revisions"}],"predecessor-version":[{"id":1225,"href":"https:\/\/www.hsu-hh.de\/baubetrieb\/wp-json\/wp\/v2\/pages\/607\/revisions\/1225"}],"up":[{"embeddable":true,"href":"https:\/\/www.hsu-hh.de\/baubetrieb\/wp-json\/wp\/v2\/pages\/106"}],"wp:attachment":[{"href":"https:\/\/www.hsu-hh.de\/baubetrieb\/wp-json\/wp\/v2\/media?parent=607"}],"wp:term":[{"taxonomy":"category","embeddable":true,"href":"https:\/\/www.hsu-hh.de\/baubetrieb\/wp-json\/wp\/v2\/categories?post=607"},{"taxonomy":"post_tag","embeddable":true,"href":"https:\/\/www.hsu-hh.de\/baubetrieb\/wp-json\/wp\/v2\/tags?post=607"}],"curies":[{"name":"wp","href":"https:\/\/api.w.org\/{rel}","templated":true}]}}