{"id":505,"date":"2024-07-08T08:35:19","date_gmt":"2024-07-08T06:35:19","guid":{"rendered":"https:\/\/www.hsu-hh.de\/baubetrieb\/?page_id=505"},"modified":"2024-07-16T08:07:49","modified_gmt":"2024-07-16T06:07:49","slug":"interessengebiete-und-zustaendigkeiten-2","status":"publish","type":"page","link":"https:\/\/www.hsu-hh.de\/baubetrieb\/mitarbeiter\/leitung\/interessengebiete-und-zustaendigkeiten-2\/","title":{"rendered":"Interessengebiete und Referenzen"},"content":{"rendered":"\n<p>Das Forschungsprofil von <abbr title=\"Professor\">Prof.<\/abbr> Kumlehn ist auf baubetriebliche\/technische und bauvertragliche Problemstellungen rund um die Abwicklung von Gro\u00dfprojekten ausgerichtet. Hierzu z\u00e4hlen anwendungsorientierte Aspekte wie die Kollaboration bei Planungsleistungen, die Ausschreibung und Vergabe von komplexen Bauleistungen und von Leistungen freiberuflich T\u00e4tiger, der Umgang mit Kosten- und Terminabweichungen sowie die proaktive Streitvermeidung. Weiterhin widmet sich die Forschung grundla\u00adgenorientierten Aufgabenstellungen im Zusammenhang mit der Digitalisierung von Prozessen in unterschiedlichen Planungs- und Realisierungsphasen von Bauprojek\u00adten. an.<\/p>\n\n\n\n<p>Die aktuellen Forschungsschwerpunkte von <abbr title=\"Professor\">Prof.<\/abbr> Kumlehn liegen in den Bereichen<\/p>\n\n\n\n<ul class=\"wp-block-list\">\n<li>Vertragsmanagement und Umgang mit Kosten- und Terminabweichungen<\/li>\n\n\n\n<li>proaktive Streitvermeidung durch innovative Vertrags- und Organisationsmodelle<\/li>\n\n\n\n<li>Building-Information-Modeling <abbr title=\"beziehungsweise\">bzw.<\/abbr> Building-Information-Management (BIM)<\/li>\n\n\n\n<li>Kollaboration bei Planungsleistungen<\/li>\n\n\n\n<li>Digitalisierung von Prozessen in unterschiedlichen Planungs- und Realisierungsphasen von Bauprojekten<\/li>\n\n\n\n<li>Ausschreibung, Vergabe und Abrechnung von komplexen Bauleistungen und von Leistungen freiberuflich T\u00e4tiger<\/li>\n\n\n\n<li>Automatisierte Messung von Produktivit\u00e4t und Baufortschritt<\/li>\n\n\n\n<li>Kompensation des Fachkr\u00e4ftemangels<\/li>\n\n\n\n<li>Verfahren zur Bewertung der Nachhaltigkeit von Bauleistungen<\/li>\n<\/ul>\n\n\n\n<div style=\"height:50px\" aria-hidden=\"true\" class=\"wp-block-spacer\"><\/div>\n\n\n\n<p>Als pers\u00f6nliche Referenz von <abbr title=\"Professor\">Prof.<\/abbr> Kumlehn f\u00fcr die Forschungserfahrung im Bereich institutioneller Forschungseinrichtungen sind folgende Projekte zu nennen:<\/p>\n\n\n\n<ul class=\"wp-block-list\">\n<li><strong>HOAI \u2013 Evaluierung der Planungsbereiche<br><\/strong>Das Forschungsvorhaben hatte zum Ziel, die Planungsbereiche der HOAI zu evaluieren und Aktualisierungsvorschl\u00e4ge in Form einer Synopse zu erarbeiten. Im Fokus standen zum einen die Allgemeinen Vorschriften und zum anderen die Grund- und Besonderen Leistungen sowie die jeweiligen Paragrafen der einzelnen Leistungsbildern. Die Forschungsaufgabe bestand darin, im Rahmen eines interdisziplin\u00e4ren Gutachterteams verschiedene Arbeitsgruppen sowie eine Koordinierungsgruppe, eine Synchronisierungsrunde und eine Projektgruppe zur Digitalisierung\/Regelprozess BIM zu fachlich zu begleiten und zu koordinieren. Zu den Ergebnissen der Abstimmungen war laufend eine Dokumentation zu erarbeiten, welche Vorschl\u00e4ge f\u00fcr eine Neufassung der HOAI enth\u00e4lt und in einer Synopse die Entscheidungen f\u00fcr die Ver\u00e4nderungen kommentiert.<\/li>\n\n\n\n<li><strong>KlimaBau &#8211; Auswirkungen des Klimawandels auf ausgew\u00e4hlte Gewerke der Baubranche unter besonderer Ber\u00fccksichtigung des Faktors Mensch<\/strong><br>Ziel des Forschungsvorhabens war es, die Auswirkungen von Witterungsereignissen f\u00fcr ausf\u00fchrende Bauunternehmen insbesondere mit Fokus auf die bauausf\u00fchrenden Personen aufzuzeigen und Ans\u00e4tze im Umgang mit dem Klimawandel zu entwickeln.<\/li>\n\n\n\n<li><strong>OI+BAU \u2013 Optimierung der Initiierung komplexer Bauvorhaben<\/strong><br>Zusammen mit verschiedenen anderen Forschungseinrichtungen sowie Partnern aus der Privatwirtschaft wurden die fr\u00fchen Projektphasen bei der Durchf\u00fchrung von komplexen Bauvorhaben mit dem Ziel analysiert, die notwendigen Voraussetzungen <abbr title=\"beziehungsweise\">bzw.<\/abbr> zu bearbeitenden Aufgabenfelder zur Entwicklung einer projektspezifischen und verl\u00e4sslichen Planungsgrundlage zu erarbeiten. Hierf\u00fcr wurden u. a. \u00fcbliche St\u00f6rungen bei der Initiierung von Bauvorhaben erfasst klassifiziert. Probleml\u00f6sungen wurden erarbeitet ein anwendungsfreundlicher und praxisnaher Handlungsleitfaden entwickelt.<\/li>\n\n\n\n<li><strong>RiMaBau &#8211; Wissenschaftliche Unterst\u00fctzung bei der Entwicklung einer Handlungsanleitung f\u00fcr das Risikomanagement von gro\u00dfen Hochbauma\u00dfnahmen des Bundes<br><\/strong>Im Rahmen des Forschungsvorhabens erfolgte die wissenschaftliche Unterst\u00fctzung der Arbeitsgruppe &#8222;Risikomanagement\u201c. Das \u00fcbergeordnete Ziel des Projekts war die Entwicklung einer Handlungsanleitung f\u00fcr das Risikomanagement von gro\u00dfen Hochbauvorhaben des Bundes.<\/li>\n\n\n\n<li><strong>Evaluierung des Einsatzes von Projektsteuerern bei der Durchf\u00fchrung von Bundesbauma\u00dfnahmen<br><\/strong>Im Rahmen eines Vorhabens der Forschungsinitiative &#8222;Zukunft Bau&#8220; wurde der Einsatz von externen Projektsteuerern bei der Durchf\u00fchrung von Gro\u00dfen Bauma\u00dfnahmen (gem. RBBau) im Bundeshochbau analysiert.<\/li>\n\n\n\n<li><strong>Vorlage und \u00dcberpr\u00fcfung der Eignungsnachweise nach \u00a7 6 VOB\/A in der Praxis<\/strong><br>Im Auftrag des Bundesinstituts f\u00fcr Bau-, Stadt- und Raumforschung (BBSR) wurde das Vergabeverhalten von Vergabestellen auf Bundes-, Landes- und kommunaler Ebene hinsichtlich der Vorlage und \u00dcberpr\u00fcfung von Eignungsnachweisen (Pr\u00e4qualifizierung\/ Einzelnachweis) nach \u00a7 6 VOB\/A untersucht.<br><\/li>\n<\/ul>\n\n\n\n<div style=\"height:40px\" aria-hidden=\"true\" class=\"wp-block-spacer\"><\/div>\n\n\n\n<p>Pers\u00f6nliche Referenzen f\u00fcr Forschungserfahrung im Bereich privater und \u00f6ffentlicher Forschungsmittelgeber spiegeln sich in folgenden Projekten wider (Auswahl):<\/p>\n\n\n\n<ul class=\"wp-block-list\">\n<li><strong>Abrechnung einer Vorhalteposition f\u00fcr ein Gro\u00dfger\u00e4t<br><\/strong>Die Abrechnung einer Vorhalteposition f\u00fcr ein Gro\u00dfger\u00e4t ist streitig. Im Rahmen eines Schiedsgutachtens wird u. a. die Auslegung des Positionstextes, die tats\u00e4chlich eingetretenen Abweichungen davon und den Umgang damit im Rahmen der Abrechnung bewertet. Hierbei wurde vor dem Hintergrund des BGH-Urteils vom 08.08.2019 (Az. VII ZR 34\/18) auch auf Gemeinkostenausgleich i. S. v. \u00a7 2 Abs. 3 VOB\/B und das Kriterium der &#8222;tats\u00e4chlich erforderlichen Kosten&#8220; zuz\u00fcglich angemessener Zuschl\u00e4ge f\u00fcr Allgemeine Gesch\u00e4ftskosten sowie Wagnis und Gewinn eingegangen (Schiedsgutachten).<\/li>\n\n\n\n<li><strong>Auftragnehmer macht unberechtigt hypothetische Mehrkosten geltend<br><\/strong>Bei einem Tunnelbau werden unerwartete Kontaminationen festgestellt und es kommt zu Planungs\u00e4nderungen. Der Auftragnehmer l\u00e4sst daraufhin ein Gutachten anfertigen, welches umfangreiche Mehrkosten darstellt. Im Rahmen des Drittmittelprojekts wird das Gutachten und kommt zu dem Ergebnis, dass u. a. Planungspflichten des Auftragnehmers vernachl\u00e4ssigt wurden und bauzeitliche Folgen geltend gemacht werden, die so gar nicht entstanden waren. Die Mehrkosten waren rein hypothetisch ermittelt worden. Dem Auftragnehmer wurde aufgezeigt, warum seine Darlegungen in zahlreichen Punkten nicht pr\u00fcff\u00e4hig sind und welche Nachweise er im Einzelnen beizubringen h\u00e4tte.<\/li>\n\n\n\n<li><strong>Gest\u00f6rter Bauablauf im Wohnungsbau und Entsch\u00e4digung nach \u00a7 642 BGB<br><\/strong>Aufgrund verschiedener nicht termingerecht erbrachter Mitwirkungshandlungen des Auftraggebers kommt es zu gest\u00f6rtem Bauablauf mit mehrmonatigen Verz\u00f6gerungen bei der Errichtung eines komplexen Wohnungsbaus. F\u00fcr den Auftragnehmer wird im Rahmen des Forschungsprojekts zun\u00e4chst eine Kurzexpertise mit den wesentlichen Anspruchsgrundlagen aufgestellt und der Mehrkostenanspruch beziffert. Nachdem Einigungsgespr\u00e4che zwischen den Vertragsparteien scheitern, wurden in Zusammenarbeit mit der Rechtsberatung des Auftragnehmers ein im Klageverfahren einzureichendes Gutachten mit bauablaufbezogener Darstellung und Nachweis einer Entsch\u00e4digung gem\u00e4\u00df \u00a7 642 BGB erstellt.<\/li>\n\n\n\n<li><strong>Streitige Ursachen einer Bauzeitverl\u00e4ngerung bei einem Fl\u00e4chenbauwerk<\/strong><br>Die Bauzeit zur Herstellung von Freifl\u00e4chen und eines Fl\u00e4chenbauwerks nach WHG verz\u00f6gert sich um nahezu ein Jahr. Die Gr\u00fcnde sind zwischen AG und AN streitig. Es geht einerseits um behauptete fehlende Leistungsbereitschaft wegen ungekl\u00e4rter technischer Fragen und andererseits um teilweise nicht bereitgestellte Baufelder (Gerichtsgutachten).<br><\/li>\n<\/ul>\n\n\n\n<p>Zu den Projekten privater und \u00f6ffentlicher Forschungsmittelgeber ist darauf hinzuweisen, dass diese hier nur in anonymisierter Form aufgelistet werden k\u00f6nnen, da mit Auftraggebern Geheimhaltungsvereinbarungen geschlossen und teilweise diesbez\u00fcglich auch Vertragsstraferegelungen vereinbart wurden. Insgesamt wurden von <abbr title=\"Professor\">Prof.<\/abbr> Kumlehn seit 1995 weit \u00fcber 200 Auftr\u00e4ge zu anwendungsorientierten Fragegestellungen bearbeitet. Hierbei erfolgte die Leistungserbringung f\u00fcr Auftraggeber, Auftragnehmer und auch f\u00fcr Gerichte zu in etwa gleichen Anteilen, sodass die Motivation und ein Verst\u00e4ndnis f\u00fcr deren jeweilige Sichtweisen umfassend vorhanden sind. Die Bearbeitung der Auftr\u00e4ge erfolgte zumeist in Kooperation mit der <abbr title=\"construction engineering management\">CEM<\/abbr> Consultants <abbr title=\"Gesellschaft mit beschr\u00e4nkter Haftung\">GmbH<\/abbr> oder auch pers\u00f6nlich f\u00fcr Gerichte in der Funktion als von der Ingenieurkammer Niedersachsen \u00f6ffentlich bestellter und vereidigter Sachverst\u00e4ndiger.<\/p>\n","protected":false},"excerpt":{"rendered":"<p>Das Forschungsprofil von Prof. Kumlehn ist auf baubetriebliche\/technische und bauvertragliche Problemstellungen rund um die Abwicklung von Gro\u00dfprojekten ausgerichtet. Hierzu z\u00e4hlen anwendungsorientierte Aspekte wie die Kollaboration bei Planungsleistungen, die Ausschreibung und [&hellip;]<\/p>\n","protected":false},"author":3909,"featured_media":0,"parent":498,"menu_order":0,"comment_status":"closed","ping_status":"closed","template":"","meta":{"footnotes":""},"categories":[42,8],"tags":[],"class_list":["post-505","page","type-page","status-publish","hentry","category-prof-kumlehn","category-team"],"_links":{"self":[{"href":"https:\/\/www.hsu-hh.de\/baubetrieb\/wp-json\/wp\/v2\/pages\/505","targetHints":{"allow":["GET"]}}],"collection":[{"href":"https:\/\/www.hsu-hh.de\/baubetrieb\/wp-json\/wp\/v2\/pages"}],"about":[{"href":"https:\/\/www.hsu-hh.de\/baubetrieb\/wp-json\/wp\/v2\/types\/page"}],"author":[{"embeddable":true,"href":"https:\/\/www.hsu-hh.de\/baubetrieb\/wp-json\/wp\/v2\/users\/3909"}],"replies":[{"embeddable":true,"href":"https:\/\/www.hsu-hh.de\/baubetrieb\/wp-json\/wp\/v2\/comments?post=505"}],"version-history":[{"count":14,"href":"https:\/\/www.hsu-hh.de\/baubetrieb\/wp-json\/wp\/v2\/pages\/505\/revisions"}],"predecessor-version":[{"id":578,"href":"https:\/\/www.hsu-hh.de\/baubetrieb\/wp-json\/wp\/v2\/pages\/505\/revisions\/578"}],"up":[{"embeddable":true,"href":"https:\/\/www.hsu-hh.de\/baubetrieb\/wp-json\/wp\/v2\/pages\/498"}],"wp:attachment":[{"href":"https:\/\/www.hsu-hh.de\/baubetrieb\/wp-json\/wp\/v2\/media?parent=505"}],"wp:term":[{"taxonomy":"category","embeddable":true,"href":"https:\/\/www.hsu-hh.de\/baubetrieb\/wp-json\/wp\/v2\/categories?post=505"},{"taxonomy":"post_tag","embeddable":true,"href":"https:\/\/www.hsu-hh.de\/baubetrieb\/wp-json\/wp\/v2\/tags?post=505"}],"curies":[{"name":"wp","href":"https:\/\/api.w.org\/{rel}","templated":true}]}}