{"id":501,"date":"2024-07-08T08:32:01","date_gmt":"2024-07-08T06:32:01","guid":{"rendered":"https:\/\/www.hsu-hh.de\/baubetrieb\/?page_id=501"},"modified":"2025-12-18T09:45:19","modified_gmt":"2025-12-18T08:45:19","slug":"biografie-2","status":"publish","type":"page","link":"https:\/\/www.hsu-hh.de\/baubetrieb\/mitarbeiter\/leitung\/biografie-2\/","title":{"rendered":"Biografie"},"content":{"rendered":"\n<div class=\"wp-block-columns is-layout-flex wp-container-core-columns-is-layout-9d6595d7 wp-block-columns-is-layout-flex\">\n<div class=\"wp-block-column is-layout-flow wp-block-column-is-layout-flow\" style=\"flex-basis:10%\">\n<p><strong><em>1969<\/em><\/strong><\/p>\n\n\n\n<p><em><strong>1989 &#8211; 1994<\/strong><\/em><\/p>\n<\/div>\n\n\n\n<div class=\"wp-block-column is-layout-flow wp-block-column-is-layout-flow\" style=\"flex-basis:85%\">\n<p>geboren in Holzminden<\/p>\n\n\n\n<p>Studium des Bauingenieurwesens an der <em>Technischen Universit\u00e4t Braunschweig<\/em> (Abschluss <abbr title=\"Diplom\">Dipl.<\/abbr>&#8211;<abbr title=\"Ingenieur\">Ing.<\/abbr>)<\/p>\n<\/div>\n<\/div>\n\n\n\n<div class=\"wp-block-columns is-layout-flex wp-container-core-columns-is-layout-9d6595d7 wp-block-columns-is-layout-flex\">\n<div class=\"wp-block-column is-layout-flow wp-block-column-is-layout-flow\" style=\"flex-basis:10%\">\n<p><em><strong>1994 &#8211; 1999<\/strong><\/em><\/p>\n<\/div>\n\n\n\n<div class=\"wp-block-column is-layout-flow wp-block-column-is-layout-flow\" style=\"flex-basis:85%\">\n<p>Zusatzstudium Wirtschaftswissenschaften f\u00fcr Ingenieure an der <em>Fernuniversit\u00e4t Hagen<\/em> (Abschluss <abbr title=\"Diplom\">Dipl.<\/abbr>-Wirtsch.-<abbr title=\"Ingenieur\">Ing.<\/abbr>)<\/p>\n<\/div>\n<\/div>\n\n\n\n<div class=\"wp-block-columns is-layout-flex wp-container-core-columns-is-layout-9d6595d7 wp-block-columns-is-layout-flex\">\n<div class=\"wp-block-column is-layout-flow wp-block-column-is-layout-flow\" style=\"flex-basis:10%\">\n<p><em><strong>1995 &#8211; 2024<\/strong><\/em><\/p>\n<\/div>\n\n\n\n<div class=\"wp-block-column is-layout-flow wp-block-column-is-layout-flow\" style=\"flex-basis:85%\">\n<p>Wissenschaftlicher Mitarbeiter (Akad. Rat, Akad. Oberrat) am Institut f\u00fcr Bauwirtschaft und Baubetrieb der <em>Technischen Universit\u00e4t Braunschweig<\/em><\/p>\n<\/div>\n<\/div>\n\n\n\n<div class=\"wp-block-columns is-layout-flex wp-container-core-columns-is-layout-9d6595d7 wp-block-columns-is-layout-flex\">\n<div class=\"wp-block-column is-layout-flow wp-block-column-is-layout-flow\" style=\"flex-basis:10%\">\n<p><strong><em>2001<\/em><\/strong><\/p>\n<\/div>\n\n\n\n<div class=\"wp-block-column is-layout-flow wp-block-column-is-layout-flow\" style=\"flex-basis:85%\">\n<p>Promotion am Institut f\u00fcr Bauwirtschaft und Baubetrieb der <em>Technischen Universit\u00e4t Braunschweig<\/em><\/p>\n<\/div>\n<\/div>\n\n\n\n<div class=\"wp-block-columns is-layout-flex wp-container-core-columns-is-layout-9d6595d7 wp-block-columns-is-layout-flex\">\n<div class=\"wp-block-column is-layout-flow wp-block-column-is-layout-flow\" style=\"flex-basis:10%\">\n<p><strong><em>seit 2001<\/em><\/strong><\/p>\n<\/div>\n\n\n\n<div class=\"wp-block-column is-layout-flow wp-block-column-is-layout-flow\" style=\"flex-basis:85%\">\n<p>Mitbegr\u00fcnder und gesch\u00e4ftsf\u00fchrender Gesellschafter der <a href=\"https:\/\/www.cemconsultants.de\" rel='nofollow'><abbr title=\"construction engineering management\">CEM<\/abbr> Consultant <abbr title=\"Professor\">Prof.<\/abbr> Kumlehn <abbr title=\"Gesellschaft mit beschr\u00e4nkter Haftung\">GmbH<\/abbr><\/a> (fr\u00fcher <abbr title=\"construction engineering management\">CEM<\/abbr> Consultant <abbr title=\"Professor\">Prof.<\/abbr> Wanninger + Comp. <abbr title=\"Gesellschaft mit beschr\u00e4nkter Haftung\">GmbH<\/abbr>)<\/p>\n<\/div>\n<\/div>\n\n\n\n<div class=\"wp-block-columns is-layout-flex wp-container-core-columns-is-layout-9d6595d7 wp-block-columns-is-layout-flex\">\n<div class=\"wp-block-column is-layout-flow wp-block-column-is-layout-flow\" style=\"flex-basis:10%\">\n<p><strong><em>seit 2014<\/em><\/strong><\/p>\n<\/div>\n\n\n\n<div class=\"wp-block-column is-layout-flow wp-block-column-is-layout-flow\" style=\"flex-basis:85%\">\n<p>Lehrbeauftragter an der Akademie der <em>Hochschule Biberach<\/em> im Weiterbildungsstudiengang <a href=\"https:\/\/www.hochschule-biberach.de\/mba-unternehmensfuehrung-bau\" rel='nofollow'>\u201eMBA Unternehmensf\u00fchrung Bau\u201c<\/a> f\u00fcr das Fach \u201eGest\u00f6rter Bauablauf\u201c<\/p>\n<\/div>\n<\/div>\n\n\n\n<div class=\"wp-block-columns is-layout-flex wp-container-core-columns-is-layout-9d6595d7 wp-block-columns-is-layout-flex\">\n<div class=\"wp-block-column is-layout-flow wp-block-column-is-layout-flow\" style=\"flex-basis:10%\">\n<p><strong><em>seit 2017<\/em><\/strong><\/p>\n<\/div>\n\n\n\n<div class=\"wp-block-column is-layout-flow wp-block-column-is-layout-flow\" style=\"flex-basis:85%\">\n<p> von der <a href=\"https:\/\/www.ingenieurkammer.de\/\" rel='nofollow'>Ingenieurkammer Niedersachsen<\/a> <a href=\"https:\/\/www.cemconsultants.de\/sachverstaendige-baubetrieb\/sachverstaendiger.shtml\" rel='nofollow'>\u00f6ffentlich bestellter und vereidigter Sachverst\u00e4ndiger f\u00fcr Baubetrieb und Baubetriebswirtschaft<\/a><\/p>\n<\/div>\n<\/div>\n\n\n\n<div class=\"wp-block-columns is-layout-flex wp-container-core-columns-is-layout-9d6595d7 wp-block-columns-is-layout-flex\">\n<div class=\"wp-block-column is-layout-flow wp-block-column-is-layout-flow\" style=\"flex-basis:10%\">\n<p><strong><em>seit 2024<\/em><\/strong><\/p>\n<\/div>\n\n\n\n<div class=\"wp-block-column is-layout-flow wp-block-column-is-layout-flow\" style=\"flex-basis:85%\">\n<p>Universit\u00e4tsprofessor f\u00fcr Baubetrieb und Baumanagement von Gro\u00dfprojekten an der <em>Helmut Schmidt Universit\u00e4t \/ Universit\u00e4t der Bundeswehr Hamburg<\/em><\/p>\n<\/div>\n<\/div>\n\n\n\n<div class=\"wp-block-columns is-layout-flex wp-container-core-columns-is-layout-9d6595d7 wp-block-columns-is-layout-flex\">\n<div class=\"wp-block-column is-layout-flow wp-block-column-is-layout-flow\" style=\"flex-basis:10%\">\n<p><strong><em>seit 2024<\/em><\/strong><\/p>\n<\/div>\n\n\n\n<div class=\"wp-block-column is-layout-flow wp-block-column-is-layout-flow\" style=\"flex-basis:85%\">\n<p>Mitglied im Pr\u00fcfungsausschuss Maschinenbau und Bauingenieurwesen<\/p>\n<\/div>\n<\/div>\n\n\n\n<div class=\"wp-block-columns is-layout-flex wp-container-core-columns-is-layout-9d6595d7 wp-block-columns-is-layout-flex\">\n<div class=\"wp-block-column is-layout-flow wp-block-column-is-layout-flow\" style=\"flex-basis:10%\">\n<p><strong><em>seit 202<\/em><\/strong><em><strong>5<\/strong><\/em><\/p>\n<\/div>\n\n\n\n<div class=\"wp-block-column is-layout-flow wp-block-column-is-layout-flow\" style=\"flex-basis:85%\">\n<p>Vorsitzender des <a href=\"https:\/\/www.hsu-hh.de\/sbawi\/studienbereichsausschuss-wi\" target=\"_blank\" rel=\"noreferrer noopener\">Studienbereichsausschuss Wirtschaftsingenieurwesen<\/a> (SBA <abbr title=\"Wirtschaftsingenieurwesen\">WI<\/abbr>), zust\u00e4ndig f\u00fcr die Studieng\u00e4nge <a href=\"https:\/\/www.hsu-hh.de\/studium\/wirtschaftsingenieurwesen\" target=\"_blank\" rel=\"noreferrer noopener\">Wirtschaftsingenieurwesen<\/a> und <a href=\"https:\/\/www.hsu-hh.de\/studium\/logistik5\" target=\"_blank\" rel=\"noreferrer noopener\">Logistik<\/a>, und Studiendekan des Studiengangs Wirtschaftsingenieur\u00adwesen<\/p>\n<\/div>\n<\/div>\n\n\n\n<h2 class=\"wp-block-heading\">Mitgliedschaften<\/h2>\n\n\n\n<ul class=\"wp-block-list\">\n<li><a href=\"https:\/\/www.ingenieurkammer.de\" rel='nofollow'>Ingenieurkammer Niedersachsen<\/a><\/li>\n\n\n\n<li><a href=\"https:\/\/www.dg-baurecht.de\" rel='nofollow'>Deutsche Gesellschaft f\u00fcr Baurecht e. V.<\/a><\/li>\n\n\n\n<li><a href=\"https:\/\/baugerichtstag.de\/\" data-type=\"link\" data-id=\"https:\/\/baugerichtstag.de\/\" rel='nofollow'>Deutscher Baugerichtstag e. V.<\/a><\/li>\n<\/ul>\n\n\n\n<p><\/p>\n","protected":false},"excerpt":{"rendered":"<p>1969 1989 &#8211; 1994 geboren in Holzminden Studium des Bauingenieurwesens an der Technischen Universit\u00e4t Braunschweig (Abschluss Dipl.&#8211;Ing.) 1994 &#8211; 1999 Zusatzstudium Wirtschaftswissenschaften f\u00fcr Ingenieure an der Fernuniversit\u00e4t Hagen (Abschluss Dipl.-Wirtsch.-Ing.) [&hellip;]<\/p>\n","protected":false},"author":3909,"featured_media":0,"parent":498,"menu_order":0,"comment_status":"closed","ping_status":"closed","template":"","meta":{"footnotes":""},"categories":[42,8],"tags":[],"class_list":["post-501","page","type-page","status-publish","hentry","category-prof-kumlehn","category-team"],"_links":{"self":[{"href":"https:\/\/www.hsu-hh.de\/baubetrieb\/wp-json\/wp\/v2\/pages\/501","targetHints":{"allow":["GET"]}}],"collection":[{"href":"https:\/\/www.hsu-hh.de\/baubetrieb\/wp-json\/wp\/v2\/pages"}],"about":[{"href":"https:\/\/www.hsu-hh.de\/baubetrieb\/wp-json\/wp\/v2\/types\/page"}],"author":[{"embeddable":true,"href":"https:\/\/www.hsu-hh.de\/baubetrieb\/wp-json\/wp\/v2\/users\/3909"}],"replies":[{"embeddable":true,"href":"https:\/\/www.hsu-hh.de\/baubetrieb\/wp-json\/wp\/v2\/comments?post=501"}],"version-history":[{"count":15,"href":"https:\/\/www.hsu-hh.de\/baubetrieb\/wp-json\/wp\/v2\/pages\/501\/revisions"}],"predecessor-version":[{"id":1252,"href":"https:\/\/www.hsu-hh.de\/baubetrieb\/wp-json\/wp\/v2\/pages\/501\/revisions\/1252"}],"up":[{"embeddable":true,"href":"https:\/\/www.hsu-hh.de\/baubetrieb\/wp-json\/wp\/v2\/pages\/498"}],"wp:attachment":[{"href":"https:\/\/www.hsu-hh.de\/baubetrieb\/wp-json\/wp\/v2\/media?parent=501"}],"wp:term":[{"taxonomy":"category","embeddable":true,"href":"https:\/\/www.hsu-hh.de\/baubetrieb\/wp-json\/wp\/v2\/categories?post=501"},{"taxonomy":"post_tag","embeddable":true,"href":"https:\/\/www.hsu-hh.de\/baubetrieb\/wp-json\/wp\/v2\/tags?post=501"}],"curies":[{"name":"wp","href":"https:\/\/api.w.org\/{rel}","templated":true}]}}