{"id":498,"date":"2024-07-08T08:22:10","date_gmt":"2024-07-08T06:22:10","guid":{"rendered":"https:\/\/www.hsu-hh.de\/baubetrieb\/?page_id=498"},"modified":"2024-11-27T07:48:08","modified_gmt":"2024-11-27T06:48:08","slug":"leitung","status":"publish","type":"page","link":"https:\/\/www.hsu-hh.de\/baubetrieb\/mitarbeiter\/leitung\/","title":{"rendered":"Leitung Frank Kumlehn"},"content":{"rendered":"\n<h2 class=\"wp-block-heading\"><abbr title=\"Universit\u00e4tsprofessor\">Univ.-Prof.<\/abbr> <abbr title=\"Doktor-Ingenieur\">Dr.-Ing.<\/abbr> <abbr title=\"Diplom\">Dipl.<\/abbr>-Wirtsch.-<abbr title=\"Ingenieur\">Ing.<\/abbr><\/h2>\n\n\n\n<div class=\"wp-block-columns is-layout-flex wp-container-core-columns-is-layout-9d6595d7 wp-block-columns-is-layout-flex\">\n<div class=\"wp-block-column is-layout-flow wp-block-column-is-layout-flow\">\n<div class=\"wp-block-columns is-layout-flex wp-container-core-columns-is-layout-9d6595d7 wp-block-columns-is-layout-flex\">\n<div class=\"wp-block-column is-layout-flow wp-block-column-is-layout-flow\" style=\"flex-basis:33.34%\">\n<p class=\"has-text-align-center has-grey-background-color has-background\">Telefon: +49 (0)40-6541-4803<\/p>\n<\/div>\n\n\n\n<div class=\"wp-block-column is-layout-flow wp-block-column-is-layout-flow\" style=\"flex-basis:36%\">\n<p class=\"has-text-align-center has-grey-background-color has-background\">E-Mail: <a href=\"mailto:kumlehnf@hsu.hamburg\" rel='nofollow'>kumlehnf@hsu.hamburg<\/a><\/p>\n<\/div>\n\n\n\n<div class=\"wp-block-column is-layout-flow wp-block-column-is-layout-flow\" style=\"flex-basis:30%\">\n<p class=\"has-text-align-center has-grey-background-color has-background\">Raum: 0E126<\/p>\n<\/div>\n<\/div>\n<\/div>\n<\/div>\n\n\n\n<div class=\"wp-block-columns is-layout-flex wp-container-core-columns-is-layout-9d6595d7 wp-block-columns-is-layout-flex\">\n<div class=\"wp-block-column is-layout-flow wp-block-column-is-layout-flow\">\n<p class=\"has-grey-background-color has-background\"><strong>Postanschrift<\/strong><br>Helmut-Schmidt-Universit\u00e4t\/Universit\u00e4t der Bundeswehr<br>Fakult\u00e4t f\u00fcr Maschinenbau und Bauingenieurwesen <br>Baubetrieb und Baumanagement von Gro\u00dfprojekten<br>Postfach 70 08 22<br>22008 Hamburg<\/p>\n<\/div>\n\n\n\n<div class=\"wp-block-column is-layout-flow wp-block-column-is-layout-flow\">\n<p class=\"has-grey-background-color has-background\"><strong>Besucheranschrift<\/strong><br>Helmut-Schmidt-Universit\u00e4t\/Universit\u00e4t der Bundeswehr<br>Campus Nord<br>DRV Geb\u00e4ude (Nebeneingang Charlie-Mills-Stra\u00dfe)<br>Friedrich-Ebert-Damm 245<br>22159 Hamburg<\/p>\n<\/div>\n<\/div>\n\n\n\n<div style=\"height:25px\" aria-hidden=\"true\" class=\"wp-block-spacer\"><\/div>\n\n\n<div class=\"wp-block-image is-style-rounded\">\n<figure class=\"alignright size-large is-resized\"><img loading=\"lazy\" decoding=\"async\" width=\"2560\" height=\"1707\" src=\"https:\/\/www.hsu-hh.de\/baubetrieb\/wp-content\/uploads\/sites\/919\/2024\/07\/Kumlehn_Frank_9454-edited-4-scaled.jpg\" data-credit=\"FK\" alt=\"\" class=\"wp-image-656\" style=\"width:498px;height:auto\" srcset=\"https:\/\/www.hsu-hh.de\/baubetrieb\/wp-content\/uploads\/sites\/919\/2024\/07\/Kumlehn_Frank_9454-edited-4-scaled.jpg 2560w, https:\/\/www.hsu-hh.de\/baubetrieb\/wp-content\/uploads\/sites\/919\/2024\/07\/Kumlehn_Frank_9454-edited-4-300x200.jpg 300w, https:\/\/www.hsu-hh.de\/baubetrieb\/wp-content\/uploads\/sites\/919\/2024\/07\/Kumlehn_Frank_9454-edited-4-1024x683.jpg 1024w, https:\/\/www.hsu-hh.de\/baubetrieb\/wp-content\/uploads\/sites\/919\/2024\/07\/Kumlehn_Frank_9454-edited-4-768x512.jpg 768w, https:\/\/www.hsu-hh.de\/baubetrieb\/wp-content\/uploads\/sites\/919\/2024\/07\/Kumlehn_Frank_9454-edited-4-1536x1024.jpg 1536w, https:\/\/www.hsu-hh.de\/baubetrieb\/wp-content\/uploads\/sites\/919\/2024\/07\/Kumlehn_Frank_9454-edited-4-2048x1365.jpg 2048w, https:\/\/www.hsu-hh.de\/baubetrieb\/wp-content\/uploads\/sites\/919\/2024\/07\/Kumlehn_Frank_9454-edited-4-1100x733.jpg 1100w\" sizes=\"auto, (max-width: 2560px) 100vw, 2560px\" \/><\/figure>\n<\/div>\n\n\n<div class=\"wp-block-columns is-layout-flex wp-container-core-columns-is-layout-9d6595d7 wp-block-columns-is-layout-flex\">\n<div class=\"wp-block-column is-layout-flow wp-block-column-is-layout-flow\" style=\"flex-basis:90%\">\n<p class=\"has-grey-background-color has-background has-medium-font-size\" style=\"font-style:normal;font-weight:800\"><a href=\"https:\/\/www.hsu-hh.de\/baubetrieb\/mitarbeiter\/leitung\/biografie-2\/\" data-type=\"page\" data-id=\"501\">Biografie<\/a><\/p>\n<\/div>\n<\/div>\n\n\n\n<div class=\"wp-block-columns is-layout-flex wp-container-core-columns-is-layout-9d6595d7 wp-block-columns-is-layout-flex\">\n<div class=\"wp-block-column is-layout-flow wp-block-column-is-layout-flow\" style=\"flex-basis:90%\">\n<p class=\"has-grey-background-color has-background has-medium-font-size\" style=\"font-style:normal;font-weight:800\"><a href=\"https:\/\/www.hsu-hh.de\/baubetrieb\/mitarbeiter\/interessengebiete-und-zustaendigkeiten-2\/\" data-type=\"page\" data-id=\"505\">Interessengebiete und Referenzen<\/a><\/p>\n<\/div>\n<\/div>\n\n\n\n<div class=\"wp-block-columns is-layout-flex wp-container-core-columns-is-layout-9d6595d7 wp-block-columns-is-layout-flex\">\n<div class=\"wp-block-column is-layout-flow wp-block-column-is-layout-flow\" style=\"flex-basis:90%\">\n<p class=\"has-grey-background-color has-background has-medium-font-size\" style=\"font-style:normal;font-weight:800\"><a href=\"https:\/\/www.hsu-hh.de\/baubetrieb\/mitarbeiter\/leitung\/vortraege\/\" data-type=\"page\" data-id=\"336\">Vortr\u00e4ge<\/a><\/p>\n<\/div>\n<\/div>\n\n\n\n<div class=\"wp-block-columns is-layout-flex wp-container-core-columns-is-layout-9d6595d7 wp-block-columns-is-layout-flex\">\n<div class=\"wp-block-column is-layout-flow wp-block-column-is-layout-flow\" style=\"flex-basis:90%\">\n<p class=\"has-grey-background-color has-background has-medium-font-size\" style=\"font-style:normal;font-weight:800\"><a href=\"https:\/\/www.hsu-hh.de\/baubetrieb\/mitarbeiter\/leitung\/veroeffentlichungen\/\" data-type=\"page\" data-id=\"332\">Ver\u00f6ffentlichungen<\/a><\/p>\n<\/div>\n<\/div>\n","protected":false},"excerpt":{"rendered":"<p>Univ.-Prof. Dr.-Ing. Dipl.-Wirtsch.-Ing. Telefon: +49 (0)40-6541-4803 E-Mail: kumlehnf@hsu.hamburg Raum: 0E126 PostanschriftHelmut-Schmidt-Universit\u00e4t\/Universit\u00e4t der BundeswehrFakult\u00e4t f\u00fcr Maschinenbau und Bauingenieurwesen Baubetrieb und Baumanagement von Gro\u00dfprojektenPostfach 70 08 2222008 Hamburg BesucheranschriftHelmut-Schmidt-Universit\u00e4t\/Universit\u00e4t der BundeswehrCampus NordDRV [&hellip;]<\/p>\n","protected":false},"author":3909,"featured_media":0,"parent":106,"menu_order":0,"comment_status":"closed","ping_status":"closed","template":"","meta":{"footnotes":""},"categories":[42,8],"tags":[],"class_list":["post-498","page","type-page","status-publish","hentry","category-prof-kumlehn","category-team"],"_links":{"self":[{"href":"https:\/\/www.hsu-hh.de\/baubetrieb\/wp-json\/wp\/v2\/pages\/498","targetHints":{"allow":["GET"]}}],"collection":[{"href":"https:\/\/www.hsu-hh.de\/baubetrieb\/wp-json\/wp\/v2\/pages"}],"about":[{"href":"https:\/\/www.hsu-hh.de\/baubetrieb\/wp-json\/wp\/v2\/types\/page"}],"author":[{"embeddable":true,"href":"https:\/\/www.hsu-hh.de\/baubetrieb\/wp-json\/wp\/v2\/users\/3909"}],"replies":[{"embeddable":true,"href":"https:\/\/www.hsu-hh.de\/baubetrieb\/wp-json\/wp\/v2\/comments?post=498"}],"version-history":[{"count":21,"href":"https:\/\/www.hsu-hh.de\/baubetrieb\/wp-json\/wp\/v2\/pages\/498\/revisions"}],"predecessor-version":[{"id":852,"href":"https:\/\/www.hsu-hh.de\/baubetrieb\/wp-json\/wp\/v2\/pages\/498\/revisions\/852"}],"up":[{"embeddable":true,"href":"https:\/\/www.hsu-hh.de\/baubetrieb\/wp-json\/wp\/v2\/pages\/106"}],"wp:attachment":[{"href":"https:\/\/www.hsu-hh.de\/baubetrieb\/wp-json\/wp\/v2\/media?parent=498"}],"wp:term":[{"taxonomy":"category","embeddable":true,"href":"https:\/\/www.hsu-hh.de\/baubetrieb\/wp-json\/wp\/v2\/categories?post=498"},{"taxonomy":"post_tag","embeddable":true,"href":"https:\/\/www.hsu-hh.de\/baubetrieb\/wp-json\/wp\/v2\/tags?post=498"}],"curies":[{"name":"wp","href":"https:\/\/api.w.org\/{rel}","templated":true}]}}