{"id":386,"date":"2024-07-02T13:38:16","date_gmt":"2024-07-02T11:38:16","guid":{"rendered":"https:\/\/www.hsu-hh.de\/baubetrieb\/?page_id=386"},"modified":"2026-03-02T11:34:03","modified_gmt":"2026-03-02T10:34:03","slug":"baumanagement-und-bim","status":"publish","type":"page","link":"https:\/\/www.hsu-hh.de\/baubetrieb\/lehre\/baumanagement-und-bim\/","title":{"rendered":"Baumanagement und BIM (ehemals Digitale Bauwerksmodellierung I)"},"content":{"rendered":"\n<div class=\"wp-block-columns is-layout-flex wp-container-core-columns-is-layout-9d6595d7 wp-block-columns-is-layout-flex\">\n<div class=\"wp-block-column is-layout-flow wp-block-column-is-layout-flow\" style=\"flex-basis:50%\">\n<p><strong>Lehrziel:<\/strong><\/p>\n\n\n\n<p>Nach erfolgreichem Abschluss des Moduls sind die Studierenden in der Lage, Planungs- und Bauabl\u00e4ufe grundlegende zu strukturieren und die erforderliche Zusammenarbeit der unterschiedlichen Beteiligten zu beschreiben. F\u00fcr die zum Management der Prozesse nutzbaren digitalen Instrumente sind sie sensibel und sind in der Lage, einzelne BIM-Werkzeuge grundlegend einzusetzen. Sie sind sich bewusst, dass sich die Baubranche in einem fortlaufenden Digitalisierungsprozess befindet und das Ziel eines vollst\u00e4ndigen digitalen Zwillings erst zuk\u00fcnftig erreicht werden kann. Sie haben erkannt, dass es lohnend ist, den Prozess aktiv zu f\u00f6rdern, und aus erreichten Teilzielen Vorteile erzielen zu k\u00f6nnen.<\/p>\n\n\n\n<p>F\u00fcr die zeitliche Steuerung von Planungs- und Bauprozessen k\u00f6nnen sie geeignete Ablauf- und Terminpl\u00e4ne erstellen, \u00fcberwachen und bei Bedarf fortschreiben.<\/p>\n<\/div>\n\n\n\n<div class=\"wp-block-column is-layout-flow wp-block-column-is-layout-flow\" style=\"flex-basis:50%\"><div class=\"wp-block-image\">\n<figure class=\"aligncenter size-large is-resized\"><img loading=\"lazy\" decoding=\"async\" width=\"1024\" height=\"1024\" src=\"https:\/\/www.hsu-hh.de\/baubetrieb\/wp-content\/uploads\/sites\/919\/2026\/03\/2026-01-21_Kachel_BM-BIM_HS-1024x1024.png\" data-credit=\"\" alt=\"\" class=\"wp-image-1346\" style=\"width:404px;height:auto\" srcset=\"https:\/\/www.hsu-hh.de\/baubetrieb\/wp-content\/uploads\/sites\/919\/2026\/03\/2026-01-21_Kachel_BM-BIM_HS-1024x1024.png 1024w, https:\/\/www.hsu-hh.de\/baubetrieb\/wp-content\/uploads\/sites\/919\/2026\/03\/2026-01-21_Kachel_BM-BIM_HS-300x300.png 300w, https:\/\/www.hsu-hh.de\/baubetrieb\/wp-content\/uploads\/sites\/919\/2026\/03\/2026-01-21_Kachel_BM-BIM_HS-150x150.png 150w, https:\/\/www.hsu-hh.de\/baubetrieb\/wp-content\/uploads\/sites\/919\/2026\/03\/2026-01-21_Kachel_BM-BIM_HS-768x768.png 768w, https:\/\/www.hsu-hh.de\/baubetrieb\/wp-content\/uploads\/sites\/919\/2026\/03\/2026-01-21_Kachel_BM-BIM_HS-1536x1536.png 1536w, https:\/\/www.hsu-hh.de\/baubetrieb\/wp-content\/uploads\/sites\/919\/2026\/03\/2026-01-21_Kachel_BM-BIM_HS-100x100.png 100w, https:\/\/www.hsu-hh.de\/baubetrieb\/wp-content\/uploads\/sites\/919\/2026\/03\/2026-01-21_Kachel_BM-BIM_HS-1100x1100.png 1100w, https:\/\/www.hsu-hh.de\/baubetrieb\/wp-content\/uploads\/sites\/919\/2026\/03\/2026-01-21_Kachel_BM-BIM_HS.png 1890w\" sizes=\"auto, (max-width: 1024px) 100vw, 1024px\" \/><\/figure>\n<\/div><\/div>\n<\/div>\n\n\n\n<p><strong>Inhalte:<\/strong><\/p>\n\n\n\n<ul class=\"wp-block-list\">\n<li>Planungsabl\u00e4ufe und Leistungsbilder im Sinne der HOAI<\/li>\n\n\n\n<li>Werkstatt- und Montageplanung des AN<\/li>\n\n\n\n<li>Planpr\u00fcfung und -freigabe, Bemusterung<\/li>\n\n\n\n<li>Planungs- und Baustellen-Jour-fixe, Dokumentation<\/li>\n\n\n\n<li>BIM und politische Ziele (BIM-Stufenplan)<\/li>\n\n\n\n<li>Grundkonzepte der digitalen Bauwerksmodellierung<\/li>\n\n\n\n<li>Grundlagen des BIM-Datenaustausches<\/li>\n\n\n\n<li>BIM-Koordination und BIM-Werkzeuge<\/li>\n\n\n\n<li>Aufwands- und Leistungswerte<\/li>\n\n\n\n<li>Kapazit\u00e4ts-, Ablauf- und Terminplanung<\/li>\n\n\n\n<li>Lean Management<\/li>\n\n\n\n<li><a href=\"https:\/\/www.hsu-hh.de\/baubetrieb\/bim-und-baumanagement-praxisvortraege\/\" data-type=\"page\" data-id=\"997\">Praxisvortr\u00e4ge<\/a><\/li>\n<\/ul>\n\n\n\n<p class=\"has-grey-background-color has-background\"><strong>Lehrveranstaltungen:<\/strong><br>2,0 TWS Vorlesung, 2,0 TWS \u00dcbung jeweils im Bachelorsemester (Herbsttrimester)<\/p>\n","protected":false},"excerpt":{"rendered":"<p>Lehrziel: Nach erfolgreichem Abschluss des Moduls sind die Studierenden in der Lage, Planungs- und Bauabl\u00e4ufe grundlegende zu strukturieren und die erforderliche Zusammenarbeit der unterschiedlichen Beteiligten zu beschreiben. F\u00fcr die zum [&hellip;]<\/p>\n","protected":false},"author":3909,"featured_media":0,"parent":116,"menu_order":0,"comment_status":"closed","ping_status":"closed","template":"","meta":{"footnotes":""},"categories":[6],"tags":[],"class_list":["post-386","page","type-page","status-publish","hentry","category-lehre"],"_links":{"self":[{"href":"https:\/\/www.hsu-hh.de\/baubetrieb\/wp-json\/wp\/v2\/pages\/386","targetHints":{"allow":["GET"]}}],"collection":[{"href":"https:\/\/www.hsu-hh.de\/baubetrieb\/wp-json\/wp\/v2\/pages"}],"about":[{"href":"https:\/\/www.hsu-hh.de\/baubetrieb\/wp-json\/wp\/v2\/types\/page"}],"author":[{"embeddable":true,"href":"https:\/\/www.hsu-hh.de\/baubetrieb\/wp-json\/wp\/v2\/users\/3909"}],"replies":[{"embeddable":true,"href":"https:\/\/www.hsu-hh.de\/baubetrieb\/wp-json\/wp\/v2\/comments?post=386"}],"version-history":[{"count":8,"href":"https:\/\/www.hsu-hh.de\/baubetrieb\/wp-json\/wp\/v2\/pages\/386\/revisions"}],"predecessor-version":[{"id":1349,"href":"https:\/\/www.hsu-hh.de\/baubetrieb\/wp-json\/wp\/v2\/pages\/386\/revisions\/1349"}],"up":[{"embeddable":true,"href":"https:\/\/www.hsu-hh.de\/baubetrieb\/wp-json\/wp\/v2\/pages\/116"}],"wp:attachment":[{"href":"https:\/\/www.hsu-hh.de\/baubetrieb\/wp-json\/wp\/v2\/media?parent=386"}],"wp:term":[{"taxonomy":"category","embeddable":true,"href":"https:\/\/www.hsu-hh.de\/baubetrieb\/wp-json\/wp\/v2\/categories?post=386"},{"taxonomy":"post_tag","embeddable":true,"href":"https:\/\/www.hsu-hh.de\/baubetrieb\/wp-json\/wp\/v2\/tags?post=386"}],"curies":[{"name":"wp","href":"https:\/\/api.w.org\/{rel}","templated":true}]}}