{"id":380,"date":"2024-07-02T13:05:29","date_gmt":"2024-07-02T11:05:29","guid":{"rendered":"https:\/\/www.hsu-hh.de\/baubetrieb\/?page_id=380"},"modified":"2026-03-02T13:02:02","modified_gmt":"2026-03-02T12:02:02","slug":"krisenmanagement-bei-gestoerten-projektverlaeufen","status":"publish","type":"page","link":"https:\/\/www.hsu-hh.de\/baubetrieb\/lehre\/krisenmanagement-bei-gestoerten-projektverlaeufen\/","title":{"rendered":"Krisenmanagement bei gest\u00f6rten Projektverl\u00e4ufen"},"content":{"rendered":"\n<div class=\"wp-block-columns is-layout-flex wp-container-core-columns-is-layout-9d6595d7 wp-block-columns-is-layout-flex\">\n<div class=\"wp-block-column is-layout-flow wp-block-column-is-layout-flow\" style=\"flex-basis:50%\">\n<p><strong>Lehrziel:<\/strong><\/p>\n\n\n\n<p>Nach erfolgreichem Abschluss des Moduls sind die Studierenden in der Lage, f\u00fcr den Fall gest\u00f6rter Projektabl\u00e4ufe die entsprechenden gesetzlichen und \u00fcblichen vertraglichen Regelungen auszulegen. Sie k\u00f6nnen St\u00f6rungen bewerten und resultierende terminlichen und kostenm\u00e4\u00dfige Anspr\u00fcche von Auftragnehmern beurteilen. Nachtragsforderungen von AN k\u00f6nnen Sie im Detail pr\u00fcfen und sind dabei f\u00fcr das Erfordernis einer Differenzierung von Anspruchsgrundlagen sensibilisiert.<\/p>\n\n\n\n<p>Regressanspr\u00fcche des Auftraggebers k\u00f6nnen die Studierenden beziffern und erforderliche Darlegungen und Nachweise daf\u00fcr erarbeiten.<\/p>\n\n\n\n<p>Die Studierenden kennen unterschiedliche Verfahren zur Streitbeilegung und k\u00f6nnen die jeweils zu beteiligenden Fachleute hinzuziehen.<\/p>\n<\/div>\n\n\n\n<div class=\"wp-block-column is-layout-flow wp-block-column-is-layout-flow\" style=\"flex-basis:50%\">\n<figure class=\"wp-block-image size-large is-resized\"><img loading=\"lazy\" decoding=\"async\" width=\"1024\" height=\"1024\" src=\"https:\/\/www.hsu-hh.de\/baubetrieb\/wp-content\/uploads\/sites\/919\/2026\/03\/2026-01-20_Kachel_Krise_LM-1024x1024.png\" data-credit=\"\" alt=\"\" class=\"wp-image-1365\" style=\"width:403px;height:auto\" srcset=\"https:\/\/www.hsu-hh.de\/baubetrieb\/wp-content\/uploads\/sites\/919\/2026\/03\/2026-01-20_Kachel_Krise_LM-1024x1024.png 1024w, https:\/\/www.hsu-hh.de\/baubetrieb\/wp-content\/uploads\/sites\/919\/2026\/03\/2026-01-20_Kachel_Krise_LM-300x300.png 300w, https:\/\/www.hsu-hh.de\/baubetrieb\/wp-content\/uploads\/sites\/919\/2026\/03\/2026-01-20_Kachel_Krise_LM-150x150.png 150w, https:\/\/www.hsu-hh.de\/baubetrieb\/wp-content\/uploads\/sites\/919\/2026\/03\/2026-01-20_Kachel_Krise_LM-768x768.png 768w, https:\/\/www.hsu-hh.de\/baubetrieb\/wp-content\/uploads\/sites\/919\/2026\/03\/2026-01-20_Kachel_Krise_LM-1536x1536.png 1536w, https:\/\/www.hsu-hh.de\/baubetrieb\/wp-content\/uploads\/sites\/919\/2026\/03\/2026-01-20_Kachel_Krise_LM-2048x2048.png 2048w, https:\/\/www.hsu-hh.de\/baubetrieb\/wp-content\/uploads\/sites\/919\/2026\/03\/2026-01-20_Kachel_Krise_LM-100x100.png 100w, https:\/\/www.hsu-hh.de\/baubetrieb\/wp-content\/uploads\/sites\/919\/2026\/03\/2026-01-20_Kachel_Krise_LM-1100x1100.png 1100w\" sizes=\"auto, (max-width: 1024px) 100vw, 1024px\" \/><\/figure>\n<\/div>\n<\/div>\n\n\n\n<p><strong>Inhalte:<\/strong><\/p>\n\n\n\n<ul class=\"wp-block-list\">\n<li>Vereinbarungen von Ausf\u00fchrungsfristen und -terminen sowie Vertragsterminpl\u00e4nen<\/li>\n\n\n\n<li>Behinderungen und Unterbrechungen gem\u00e4\u00df \u00a7 6 Abs. 1 VOB\/B<\/li>\n\n\n\n<li>Bedenken des AN gem\u00e4\u00df \u00a7 4 Abs. 1 Nr. 4 VOB\/B<\/li>\n\n\n\n<li>Verg\u00fctungsanspr\u00fcche aus Mengen\u00e4nderungen (\u00a7 2 Abs. 3 VOB\/B) sowie ge\u00e4nderten und zus\u00e4tzlichen Leistungen (\u00a7 650c BGB ; \u00a7 2 Abs. 5 und 6 VOB\/B)<\/li>\n\n\n\n<li>Entsch\u00e4digungsanspr\u00fcche gem\u00e4\u00df \u00a7 642 BGB und Schadenersatzanspr\u00fcche gem\u00e4\u00df \u00a7 6 Abs. 6 VOB\/B<\/li>\n\n\n\n<li>Wegfall der Gesch\u00e4ftsgrundlage \u00a7 313 BGB bei Vertr\u00e4gen mit freiberuflich T\u00e4tigen und bei Bauvertr\u00e4gen<\/li>\n\n\n\n<li>Formbl\u00e4tter 221, 222 und 223 VHB, \u201evereinbarungsgem\u00e4\u00df hinterlegte Urkalkulationen\u201c gem\u00e4\u00df \u00a7 650c BGB und Aufkl\u00e4rung der Preisermittlungsgrundlage bei Vertragsschluss<\/li>\n\n\n\n<li>Nachweis von terminlichen Anspr\u00fcchen mittels bauablaufbezogener Darstellungen<\/li>\n\n\n\n<li>Baustopp, Produktivit\u00e4tsminderungen und Beschleunigungen<\/li>\n\n\n\n<li>Verzug des AN und Regressanspr\u00fcche des AG, Vertragsstraferegelungen<\/li>\n\n\n\n<li>Beratung durch Gutachter, \u00f6buv SV, Juristen, Fachanw\u00e4lte f\u00fcr Bau- und Architektenrecht<\/li>\n\n\n\n<li>Gerichtliche Verfahren (ordentliche Gerichte, Schiedsgerichte)<\/li>\n\n\n\n<li>Alternative Streitbeilegungsverfahren (\u00a7 18.2\/3 VOB\/B)<\/li>\n\n\n\n<li>K\u00fcndigungsarten und -folgen, Ersatzvornahmen<\/li>\n<\/ul>\n\n\n\n<div style=\"height:40px\" aria-hidden=\"true\" class=\"wp-block-spacer\"><\/div>\n\n\n\n<p class=\"has-grey-background-color has-background\"><strong>Lehrveranstaltungen:<\/strong><br>2,0 TWS Vorlesung, 2,0 TWS \u00dcbung jeweils im Masterstudium (Herbsttrimester)<\/p>\n","protected":false},"excerpt":{"rendered":"<p>Lehrziel: Nach erfolgreichem Abschluss des Moduls sind die Studierenden in der Lage, f\u00fcr den Fall gest\u00f6rter Projektabl\u00e4ufe die entsprechenden gesetzlichen und \u00fcblichen vertraglichen Regelungen auszulegen. Sie k\u00f6nnen St\u00f6rungen bewerten und [&hellip;]<\/p>\n","protected":false},"author":3909,"featured_media":0,"parent":116,"menu_order":0,"comment_status":"closed","ping_status":"closed","template":"","meta":{"footnotes":""},"categories":[6],"tags":[],"class_list":["post-380","page","type-page","status-publish","hentry","category-lehre"],"_links":{"self":[{"href":"https:\/\/www.hsu-hh.de\/baubetrieb\/wp-json\/wp\/v2\/pages\/380","targetHints":{"allow":["GET"]}}],"collection":[{"href":"https:\/\/www.hsu-hh.de\/baubetrieb\/wp-json\/wp\/v2\/pages"}],"about":[{"href":"https:\/\/www.hsu-hh.de\/baubetrieb\/wp-json\/wp\/v2\/types\/page"}],"author":[{"embeddable":true,"href":"https:\/\/www.hsu-hh.de\/baubetrieb\/wp-json\/wp\/v2\/users\/3909"}],"replies":[{"embeddable":true,"href":"https:\/\/www.hsu-hh.de\/baubetrieb\/wp-json\/wp\/v2\/comments?post=380"}],"version-history":[{"count":4,"href":"https:\/\/www.hsu-hh.de\/baubetrieb\/wp-json\/wp\/v2\/pages\/380\/revisions"}],"predecessor-version":[{"id":1367,"href":"https:\/\/www.hsu-hh.de\/baubetrieb\/wp-json\/wp\/v2\/pages\/380\/revisions\/1367"}],"up":[{"embeddable":true,"href":"https:\/\/www.hsu-hh.de\/baubetrieb\/wp-json\/wp\/v2\/pages\/116"}],"wp:attachment":[{"href":"https:\/\/www.hsu-hh.de\/baubetrieb\/wp-json\/wp\/v2\/media?parent=380"}],"wp:term":[{"taxonomy":"category","embeddable":true,"href":"https:\/\/www.hsu-hh.de\/baubetrieb\/wp-json\/wp\/v2\/categories?post=380"},{"taxonomy":"post_tag","embeddable":true,"href":"https:\/\/www.hsu-hh.de\/baubetrieb\/wp-json\/wp\/v2\/tags?post=380"}],"curies":[{"name":"wp","href":"https:\/\/api.w.org\/{rel}","templated":true}]}}