{"id":375,"date":"2024-07-02T12:59:56","date_gmt":"2024-07-02T10:59:56","guid":{"rendered":"https:\/\/www.hsu-hh.de\/baubetrieb\/?page_id=375"},"modified":"2026-03-02T13:00:58","modified_gmt":"2026-03-02T12:00:58","slug":"projektmanagement-bauoberleitung-und-bauueberwachung","status":"publish","type":"page","link":"https:\/\/www.hsu-hh.de\/baubetrieb\/lehre\/projektmanagement-bauoberleitung-und-bauueberwachung\/","title":{"rendered":"Projektmanagement, Bauoberleitung und Bau\u00fcberwachung"},"content":{"rendered":"\n<div class=\"wp-block-columns is-layout-flex wp-container-core-columns-is-layout-9d6595d7 wp-block-columns-is-layout-flex\">\n<div class=\"wp-block-column is-layout-flow wp-block-column-is-layout-flow\" style=\"flex-basis:50%\">\n<p><strong>Lehrziel:<\/strong><\/p>\n\n\n\n<p>Nach erfolgreichem Abschluss des Moduls sind die Studierenden in der Lage, die Phase der Bauausf\u00fchrung grundlegend zu steuern und zu \u00fcberwachen. Sie kennen die Aufgaben der unterschiedlichen Beteiligten und deren Interessenlagen.<\/p>\n\n\n\n<p>Instrumente zum terminlichen und kostenm\u00e4\u00dfigen Management der Phase der Bauausf\u00fchrung beherrschen die Studierenden in analoger und digitaler Form grundlegend. Vertragliche und organisatorische Instrumente zur Sicherstellung der Einhaltung der vertraglich vereinbarten Qualit\u00e4t kennen sie im Einzelnen und k\u00f6nnen diese einsetzen.<\/p>\n<\/div>\n\n\n\n<div class=\"wp-block-column is-layout-flow wp-block-column-is-layout-flow\" style=\"flex-basis:50%\"><div class=\"wp-block-image\">\n<figure class=\"alignleft size-large is-resized\"><img loading=\"lazy\" decoding=\"async\" width=\"1024\" height=\"1024\" src=\"https:\/\/www.hsu-hh.de\/baubetrieb\/wp-content\/uploads\/sites\/919\/2026\/03\/2025-12-29_Kachel_PM-BOL_SK-1024x1024.png\" data-credit=\"\" alt=\"\" class=\"wp-image-1362\" style=\"width:320px;height:auto\" srcset=\"https:\/\/www.hsu-hh.de\/baubetrieb\/wp-content\/uploads\/sites\/919\/2026\/03\/2025-12-29_Kachel_PM-BOL_SK-1024x1024.png 1024w, https:\/\/www.hsu-hh.de\/baubetrieb\/wp-content\/uploads\/sites\/919\/2026\/03\/2025-12-29_Kachel_PM-BOL_SK-300x300.png 300w, https:\/\/www.hsu-hh.de\/baubetrieb\/wp-content\/uploads\/sites\/919\/2026\/03\/2025-12-29_Kachel_PM-BOL_SK-150x150.png 150w, https:\/\/www.hsu-hh.de\/baubetrieb\/wp-content\/uploads\/sites\/919\/2026\/03\/2025-12-29_Kachel_PM-BOL_SK-768x768.png 768w, https:\/\/www.hsu-hh.de\/baubetrieb\/wp-content\/uploads\/sites\/919\/2026\/03\/2025-12-29_Kachel_PM-BOL_SK-1536x1536.png 1536w, https:\/\/www.hsu-hh.de\/baubetrieb\/wp-content\/uploads\/sites\/919\/2026\/03\/2025-12-29_Kachel_PM-BOL_SK-2048x2048.png 2048w, https:\/\/www.hsu-hh.de\/baubetrieb\/wp-content\/uploads\/sites\/919\/2026\/03\/2025-12-29_Kachel_PM-BOL_SK-100x100.png 100w, https:\/\/www.hsu-hh.de\/baubetrieb\/wp-content\/uploads\/sites\/919\/2026\/03\/2025-12-29_Kachel_PM-BOL_SK-1100x1100.png 1100w\" sizes=\"auto, (max-width: 1024px) 100vw, 1024px\" \/><\/figure>\n<\/div><\/div>\n<\/div>\n\n\n\n<p><strong>Inhalte:<\/strong><\/p>\n\n\n\n<ul class=\"wp-block-list\">\n<li>\u00d6ffentlichkeitsarbeit<\/li>\n\n\n\n<li>Bauanlaufbesprechung und AG-seitige Mitwirkungspflichten<\/li>\n\n\n\n<li>Dokumentation von Bauleistungen<\/li>\n\n\n\n<li>Bauoberleitung, Bau- und Objekt\u00fcberwachung<\/li>\n\n\n\n<li>Projektsteuerung und Projektleitung (= Projektmanagement)<\/li>\n\n\n\n<li>Fachbauleitung und Pr\u00fcfingenieur<\/li>\n\n\n\n<li>Bemusterung von Bauleistungen<\/li>\n\n\n\n<li>Anordnungsrechte des AG gem\u00e4\u00df BGB und VOB\/B<\/li>\n\n\n\n<li>Abnahme von freiberuflichen Leistungen und von Bauleistungen<\/li>\n\n\n\n<li>Kosten-Controlling<\/li>\n\n\n\n<li>Risikomanagement<\/li>\n\n\n\n<li>\u00dcbung zum Risikomanagement<\/li>\n\n\n\n<li>RBBau und Zahlungsplan<\/li>\n\n\n\n<li>Umgang mit Sicherheiten (B\u00fcrgschaften, Versicherungen <abbr title=\"et cetera\">etc.<\/abbr>)<\/li>\n\n\n\n<li>Termin-Controlling und Baufortschrittskontrolle<\/li>\n\n\n\n<li>BIM-basierte Projektabwicklung und Anwendungsf\u00e4lle<\/li>\n\n\n\n<li>digitales Aufma\u00df von Bauleistungen<\/li>\n\n\n\n<li>digitale Abrechnung von Bauleistungen und Rechnungspr\u00fcfung<\/li>\n\n\n\n<li>Umgang mit M\u00e4ngeln vor der Abnahme, M\u00e4ngelmanagement<\/li>\n\n\n\n<li>Inbetriebnahme und Probebetrieb<\/li>\n\n\n\n<li>Gew\u00e4hrleistungsanspr\u00fcche nach BGB und VOB<\/li>\n<\/ul>\n\n\n\n<div style=\"height:40px\" aria-hidden=\"true\" class=\"wp-block-spacer\"><\/div>\n\n\n\n<p class=\"has-grey-background-color has-background\"><strong>Lehrveranstaltungen:<\/strong><br>2,0 TWS Vorlesung, 2,0 TWS \u00dcbung jeweils im 2. Mastersemester (Fr\u00fchjahrstrimester)<\/p>\n","protected":false},"excerpt":{"rendered":"<p>Lehrziel: Nach erfolgreichem Abschluss des Moduls sind die Studierenden in der Lage, die Phase der Bauausf\u00fchrung grundlegend zu steuern und zu \u00fcberwachen. Sie kennen die Aufgaben der unterschiedlichen Beteiligten und [&hellip;]<\/p>\n","protected":false},"author":3909,"featured_media":0,"parent":116,"menu_order":0,"comment_status":"closed","ping_status":"closed","template":"","meta":{"footnotes":""},"categories":[6],"tags":[],"class_list":["post-375","page","type-page","status-publish","hentry","category-lehre"],"_links":{"self":[{"href":"https:\/\/www.hsu-hh.de\/baubetrieb\/wp-json\/wp\/v2\/pages\/375","targetHints":{"allow":["GET"]}}],"collection":[{"href":"https:\/\/www.hsu-hh.de\/baubetrieb\/wp-json\/wp\/v2\/pages"}],"about":[{"href":"https:\/\/www.hsu-hh.de\/baubetrieb\/wp-json\/wp\/v2\/types\/page"}],"author":[{"embeddable":true,"href":"https:\/\/www.hsu-hh.de\/baubetrieb\/wp-json\/wp\/v2\/users\/3909"}],"replies":[{"embeddable":true,"href":"https:\/\/www.hsu-hh.de\/baubetrieb\/wp-json\/wp\/v2\/comments?post=375"}],"version-history":[{"count":5,"href":"https:\/\/www.hsu-hh.de\/baubetrieb\/wp-json\/wp\/v2\/pages\/375\/revisions"}],"predecessor-version":[{"id":1364,"href":"https:\/\/www.hsu-hh.de\/baubetrieb\/wp-json\/wp\/v2\/pages\/375\/revisions\/1364"}],"up":[{"embeddable":true,"href":"https:\/\/www.hsu-hh.de\/baubetrieb\/wp-json\/wp\/v2\/pages\/116"}],"wp:attachment":[{"href":"https:\/\/www.hsu-hh.de\/baubetrieb\/wp-json\/wp\/v2\/media?parent=375"}],"wp:term":[{"taxonomy":"category","embeddable":true,"href":"https:\/\/www.hsu-hh.de\/baubetrieb\/wp-json\/wp\/v2\/categories?post=375"},{"taxonomy":"post_tag","embeddable":true,"href":"https:\/\/www.hsu-hh.de\/baubetrieb\/wp-json\/wp\/v2\/tags?post=375"}],"curies":[{"name":"wp","href":"https:\/\/api.w.org\/{rel}","templated":true}]}}