{"id":373,"date":"2024-07-02T12:41:49","date_gmt":"2024-07-02T10:41:49","guid":{"rendered":"https:\/\/www.hsu-hh.de\/baubetrieb\/?page_id=373"},"modified":"2026-03-02T12:47:14","modified_gmt":"2026-03-02T11:47:14","slug":"ausschreibung-vergabe-und-abrechnung-ava","status":"publish","type":"page","link":"https:\/\/www.hsu-hh.de\/baubetrieb\/lehre\/ausschreibung-vergabe-und-abrechnung-ava\/","title":{"rendered":"Ausschreibung, Vergabe und Abrechnung (AVA)"},"content":{"rendered":"\n<div class=\"wp-block-columns is-layout-flex wp-container-core-columns-is-layout-9d6595d7 wp-block-columns-is-layout-flex\">\n<div class=\"wp-block-column is-layout-flow wp-block-column-is-layout-flow\" style=\"flex-basis:50%\">\n<p>Nach erfolgreichem Abschluss des Moduls sind die Studierenden in der Lage, die f\u00fcr ein Projekt notwendigen Ausschreibungsunterlagen f\u00fcr freiberufliche Leistungen und f\u00fcr Bauleistungen aufzustellen und haben die hierbei von \u00f6ffentlichen Auftraggebern zu beachtenden Vergabevorschriften verinnerlicht.<\/p>\n\n\n\n<p>Einen geeigneten Bieter und ein wirtschaftliches Angebot k\u00f6nnen sie f\u00fcr verschiedene Arten von Leistungen mit einem geeigneten Vergabeverfahren nach den Vorgaben des von \u00f6ffentlichen Auftraggebern zu beachtenden Vergaberechts ermitteln und sie sind sich der Bedeutung von Vergabenachpr\u00fcfungsverfahren bewusst.<\/p>\n\n\n\n<p>Die w\u00e4hrend der Bauausf\u00fchrung zu erfassenden und zu dokumentierenden Sachverhalte haben die Studierenden im Blick und k\u00f6nnen auf dieser Basis anstehende Abrechnungen von Planenden und Bauausf\u00fchrenden bewerten. Zur Pr\u00fcfung der Abrechnungen von freiberuflich T\u00e4tigen und von Bauleistungen beherrschen sie die gesetzlichen und durch \u00fcbliche allgemeine Gesch\u00e4ftsbedingungen Regelungen (VOB\/B und VOB\/C, RBBau-Vertragsmuster) festgelegten Vorgaben.<\/p>\n<\/div>\n\n\n\n<div class=\"wp-block-column is-layout-flow wp-block-column-is-layout-flow\" style=\"flex-basis:50%\"><div class=\"wp-block-image\">\n<figure class=\"aligncenter size-large is-resized\"><img loading=\"lazy\" decoding=\"async\" width=\"1024\" height=\"1024\" src=\"https:\/\/www.hsu-hh.de\/baubetrieb\/wp-content\/uploads\/sites\/919\/2026\/03\/2025-12-29_Kachel_AVA_SK-1024x1024.png\" data-credit=\"\" alt=\"\" class=\"wp-image-1360\" style=\"width:459px;height:auto\" srcset=\"https:\/\/www.hsu-hh.de\/baubetrieb\/wp-content\/uploads\/sites\/919\/2026\/03\/2025-12-29_Kachel_AVA_SK-1024x1024.png 1024w, https:\/\/www.hsu-hh.de\/baubetrieb\/wp-content\/uploads\/sites\/919\/2026\/03\/2025-12-29_Kachel_AVA_SK-300x300.png 300w, https:\/\/www.hsu-hh.de\/baubetrieb\/wp-content\/uploads\/sites\/919\/2026\/03\/2025-12-29_Kachel_AVA_SK-150x150.png 150w, https:\/\/www.hsu-hh.de\/baubetrieb\/wp-content\/uploads\/sites\/919\/2026\/03\/2025-12-29_Kachel_AVA_SK-768x768.png 768w, https:\/\/www.hsu-hh.de\/baubetrieb\/wp-content\/uploads\/sites\/919\/2026\/03\/2025-12-29_Kachel_AVA_SK-1536x1536.png 1536w, https:\/\/www.hsu-hh.de\/baubetrieb\/wp-content\/uploads\/sites\/919\/2026\/03\/2025-12-29_Kachel_AVA_SK-2048x2048.png 2048w, https:\/\/www.hsu-hh.de\/baubetrieb\/wp-content\/uploads\/sites\/919\/2026\/03\/2025-12-29_Kachel_AVA_SK-100x100.png 100w, https:\/\/www.hsu-hh.de\/baubetrieb\/wp-content\/uploads\/sites\/919\/2026\/03\/2025-12-29_Kachel_AVA_SK-1100x1100.png 1100w\" sizes=\"auto, (max-width: 1024px) 100vw, 1024px\" \/><\/figure>\n<\/div><\/div>\n<\/div>\n\n\n\n<p><strong>Inhalte:<\/strong><\/p>\n\n\n\n<ul class=\"wp-block-list\">\n<li>Aufgaben, Bestandteile und Strukturen von Vergabeunterlagen:<\/li>\n\n\n\n<li>\u201eEindeutige und ersch\u00f6pfende\u201c Leistungstexte<\/li>\n\n\n\n<li>Unklare Leistungsbeschreibungen<\/li>\n\n\n\n<li>Ausf\u00fchrungsfristen und -termine, Risiken und Sicherheiten<\/li>\n\n\n\n<li>Projektabwicklungs- und Vertragsmodelle (EP, GP, GMP, \u00d6PP, IPA <abbr title=\"et cetera\">etc.<\/abbr>)<\/li>\n\n\n\n<li>Europ\u00e4isches und deutsches Vergaberecht<\/li>\n\n\n\n<li>Offene und nichtoffene Verfahren f\u00fcr Bauleistungen<\/li>\n\n\n\n<li>Verhandlungsverfahren f\u00fcr freiberufliche Leistungen<\/li>\n\n\n\n<li>Wettbewerblicher Dialog f\u00fcr \u00d6PP und IPA-Projekte<\/li>\n\n\n\n<li>Rechtsschutz und Nachpr\u00fcfungsverfahren<\/li>\n\n\n\n<li>Kosten, Termine, Aufma\u00df und Abnahme<\/li>\n\n\n\n<li>Abrechnung von Bauleistungen<\/li>\n\n\n\n<li>Nachtr\u00e4ge, M\u00e4ngel und K\u00fcndigungen<\/li>\n\n\n\n<li>Mangelrechte<\/li>\n\n\n\n<li>Abrechnung von Architekten- und Ingenieurleistungen<\/li>\n\n\n\n<li>Korruption bei Ausschreibung, Vergabe und Abrechnung<\/li>\n<\/ul>\n\n\n\n<div style=\"height:40px\" aria-hidden=\"true\" class=\"wp-block-spacer\"><\/div>\n\n\n\n<p class=\"has-grey-background-color has-background\"><strong>Lehrveranstaltungen:<\/strong><br>2,0 TWS Vorlesung, 2,0 TWS \u00dcbung jeweils im 1.\/4. Mastersemester (Wintertrimester)<\/p>\n","protected":false},"excerpt":{"rendered":"<p>Nach erfolgreichem Abschluss des Moduls sind die Studierenden in der Lage, die f\u00fcr ein Projekt notwendigen Ausschreibungsunterlagen f\u00fcr freiberufliche Leistungen und f\u00fcr Bauleistungen aufzustellen und haben die hierbei von \u00f6ffentlichen [&hellip;]<\/p>\n","protected":false},"author":3909,"featured_media":0,"parent":116,"menu_order":0,"comment_status":"closed","ping_status":"closed","template":"","meta":{"footnotes":""},"categories":[6],"tags":[],"class_list":["post-373","page","type-page","status-publish","hentry","category-lehre"],"_links":{"self":[{"href":"https:\/\/www.hsu-hh.de\/baubetrieb\/wp-json\/wp\/v2\/pages\/373","targetHints":{"allow":["GET"]}}],"collection":[{"href":"https:\/\/www.hsu-hh.de\/baubetrieb\/wp-json\/wp\/v2\/pages"}],"about":[{"href":"https:\/\/www.hsu-hh.de\/baubetrieb\/wp-json\/wp\/v2\/types\/page"}],"author":[{"embeddable":true,"href":"https:\/\/www.hsu-hh.de\/baubetrieb\/wp-json\/wp\/v2\/users\/3909"}],"replies":[{"embeddable":true,"href":"https:\/\/www.hsu-hh.de\/baubetrieb\/wp-json\/wp\/v2\/comments?post=373"}],"version-history":[{"count":5,"href":"https:\/\/www.hsu-hh.de\/baubetrieb\/wp-json\/wp\/v2\/pages\/373\/revisions"}],"predecessor-version":[{"id":1361,"href":"https:\/\/www.hsu-hh.de\/baubetrieb\/wp-json\/wp\/v2\/pages\/373\/revisions\/1361"}],"up":[{"embeddable":true,"href":"https:\/\/www.hsu-hh.de\/baubetrieb\/wp-json\/wp\/v2\/pages\/116"}],"wp:attachment":[{"href":"https:\/\/www.hsu-hh.de\/baubetrieb\/wp-json\/wp\/v2\/media?parent=373"}],"wp:term":[{"taxonomy":"category","embeddable":true,"href":"https:\/\/www.hsu-hh.de\/baubetrieb\/wp-json\/wp\/v2\/categories?post=373"},{"taxonomy":"post_tag","embeddable":true,"href":"https:\/\/www.hsu-hh.de\/baubetrieb\/wp-json\/wp\/v2\/tags?post=373"}],"curies":[{"name":"wp","href":"https:\/\/api.w.org\/{rel}","templated":true}]}}