{"id":365,"date":"2024-07-02T12:24:52","date_gmt":"2024-07-02T10:24:52","guid":{"rendered":"https:\/\/www.hsu-hh.de\/baubetrieb\/?page_id=365"},"modified":"2026-03-02T10:54:43","modified_gmt":"2026-03-02T09:54:43","slug":"bauverfahren-und-sicherheitstechnik","status":"publish","type":"page","link":"https:\/\/www.hsu-hh.de\/baubetrieb\/lehre\/bauverfahren-und-sicherheitstechnik\/","title":{"rendered":"Bauverfahren und Sicherheitstechnik"},"content":{"rendered":"\n<div class=\"wp-block-columns is-layout-flex wp-container-core-columns-is-layout-9d6595d7 wp-block-columns-is-layout-flex\">\n<div class=\"wp-block-column is-layout-flow wp-block-column-is-layout-flow\" style=\"flex-basis:50%\">\n<p><strong>Lehrziel:<\/strong><\/p>\n\n\n\n<p>Die Studierenden haben nach dem erfolgreichen Abschluss des Moduls einen \u00dcberblick \u00fcber die bei den Hauptgewerken eingesetzten Bauverfahren und Bauger\u00e4te. Sie sind f\u00fcr Randbedingungen sensibilisiert, welche eine Verwendung <abbr title=\"gegebenenfalls\">ggf.<\/abbr> beschr\u00e4nken und auftraggeberseitig in Vergabeunterlagen limitierend zu beschreiben sind. Leistungswerte von Ger\u00e4ten und Ger\u00e4teketten k\u00f6nnen sie grundlegend ableiten.<\/p>\n\n\n\n<p>Hinsichtlich des Arbeitsschutzes auf Baustellen kennen die Studierenden die Pflichten des Bauherrn und der Unternehmer. Das Erfordernis einer Hinzuziehung von Sicherheits- und Gesundheitsschutz (SiGe)-Koordinatoren k\u00f6nnen sie bewerten und dessen Leistungen (<abbr title=\"unter anderem\">u.a.<\/abbr> SiGe-Plan) fachlich begleiten.<\/p>\n<\/div>\n\n\n\n<div class=\"wp-block-column is-layout-flow wp-block-column-is-layout-flow\" style=\"flex-basis:50%\">\n<figure class=\"wp-block-image size-large is-resized\"><img loading=\"lazy\" decoding=\"async\" width=\"1024\" height=\"1024\" src=\"https:\/\/www.hsu-hh.de\/baubetrieb\/wp-content\/uploads\/sites\/919\/2026\/03\/2026-01-21_Kachel_BVSiGe_HS-1-1024x1024.png\" data-credit=\"\" alt=\"\" class=\"wp-image-1336\" style=\"width:364px;height:auto\" srcset=\"https:\/\/www.hsu-hh.de\/baubetrieb\/wp-content\/uploads\/sites\/919\/2026\/03\/2026-01-21_Kachel_BVSiGe_HS-1-1024x1024.png 1024w, https:\/\/www.hsu-hh.de\/baubetrieb\/wp-content\/uploads\/sites\/919\/2026\/03\/2026-01-21_Kachel_BVSiGe_HS-1-300x300.png 300w, https:\/\/www.hsu-hh.de\/baubetrieb\/wp-content\/uploads\/sites\/919\/2026\/03\/2026-01-21_Kachel_BVSiGe_HS-1-150x150.png 150w, https:\/\/www.hsu-hh.de\/baubetrieb\/wp-content\/uploads\/sites\/919\/2026\/03\/2026-01-21_Kachel_BVSiGe_HS-1-768x768.png 768w, https:\/\/www.hsu-hh.de\/baubetrieb\/wp-content\/uploads\/sites\/919\/2026\/03\/2026-01-21_Kachel_BVSiGe_HS-1-1536x1536.png 1536w, https:\/\/www.hsu-hh.de\/baubetrieb\/wp-content\/uploads\/sites\/919\/2026\/03\/2026-01-21_Kachel_BVSiGe_HS-1-100x100.png 100w, https:\/\/www.hsu-hh.de\/baubetrieb\/wp-content\/uploads\/sites\/919\/2026\/03\/2026-01-21_Kachel_BVSiGe_HS-1-1100x1100.png 1100w, https:\/\/www.hsu-hh.de\/baubetrieb\/wp-content\/uploads\/sites\/919\/2026\/03\/2026-01-21_Kachel_BVSiGe_HS-1.png 1890w\" sizes=\"auto, (max-width: 1024px) 100vw, 1024px\" \/><\/figure>\n<\/div>\n<\/div>\n\n\n\n<p><strong>Inhalte:<\/strong><\/p>\n\n\n\n<ul class=\"wp-block-list\">\n<li>Besonderheiten der Bauproduktion<\/li>\n\n\n\n<li>Eingrenzung und Festlegung von Bauverfahren, Dispositionsfreiheit des AN<\/li>\n\n\n\n<li>Dualismus im Arbeitsschutz<\/li>\n\n\n\n<li>Sicherheits- und Gesundheitsschutz-Koordination und -Plan<\/li>\n\n\n\n<li>Baustelleneinrichtung und Baulogistik<\/li>\n\n\n\n<li>Erdbau<\/li>\n\n\n\n<li>Grund- und Spezialtiefbau<\/li>\n\n\n\n<li>Hebezeuge<\/li>\n\n\n\n<li>Schalung und Betonbau<\/li>\n\n\n\n<li>Fertigteile und Modulbau<\/li>\n\n\n\n<li>Mauerwerksbau<\/li>\n\n\n\n<li>Allgemeiner Ausbau<\/li>\n\n\n\n<li>Geb\u00e4udeautomation<\/li>\n\n\n\n<li>Wasserbau<\/li>\n\n\n\n<li>Stra\u00dfenbau und Verkehrssicherung<\/li>\n\n\n\n<li>Abriss-, Demontage und Recycling<\/li>\n<\/ul>\n\n\n\n<div style=\"height:40px\" aria-hidden=\"true\" class=\"wp-block-spacer\"><\/div>\n\n\n\n<p class=\"has-grey-background-color has-background\"><strong>Lehrveranstaltungen:<\/strong><br>2,0 TWS Vorlesung, 2,0 TWS \u00dcbung jeweils im Bachelorsemester (Wintertrimester)<\/p>\n","protected":false},"excerpt":{"rendered":"<p>Lehrziel: Die Studierenden haben nach dem erfolgreichen Abschluss des Moduls einen \u00dcberblick \u00fcber die bei den Hauptgewerken eingesetzten Bauverfahren und Bauger\u00e4te. Sie sind f\u00fcr Randbedingungen sensibilisiert, welche eine Verwendung ggf. [&hellip;]<\/p>\n","protected":false},"author":3909,"featured_media":0,"parent":116,"menu_order":0,"comment_status":"closed","ping_status":"closed","template":"","meta":{"footnotes":""},"categories":[6],"tags":[],"class_list":["post-365","page","type-page","status-publish","hentry","category-lehre"],"_links":{"self":[{"href":"https:\/\/www.hsu-hh.de\/baubetrieb\/wp-json\/wp\/v2\/pages\/365","targetHints":{"allow":["GET"]}}],"collection":[{"href":"https:\/\/www.hsu-hh.de\/baubetrieb\/wp-json\/wp\/v2\/pages"}],"about":[{"href":"https:\/\/www.hsu-hh.de\/baubetrieb\/wp-json\/wp\/v2\/types\/page"}],"author":[{"embeddable":true,"href":"https:\/\/www.hsu-hh.de\/baubetrieb\/wp-json\/wp\/v2\/users\/3909"}],"replies":[{"embeddable":true,"href":"https:\/\/www.hsu-hh.de\/baubetrieb\/wp-json\/wp\/v2\/comments?post=365"}],"version-history":[{"count":8,"href":"https:\/\/www.hsu-hh.de\/baubetrieb\/wp-json\/wp\/v2\/pages\/365\/revisions"}],"predecessor-version":[{"id":1343,"href":"https:\/\/www.hsu-hh.de\/baubetrieb\/wp-json\/wp\/v2\/pages\/365\/revisions\/1343"}],"up":[{"embeddable":true,"href":"https:\/\/www.hsu-hh.de\/baubetrieb\/wp-json\/wp\/v2\/pages\/116"}],"wp:attachment":[{"href":"https:\/\/www.hsu-hh.de\/baubetrieb\/wp-json\/wp\/v2\/media?parent=365"}],"wp:term":[{"taxonomy":"category","embeddable":true,"href":"https:\/\/www.hsu-hh.de\/baubetrieb\/wp-json\/wp\/v2\/categories?post=365"},{"taxonomy":"post_tag","embeddable":true,"href":"https:\/\/www.hsu-hh.de\/baubetrieb\/wp-json\/wp\/v2\/tags?post=365"}],"curies":[{"name":"wp","href":"https:\/\/api.w.org\/{rel}","templated":true}]}}