{"id":357,"date":"2024-07-02T12:15:09","date_gmt":"2024-07-02T10:15:09","guid":{"rendered":"https:\/\/www.hsu-hh.de\/baubetrieb\/?page_id=357"},"modified":"2026-03-02T12:41:45","modified_gmt":"2026-03-02T11:41:45","slug":"bauwirtschaft-und-bauvertragsrecht","status":"publish","type":"page","link":"https:\/\/www.hsu-hh.de\/baubetrieb\/lehre\/bauwirtschaft-und-bauvertragsrecht\/","title":{"rendered":"Bauwirtschaft und Bauvertragsrecht (ehemals Baubetrieb)"},"content":{"rendered":"\n<div class=\"wp-block-columns is-layout-flex wp-container-core-columns-is-layout-9d6595d7 wp-block-columns-is-layout-flex\">\n<div class=\"wp-block-column is-layout-flow wp-block-column-is-layout-flow\" style=\"flex-basis:50%\">\n<p><strong>Lehrziel:<\/strong><\/p>\n\n\n\n<p>Nach erfolgreichem Abschluss des Moduls sind die Studierenden in der Lage, den Ablauf eines Bauprojekts von der Planung bis zur Abrechnung in seinen wesentlichen Phasen zu beschreiben und zu erl\u00e4utern. Sie kennen die grundlegenden Planungs- und Baubeteiligten sowie die mit diesen zu schlie\u00dfenden Vertr\u00e4ge und k\u00f6nnen deren notwendige Regelungsinhalte skizzieren. F\u00fcr die finanzielle Abwicklung von Bauprojekten beherrschen Sie die Grundlagen von Kostenermittlungen durch Planende. Die Richtigkeit und Schl\u00fcssigkeit einer unternehmerischen Preisbildung mit Hilfe von Zuschlagskalkulationen k\u00f6nnen sie beurteilen.<\/p>\n<\/div>\n\n\n\n<div class=\"wp-block-column is-layout-flow wp-block-column-is-layout-flow\" style=\"flex-basis:50%\"><div class=\"wp-block-image\">\n<figure class=\"aligncenter size-large is-resized\"><img loading=\"lazy\" decoding=\"async\" width=\"1024\" height=\"1024\" src=\"https:\/\/www.hsu-hh.de\/baubetrieb\/wp-content\/uploads\/sites\/919\/2026\/03\/2026-01-21_Kachel_BW-BR_HS-1024x1024.png\" data-credit=\"\" alt=\"\" class=\"wp-image-1354\" style=\"width:335px;height:auto\" srcset=\"https:\/\/www.hsu-hh.de\/baubetrieb\/wp-content\/uploads\/sites\/919\/2026\/03\/2026-01-21_Kachel_BW-BR_HS-1024x1024.png 1024w, https:\/\/www.hsu-hh.de\/baubetrieb\/wp-content\/uploads\/sites\/919\/2026\/03\/2026-01-21_Kachel_BW-BR_HS-300x300.png 300w, https:\/\/www.hsu-hh.de\/baubetrieb\/wp-content\/uploads\/sites\/919\/2026\/03\/2026-01-21_Kachel_BW-BR_HS-150x150.png 150w, https:\/\/www.hsu-hh.de\/baubetrieb\/wp-content\/uploads\/sites\/919\/2026\/03\/2026-01-21_Kachel_BW-BR_HS-768x768.png 768w, https:\/\/www.hsu-hh.de\/baubetrieb\/wp-content\/uploads\/sites\/919\/2026\/03\/2026-01-21_Kachel_BW-BR_HS-1536x1536.png 1536w, https:\/\/www.hsu-hh.de\/baubetrieb\/wp-content\/uploads\/sites\/919\/2026\/03\/2026-01-21_Kachel_BW-BR_HS-100x100.png 100w, https:\/\/www.hsu-hh.de\/baubetrieb\/wp-content\/uploads\/sites\/919\/2026\/03\/2026-01-21_Kachel_BW-BR_HS-1100x1100.png 1100w, https:\/\/www.hsu-hh.de\/baubetrieb\/wp-content\/uploads\/sites\/919\/2026\/03\/2026-01-21_Kachel_BW-BR_HS.png 1890w\" sizes=\"auto, (max-width: 1024px) 100vw, 1024px\" \/><\/figure>\n<\/div><\/div>\n<\/div>\n\n\n\n<p><strong>Inhalte:<\/strong><\/p>\n\n\n\n<ul class=\"wp-block-list\">\n<li>Phasen des Projektablaufs<\/li>\n\n\n\n<li>Baubeteiligte, Organisations- und Vertragsmodelle<\/li>\n\n\n\n<li>Vertr\u00e4ge \u00fcber Architekten- und Ingenieurleistungen, HOAI<\/li>\n\n\n\n<li>Kostenermittlung gem\u00e4\u00df DIN 276<\/li>\n\n\n\n<li>Ausschreibung und Vergabe<\/li>\n\n\n\n<li>Bauvertr\u00e4ge nach BGB und VOB<\/li>\n\n\n\n<li>unternehmerische Kalkulation<\/li>\n\n\n\n<li>Arbeitsvertr\u00e4ge, L\u00f6hne und Geh\u00e4lter<\/li>\n\n\n\n<li>Bauger\u00e4tekosten<\/li>\n\n\n\n<li>Nachunternehmerleistungen<\/li>\n\n\n\n<li>Gemeinkosten, Wagnis und Gewinn<\/li>\n\n\n\n<li>Abrechnung und Zahlung<\/li>\n<\/ul>\n\n\n\n<div style=\"height:40px\" aria-hidden=\"true\" class=\"wp-block-spacer\"><\/div>\n\n\n\n<p class=\"has-grey-background-color has-background\"><strong>Lehrveranstaltungen:<\/strong><br>2,0 TWS Vorlesung, 2,0 TWS \u00dcbung jeweils im 3. Bachelorsemester (Wintertrimester)<\/p>\n","protected":false},"excerpt":{"rendered":"<p>Lehrziel: Nach erfolgreichem Abschluss des Moduls sind die Studierenden in der Lage, den Ablauf eines Bauprojekts von der Planung bis zur Abrechnung in seinen wesentlichen Phasen zu beschreiben und zu [&hellip;]<\/p>\n","protected":false},"author":3909,"featured_media":0,"parent":116,"menu_order":0,"comment_status":"closed","ping_status":"closed","template":"","meta":{"footnotes":""},"categories":[6],"tags":[],"class_list":["post-357","page","type-page","status-publish","hentry","category-lehre"],"_links":{"self":[{"href":"https:\/\/www.hsu-hh.de\/baubetrieb\/wp-json\/wp\/v2\/pages\/357","targetHints":{"allow":["GET"]}}],"collection":[{"href":"https:\/\/www.hsu-hh.de\/baubetrieb\/wp-json\/wp\/v2\/pages"}],"about":[{"href":"https:\/\/www.hsu-hh.de\/baubetrieb\/wp-json\/wp\/v2\/types\/page"}],"author":[{"embeddable":true,"href":"https:\/\/www.hsu-hh.de\/baubetrieb\/wp-json\/wp\/v2\/users\/3909"}],"replies":[{"embeddable":true,"href":"https:\/\/www.hsu-hh.de\/baubetrieb\/wp-json\/wp\/v2\/comments?post=357"}],"version-history":[{"count":9,"href":"https:\/\/www.hsu-hh.de\/baubetrieb\/wp-json\/wp\/v2\/pages\/357\/revisions"}],"predecessor-version":[{"id":1357,"href":"https:\/\/www.hsu-hh.de\/baubetrieb\/wp-json\/wp\/v2\/pages\/357\/revisions\/1357"}],"up":[{"embeddable":true,"href":"https:\/\/www.hsu-hh.de\/baubetrieb\/wp-json\/wp\/v2\/pages\/116"}],"wp:attachment":[{"href":"https:\/\/www.hsu-hh.de\/baubetrieb\/wp-json\/wp\/v2\/media?parent=357"}],"wp:term":[{"taxonomy":"category","embeddable":true,"href":"https:\/\/www.hsu-hh.de\/baubetrieb\/wp-json\/wp\/v2\/categories?post=357"},{"taxonomy":"post_tag","embeddable":true,"href":"https:\/\/www.hsu-hh.de\/baubetrieb\/wp-json\/wp\/v2\/tags?post=357"}],"curies":[{"name":"wp","href":"https:\/\/api.w.org\/{rel}","templated":true}]}}