{"id":332,"date":"2024-07-01T14:02:34","date_gmt":"2024-07-01T12:02:34","guid":{"rendered":"https:\/\/www.hsu-hh.de\/baubetrieb\/?page_id=332"},"modified":"2025-10-28T15:56:22","modified_gmt":"2025-10-28T14:56:22","slug":"veroeffentlichungen","status":"publish","type":"page","link":"https:\/\/www.hsu-hh.de\/baubetrieb\/mitarbeiter\/leitung\/veroeffentlichungen\/","title":{"rendered":"Ver\u00f6ffentlichungen"},"content":{"rendered":"\n<p>Kumlehn, Frank ; Kock, Sebastian: Anspr\u00fcche gem. \u00a7 650c BGB: Baubetrieblicher Nachweis von Tats\u00e4chlichkeit und Angemessenheit. In: BauW. H\u00fcrth : Wolters Kluwer (2025), Heft 3, Seite 90 &#8211; 113. <a href=\"https:\/\/doi.org\/10.24405\/21526\" rel='nofollow'>doi.org\/10.24405\/21526<\/a><\/p>\n\n\n\n<p>Grolle-H\u00fcging, Remus ; Schwerdtner, Patrick ; Kumlehn, Frank ; Behrens, Sophia Nadine ; Fuchs, Heiko ; Seifert, Werner: Regelwerke Bau : Evaluierung der Planungsbereiche der HOAI. Endbericht zum Forschungsvorhaben des Bundesinstituts f\u00fcr Bau-, Stadt- und Raumforschung im Rahmen der Forschungsinitiative Zukunft Bau. 2023.<\/p>\n\n\n\n<p>Behrens, Sophia Nadine ; Fricke, Axel ; Kumlehn, Frank; Schwerdtner, Patrick:\u00a0Produktivit\u00e4t im Bauhauptgewerbe \u2013 Potenziale f\u00fcr die Praxis. Braunschweig: Institut f\u00fcr Bauwirtschaft und Baubetrieb, 2022.<br><a href=\"https:\/\/leopard.tu-braunschweig.de\/receive\/dbbs_mods_00072516\" target=\"_blank\" rel=\"noreferrer noopener\">doi.org\/10.24355\/dbbs.084-202303281045-0 <span><a href=\"\" rel='nofollow'><img decoding=\"async\" title=\"Titel anhand dieser DOI in Citavi-Projekt \u00fcbernehmen\" class=\"citavipicker\" style=\"border: 0px none!important;width: 16px!important;height: 16px!important;margin-left:1px !important;margin-right:1px !important\" src=\"image\/svg+xml;base64,PD94bWwgdmVyc2lvbj0iMS4wIiBlbmNvZGluZz0idXRmLTgiPz48IURPQ1RZUEUgc3ZnIFBVQkxJQyAiLS8vVzNDLy9EVEQgU1ZHIDEuMS8vRU4iICJodHRwOi8vd3d3LnczLm9yZy9HcmFwaGljcy9TVkcvMS4xL0RURC9zdmcxMS5kdGQiPjxzdmcgdmVyc2lvbj0iMS4xIiBpZD0iRWJlbmVfMSIgeG1sbnM9Imh0dHA6Ly93d3cudzMub3JnLzIwMDAvc3ZnIiB4bWxuczp4bGluaz0iaHR0cDovL3d3dy53My5vcmcvMTk5OS94bGluayIgeD0iMHB4IiB5PSIwcHgiIHdpZHRoPSIxNnB4IiBoZWlnaHQ9IjE2cHgiIHZpZXdCb3g9IjAgMCAxNiAxNiIgZW5hYmxlLWJhY2tncm91bmQ9Im5ldyAwIDAgMTYgMTYiIHhtbDpzcGFjZT0icHJlc2VydmUiPjxnPjxnPjxwYXRoIGZpbGw9IiNGRkZGRkYiIGQ9Ik04LjAwMSwxNS41QzMuODY0LDE1LjUsMC41LDEyLjEzNiwwLjUsOGMwLTQuMTM1LDMuMzY1LTcuNSw3LjUwMS03LjVTMTUuNSwzLjg2NCwxNS41LDhTMTIuMTM3LDE1LjUsOC4wMDEsMTUuNXoiLz48cGF0aCBmaWxsPSIjRDUyQjFFIiBkPSJNOC4wMDEsMUMxMS44NiwxLDE1LDQuMTQxLDE1LDhzLTMuMTM5LDctNi45OTksN0M0LjE0LDE1LDEsMTEuODU5LDEsOFM0LjE0LDEsOC4wMDEsMSBNOC4wMDEsMEMzLjU4MiwwLDAsMy41ODIsMCw4czMuNTgyLDgsOC4wMDEsOEMxMi40MTgsMTYsMTYsMTIuNDE4LDE2LDhTMTIuNDE4LDAsOC4wMDEsMEw4LjAwMSwweiIvPjwvZz48cGF0aCBmaWxsPSIjRDUyQjFFIiBkPSJNNi43NDUsMTIuNTg5Yy0wLjIyNywwLjEyMi0wLjQ5NywwLjI0Ny0wLjY4NCwwLjI0N2MtMC4zMTgsMC0wLjUwMS0wLjE2NC0wLjUwMS0wLjQ1MmMwLTAuMjA3LDAuMTQtMC4zNzUsMC41OTUtMC42MjJjMS41NDktMC45MDQsMi41OTQtMi4yNzIsMi41OTQtMy43MjFjMC0wLjgyNS0wLjIyNy0xLjExOS0wLjY4MS0xLjExOWMtMC4xMzUsMC0wLjMyLDAuMjE5LTAuNjM2LDAuMjE5SDcuMTU3QzYuMTAyLDcuMTQzLDUuMzMzLDYuMjY0LDUuMzMzLDUuMjNjMC0xLjE1MiwwLjk1OC0yLjAwNiwyLjI4LTIuMDA2YzEuNzc3LDAsMy4wNTMsMS4zNzMsMy4wNTMsMy40M0MxMC42NjYsOS4yMTUsOS4yMDMsMTEuMjcsNi43NDUsMTIuNTg5Ii8+PC9nPjwvc3ZnPg\"><\/a><\/span><\/a><\/p>\n\n\n\n<p>Schwerdtner, Patrick ; Kynast, Kumlehn, Frank; Luisa ; Pohrt, Ute; Walter, Andreas ; Werner, Frank; M\u00fcller, Susanne: Auswirkungen des Klimawandels auf ausgew\u00e4hlte Gewerke der Baubranche unter besonderer Ber\u00fccksichtigung des Faktors Mensch. Abschlussbericht zum Forschungsvorhaben \u201eKlimaBau&#8220;. Schriftenreihe des Instituts f\u00fcr Bauwirtschaft und Baubetrieb, Heft 66. Braunschweig : Institut f\u00fcr Bauwirtschaft und Baubetrieb, 2022<\/p>\n\n\n\n<p>Kumlehn, Frank ; Schwerdtner, Patrick: \u201eTats\u00e4chlich erforderlich\u201c statt \u201ekalkulatorisch\u201c: Erfahrungen mit der neuen Nachweisf\u00fchrung in Deutschland. In: Heck, Detlef ; Hofstadler, Christian ; Kummer, Markus [Hrsg.]: Nachweisf\u00fchrung bei Mehr- <abbr title=\"beziehungsweise\">bzw.<\/abbr> Minderkostenforderungen : Baubetriebliche, bauwirtschaftliche und rechtliche Aspekte. 19. Grazer Baubetriebs- und Bauwirtschaftssymposium vom 26.03.2021. Graz : Verlag der Technischen Universit\u00e4t, 2021, S. 95 &#8211; 130<\/p>\n\n\n\n<p>Kumlehn, Frank ; Kynast, Luisa ; Pohrt, Ute ; Schwerdtner, Patrick: &#8222;Klimawandel und Bauunternehmen : Auswirkungen des Klimawandels auf Bauunternehmen \u2013 Status quo im Umgang mit witterungsbedingten Einfl\u00fcssen.&#8220; In: Bauportal : Fachzeitschrift der Berufsgenossenschaft der Bauwirtschaft Pr\u00e4vention. Berlin : Erich Schmidt Verlag (2021), Heft 2, S. 50 &#8211; 51<\/p>\n\n\n\n<p>Kumlehn, Frank: Die steigende Bedeutung des tats\u00e4chlich Erforderlichen: Digitale Dokumentation im Lichte des Baurechts. In: Bauportal : Fachzeitschrift der Berufsgenossenschaft der Bauwirtschaft Pr\u00e4vention. Berlin : Erich Schmidt Verlag (2020), Heft 2, S. 30 &#8211; 31<\/p>\n\n\n\n<p>Kumlehn, Frank ; Greune, Steffen: Rechtsprechung und Tagesgesch\u00e4ft \u2013 Ver\u00e4nderte Anforderungen an die Dokumentation von Leistungen und Kosten. In: Institut f\u00fcr Bauwirtschaft und Baubetrieb (<abbr title=\"Herausgeber\">Hrsg.<\/abbr>): Die steigende Bedeutung des tats\u00e4chlich Erforderlichen: Digitale Dokumentation im Lichte des Baurechts : Beitr\u00e4ge zum Braunschweiger Baubetriebsseminar vom 28. Februar 2020. Heft 64. Braunschweig : Institut f\u00fcr Bauwirtschaft und Baubetrieb, 2020, S. 31 &#8211; 64<\/p>\n\n\n\n<p>Kumlehn, Frank ; Schwerdtner, Patrick: Gemeinkostenumlagen in Sachnachtr\u00e4gen &#8211; L\u00f6sungswege im Streit um die angemessene H\u00f6he. In: Hofstadler, Christian [Hrsg.]: Aktuelle Entwicklungen in Baubetrieb, Bauwirtschaft und Bauvertragsrecht : 50 Jahre Institut f\u00fcr Baubetrieb und Bauwirtschaft der <abbr title=\"Technische Universit\u00e4t\">TU<\/abbr> Graz. Wiesbaden : Springer Vieweg, 2019, S. 59 &#8211; 77<\/p>\n\n\n\n<p>Kumlehn, Frank: Kooperative Vertragsmodelle und baubetriebliche L\u00f6sungsans\u00e4tze \u2013 Ist Deutschland reif f\u00fcr Alternativen? In: Bauportal : Fachzeitschrift der Berufsgenossenschaft der Bauwirtschaft Pr\u00e4vention. Berlin : Erich Schmidt Verlag (2019), Heft 7, S. 10 &#8211; 11<\/p>\n\n\n\n<p>Schwerdtner, Patrick ; Kessel, Tanja ; Roth, Carsten ; Bucherer, Michael ; Kian, Shayan Ashrafzadeh ; M\u00f6hlmann, Darja ; Schippmann, Felix ; Sonntag, Regina ; Uhlendorf, Tino ; Wahnes, S\u00f6nke ; Kumlehn, Frank, Erbarth, Stefan: OI+BAU \u2013 Optimierung der Initiierung komplexer Bauvorhaben. Endbericht zum Forschungsvorhaben des Bundesinstituts f\u00fcr Bau-, Stadt- und Raumforschung im Rahmen der Forschungsinitiative Zukunft Bau (Aktenzeichen: SWD \u2013 10.08.18.7-16.57). 2018<\/p>\n\n\n\n<p>Schwerdtner, Patrick ; Kumlehn, Frank ; Sch\u00fctte, Julian: Kosteng\u00fcnstiger Wohnungsbau: Identifikation bestehender Hemmnisse f\u00fcr den Einsatz von Raummodulen im Wohnungsbau. Endbericht zum Forschungsvorhaben des Bundesinstituts f\u00fcr Bau-, Stadt- und Raumforschung im Rahmen der Forschungsinitiative Zukunft Bau. 2018<\/p>\n\n\n\n<p>Kumlehn, Frank ; Greune, Steffen: Vertrags\u00e4nderungen und Verg\u00fctungsanspr\u00fcche nach neuem Bauvertragsrecht. In: Bauportal : Fachzeitschrift der Berufsgenossenschaft der Bauwirtschaft Pr\u00e4vention. Berlin : Erich Schmidt Verlag (2018), Heft 3, S. 25 &#8211; 26<\/p>\n\n\n\n<p>Kumlehn, Frank ; Guicking, Nina ; Schwerdtner, Patrick: Normale und au\u00dfergew\u00f6hnliche Witterung: Fortw\u00e4hrender Streit um die richtige Abgrenzung. In: NZBau. M\u00fcnchen ; Frankfurt am Main ; Berlin : Verlag C. H. Beck (2018), Heft 5, S. 269 &#8211; 275<\/p>\n\n\n\n<p>Kumlehn, Frank: Terminliche Anspr\u00fcche aus Nachtragsleistungen \u2013 Die \u201etats\u00e4chlich erforderliche\u201c Bauzeit. In: Institut f\u00fcr Bauwirtschaft und Baubetrieb (<abbr title=\"Herausgeber\">Hrsg.<\/abbr>): Vertrags\u00e4nderungen und Verg\u00fctungsanspr\u00fcche nach neuem Bauvertragsrecht : Beitr\u00e4ge zum Braunschweiger Baubetriebsseminar vom 16. Februar 2018. Heft 62, Braunschweig : Institut f\u00fcr Bauwirtschaft und Baubetrieb, 2018, S. 91 &#8211; 120<\/p>\n\n\n\n<p>Kumlehn, Frank ; Schwerdtner, Patrick: Nachtragsvereinbarung \u2013 Die untersch\u00e4tzte Bedeutung der Kapazit\u00e4ten. In: Deutsches Ingenieurblatt. Berlin : Fachverlag Schiele &amp; Sch\u00f6n (2017), Heft 11, S. 48 &#8211; 53<\/p>\n\n\n\n<p>Kumlehn, Frank ; Greune, Steffen: Risiken in Planung und Ausf\u00fchrung \u2013 Braunschweiger Baubetriebsseminar 2017. In: Bauportal : Fachzeitschrift der Berufsgenossenschaft der Bauwirtschaft Pr\u00e4vention. Berlin : Erich Schmidt Verlag (2017), Heft 3, S. 49 &#8211; 50<\/p>\n\n\n\n<p>Kumlehn, Frank ; Schwerdtner, Patrick: Anforderungen an baubetriebliche Bewertungen in Deutschland &#8211; Empfehlen sich Regelungsstandards f\u00fcr die Nachweisf\u00fchrung gest\u00f6rter Bauabl\u00e4ufe? In: Heck, Detlef ; Hofstadler, Christian ; Kummer, Markus [Hrsg.]: Bauzeitermittlung im SOLL, SOLLTE und IST : Baubetriebliche, bauwirtschaftliche und rechtliche Aspekte. 15. Grazer Baubetriebs- und Bauwirtschaftssymposium vom 07.04.2017. Graz : Verlag der Technischen Universit\u00e4t, 2017, S. 129 &#8211; 156<\/p>\n\n\n\n<p>Schwerdtner, Patrick ; Wanninger, Rainer ; Kumlehn, Frank ; Uhlendorf, Tino: Evaluierung des Einsatzes von Projektsteuerern bei der Durchf\u00fchrung von Bundesbauma\u00dfnahmen. Endbericht zum Forschungsvorhaben des Bundesinstituts f\u00fcr Bau-, Stadt- und Raumforschung im Rahmen der Forschungsinitiative Zukunft Bau. 2016<\/p>\n\n\n\n<p>Kumlehn, Frank ; Greune, Steffen: Braunschweiger Baubetriebsseminar 2016. In: Bauportal : Fachzeitschrift der Berufsgenossenschaft der Bauwirtschaft Pr\u00e4vention. Berlin : Erich Schmidt Verlag (2016), Heft 7, S. 46<\/p>\n\n\n\n<p>Kumlehn, Frank ; Poppmann, Nina: Bauzeitverl\u00e4ngerung infolge Witterung: Die Sicht des baubetrieblichen Gutachters. In: Institut f\u00fcr Bauwirtschaft und Baubetrieb (<abbr title=\"Herausgeber\">Hrsg.<\/abbr>): Umgang mit Witterung bei Vertragsgestaltung und Baudurchf\u00fchrung : Beitr\u00e4ge zum Braunschweiger Baubetriebsseminar vom 26. Februar 2016. Schriftenreihe des Instituts f\u00fcr Bauwirtschaft und Baubetrieb, Heft 56. Braunschweig : Institut f\u00fcr Bauwirtschaft und Baubetrieb, 2016, S. 98 &#8211; 124<\/p>\n\n\n\n<p>Kumlehn, Frank ; Greune, Steffen: Braunschweiger Baubetriebsseminar 2015 : Preisbildung bei Nachtr\u00e4gen \u2013 tats\u00e4chliche Kosten oder widerlegbare Urkalkulation. In Bauportal. Berlin : BG Bau (2015), Heft 3, S. 38<\/p>\n\n\n\n<p>Hanusrichter, Mario ; Schneider, Daniel ; Kumlehn, Frank: Einf\u00fchrung eines Pr\u00e4qualifikationssystems f\u00fcr VOF-Verfahren unter Ber\u00fccksichtigung der Erfahrungen mit PQ-VOB. In: Beitr\u00e4ge zum 25. BBB-Assistententreffen in Graz, 2014, S. 250 &#8211; 260<\/p>\n\n\n\n<p>Wanninger, Rainer ; Schneider, Daniel ; Kumlehn, Frank: Vorlage und \u00dcberpr\u00fcfung der Eignungsnachweise nach \u00a7 6 VOB\/A in der Praxis. Schlussbericht. Forschungsprojekt SWD \u2013 10.08.17.7-12.07 im Auftrag des Bundesinstituts f\u00fcr Bau-, Stadt- und Raumforschung (BBSR) im Bundesamt f\u00fcr Bauwesen und Raumordnung (BBR), 2014<\/p>\n\n\n\n<p>Kumlehn, Frank: Vergleichbarkeit geplanter und tats\u00e4chlicher Leistungen: Ermittlung und Aufkl\u00e4rung der Differenzen zwischen SOLL und IST. In: Institut f\u00fcr Bauwirtschaft und Baubetrieb (<abbr title=\"Herausgeber\">Hrsg.<\/abbr>): Leistungsans\u00e4tze und Produktivit\u00e4tsverlust \u2013 von der Kalkulation zum Nachweis : Beitr\u00e4ge zum Braunschweiger Baubetriebsseminar vom 21. Februar 2014. Schriftenreihe des Instituts f\u00fcr Bauwirtschaft und Baubetrieb, Heft 56. Braunschweig : Institut f\u00fcr Bauwirtschaft und Baubetrieb, 2014, S. 47 &#8211; 88<\/p>\n\n\n\n<p>Kumlehn, Frank ; Poppmann, Nina: Bewertung der terminlichen Auswirkungen von Nachtr\u00e4gen. In: Institut f\u00fcr Bauwirtschaft und Baubetrieb (<abbr title=\"Herausgeber\">Hrsg.<\/abbr>): Die \u201ebauablaufbezogene Untersuchung\u201c als Ma\u00df aller Dinge : Beitr\u00e4ge zum Braunschweiger Baubetriebsseminar vom 24. Februar 2012. Schriftenreihe des Instituts f\u00fcr Bauwirtschaft und Baubetrieb, Heft 52. Braunschweig : Institut f\u00fcr Bauwirtschaft und Baubetrieb, 2012, S. 61 &#8211; 102<\/p>\n\n\n\n<p>Kumlehn, Frank: Implizite Bestandteile des Bauger\u00e4teverrechnungssatzes &#8211; Mehrfach unbestimmtes Preisermittlungssystem bei Nachtr\u00e4gen. In: Institut f\u00fcr Bauwirtschaft und Baubetrieb (<abbr title=\"Herausgeber\">Hrsg.<\/abbr>): Sonderprobleme der Kalkulation &#8211; Nachweis im Streitfall : Beitr\u00e4ge zum Braunschweiger Baubetriebsseminar vom 25. Februar 2011. Schriftenreihe des Instituts f\u00fcr Bauwirtschaft und Baubetrieb, Heft 51. Braunschweig : Institut f\u00fcr Bauwirtschaft und Baubetrieb, 2011, S. 41 &#8211; 78<\/p>\n\n\n\n<p>Kumlehn, Frank: Berechnung von Mehrkosten f\u00fcr Gebrauchsg\u00fcter infolge gest\u00f6rter Bauabl\u00e4ufe. In: Institut f\u00fcr Bauwirtschaft und Baubetrieb (<abbr title=\"Herausgeber\">Hrsg.<\/abbr>): Die wirtschaftliche Seite des Bauens : Festschrift zum 60. Geburtstag von Rainer Wanninger. Schriftenreihe des Instituts f\u00fcr Bauwirtschaft und Baubetrieb, Heft 50. Braunschweig : Institut f\u00fcr Bauwirtschaft und Baubetrieb, 2010, S. 415 &#8211; 461<\/p>\n\n\n\n<p>Kumlehn, Frank ; Poppmann, Nina: Bewertung von concurrent delay und anderen St\u00f6rungen in der IST-Bauzeit. In: Institut f\u00fcr Bauwirtschaft und Baubetrieb (<abbr title=\"Herausgeber\">Hrsg.<\/abbr>): Das Problem Bauzeit \u2013 Festlegung, Dokumentation und Bewertung : Beitr\u00e4ge zum Braunschweiger Baubetriebsseminar vom 27. Februar 2009. Schriftenreihe des Instituts f\u00fcr Bauwirtschaft und Baubetrieb, Heft 48. Braunschweig : Institut f\u00fcr Bauwirtschaft und Baubetrieb, 2009, S. 123 &#8211; 155<\/p>\n\n\n\n<p>Kumlehn, Frank ; Poppmann, Nina: Umgang mit \u201econcurrent delays\u201c im Rahmen von bauablauf-bezogenen Untersuchungen. In: Baumarkt + Bauwirtschaft. G\u00fctersloh : Bauverlag (2008), Heft 7\/8, S. 38 &#8211; 43<\/p>\n\n\n\n<p>Kumlehn, Frank: Der gest\u00f6rte Bauablauf als multilaterales Problem : Fluch und Segen pauschaler Vergleiche. In: Baumarkt + Bauwirtschaft. G\u00fctersloh : Bauverlag (2007), Heft 12, S. 48 &#8211; 54<\/p>\n\n\n\n<p>Kumlehn, Frank : Stolze, Simon-Finn : Morfeld, Jan-Stefan: Anforderungen an die Bestandsaufnahme und -beurteilung im PPP-Beschaffungsprozess. In: Bundesbaublatt. G\u00fctersloh : Bauverlag (2007), Heft 11, S. 46 &#8211; 50<\/p>\n\n\n\n<p>Kumlehn, Frank: Die Behinderungsanzeige : Notwendige Dokumentation der haftungsbegr\u00fcndenden Kausalit\u00e4t. In: Baumarkt + Bauwirtschaft. G\u00fctersloh : Bauverlag (2006), Heft 12, S. 37 &#8211; 39<\/p>\n\n\n\n<p>Kumlehn, Frank ; Rebmann, Andree: Die Planer bleiben oft auf ihren Kosten sitzen : Dringend n\u00f6tig: Anerkannte Honorarregeln f\u00fcr Planer bei \u00d6PP-Projekten. In: Deutsches Ingenieurblatt. Berlin : Schiele &amp; Sch\u00f6n (2006), Heft 9, S. 50 &#8211; 55<\/p>\n\n\n\n<p>Kumlehn, Frank ; Freiboth, Axel: Nachweis von Gemeinkosten bei Nachtr\u00e4gen zum gest\u00f6rten Bauablauf : Ein Beitrag zur Streitvermeidung &#8211; Teil 2. In: Baumarkt + Bauwirtschaft. G\u00fctersloh : Bauverlag (2006), Heft 7, S. 26 &#8211; 29<\/p>\n\n\n\n<p>Kumlehn, Frank ; Freiboth, Axel: Nachweis von Gemeinkosten bei Nachtr\u00e4gen zum gest\u00f6rten Bauablauf : Ein Beitrag zur Streitvermeidung &#8211; Teil 1. In: Baumarkt + Bauwirtschaft. G\u00fctersloh : Bauverlag (2006), Heft 6, S. 27 &#8211; 29<\/p>\n\n\n\n<p>Kumlehn, Frank ; Freiboth, Axel: Probleme der Entsch\u00e4digungsberechnung gem\u00e4\u00df \u00a7 642 BGB ; Ein Bewertungsbeispiel. In: Institut f\u00fcr Bauwirtschaft und Baubetrieb (<abbr title=\"Herausgeber\">Hrsg.<\/abbr>): Bauablaufst\u00f6rungen und Entsch\u00e4digungsberechnung : Beitr\u00e4ge zum Braunschweiger Baubetriebsseminar vom 17. Februar 2006. Schriftenreihe des Instituts f\u00fcr Bauwirtschaft und Baubetrieb, Heft 41. Braunschweig : Institut f\u00fcr Bauwirtschaft und Baubetrieb, 2006, S. 55 &#8211; 87<\/p>\n\n\n\n<p>Kumlehn, Frank: Leistungsbeschreibungen f\u00fcr PPP-Projekte und vergabetaktische Aspekte bei deren Erstellung. In: Institut f\u00fcr Bauwirtschaft und Baubetrieb (<abbr title=\"Herausgeber\">Hrsg.<\/abbr>): Initiierung von PPP-Projekten f\u00fcr Neubau und Sanierung baulicher Infrastruktur : Beitr\u00e4ge zum Braunschweiger PPP-Seminar 2005. Schriftenreihe des Instituts f\u00fcr Bauwirtschaft und Baubetrieb, Heft 40. Braunschweig : Institut f\u00fcr Bauwirtschaft und Baubetrieb, 2005, S. 95 &#8211; 135<\/p>\n\n\n\n<p>Swoboda, Hans Wolfgang ; Kumlehn, Frank: Der Konfliktstoff aus der Sicht der Sach- und Fachkunde des Experten. In: Nicklisch, Fritz (<abbr title=\"Herausgeber\">Hrsg.<\/abbr>): Der Experte im Verfahren : Erkenntnisse aus nationalen und internationalen Verfahren vor Schiedsgerichten und staatlichen Gerichten; Heidelberger Kolloquium Technologie und Recht 2005. M\u00fcnchen : Beck 2005, S. 147 &#8211; 164<\/p>\n\n\n\n<p>Wanninger, Rainer ; Kumlehn, Frank: Beratungsleistungen zur Projektinitiierung : Es gilt die Anfangs-h\u00fcrden zu meistern. In: CityPartner. Frankfurt : Dt. Fachverlag (2005), Heft 3, S. 38 &#8211; 39<\/p>\n\n\n\n<p>Kumlehn, Frank: Ge\u00e4nderte und zus\u00e4tzliche Leistungen : Ursachen des ewigen Streits um die angemessene Verg\u00fctung. In: Baumarkt + Bauwirtschaft. G\u00fctersloh : Bauverlag (2005), Heft 9, S. 28 &#8211; 32<\/p>\n\n\n\n<p>Kumlehn, Frank: Bewertung gest\u00f6rter Bauabl\u00e4ufe der H\u00f6he nach: Geht mit \u00a7 642 BGB f\u00fcr Auftragnehmer alles einfacher? In: Baumarkt + Bauwirtschaft. G\u00fctersloh : Bauverlag (2004), Heft 9, S. 28 &#8211; 32<\/p>\n\n\n\n<p>Kumlehn, Frank: Problemfelder bei der Bewertung von Bauablaufst\u00f6rungen. In: Institut f\u00fcr Bauwirtschaft und Baubetrieb (<abbr title=\"Herausgeber\">Hrsg.<\/abbr>): Sonderfragen des gest\u00f6rten Bauablaufs; Braunschweiger Baubetriebsseminar 2003. Schriftenreihe, Heft 35. Braunschweig : Institut f\u00fcr Bauwirtschaft und Baubetrieb, 2003, S. 1 &#8211; 34<\/p>\n\n\n\n<p>Kumlehn, Frank: Ausschreibungs- und Vergabemodell f\u00fcr private Vorfinanzierungs- und PPP-Projekte im Bausektor. Schriftenreihe des Instituts f\u00fcr Bauwirtschaft und Baubetrieb, Heft 32. Technische Universit\u00e4t Braunschweig, Diss. 2001, Braunschweig : Institut f\u00fcr Bauwirtschaft und Baubetrieb, 2001<\/p>\n","protected":false},"excerpt":{"rendered":"<p>Kumlehn, Frank ; Kock, Sebastian: Anspr\u00fcche gem. \u00a7 650c BGB: Baubetrieblicher Nachweis von Tats\u00e4chlichkeit und Angemessenheit. In: BauW. H\u00fcrth : Wolters Kluwer (2025), Heft 3, Seite 90 &#8211; 113. doi.org\/10.24405\/21526 [&hellip;]<\/p>\n","protected":false},"author":3909,"featured_media":0,"parent":498,"menu_order":0,"comment_status":"closed","ping_status":"closed","template":"","meta":{"footnotes":""},"categories":[42,8],"tags":[],"class_list":["post-332","page","type-page","status-publish","hentry","category-prof-kumlehn","category-team"],"_links":{"self":[{"href":"https:\/\/www.hsu-hh.de\/baubetrieb\/wp-json\/wp\/v2\/pages\/332","targetHints":{"allow":["GET"]}}],"collection":[{"href":"https:\/\/www.hsu-hh.de\/baubetrieb\/wp-json\/wp\/v2\/pages"}],"about":[{"href":"https:\/\/www.hsu-hh.de\/baubetrieb\/wp-json\/wp\/v2\/types\/page"}],"author":[{"embeddable":true,"href":"https:\/\/www.hsu-hh.de\/baubetrieb\/wp-json\/wp\/v2\/users\/3909"}],"replies":[{"embeddable":true,"href":"https:\/\/www.hsu-hh.de\/baubetrieb\/wp-json\/wp\/v2\/comments?post=332"}],"version-history":[{"count":8,"href":"https:\/\/www.hsu-hh.de\/baubetrieb\/wp-json\/wp\/v2\/pages\/332\/revisions"}],"predecessor-version":[{"id":1211,"href":"https:\/\/www.hsu-hh.de\/baubetrieb\/wp-json\/wp\/v2\/pages\/332\/revisions\/1211"}],"up":[{"embeddable":true,"href":"https:\/\/www.hsu-hh.de\/baubetrieb\/wp-json\/wp\/v2\/pages\/498"}],"wp:attachment":[{"href":"https:\/\/www.hsu-hh.de\/baubetrieb\/wp-json\/wp\/v2\/media?parent=332"}],"wp:term":[{"taxonomy":"category","embeddable":true,"href":"https:\/\/www.hsu-hh.de\/baubetrieb\/wp-json\/wp\/v2\/categories?post=332"},{"taxonomy":"post_tag","embeddable":true,"href":"https:\/\/www.hsu-hh.de\/baubetrieb\/wp-json\/wp\/v2\/tags?post=332"}],"curies":[{"name":"wp","href":"https:\/\/api.w.org\/{rel}","templated":true}]}}