{"id":1422,"date":"2026-05-08T13:10:27","date_gmt":"2026-05-08T11:10:27","guid":{"rendered":"https:\/\/www.hsu-hh.de\/baubetrieb\/?page_id=1422"},"modified":"2026-05-08T13:10:28","modified_gmt":"2026-05-08T11:10:28","slug":"gemeinsam-gutes-tun-team-der-professur-erneut-beim-solidaritaetslauf-der-hsu-vertreten","status":"publish","type":"page","link":"https:\/\/www.hsu-hh.de\/baubetrieb\/gemeinsam-gutes-tun-team-der-professur-erneut-beim-solidaritaetslauf-der-hsu-vertreten\/","title":{"rendered":"\u201eGemeinsam Gutes tun!\u201c \u2013 Team der Professur erneut beim Solidarit\u00e4tslauf der HSU vertreten"},"content":{"rendered":"\n<p>Am 07.05.2026 war das Team der Professur erneut beim Solidarit\u00e4tslauf der Helmut-Schmidt-Universit\u00e4t vertreten und nahm damit zum zweiten Mal an der Veranstaltung teil. Unter dem Motto \u201eGemeinsam Gutes tun!\u201c wurde einmal mehr deutlich, wie gut sich sportlicher Einsatz und gesellschaftliches Engagement miteinander verbinden lassen.<\/p>\n\n\n\n<p>Der Solidarit\u00e4tslauf, organisiert vom Verein zur F\u00f6rderung des Sports an der Helmut-Schmidt-Universit\u00e4t \/ Universit\u00e4t der Bundeswehr Hamburg e.V., steht ganz im Zeichen der Unterst\u00fctzung gemeinn\u00fctziger Zwecke. Die Startgelder werden als Spenden weitergegeben und leisten so einen wertvollen Beitrag f\u00fcr soziale Projekte. F\u00fcr das Team der Professur war die Teilnahme daher weit mehr als ein sportlicher Termin. Im Mittelpunkt standen das gemeinsame Erlebnis, der Austausch und die Motivation, sich gemeinsam f\u00fcr eine gute Sache einzusetzen.<\/p>\n\n\n\n<p>Auch in diesem Jahr war der Lauf von einer freudigen Atmosph\u00e4re, gro\u00dfem Engagement und sp\u00fcrbarem Gemeinschaftsgeist gepr\u00e4gt. Die erneute Teilnahme bereitete dem Team viel Freude, brachte neue pers\u00f6nliche Bestzeiten hervor und unterstrich einmal mehr den Wert solcher gemeinschaftlichen Aktionen.<\/p>\n","protected":false},"excerpt":{"rendered":"<p>Am 07.05.2026 war das Team der Professur erneut beim Solidarit\u00e4tslauf der Helmut-Schmidt-Universit\u00e4t vertreten und nahm damit zum zweiten Mal an der Veranstaltung teil. Unter dem Motto \u201eGemeinsam Gutes tun!\u201c wurde [&hellip;]<\/p>\n","protected":false},"author":3909,"featured_media":0,"parent":0,"menu_order":0,"comment_status":"closed","ping_status":"closed","template":"","meta":{"footnotes":""},"categories":[44],"tags":[],"class_list":["post-1422","page","type-page","status-publish","hentry","category-unterseiten"],"_links":{"self":[{"href":"https:\/\/www.hsu-hh.de\/baubetrieb\/wp-json\/wp\/v2\/pages\/1422","targetHints":{"allow":["GET"]}}],"collection":[{"href":"https:\/\/www.hsu-hh.de\/baubetrieb\/wp-json\/wp\/v2\/pages"}],"about":[{"href":"https:\/\/www.hsu-hh.de\/baubetrieb\/wp-json\/wp\/v2\/types\/page"}],"author":[{"embeddable":true,"href":"https:\/\/www.hsu-hh.de\/baubetrieb\/wp-json\/wp\/v2\/users\/3909"}],"replies":[{"embeddable":true,"href":"https:\/\/www.hsu-hh.de\/baubetrieb\/wp-json\/wp\/v2\/comments?post=1422"}],"version-history":[{"count":1,"href":"https:\/\/www.hsu-hh.de\/baubetrieb\/wp-json\/wp\/v2\/pages\/1422\/revisions"}],"predecessor-version":[{"id":1423,"href":"https:\/\/www.hsu-hh.de\/baubetrieb\/wp-json\/wp\/v2\/pages\/1422\/revisions\/1423"}],"wp:attachment":[{"href":"https:\/\/www.hsu-hh.de\/baubetrieb\/wp-json\/wp\/v2\/media?parent=1422"}],"wp:term":[{"taxonomy":"category","embeddable":true,"href":"https:\/\/www.hsu-hh.de\/baubetrieb\/wp-json\/wp\/v2\/categories?post=1422"},{"taxonomy":"post_tag","embeddable":true,"href":"https:\/\/www.hsu-hh.de\/baubetrieb\/wp-json\/wp\/v2\/tags?post=1422"}],"curies":[{"name":"wp","href":"https:\/\/api.w.org\/{rel}","templated":true}]}}