{"id":1417,"date":"2026-05-08T13:08:35","date_gmt":"2026-05-08T11:08:35","guid":{"rendered":"https:\/\/www.hsu-hh.de\/baubetrieb\/?page_id=1417"},"modified":"2026-05-08T13:11:35","modified_gmt":"2026-05-08T11:11:35","slug":"einsatz-von-ki-pruefassistenten-beim-aufstellen-von-leistungsbeschreibungen","status":"publish","type":"page","link":"https:\/\/www.hsu-hh.de\/baubetrieb\/einsatz-von-ki-pruefassistenten-beim-aufstellen-von-leistungsbeschreibungen\/","title":{"rendered":"Einsatz von KI-Pr\u00fcfassistenten beim Aufstellen von Leistungsbeschreibungen"},"content":{"rendered":"\n<p>K\u00fcnstliche Intelligenz z\u00e4hlt zu den zentralen Zukunftstechnologien. Gerade bei komplexeren Aufgaben wird jedoch schnell deutlich, dass sich durch einen einfachen Prompt im Chatbot keine fachlich fundierten und verl\u00e4sslichen Ergebnisse erzielen lassen. An der Professur f\u00fcr Baubetrieb und Baumanagement f\u00fcr Gro\u00dfprojekte erforschen wir, wie KI-Anwendungen die Qualit\u00e4tssicherung von Leistungsbeschreibungen unterst\u00fctzen k\u00f6nnen und welche fachlichen, technischen und organisatorischen Voraussetzungen erf\u00fcllt werden m\u00fcssen, damit \u201eeindeutige und ersch\u00f6pfende\u201c Ergebnisse erzielt werden. Als Grundlage f\u00fcr dieses Forschungsziel haben wir u. a. analysiert, welche konkreten Anforderungen an den Einsatz gro\u00dfer Sprachmodelle, d. h. welche Daten diesen zur Verf\u00fcgung zu stelle sind, und was beim Prompt Engineering zu beachten ist. Ebenso wurden die Anforderungen an die Vertrauensw\u00fcrdigkeit analysiert, um den Datenschutz sicherzustellen.<\/p>\n\n\n<div class=\"wp-block-image\">\n<figure class=\"aligncenter size-full is-resized\"><img loading=\"lazy\" decoding=\"async\" width=\"470\" height=\"644\" src=\"https:\/\/www.hsu-hh.de\/baubetrieb\/wp-content\/uploads\/sites\/919\/2026\/05\/grafik-1.png\" data-credit=\"\" alt=\"\" class=\"wp-image-1418\" style=\"aspect-ratio:0.7298097072854001;width:325px;height:auto\" srcset=\"https:\/\/www.hsu-hh.de\/baubetrieb\/wp-content\/uploads\/sites\/919\/2026\/05\/grafik-1.png 470w, https:\/\/www.hsu-hh.de\/baubetrieb\/wp-content\/uploads\/sites\/919\/2026\/05\/grafik-1-219x300.png 219w\" sizes=\"auto, (max-width: 470px) 100vw, 470px\" \/><\/figure>\n<\/div>\n\n\n<p>Einen ersten Einblick in diese Forschung geben Frank Kumlehn und Henrik Schmitz in ihrem Beitrag \u201eEinsatz von KI-Pr\u00fcfassistenten beim Aufstellen von Leistungsbeschreibungen \u2013 Anforderungen an gro\u00dfe Sprachmodelle und Prompt Engineering\u201c, der in der Zeitschrift Bauwirtschaft, Ausgabe 1\/2026, ab Seite 1 erschienen ist.<\/p>\n\n\n\n<p><em>Der Beitrag ist auch verf\u00fcgbar unter <\/em><a href=\"https:\/\/openhsu.ub.hsu-hh.de\/handle\/10.24405\/23178\" rel='nofollow'><em>https:\/\/openhsu.ub.hsu-hh.de\/handle\/10.24405\/23178<\/em><\/a><\/p>\n","protected":false},"excerpt":{"rendered":"<p>K\u00fcnstliche Intelligenz z\u00e4hlt zu den zentralen Zukunftstechnologien. Gerade bei komplexeren Aufgaben wird jedoch schnell deutlich, dass sich durch einen einfachen Prompt im Chatbot keine fachlich fundierten und verl\u00e4sslichen Ergebnisse erzielen [&hellip;]<\/p>\n","protected":false},"author":3909,"featured_media":0,"parent":0,"menu_order":0,"comment_status":"closed","ping_status":"closed","template":"","meta":{"footnotes":""},"categories":[44],"tags":[],"class_list":["post-1417","page","type-page","status-publish","hentry","category-unterseiten"],"_links":{"self":[{"href":"https:\/\/www.hsu-hh.de\/baubetrieb\/wp-json\/wp\/v2\/pages\/1417","targetHints":{"allow":["GET"]}}],"collection":[{"href":"https:\/\/www.hsu-hh.de\/baubetrieb\/wp-json\/wp\/v2\/pages"}],"about":[{"href":"https:\/\/www.hsu-hh.de\/baubetrieb\/wp-json\/wp\/v2\/types\/page"}],"author":[{"embeddable":true,"href":"https:\/\/www.hsu-hh.de\/baubetrieb\/wp-json\/wp\/v2\/users\/3909"}],"replies":[{"embeddable":true,"href":"https:\/\/www.hsu-hh.de\/baubetrieb\/wp-json\/wp\/v2\/comments?post=1417"}],"version-history":[{"count":3,"href":"https:\/\/www.hsu-hh.de\/baubetrieb\/wp-json\/wp\/v2\/pages\/1417\/revisions"}],"predecessor-version":[{"id":1426,"href":"https:\/\/www.hsu-hh.de\/baubetrieb\/wp-json\/wp\/v2\/pages\/1417\/revisions\/1426"}],"wp:attachment":[{"href":"https:\/\/www.hsu-hh.de\/baubetrieb\/wp-json\/wp\/v2\/media?parent=1417"}],"wp:term":[{"taxonomy":"category","embeddable":true,"href":"https:\/\/www.hsu-hh.de\/baubetrieb\/wp-json\/wp\/v2\/categories?post=1417"},{"taxonomy":"post_tag","embeddable":true,"href":"https:\/\/www.hsu-hh.de\/baubetrieb\/wp-json\/wp\/v2\/tags?post=1417"}],"curies":[{"name":"wp","href":"https:\/\/api.w.org\/{rel}","templated":true}]}}