{"id":1324,"date":"2026-02-27T11:47:42","date_gmt":"2026-02-27T10:47:42","guid":{"rendered":"https:\/\/www.hsu-hh.de\/baubetrieb\/?page_id=1324"},"modified":"2026-02-27T12:58:04","modified_gmt":"2026-02-27T11:58:04","slug":"bim-bei-der-db-infrago-ein-einblick-in-die-praxis","status":"publish","type":"page","link":"https:\/\/www.hsu-hh.de\/baubetrieb\/bim-und-baumanagement-praxisvortraege\/bim-bei-der-db-infrago-ein-einblick-in-die-praxis\/","title":{"rendered":"BIM bei der DB InfraGO \u2013 Ein Einblick in die Praxis"},"content":{"rendered":"\n<p>Zum zweiten Gastvortrag der Vortragsreihe begr\u00fc\u00dften wir Cornelius Stehr von DB InfraGO, der spannende Einblicke in die Einf\u00fchrung der BIM-Methode bei einem der gr\u00f6\u00dften Infrastrukturbetreiber Deutschlands gew\u00e4hrte. Im Mittelpunkt des Vortrags stand die strategische Implementierung von BIM bei der DB InfraGO sowie eine Auswahl beispielhafter Projekte, in denen die Methode in verschiedenen Projektphasen zum Einsatz kam. Herr Stehr zeigte den Ablauf der Implementierung bei der DB InfraGO auf und stellte dabei heraus welche organisatorischen sowie technologischen Herausforderungen dabei zu bew\u00e4ltigen sind. Anhand konkreter Projektbeispiele wurde deutlich, wie BIM in unterschiedlichen Phasen eines Bauvorhabens, von der Planung \u00fcber die Ausf\u00fchrung bis hin zum Betrieb, eingesetzt wird und welchen Mehrwert die Methode in jeder dieser Phasen entfalten kann. Die vorgestellten Projekte aus dem Bereich der Schieneninfrastruktur verdeutlichten die vielf\u00e4ltigen Einsatzm\u00f6glichkeiten und Potenziale, die eine konsequente Anwendung der BIM-Methode im Gro\u00dfprojektumfeld bietet.<\/p>\n\n\n<div class=\"wp-block-image\">\n<figure class=\"aligncenter size-full is-resized\"><img loading=\"lazy\" decoding=\"async\" width=\"939\" height=\"518\" src=\"https:\/\/www.hsu-hh.de\/baubetrieb\/wp-content\/uploads\/sites\/919\/2026\/02\/grafik-4.png\" data-credit=\"\" alt=\"\" class=\"wp-image-1325\" style=\"aspect-ratio:1.8127288061253637;width:779px;height:auto\" srcset=\"https:\/\/www.hsu-hh.de\/baubetrieb\/wp-content\/uploads\/sites\/919\/2026\/02\/grafik-4.png 939w, https:\/\/www.hsu-hh.de\/baubetrieb\/wp-content\/uploads\/sites\/919\/2026\/02\/grafik-4-300x165.png 300w, https:\/\/www.hsu-hh.de\/baubetrieb\/wp-content\/uploads\/sites\/919\/2026\/02\/grafik-4-768x424.png 768w\" sizes=\"auto, (max-width: 939px) 100vw, 939px\" \/><\/figure>\n<\/div>\n\n\n<p>Wir danken dem Referenten herzlich f\u00fcr seinen informativen und praxisnahen Vortrag sowie die wertvollen Einblicke in die BIM-Implementierung bei der DB InfraGO.<\/p>\n","protected":false},"excerpt":{"rendered":"<p>Zum zweiten Gastvortrag der Vortragsreihe begr\u00fc\u00dften wir Cornelius Stehr von DB InfraGO, der spannende Einblicke in die Einf\u00fchrung der BIM-Methode bei einem der gr\u00f6\u00dften Infrastrukturbetreiber Deutschlands gew\u00e4hrte. Im Mittelpunkt des [&hellip;]<\/p>\n","protected":false},"author":3909,"featured_media":0,"parent":1264,"menu_order":0,"comment_status":"closed","ping_status":"closed","template":"","meta":{"footnotes":""},"categories":[44],"tags":[],"class_list":["post-1324","page","type-page","status-publish","hentry","category-unterseiten"],"_links":{"self":[{"href":"https:\/\/www.hsu-hh.de\/baubetrieb\/wp-json\/wp\/v2\/pages\/1324","targetHints":{"allow":["GET"]}}],"collection":[{"href":"https:\/\/www.hsu-hh.de\/baubetrieb\/wp-json\/wp\/v2\/pages"}],"about":[{"href":"https:\/\/www.hsu-hh.de\/baubetrieb\/wp-json\/wp\/v2\/types\/page"}],"author":[{"embeddable":true,"href":"https:\/\/www.hsu-hh.de\/baubetrieb\/wp-json\/wp\/v2\/users\/3909"}],"replies":[{"embeddable":true,"href":"https:\/\/www.hsu-hh.de\/baubetrieb\/wp-json\/wp\/v2\/comments?post=1324"}],"version-history":[{"count":1,"href":"https:\/\/www.hsu-hh.de\/baubetrieb\/wp-json\/wp\/v2\/pages\/1324\/revisions"}],"predecessor-version":[{"id":1326,"href":"https:\/\/www.hsu-hh.de\/baubetrieb\/wp-json\/wp\/v2\/pages\/1324\/revisions\/1326"}],"up":[{"embeddable":true,"href":"https:\/\/www.hsu-hh.de\/baubetrieb\/wp-json\/wp\/v2\/pages\/1264"}],"wp:attachment":[{"href":"https:\/\/www.hsu-hh.de\/baubetrieb\/wp-json\/wp\/v2\/media?parent=1324"}],"wp:term":[{"taxonomy":"category","embeddable":true,"href":"https:\/\/www.hsu-hh.de\/baubetrieb\/wp-json\/wp\/v2\/categories?post=1324"},{"taxonomy":"post_tag","embeddable":true,"href":"https:\/\/www.hsu-hh.de\/baubetrieb\/wp-json\/wp\/v2\/tags?post=1324"}],"curies":[{"name":"wp","href":"https:\/\/api.w.org\/{rel}","templated":true}]}}